{"id":8729,"date":"2025-03-31T10:39:02","date_gmt":"2025-03-31T02:39:02","guid":{"rendered":"https:\/\/zojopackaging.com\/?post_type=product&#038;p=8729"},"modified":"2025-03-31T10:56:55","modified_gmt":"2025-03-31T02:56:55","slug":"china-high-quality-irregular-shape-custom-perfume-gift-box","status":"publish","type":"product","link":"https:\/\/zojopackaging.com\/fr\/product\/china-high-quality-irregular-shape-custom-perfume-gift-box\/","title":{"rendered":"Chine Bo\u00eete \u00e0 parfum personnalis\u00e9e de forme irr\u00e9guli\u00e8re de haute qualit\u00e9"},"content":{"rendered":"<h3 id=\"product-description-of-china-s-high-quality-irregular-shape-custom-perfume-gift-box\">Description du produit Bo\u00eete \u00e0 parfum personnalis\u00e9e de haute qualit\u00e9 de forme irr\u00e9guli\u00e8re de Chine<\/h3>\n<h4 id=\"-1-multi-dimensional-innovative-design-integration-of-environmental-protection-concept-brand-narrative-and-user-experience-\"><strong>1. Conception innovante multidimensionnelle : int\u00e9gration du concept de protection de l'environnement, de l'image de marque et de l'exp\u00e9rience de l'utilisateur<\/strong><\/h4>\n<p>Ce coffret cadeau pour parfums est ax\u00e9 sur la protection de l'environnement, utilise des mat\u00e9riaux recyclables et renouvelables et du carton gris certifi\u00e9 FSC, associe la technologie de suivi de l'empreinte carbone et applique un concept de production \u00e9cologique. Le design de l'emballage int\u00e8gre la narration culturelle de la marque et raconte des histoires de marque telles que l'inspiration naturelle, l'esth\u00e9tique orientale ou la technologie de fabrication de parfums haut de gamme par le biais de la technologie de gaufrage, du marquage \u00e0 chaud du LOGO et du texte cach\u00e9. En termes d'exp\u00e9rience utilisateur, la structure d'ouverture oblique innovante est assortie d'une conception d'ouverture et de fermeture magn\u00e9tique, qui donne l'impression d'une c\u00e9r\u00e9monie de d\u00e9ballage, d'une \u00e9tiquette interactive AR int\u00e9gr\u00e9e, d'un code de balayage qui peut d\u00e9bloquer l'interpr\u00e9tation du parfum et d'une exp\u00e9rience immersive du parfum.<\/p>\n<h4 id=\"-2-double-sided-color-printing-and-macaron-color-system-balance-of-visual-aesthetics-and-function-\"><strong>2. Impression couleur recto-verso et syst\u00e8me de couleurs macaron : \u00e9quilibre entre l'esth\u00e9tique visuelle et la fonction<\/strong><\/h4>\n<p>La bo\u00eete cadeau adopte une technologie d'impression offset double face de haute pr\u00e9cision, assortie d'un syst\u00e8me de couleurs macaron \u00e0 faible saturation (comme le vert menthe, le rose clair, le violet clair), par le biais d'un gradient doux et d'un design de couleurs g\u00e9om\u00e9triques contrast\u00e9es, elle r\u00e9duit la fatigue visuelle et cr\u00e9e une sensation de r\u00eave et de haut de gamme. Le processus d'impression prend en charge l'\u00e9talonnage des couleurs d'accompagnement Pantone, avec une diff\u00e9rence de couleur de \u22645%, garantissant une pr\u00e9sentation pr\u00e9cise des logos de la marque et des d\u00e9tails du motif. La conception de la doublure incorpore une texture mate de la m\u00eame couleur, formant un \u00e9cho visuel avec la bo\u00eete ext\u00e9rieure, renfor\u00e7ant l'unit\u00e9 esth\u00e9tique globale.<\/p>\n<h4 id=\"-3-high-weight-material-and-structural-strength-1200gsm-gray-board-157gsm-coated-paper-\"><strong>3. Mat\u00e9riau de poids \u00e9lev\u00e9 et r\u00e9sistance structurelle : carton gris 1200GSM + papier couch\u00e9 157GSM<\/strong><\/h4>\n<p>Le corps principal de la bo\u00eete cadeau est constitu\u00e9 d'un carton gris \u00e0 haute r\u00e9sistance de 1200GSM comme squelette, avec une r\u00e9sistance \u00e0 la compression de 50kg\/m\u00b2, garantissant l'absence de d\u00e9formation pendant le transport ; la couche ext\u00e9rieure est recouverte d'un papier couch\u00e9 de 157GSM, avec une surface lisse de \u2265800s, prenant en charge l'impression en quadrichromie et la technologie de marquage \u00e0 chaud au niveau du micron, pr\u00e9sentant parfaitement le LOGO de la marque et des motifs complexes. Le mat\u00e9riau a \u00e9t\u00e9 certifi\u00e9 par SGS, ne contient pas de m\u00e9taux lourds ni de substances volatiles dangereuses et est conforme aux normes REACH de l'UE.<\/p>\n<h4 id=\"-4-functional-surface-treatment-three-proof-coating-technology-\"><strong>4. Traitement de surface fonctionnel : technologie de rev\u00eatement \u00e0 trois \u00e9preuves<\/strong><\/h4>\n<p>La surface de la bo\u00eete cadeau adopte une technologie de rev\u00eatement de niveau nanom\u00e9trique, qui est imperm\u00e9able \u00e0 l'eau (niveau IPX4), \u00e0 l'huile (angle de contact \u2265 110\u00b0) et \u00e0 l'humidit\u00e9 (pas de d\u00e9formation sous une humidit\u00e9 de 90%), et qui r\u00e9siste efficacement \u00e0 la p\u00e9n\u00e9tration de liquides et \u00e0 l'\u00e9rosion due \u00e0 l'humidit\u00e9 dans l'environnement de transport. Le rev\u00eatement conserve \u00e9galement le toucher naturel du papier, et les effets mat\/brillant sont optionnels, prenant en compte \u00e0 la fois la protection et la texture haut de gamme.<\/p>\n<h4 id=\"-5-source-factory-advantages-free-samples-design-services-high-cost-performance-\"><strong>5. Avantages de l'usine d'origine : \u00e9chantillons gratuits + services de conception + co\u00fbt \u00e9lev\u00e9 de la performance<\/strong><\/h4>\n<p>En tant qu'usine source d'emballages de parfums locaux en Chine, nous fournissons des services d'\u00e9preuvage gratuits (livraison dans les 3 \u00e0 5 jours ouvrables), prenons en charge la conception exclusive 1-to-1, et la solution couvre la mod\u00e9lisation 3D, la s\u00e9lection des mat\u00e9riaux et la recommandation de la combinaison des processus. S'appuyant sur une production \u00e0 grande \u00e9chelle et des capacit\u00e9s d'int\u00e9gration de la cha\u00eene d'approvisionnement, le prix est 30%-50% inf\u00e9rieur \u00e0 celui des usines OEM traditionnelles, avec une commande minimale de 1 000 pi\u00e8ces et sans frais de moule.<\/p>\n<h4 id=\"-6-intelligent-production-fully-automatic-line-mes-transparent-management-\"><strong>6. Production intelligente : ligne enti\u00e8rement automatique + gestion transparente MES<\/strong><\/h4>\n<p>L'usine est \u00e9quip\u00e9e de machines de d\u00e9coupe enti\u00e8rement automatiques, de lignes d'impression UV et de syst\u00e8mes de palettisation robotis\u00e9s, avec une capacit\u00e9 de production quotidienne de 10 millions de pi\u00e8ces, permettant une livraison ultra-rapide en 72 heures. Gr\u00e2ce au syst\u00e8me MES permettant de suivre l'\u00e9volution de la production en temps r\u00e9el, les clients peuvent consulter en ligne l'\u00e9tat des commandes, les rapports d'inspection de la qualit\u00e9 et le suivi logistique, avec une pr\u00e9cision de livraison de \u226599%, \u00e9liminant ainsi le fonctionnement en \"bo\u00eete noire\" des usines traditionnelles.<\/p>\n<h4 id=\"-7-customized-eva-lining-precision-adaptation-and-shock-absorption-protection-\"><strong>7. Doublure EVA personnalis\u00e9e : adaptation de pr\u00e9cision et protection contre l'absorption des chocs<\/strong><\/h4>\n<p>Sur la base des donn\u00e9es de scannage 3D des produits des clients, nous avons personnalis\u00e9 le rev\u00eatement en EVA haute densit\u00e9 (densit\u00e9 45\u00b15kg\/m\u00b3), avec une pr\u00e9cision de rainurage de \u00b10,2 mm, adapt\u00e9 aux flacons de parfum de forme sp\u00e9ciale, aux accessoires de buse, etc. Le rev\u00eatement adopte une structure divis\u00e9e, le taux d'utilisation de l'espace est augment\u00e9 de 40%, et avec un traitement antistatique, la r\u00e9sistance aux chocs du transport atteint la norme ISTA 3A.<\/p>\n<h4 id=\"-8-all-round-customization-options-breaking-the-boundaries-of-design-\"><strong>8. Des options de personnalisation compl\u00e8tes : Repousser les limites du design<\/strong><\/h4>\n<p>Prise en charge des dimensions de personnalisation suivantes :<\/p>\n<ul>\n<li><strong>Type de bo\u00eete<\/strong>Les structures irr\u00e9guli\u00e8res : 23 structures irr\u00e9guli\u00e8res telles que la bo\u00eete de suspension hexagonale, la bo\u00eete magn\u00e9tique en forme de livre, la bo\u00eete \u00e0 marches pyramidale, etc ;<\/li>\n<li><strong>Mat\u00e9riau<\/strong>: Plus de 50 papiers sp\u00e9ciaux tels que le papier velours tactile, le papier en forme d'\u00e9toile, le carton composite bross\u00e9 m\u00e9tallique, etc ;<\/li>\n<li><strong>Artisanat<\/strong>Les produits peuvent \u00eatre imprim\u00e9s en plusieurs langues : UV local, estampage \u00e0 froid, creusage au laser, impression \u00e0 l'encre parfum\u00e9e ;<\/li>\n<li><strong>Fonction<\/strong>L'appareil est \u00e9quip\u00e9 d'une puce NFC int\u00e9gr\u00e9e, d'une encre \u00e0 couleur changeante sensible \u00e0 la temp\u00e9rature et d'autres modules interactifs intelligents.<\/li>\n<\/ul>\n<h3 id=\"-cooperation-value-and-commitment-\"><strong>Valeur de la coop\u00e9ration et engagement<\/strong><\/h3>\n<p>Avec le concept central de \"protection de l'environnement \u00d7 intelligence \u00d7 art\", nous fournissons des solutions d'emballage d'un seul tenant, de la conception \u00e0 la livraison, pour les marques de parfums haut de gamme du monde entier. Gr\u00e2ce \u00e0 un approvisionnement direct \u00e0 la source, une production flexible et une gestion transparente, nous aidons les marques \u00e0 r\u00e9duire 30% du co\u00fbt global, tout en am\u00e9liorant l'exp\u00e9rience de l'utilisateur final et la comp\u00e9titivit\u00e9 du march\u00e9.\u00a0<strong>Demandez un \u00e9chantillon gratuit d\u00e8s maintenant et commencez votre voyage esth\u00e9tique exclusif.<\/strong><\/p>","protected":false},"excerpt":{"rendered":"<p>1. La bo\u00eete d'emballage de parfum de forme irr\u00e9guli\u00e8re est innovante dans de multiples dimensions, y compris la conception environnementale, la narration de la marque et l'optimisation de l'exp\u00e9rience de l'utilisateur.<br \/>\n2. Impression couleur recto-verso, avec des couleurs de macaron pour r\u00e9duire la fatigue visuelle, r\u00e9pondant \u00e0 la fantaisie de l'emballage des parfums haut de gamme.<br \/>\n3. Fabriqu\u00e9 en carton gris 1200 GSM et en papier d'art couch\u00e9 157 GSM, adapt\u00e9 \u00e0 l'impression du logo de la marque.<\/p>","protected":false},"featured_media":8730,"template":"","meta":[],"product_brand":[],"product_cat":[30,417,428,31],"product_tag":[961,245,962],"class_list":{"0":"post-8729","1":"product","2":"type-product","3":"status-publish","4":"has-post-thumbnail","6":"product_cat-by-industry","7":"product_cat-custom-perfume-boxes-by-industry","8":"product_cat-irregular-shaped-gift-boxes","9":"product_cat-paper-box-style","10":"product_tag-china-perfume-box","11":"product_tag-custom-perfume-gift-box","12":"product_tag-irregular-shape-perfume-box","14":"first","15":"instock","16":"shipping-taxable","17":"product-type-simple"},"_links":{"self":[{"href":"https:\/\/zojopackaging.com\/fr\/wp-json\/wp\/v2\/product\/8729","targetHints":{"allow":["GET"]}}],"collection":[{"href":"https:\/\/zojopackaging.com\/fr\/wp-json\/wp\/v2\/product"}],"about":[{"href":"https:\/\/zojopackaging.com\/fr\/wp-json\/wp\/v2\/types\/product"}],"version-history":[{"count":1,"href":"https:\/\/zojopackaging.com\/fr\/wp-json\/wp\/v2\/product\/8729\/revisions"}],"predecessor-version":[{"id":8736,"href":"https:\/\/zojopackaging.com\/fr\/wp-json\/wp\/v2\/product\/8729\/revisions\/8736"}],"wp:featuredmedia":[{"embeddable":true,"href":"https:\/\/zojopackaging.com\/fr\/wp-json\/wp\/v2\/media\/8730"}],"wp:attachment":[{"href":"https:\/\/zojopackaging.com\/fr\/wp-json\/wp\/v2\/media?parent=8729"}],"wp:term":[{"taxonomy":"product_brand","embeddable":true,"href":"https:\/\/zojopackaging.com\/fr\/wp-json\/wp\/v2\/product_brand?post=8729"},{"taxonomy":"product_cat","embeddable":true,"href":"https:\/\/zojopackaging.com\/fr\/wp-json\/wp\/v2\/product_cat?post=8729"},{"taxonomy":"product_tag","embeddable":true,"href":"https:\/\/zojopackaging.com\/fr\/wp-json\/wp\/v2\/product_tag?post=8729"}],"curies":[{"name":"wp","href":"https:\/\/api.w.org\/{rel}","templated":true}]}}