{"id":8737,"date":"2025-03-31T10:57:16","date_gmt":"2025-03-31T02:57:16","guid":{"rendered":"https:\/\/zojopackaging.com\/?post_type=product&#038;p=8737"},"modified":"2025-03-31T11:23:20","modified_gmt":"2025-03-31T03:23:20","slug":"custom-apparel-clothes-dress-collapsible-gift-box-wholesale","status":"publish","type":"product","link":"https:\/\/zojopackaging.com\/fr\/product\/custom-apparel-clothes-dress-collapsible-gift-box-wholesale\/","title":{"rendered":"Bo\u00eete cadeau pliable personnalis\u00e9e pour v\u00eatements et robes Wholesale"},"content":{"rendered":"<h2 id=\"custom-clothing-dress-foldable-magnetic-gift-box-wholesale-product-description\">Bo\u00eete cadeau pliable personnalis\u00e9e pour v\u00eatements et robes Wholesale<\/h2>\n<h3 id=\"-product-core-highlights-\"><strong>Points forts des produits de base<\/strong><\/h3>\n<ol>\n<li><strong>Fermeture magn\u00e9tique Conception pliable<\/strong> Adoptant une structure magn\u00e9tique cach\u00e9e, l'ouverture et la fermeture magn\u00e9tiques se font en douceur et \u00e9vitent le probl\u00e8me d'usure caus\u00e9 par l'aimant expos\u00e9. Apr\u00e8s pliage, le volume peut \u00eatre comprim\u00e9 \u00e0 1\/3 de l'\u00e9tat d\u00e9pli\u00e9, ce qui r\u00e9duit consid\u00e9rablement les co\u00fbts de transport et d'entreposage. Gr\u00e2ce \u00e0 la technologie d'optimisation des circuits magn\u00e9tiques de pr\u00e9cision, la force d'adsorption est stable (3-5N), ce qui garantit la stabilit\u00e9 de la fermeture, facilite l'utilisation d'une seule main et donne l'impression d'une c\u00e9r\u00e9monie de d\u00e9ballage.<\/li>\n<li><strong>Th\u00e8me rose Impression couleur recto-verso<\/strong>\u00a0Le papier couch\u00e9 C2S de 157 g sert de support \u00e0 la technologie d'impression couleur double face de haute pr\u00e9cision. La couleur principale est le rose tendre (personnalisation de la carte de couleurs Pantone), combin\u00e9e \u00e0 des principes psychologiques pour stimuler des associations \u00e9motionnelles romantiques et douces. La couche int\u00e9rieure est con\u00e7ue avec des motifs f\u00e9minins tels que des fleurs et de la dentelle afin de renforcer la fantaisie des consommateurs et leur d\u00e9sir d'acheter des produits vestimentaires.<\/li>\n<li><strong>Accessoires pour rubans et identification de la marque<\/strong>\u00a0Les rubans personnalis\u00e9s (satin\/chiffon en option) sont standard, avec des n\u0153uds contrast\u00e9s ou la technologie de marquage \u00e0 chaud du LOGO pour am\u00e9liorer la beaut\u00e9 et le niveau visuel du d\u00e9ballage. Les rubans peuvent \u00eatre personnalis\u00e9s en fonction du logo de la marque et renforcent les points de m\u00e9morisation de la marque gr\u00e2ce \u00e0 la diff\u00e9renciation des couleurs et de l'artisanat.<\/li>\n<li><strong>Technologie de marquage \u00e0 chaud de feuilles d'or de luxe l\u00e9g\u00e8res<\/strong> La technologie de marquage \u00e0 chaud d'or partiel est utilis\u00e9e pour pr\u00e9senter des effets de contraste mats et brillants sur des d\u00e9tails tels que le LOGO de la surface de la bo\u00eete et le cadre, et est imprim\u00e9e avec des encres respectueuses de l'environnement, en tenant compte d'une texture luxueuse et de concepts durables.<\/li>\n<\/ol>\n<h4 id=\"-environmentally-friendly-materials-and-structural-innovation-\"><strong>Mat\u00e9riaux respectueux de l'environnement et innovation structurelle<\/strong><\/h4>\n<ul>\n<li><strong>Combinaison de mat\u00e9riaux<\/strong>: 157g de papier couch\u00e9 haut blanc C2S (certifi\u00e9 FSC) sur la couche ext\u00e9rieure + 1200g de carton gris dur sur la couche int\u00e9rieure, avec une r\u00e9sistance \u00e0 la compression de 200kg\/\u33a1 et un taux de recyclabilit\u00e9 sup\u00e9rieur \u00e0 90%.<\/li>\n<li><strong>Structure pliante<\/strong>: Structure tridimensionnelle en nid d'abeille + angle de positionnement conique de 60\u00b0, permettant d'atteindre une pr\u00e9cision de positionnement r\u00e9p\u00e9titif de 0,1 mm, adapt\u00e9e aux besoins d'emballage de v\u00eatements de forme sp\u00e9ciale.<\/li>\n<\/ul>\n<h4 id=\"-highly-customized-service-\"><strong>Un service hautement personnalis\u00e9<\/strong><\/h4>\n<ol>\n<li><strong>Type et taille de la bo\u00eete<\/strong>: Nous fournissons plus de 10 types de bo\u00eetes, tels que les couvercles sup\u00e9rieur et inf\u00e9rieur, les tiroirs, les folioscopes, etc., avec une gamme de dimensions allant de 50\u00d730\u00d75cm \u00e0 80\u00d750\u00d715cm, nous pouvons personnaliser les dimensions non standard et l'erreur est contr\u00f4l\u00e9e \u00e0 \u00b10,5mm.<\/li>\n<li><strong>Adaptation de la doublure int\u00e9rieure<\/strong>: Le rev\u00eatement en EVA\/\u00e9ponge est personnalis\u00e9 en fonction du contour du produit, avec une densit\u00e9 de 30-80kg\/m\u00b3, un amortissement pr\u00e9cis et une protection contre les chocs, et l'utilisation de l'espace est augment\u00e9e de 40%.<\/li>\n<li><strong>Technologie de surface<\/strong>Les effets : plus de 20 effets tels que le vernis local UV, le gaufrage, le laser, etc. sont optionnels et prennent en charge les couleurs sp\u00e9ciales, le num\u00e9ro de couleur Pantone, l'impression en d\u00e9grad\u00e9 et la technologie de gaufrage en 3D.<\/li>\n<\/ol>\n<h4 id=\"-application-scenarios-and-benefits-\"><strong>Sc\u00e9narios d'application et avantages<\/strong><\/h4>\n<ul>\n<li><strong>Marque premium<\/strong>: Am\u00e9liorer la valeur ajout\u00e9e des produits gr\u00e2ce \u00e0 un emballage de haute qualit\u00e9. Les enqu\u00eates men\u00e9es aupr\u00e8s des clients montrent que l'emballage d'un paquet cadeau peut augmenter le prix des robes de 15%-20%.<\/li>\n<li><strong>Optimisation de la logistique<\/strong>: Apr\u00e8s pliage, les co\u00fbts de transport sont r\u00e9duits de 30%, ce qui convient aux besoins de conteneurisation de petites pi\u00e8ces dans le cadre du commerce \u00e9lectronique transfrontalier.<\/li>\n<li><strong>Certification environnementale<\/strong>: Conforme aux normes REACH de l'UE et FDA des \u00c9tats-Unis, et obtention de la certification biod\u00e9gradable SGS.<\/li>\n<\/ul>\n<h4 id=\"-ordering-process-\"><strong>Processus de commande<\/strong><\/h4>\n<ol>\n<li>Fournir les exigences en mati\u00e8re de taille et de conception des v\u00eatements \u2192 2. Mod\u00e9lisation 3D pour confirmer la structure de la bo\u00eete \u2192 3. Devis pour les solutions en mati\u00e8re de mat\u00e9riaux\/processus \u2192 4. Fabrication d'\u00e9chantillons (5-7 jours ouvrables) \u2192 5. Production en s\u00e9rie (MOQ 500 pi\u00e8ces, d\u00e9lai de livraison 10-15 jours).<\/li>\n<\/ol>\n<p><strong>Cas de coop\u00e9ration<\/strong>: A servi des marques telles que SHEIN et UR, avec une capacit\u00e9 de production mensuelle moyenne de 300 000 pi\u00e8ces et un taux de personnalisation de 85%.<\/p>\n<p><strong>Personnaliser maintenant<\/strong>: Offrir de la chaleur \u00e0 la marque gr\u00e2ce \u00e0 un emballage exclusif, faisant de chaque robe un cadeau de r\u00eave pour les jeunes filles.<\/p>","protected":false},"excerpt":{"rendered":"<p>1. Bo\u00eete \u00e0 fermeture magn\u00e9tique, conception int\u00e9gr\u00e9e \u00e0 l'aimant pour \u00e9viter l'usure externe, conception pliable pour r\u00e9duire l'utilisation de l'espace pendant le transport.<br \/>\n2. L'impression en rose peut inspirer des associations \u00e9motionnelles romantiques et douces, renforcer la fantaisie des filles en mati\u00e8re d'habillement, de v\u00eatements et de robes.<br \/>\n3. Impression couleur recto-verso pour am\u00e9liorer l'effet de correspondance des couleurs et r\u00e9pondre aux besoins des jeunes filles.<\/p>","protected":false},"featured_media":8738,"template":"","meta":[],"product_brand":[],"product_cat":[30,427,414,31],"product_tag":[964,963,965],"class_list":{"0":"post-8737","1":"product","2":"type-product","3":"status-publish","4":"has-post-thumbnail","6":"product_cat-by-industry","7":"product_cat-collapsible-gift-boxes","8":"product_cat-custom-apparel-boxes","9":"product_cat-paper-box-style","10":"product_tag-clothes-box-wholesale","11":"product_tag-custom-apparel-gift-box","12":"product_tag-dress-collapsible-gift-box","14":"first","15":"instock","16":"shipping-taxable","17":"product-type-simple"},"_links":{"self":[{"href":"https:\/\/zojopackaging.com\/fr\/wp-json\/wp\/v2\/product\/8737","targetHints":{"allow":["GET"]}}],"collection":[{"href":"https:\/\/zojopackaging.com\/fr\/wp-json\/wp\/v2\/product"}],"about":[{"href":"https:\/\/zojopackaging.com\/fr\/wp-json\/wp\/v2\/types\/product"}],"version-history":[{"count":1,"href":"https:\/\/zojopackaging.com\/fr\/wp-json\/wp\/v2\/product\/8737\/revisions"}],"predecessor-version":[{"id":8743,"href":"https:\/\/zojopackaging.com\/fr\/wp-json\/wp\/v2\/product\/8737\/revisions\/8743"}],"wp:featuredmedia":[{"embeddable":true,"href":"https:\/\/zojopackaging.com\/fr\/wp-json\/wp\/v2\/media\/8738"}],"wp:attachment":[{"href":"https:\/\/zojopackaging.com\/fr\/wp-json\/wp\/v2\/media?parent=8737"}],"wp:term":[{"taxonomy":"product_brand","embeddable":true,"href":"https:\/\/zojopackaging.com\/fr\/wp-json\/wp\/v2\/product_brand?post=8737"},{"taxonomy":"product_cat","embeddable":true,"href":"https:\/\/zojopackaging.com\/fr\/wp-json\/wp\/v2\/product_cat?post=8737"},{"taxonomy":"product_tag","embeddable":true,"href":"https:\/\/zojopackaging.com\/fr\/wp-json\/wp\/v2\/product_tag?post=8737"}],"curies":[{"name":"wp","href":"https:\/\/api.w.org\/{rel}","templated":true}]}}