{"id":8744,"date":"2025-03-31T11:23:34","date_gmt":"2025-03-31T03:23:34","guid":{"rendered":"https:\/\/zojopackaging.com\/?post_type=product&#038;p=8744"},"modified":"2025-03-31T11:35:36","modified_gmt":"2025-03-31T03:35:36","slug":"high-quality-smart-mobile-phone-packaging-boxes-wholesale","status":"publish","type":"product","link":"https:\/\/zojopackaging.com\/fr\/product\/high-quality-smart-mobile-phone-packaging-boxes-wholesale\/","title":{"rendered":"Bo\u00eetes d'emballage pour t\u00e9l\u00e9phones mobiles intelligents de haute qualit\u00e9 Wholesale"},"content":{"rendered":"<h2 id=\"high-quality-smartphone-packaging-box-wholesale-product-description\">Bo\u00eetes d'emballage pour t\u00e9l\u00e9phones mobiles intelligents de haute qualit\u00e9 Wholesale<\/h2>\n<h3 id=\"1-top-and-bottom-cover-box-design-both-safety-and-brand-display-\">1.\u00a0<strong>Couvercle sup\u00e9rieur et inf\u00e9rieur de la bo\u00eete, \u00e0 la fois pour la s\u00e9curit\u00e9 et pour l'affichage de la marque<\/strong><\/h3>\n<p>Adoptant une structure int\u00e9gr\u00e9e de couvercles sup\u00e9rieur et inf\u00e9rieur, la fermeture sans couture est obtenue gr\u00e2ce \u00e0 une technologie d'ouverture de moule de pr\u00e9cision, ce qui permet d'\u00e9viter efficacement les dommages caus\u00e9s aux articles par l'extrusion et les collisions pendant le transport. La surface de la bo\u00eete peut \u00eatre imprim\u00e9e avec le logo de la marque en haute d\u00e9finition, des informations sur le produit ou une technologie de marquage \u00e0 chaud au laser, avec un effet de gaufrage tridimensionnel, ce qui am\u00e9liore consid\u00e9rablement la reconnaissance de la marque et la texture haut de gamme, attirant ainsi l'attention des consommateurs.<\/p>\n<h3 id=\"2-environmentally-friendly-and-sustainable-materials-taking-into-account-strength-and-environmental-responsibility-\">2.\u00a0<strong>Mat\u00e9riaux respectueux de l'environnement et durables, tenant compte de la r\u00e9sistance et de la responsabilit\u00e9 environnementale<\/strong><\/h3>\n<p>Le mat\u00e9riau de base est\u00a0<strong>Papier couch\u00e9 C2S 157g + carton dur 1200g<\/strong>. Le papier couch\u00e9 ext\u00e9rieur fournit une base d'impression d\u00e9licate, et le carton dur int\u00e9rieur a une r\u00e9sistance \u00e0 la compression plus de trois fois sup\u00e9rieure \u00e0 la norme industrielle. Il a pass\u00e9 la certification foresti\u00e8re FSC et les tests environnementaux de l'UE (RoHS), et est recyclable et d\u00e9gradable selon la norme 100%. La surface est recouverte d'un rev\u00eatement \u00e0 base d'eau mat\/brillant respectueux de l'environnement afin d'\u00e9viter la pollution par l'encre traditionnelle, ce qui est conforme \u00e0 la tendance mondiale en mati\u00e8re d'emballage \u00e9cologique.<\/p>\n<h3 id=\"3-highly-customized-service-all-round-adaptation-needs-\">3.\u00a0<strong>Service hautement personnalis\u00e9, adaptation \u00e0 tous les besoins<\/strong><\/h3>\n<ul>\n<li><strong>Type de bo\u00eete flexible<\/strong>Le logiciel de gestion des bo\u00eetes : il prend en charge plus de 20 types de bo\u00eetes, tels que les couvercles sup\u00e9rieur et inf\u00e9rieur, les tiroirs, les bo\u00eetes en forme de livre, etc., et est compatible avec les structures de pliage de forme sp\u00e9ciale (telles que les vitrines, les couvercles magn\u00e9tiques) ;<\/li>\n<li><strong>Taille pr\u00e9cise<\/strong>: couvre toute la gamme des tailles de t\u00e9l\u00e9phones portables, de 4,7 \u00e0 7,2 pouces, avec un contr\u00f4le de tol\u00e9rance de \u00b10,5 mm ;<\/li>\n<li><strong>Des processus diversifi\u00e9s<\/strong>Les couleurs sont les suivantes : marquage \u00e0 chaud\/argent en option, vernis local UV, gaufrage, laser et autres traitements de surface, support de l'impression de couleurs sp\u00e9ciales Pantone, diff\u00e9rence de couleur \u0394E\u22641,5 ;<\/li>\n<li><strong>Am\u00e9lioration des mat\u00e9riaux<\/strong>Les mat\u00e9riaux de construction : peuvent \u00eatre remplac\u00e9s par des mat\u00e9riaux sp\u00e9ciaux respectueux de l'environnement tels que le carton \u00e0 base de pulpe de canne \u00e0 sucre et les mat\u00e9riaux composites \u00e0 base de fibres de bambou.<\/li>\n<\/ul>\n<h3 id=\"4-intelligent-lining-system-precise-product-protection-\">4.\u00a0<strong>Syst\u00e8me de rev\u00eatement intelligent, protection pr\u00e9cise du produit<\/strong><\/h3>\n<p>Doublure moul\u00e9e en \u00e9ponge EVA ou en p\u00e2te alv\u00e9olaire, permettant de personnaliser la position du compartiment en fonction de la taille tridimensionnelle du t\u00e9l\u00e9phone portable (longueur \u00d7 largeur \u00d7 \u00e9paisseur), r\u00e9alisant ainsi des \u00e9conomies d'\u00e9nergie.\u00a0<strong>fixation de l'\u00e9cart z\u00e9ro<\/strong>La performance antisismique est certifi\u00e9e par l'ISTA 3A. La conception en couches est compatible avec le stockage int\u00e9gr\u00e9 d'accessoires (chargeurs, \u00e9couteurs, etc.) et augmente l'utilisation de l'espace de 40%.<\/p>\n<h3 id=\"5-triple-protective-coating-technology-to-resist-environmental-erosion-\">5.\u00a0<strong>Technologie de triple rev\u00eatement protecteur pour r\u00e9sister \u00e0 l'\u00e9rosion environnementale<\/strong><\/h3>\n<p>La surface est recouverte d'un film imperm\u00e9able \u00e0 l'eau et \u00e0 l'huile de niveau nanom\u00e9trique (rev\u00eatement PVDC), atteignant le niveau d'\u00e9tanch\u00e9it\u00e9 IPX4, sans d\u00e9formation pendant 48 heures dans un environnement avec une humidit\u00e9 de 90%, et la perm\u00e9abilit\u00e9 \u00e0 l'huile est inf\u00e9rieure \u00e0 0,1%. La couche int\u00e9rieure ajoute des tamis mol\u00e9culaires r\u00e9sistants \u00e0 l'humidit\u00e9 pour absorber l'humidit\u00e9 dans l'emballage et garantir la stabilit\u00e9 des produits \u00e9lectroniques dans des conditions de temp\u00e9rature et d'humidit\u00e9 extr\u00eames.<\/p>\n<h3 id=\"6-fully-automatic-intelligent-manufacturing-system-dual-guarantee-of-production-capacity-and-delivery-\">6.\u00a0<strong>Syst\u00e8me de fabrication intelligent enti\u00e8rement automatique, double garantie de capacit\u00e9 de production et de livraison<\/strong><\/h3>\n<p>S'appuyer sur\u00a0<strong>36 lignes d'assemblage enti\u00e8rement automatiques<\/strong>Gr\u00e2ce \u00e0 l'int\u00e9gration de l'inspection visuelle de la qualit\u00e9 par IA et du syst\u00e8me logistique AGV, la capacit\u00e9 de production quotidienne d\u00e9passe les 10 millions de pi\u00e8ces et le cycle de r\u00e9ponse aux commandes est ramen\u00e9 \u00e0 48 heures. Elle prend en charge le mode de livraison JIT (juste \u00e0 temps), le taux d'erreur des commandes par lot est inf\u00e9rieur \u00e0 0,3% et a obtenu la certification ISO 9001 pour son syst\u00e8me de gestion de la qualit\u00e9.<\/p>\n<h3 id=\"7-source-factory-advantage-zero-cost-empowerment-brand-\">7.\u00a0<strong>Avantage de l'usine source, marque d'autonomisation \u00e0 co\u00fbt z\u00e9ro<\/strong><\/h3>\n<p>En tant que\u00a0<strong>Bo\u00eete d'emballage pour t\u00e9l\u00e9phone portable ODM\/OEM source factory<\/strong>\u00a0dans la zone de production centrale du delta de la rivi\u00e8re des Perles en Chine, nous fournissons :<\/p>\n<ul>\n<li><strong>\u00e9preuve gratuite<\/strong>Les \u00e9chantillons physiques seront envoy\u00e9s dans un d\u00e9lai de 3 jours ouvrables ;<\/li>\n<li><strong>conception libre<\/strong>L'\u00e9quipe de professionnels propose trois s\u00e9ries de solutions de conception (y compris des rendus en 3D) ;<\/li>\n<li><strong>avantage de prix<\/strong>L'approvisionnement \u00e0 grande \u00e9chelle r\u00e9duit les co\u00fbts de 30%, et le prix de la commande initiale de 100 000 pi\u00e8ces n'est que de 0,48 yuan\/pi\u00e8ce.<\/li>\n<\/ul>\n<h3 id=\"technical-parameters\">Param\u00e8tres techniques<\/h3>\n<table>\n<thead>\n<tr>\n<th>Projet<\/th>\n<th>Param\u00e8tres<\/th>\n<th>Norme de certification<\/th>\n<\/tr>\n<\/thead>\n<tbody>\n<tr>\n<td>R\u00e9sistance \u00e0 la compression<\/td>\n<td>\u22658000N\/\u33a1<\/td>\n<td>GB\/T 6544-2008<\/td>\n<\/tr>\n<tr>\n<td>Test de chute<\/td>\n<td>10 fois \u00e0 1,2 m de hauteur sans dommage<\/td>\n<td>ISTA 3A<\/td>\n<\/tr>\n<tr>\n<td>Teneur en eau<\/td>\n<td>\u22649%<\/td>\n<td>ISO 535:2014<\/td>\n<\/tr>\n<tr>\n<td>Cycle de livraison<\/td>\n<td>5-15 jours (en fonction du volume de la commande)<\/td>\n<td>-<\/td>\n<\/tr>\n<\/tbody>\n<\/table>\n<p>Pour d'autres solutions personnalis\u00e9es ou des \u00e9chantillons, veuillez contacter notre \u00e9quipe de conception. Nous vous fournirons une solution d'emballage compl\u00e8te, avec une\u00a0<strong>M\u00e9canisme de r\u00e9ponse dans les 24 heures<\/strong>.<\/p>","protected":false},"excerpt":{"rendered":"<p>1. Le type de bo\u00eete avec couvercle sup\u00e9rieur et inf\u00e9rieur adopte la structure du couvercle sup\u00e9rieur et inf\u00e9rieur, qui peut emp\u00eacher efficacement les articles contenus dans l'emballage d'\u00eatre endommag\u00e9s, et la marque peut \u00eatre clairement indiqu\u00e9e pour que les consommateurs y pr\u00eatent attention.<br \/>\n2. 157g de papier couch\u00e9 C2S + 1200g de carton rigide emballage durable et respectueux de l'environnement<br \/>\n3. Le type de bo\u00eete, la taille, la couleur, le mat\u00e9riau et l'effet d'impression de surface peuvent \u00eatre fortement personnalis\u00e9s pour s'adapter \u00e0 l'emballage de votre smartphone.<\/p>","protected":false},"featured_media":8749,"template":"","meta":[],"product_brand":[],"product_cat":[30,413,425,31],"product_tag":[966,968,967],"class_list":{"0":"post-8744","1":"product","2":"type-product","3":"status-publish","4":"has-post-thumbnail","6":"product_cat-by-industry","7":"product_cat-consumer-electronics-boxes","8":"product_cat-lid-and-base-gift-box","9":"product_cat-paper-box-style","10":"product_tag-high-quality-phone-packaging","11":"product_tag-phone-boxes-wholesale","12":"product_tag-smart-mobile-phone-packaging","14":"first","15":"instock","16":"shipping-taxable","17":"product-type-simple"},"_links":{"self":[{"href":"https:\/\/zojopackaging.com\/fr\/wp-json\/wp\/v2\/product\/8744","targetHints":{"allow":["GET"]}}],"collection":[{"href":"https:\/\/zojopackaging.com\/fr\/wp-json\/wp\/v2\/product"}],"about":[{"href":"https:\/\/zojopackaging.com\/fr\/wp-json\/wp\/v2\/types\/product"}],"version-history":[{"count":1,"href":"https:\/\/zojopackaging.com\/fr\/wp-json\/wp\/v2\/product\/8744\/revisions"}],"predecessor-version":[{"id":8750,"href":"https:\/\/zojopackaging.com\/fr\/wp-json\/wp\/v2\/product\/8744\/revisions\/8750"}],"wp:featuredmedia":[{"embeddable":true,"href":"https:\/\/zojopackaging.com\/fr\/wp-json\/wp\/v2\/media\/8749"}],"wp:attachment":[{"href":"https:\/\/zojopackaging.com\/fr\/wp-json\/wp\/v2\/media?parent=8744"}],"wp:term":[{"taxonomy":"product_brand","embeddable":true,"href":"https:\/\/zojopackaging.com\/fr\/wp-json\/wp\/v2\/product_brand?post=8744"},{"taxonomy":"product_cat","embeddable":true,"href":"https:\/\/zojopackaging.com\/fr\/wp-json\/wp\/v2\/product_cat?post=8744"},{"taxonomy":"product_tag","embeddable":true,"href":"https:\/\/zojopackaging.com\/fr\/wp-json\/wp\/v2\/product_tag?post=8744"}],"curies":[{"name":"wp","href":"https:\/\/api.w.org\/{rel}","templated":true}]}}