{"id":8751,"date":"2025-03-31T11:36:10","date_gmt":"2025-03-31T03:36:10","guid":{"rendered":"https:\/\/zojopackaging.com\/?post_type=product&#038;p=8751"},"modified":"2025-03-31T11:52:11","modified_gmt":"2025-03-31T03:52:11","slug":"custom-dental-teeth-aligner-packaging-rigid-gift-boxes","status":"publish","type":"product","link":"https:\/\/zojopackaging.com\/fr\/product\/custom-dental-teeth-aligner-packaging-rigid-gift-boxes\/","title":{"rendered":"Emballage pour aligneurs dentaires sur mesure Bo\u00eetes cadeaux rigides"},"content":{"rendered":"<h2 id=\"customized-dental-braces-packaging-hard-gift-box-product-description\">Emballage pour aligneurs dentaires sur mesure Bo\u00eetes cadeaux rigides<\/h2>\n<h3 id=\"-1-pull-out-box-design-convenient-opening-and-closing-experience-\"><strong>1. Bo\u00eete \u00e0 papier \u00e0 tiroir, ouverture et fermeture pratiques<\/strong><\/h3>\n<p>Adopter\u00a0<strong>structure de glissement superposable de type tiroir<\/strong>Le corps de la bo\u00eete glisse et s'ouvre en douceur, et la dur\u00e9e de l'op\u00e9ration est r\u00e9duite de plus de 50%. La bo\u00eete int\u00e9rieure et la bo\u00eete ext\u00e9rieure sont reli\u00e9es par un rail rainur\u00e9 de pr\u00e9cision afin de garantir la stabilit\u00e9 et l'absence de blocage du processus de traction, ce qui convient \u00e0 l'utilisation fr\u00e9quente d'appareils orthop\u00e9diques. La poign\u00e9e ergonomique \u00e0 rainure semi-circulaire permet de l'ouvrir facilement d'une seule main, ce qui am\u00e9liore l'exp\u00e9rience de l'utilisateur.<\/p>\n<h3 id=\"-2-ribbon-accessories-and-brand-aesthetics-integration-\"><strong>2. Accessoires du ruban et int\u00e9gration de l'esth\u00e9tique de la marque<\/strong><\/h3>\n<p>La partie sup\u00e9rieure du coffret est assortie de\u00a0<strong>d\u00e9coration de rubans personnalis\u00e9e<\/strong>Le ruban peut \u00eatre choisi parmi des mat\u00e9riaux de texture satin\u00e9e ou gaufr\u00e9e, et permet la broderie du logo de la marque. La couleur du ruban est assortie au processus de marquage \u00e0 chaud (or champagne, rouge fonc\u00e9, etc.), afin d'am\u00e9liorer la superposition visuelle. Combin\u00e9 avec le\u00a0<strong>caisse enti\u00e8rement noire<\/strong>Le ruban devient la touche finale, renfor\u00e7ant la reconnaissance de la marque tout en transmettant les attributs d'un cadeau haut de gamme.<\/p>\n<h3 id=\"-3-all-black-box-design-interpreting-modern-luxury-\"><strong>3. Une bo\u00eete enti\u00e8rement noire, symbole d'un luxe moderne<\/strong><\/h3>\n<p>Le corps de la bo\u00eete adopte\u00a0<strong>substrat noir pur mat<\/strong>Le noir symbolise le professionnalisme et la confiance, ce qui correspond tout \u00e0 fait \u00e0 la tonalit\u00e9 de l'industrie m\u00e9dicale dentaire. Le noir symbolise le professionnalisme et la confiance, ce qui correspond tout \u00e0 fait \u00e0 la tonalit\u00e9 de l'industrie m\u00e9dicale dentaire. Le bord du couvercle de la bo\u00eete est rehauss\u00e9 d'une bordure dor\u00e9e de 3 mm, ce qui met en valeur la technologie et l'esth\u00e9tique moderne d'une mani\u00e8re discr\u00e8te.<\/p>\n<h3 id=\"-4-hot-stamping-process-enhances-visual-texture-\"><strong>4. Le processus de marquage \u00e0 chaud am\u00e9liore la texture visuelle<\/strong><\/h3>\n<p>Utilisation\u00a0<strong>technologie de marquage \u00e0 chaud de haute pr\u00e9cision<\/strong>Le logo de la marque, le motif g\u00e9om\u00e9trique de la dent ou la r\u00e9daction personnalis\u00e9e sont pr\u00e9sent\u00e9s sur la surface de la bo\u00eete. Il est possible d'obtenir de multiples effets tels que l'or mat, l'or brillant et la feuille color\u00e9e, avec une pr\u00e9cision de trait de 0,1 mm. La couche de marquage \u00e0 chaud est r\u00e9sistante aux rayures, ce qui garantit qu'elle ne s'effacera pas apr\u00e8s une utilisation prolong\u00e9e, conf\u00e9rant ainsi \u00e0 l'emballage une valeur de collection.<\/p>\n<h3 id=\"-5-environmentally-friendly-materials-and-sustainable-structures-\"><strong>5. Mat\u00e9riaux respectueux de l'environnement et structures durables<\/strong><\/h3>\n<p>Le corps principal adopte\u00a0<strong>Papier d'art couch\u00e9 C2S 157g + carton dur 1200g<\/strong>\u00a0La doublure est fabriqu\u00e9e \u00e0 partir d'un proc\u00e9d\u00e9 composite EVA, avec une r\u00e9sistance \u00e0 la compression de plus de 50 kg, qui r\u00e9pond \u00e0 la certification environnementale FSC. La doublure utilise du coton EVA d\u00e9gradable pour remplacer les charges plastiques traditionnelles, et le taux global de recyclage des mat\u00e9riaux d'emballage atteint 95%. La structure de la bo\u00eete est sans colle et peut \u00eatre d\u00e9mont\u00e9e sans pollution gr\u00e2ce \u00e0 un assemblage par encliquetage.<\/p>\n<h3 id=\"-6-precise-lining-customization-to-optimize-space-utilization-\"><strong>6. Personnalisation pr\u00e9cise du rev\u00eatement pour optimiser l'utilisation de l'espace<\/strong><\/h3>\n<p>Fournir\u00a0<strong>solutions de rev\u00eatement modulaires<\/strong>:<\/p>\n<ul>\n<li><strong>Conception de la grille<\/strong>: La zone des instruments, la fente pour les b\u00e2tons \u00e0 m\u00e2cher et l'intercalaire de la feuille d'instructions sont divis\u00e9s par des cloisons mobiles.<\/li>\n<li><strong>Support int\u00e9rieur en 3D<\/strong>: Gravure au laser des rainures du tampon en fonction de la taille du correcteur, avec une tol\u00e9rance de \u00b10,5 mm.<\/li>\n<li><strong>Couche de fixation magn\u00e9tique<\/strong>: Des aimants puissants int\u00e9gr\u00e9s fixent la bo\u00eete du correcteur pour \u00e9viter qu'elle ne se d\u00e9place pendant le transport.<\/li>\n<\/ul>\n<h3 id=\"-7-one-stop-service-advantages-of-chinese-factories-\"><strong>7. Avantages des usines chinoises en mati\u00e8re de service \u00e0 guichet unique<\/strong><\/h3>\n<ul>\n<li><strong>\u00c9chantillons gratuits<\/strong>: 3 \u00e9chantillons physiques (y compris les versions de base de marquage \u00e0 chaud) sont fournis pour les essais.<\/li>\n<li><strong>Conception \u00e0 co\u00fbt z\u00e9ro<\/strong>: L'\u00e9quipe de professionnels produit 3 s\u00e9ries de plans de conception dans les 72 heures, avec des aper\u00e7us de rendu en 3D.<\/li>\n<li><strong>Comp\u00e9titivit\u00e9 des prix<\/strong>: Le prix de d\u00e9part de la commande pour 1 000 000 de pi\u00e8ces est aussi bas que\u00a0<strong>0.1$\u00a0<\/strong>Le prix comprend les taxes et les frais de moisissure.<\/li>\n<li><strong>Livraison rapide<\/strong>Les d\u00e9lais de livraison sont les suivants : 7 jours pour l'\u00e9preuvage, 15 jours pour les livraisons en vrac, avec l'appui de la logistique mondiale de DDP.<\/li>\n<\/ul>\n<p><strong>Processus de coop\u00e9ration<\/strong><\/p>\n<ol>\n<li><strong>Confirmation des besoins<\/strong>: Indiquez la taille du correcteur et la marque du manuel VI.<\/li>\n<li><strong>Proposition de conception<\/strong>: Fournir des rendus en 3D et des \u00e9chantillons de mat\u00e9riaux dans un d\u00e9lai de 3 jours ouvrables.<\/li>\n<li><strong>Production de masse<\/strong>: B\u00e9n\u00e9ficiez d'une remise de 5% pour votre premi\u00e8re commande.<\/li>\n<\/ol>","protected":false},"excerpt":{"rendered":"<p>1. La conception de la bo\u00eete \u00e0 papier du tiroir et l'ouverture coulissante facilitent l'ouverture et la fermeture par les utilisateurs, ce qui peut r\u00e9duire le temps d'utilisation.<br \/>\n2. Avec des accessoires tels que des rubans, il rehausse la beaut\u00e9 et l'attrait visuel et renforce la reconnaissance de la marque.<br \/>\n3. Le corps de la bo\u00eete est enti\u00e8rement noir, ce qui allie parfaitement le symbole du luxe et de la modernit\u00e9.<br \/>\n4. L'usine chinoise d'emballage d'appareils dentaires peut fournir des \u00e9chantillons gratuits, une conception gratuite, et fournir des produits de haute qualit\u00e9 au prix le plus bas.<\/p>","protected":false},"featured_media":8753,"template":"","meta":[],"product_brand":[],"product_cat":[30,413,31,426],"product_tag":[969,971,970],"class_list":{"0":"post-8751","1":"product","2":"type-product","3":"status-publish","4":"has-post-thumbnail","6":"product_cat-by-industry","7":"product_cat-consumer-electronics-boxes","8":"product_cat-paper-box-style","9":"product_cat-paper-drawer-boxes","10":"product_tag-custom-dental-aligner-packaging","11":"product_tag-teeth-aligner-gift-boxes","12":"product_tag-teeth-aligner-packaging","14":"first","15":"instock","16":"shipping-taxable","17":"product-type-simple"},"_links":{"self":[{"href":"https:\/\/zojopackaging.com\/fr\/wp-json\/wp\/v2\/product\/8751","targetHints":{"allow":["GET"]}}],"collection":[{"href":"https:\/\/zojopackaging.com\/fr\/wp-json\/wp\/v2\/product"}],"about":[{"href":"https:\/\/zojopackaging.com\/fr\/wp-json\/wp\/v2\/types\/product"}],"version-history":[{"count":2,"href":"https:\/\/zojopackaging.com\/fr\/wp-json\/wp\/v2\/product\/8751\/revisions"}],"predecessor-version":[{"id":8759,"href":"https:\/\/zojopackaging.com\/fr\/wp-json\/wp\/v2\/product\/8751\/revisions\/8759"}],"wp:featuredmedia":[{"embeddable":true,"href":"https:\/\/zojopackaging.com\/fr\/wp-json\/wp\/v2\/media\/8753"}],"wp:attachment":[{"href":"https:\/\/zojopackaging.com\/fr\/wp-json\/wp\/v2\/media?parent=8751"}],"wp:term":[{"taxonomy":"product_brand","embeddable":true,"href":"https:\/\/zojopackaging.com\/fr\/wp-json\/wp\/v2\/product_brand?post=8751"},{"taxonomy":"product_cat","embeddable":true,"href":"https:\/\/zojopackaging.com\/fr\/wp-json\/wp\/v2\/product_cat?post=8751"},{"taxonomy":"product_tag","embeddable":true,"href":"https:\/\/zojopackaging.com\/fr\/wp-json\/wp\/v2\/product_tag?post=8751"}],"curies":[{"name":"wp","href":"https:\/\/api.w.org\/{rel}","templated":true}]}}