{"id":8760,"date":"2025-03-31T11:53:01","date_gmt":"2025-03-31T03:53:01","guid":{"rendered":"https:\/\/zojopackaging.com\/?post_type=product&#038;p=8760"},"modified":"2025-03-31T12:14:34","modified_gmt":"2025-03-31T04:14:34","slug":"custom-collagen-powder-sachet-packaging-boxes-wholesale","status":"publish","type":"product","link":"https:\/\/zojopackaging.com\/fr\/product\/custom-collagen-powder-sachet-packaging-boxes-wholesale\/","title":{"rendered":"Bo\u00eete d'emballage de sachets de poudre de collag\u00e8ne sur mesure Wholesale"},"content":{"rendered":"<h2 id=\"customized-collagen-powder-bag-magnetic-packaging-box-wholesale-product-description\">Bo\u00eete d'emballage de sachets de poudre de collag\u00e8ne sur mesure Wholesale<\/h2>\n<h3 id=\"-1-magnetic-embedded-design-a-combination-of-convenience-and-durability-\"><strong>1. Conception magn\u00e9tique embarqu\u00e9e : Une combinaison de commodit\u00e9 et de durabilit\u00e9<\/strong><\/h3>\n<p>La technologie magn\u00e9tique int\u00e9gr\u00e9e est utilis\u00e9e pour r\u00e9aliser l'alignement automatique et la fonction d'adsorption lorsque la bo\u00eete d'emballage est ferm\u00e9e gr\u00e2ce \u00e0 l'aimant int\u00e9gr\u00e9 \u00e0 haute r\u00e9sistance, sans qu'il soit n\u00e9cessaire d'exposer des pi\u00e8ces m\u00e9talliques, ce qui \u00e9vite le probl\u00e8me de l'usure et de l'oxydation faciles des autocollants magn\u00e9tiques traditionnels. Cette conception am\u00e9liore non seulement la fluidit\u00e9 de l'ouverture et de la fermeture (attraction magn\u00e9tique stable et uniforme), mais prolonge \u00e9galement la dur\u00e9e de vie de la bo\u00eete d'emballage, particuli\u00e8rement adapt\u00e9e aux sc\u00e9narios d'utilisation fr\u00e9quente (tels que l'utilisation quotidienne de produits de sant\u00e9). Apr\u00e8s la fermeture de la bo\u00eete, les bords sont herm\u00e9tiquement ferm\u00e9s, ce qui emp\u00eache efficacement l'humidit\u00e9 et la poussi\u00e8re et garantit l'\u00e9tanch\u00e9it\u00e9 du produit.<\/p>\n<h3 id=\"-2-double-sided-high-definition-color-printing-visual-communication-of-brand-and-product-characteristics-\"><strong>2. Impression couleur haute d\u00e9finition recto-verso : communication visuelle des caract\u00e9ristiques de la marque et du produit<\/strong><\/h3>\n<p>La technologie d'impression double face en quadrichromie, l'\u00e9quipement d'h\u00e9liogravure 9 couleurs et l'encre \u00e0 base d'eau respectueuse de l'environnement sont utilis\u00e9s pour garantir des motifs clairs et d\u00e9licats ainsi qu'une grande saturation des couleurs. La couleur principale de la bo\u00eete d'emballage est un orange vibrant, combin\u00e9 \u00e0 l'effet de d\u00e9grad\u00e9 et au processus d'estampage \u00e0 chaud de la texture m\u00e9tallique du LOGO de la marque, pour v\u00e9hiculer une image de marque chaleureuse et innovante ; les principaux arguments de vente de la poudre de collag\u00e8ne (tels que \"les petites mol\u00e9cules sont faciles \u00e0 absorber\" et \"la vitamine C ajout\u00e9e\") peuvent \u00eatre imprim\u00e9s au dos pour renforcer les points de m\u00e9morisation du client. La personnalisation des couleurs Pantone permet de r\u00e9pondre aux besoins unifi\u00e9s de la marque VI.<\/p>\n<h3 id=\"-3-environmentally-friendly-materials-and-structural-optimization-sustainability-and-practicality-are-equally-important-\"><strong>3. Mat\u00e9riaux respectueux de l'environnement et optimisation structurelle : la durabilit\u00e9 et l'aspect pratique sont tout aussi importants.<\/strong><\/h3>\n<ul>\n<li><strong>Mat\u00e9riau<\/strong>: La couche ext\u00e9rieure utilise du papier d'art couch\u00e9 C2S de 157 g (texture mate, r\u00e9sistance aux rayures) et la couche int\u00e9rieure utilise du carton dur de 1200 g (capacit\u00e9 de charge de 5 kg, forte r\u00e9sistance \u00e0 la pression), qui ont tous deux obtenu la certification foresti\u00e8re FSC et peuvent \u00eatre recycl\u00e9s et d\u00e9grad\u00e9s selon la norme 100%.<\/li>\n<li><strong>Conception de la doublure int\u00e9rieure<\/strong>: Doublure personnalis\u00e9e en EVA ou en carton recycl\u00e9, fixation du sac de poudre de collag\u00e8ne par une structure en nid d'abeille ou des fentes de pliage, maximisation de l'utilisation de l'espace (une seule bo\u00eete peut contenir 10 \u00e0 20 sacs), et r\u00e9duction des pertes dues au transport. La surface int\u00e9rieure de la doublure est recouverte d'un film PE de qualit\u00e9 alimentaire, qui est r\u00e9sistant \u00e0 l'humidit\u00e9 et antisalissure.<\/li>\n<\/ul>\n<h3 id=\"-4-fully-automated-production-efficient-delivery-and-cost-advantages-\"><strong>4. Production enti\u00e8rement automatis\u00e9e : livraison efficace et avantages en termes de co\u00fbts<\/strong><\/h3>\n<p>L'usine est \u00e9quip\u00e9e de lignes de production enti\u00e8rement automatiques de d\u00e9coupe, d'assemblage magn\u00e9tique et d'impression UV, avec une capacit\u00e9 de production quotidienne de 10 millions de pi\u00e8ces, soutenant la livraison de 100 000 commandes dans les 72 heures. La ligne de production int\u00e8gre un syst\u00e8me d'inspection de la qualit\u00e9 par IA pour garantir que l'erreur de taille de chaque lot de produits est \u22640,5mm, que l'uniformit\u00e9 de l'attraction magn\u00e9tique est conforme \u00e0 la norme et que le taux de d\u00e9fectuosit\u00e9 est inf\u00e9rieur \u00e0 0,1%. La production \u00e0 grande \u00e9chelle r\u00e9duit consid\u00e9rablement le prix unitaire, et le co\u00fbt des commandes en gros (\u00e0 partir de 100 000 pi\u00e8ces) peut \u00eatre comprim\u00e9 \u00e0 70% de produits similaires.<\/p>\n<h3 id=\"-5-one-stop-customization-service-seamless-support-from-design-to-samples-\"><strong>5. Service de personnalisation \u00e0 guichet unique : soutien sans faille de la conception \u00e0 l'\u00e9chantillonnage<\/strong><\/h3>\n<p>En tant qu'usine source en Chine, elle fournit :<\/p>\n<ul>\n<li><strong>\u00c9preuve gratuite<\/strong>: Les \u00e9chantillons physiques seront envoy\u00e9s dans un d\u00e9lai de 3 jours ouvrables, afin de permettre l'ajustement de la structure et de l'effet d'impression.<\/li>\n<li><strong>Soutien \u00e0 la conception<\/strong>: Des \u00e9quipes professionnelles fournissent des rendus en 3D et des solutions mat\u00e9rielles bas\u00e9es sur les besoins de la marque, compatibles avec les sp\u00e9cifications d'emballage des plateformes de commerce \u00e9lectronique transfrontali\u00e8res (telles qu'Amazon et Shopify).<\/li>\n<li><strong>Offre transfrontali\u00e8re<\/strong>: Il prend en charge les certifications internationales telles que FDA et REACH, et fournit des services \u00e0 valeur ajout\u00e9e tels que l'\u00e9tiquetage et la livraison de bo\u00eetes fractionn\u00e9es.<\/li>\n<\/ul>\n<hr \/>\n<h2 id=\"-technical-parameters-\"><strong>Param\u00e8tres techniques<\/strong><\/h2>\n<table>\n<thead>\n<tr>\n<th>Projet<\/th>\n<th>Sp\u00e9cifications<\/th>\n<\/tr>\n<\/thead>\n<tbody>\n<tr>\n<td>Mat\u00e9riau<\/td>\n<td>157g de papier d'art C2S + 1200g de carton<\/td>\n<\/tr>\n<tr>\n<td>Attraction magn\u00e9tique<\/td>\n<td>\u22653N (mesur\u00e9 10 000 fois d'ouverture et de fermeture sans att\u00e9nuation)<\/td>\n<\/tr>\n<tr>\n<td>Processus d'impression<\/td>\n<td>H\u00e9liogravure double face + marquage partiel UV\/chaud<\/td>\n<\/tr>\n<tr>\n<td>Quantit\u00e9 minimale de commande<\/td>\n<td>500 pi\u00e8ces<\/td>\n<\/tr>\n<tr>\n<td>Cycle de livraison<\/td>\n<td>7-15 jours (en fonction du volume de la commande)<\/td>\n<\/tr>\n<\/tbody>\n<\/table>\n<hr \/>\n<p><strong>Avantages de la coop\u00e9ration<\/strong><\/p>\n<ul>\n<li><strong>Avantage tarifaire<\/strong>: Fourniture directe par l'usine, pas de diff\u00e9rence de prix entre les interm\u00e9diaires.<\/li>\n<li><strong>Certification verte<\/strong>: R\u00e9pond \u00e0 la norme biod\u00e9gradable EN13432 de l'UE, contribuant ainsi aux objectifs ESG de la marque.<\/li>\n<li><strong>Personnalisation souple<\/strong>Il est adapt\u00e9 \u00e0 diverses structures telles que les bo\u00eetes de forme sp\u00e9ciale et les bo\u00eetes \u00e0 tiroirs, et convient aux sacs de poudre de collag\u00e8ne de diff\u00e9rentes sp\u00e9cifications.<\/li>\n<\/ul>","protected":false},"excerpt":{"rendered":"<p>1. Bo\u00eete \u00e0 fermeture magn\u00e9tique, la conception de l'aimant int\u00e9gr\u00e9 \u00e9vite l'avantage de l'usure expos\u00e9e, et il peut automatiquement s'aligner et absorber lorsque la bo\u00eete d'emballage est ferm\u00e9e.<br \/>\n2. Impression couleur recto-verso, am\u00e9liorant l'effet de correspondance des couleurs. Les caract\u00e9ristiques de votre produit et les avantages de votre marque peuvent \u00eatre imprim\u00e9s sur la bo\u00eete pour renforcer l'impression du client.<br \/>\n3. L'orange est une couleur chaude, \u00e0 la fois vitale et chaleureuse, qui peut donner aux clients un sentiment de fra\u00eecheur.<\/p>","protected":false},"featured_media":8761,"template":"","meta":[],"product_brand":[],"product_cat":[30,422,424,31],"product_tag":[972,974,973],"class_list":{"0":"post-8760","1":"product","2":"type-product","3":"status-publish","4":"has-post-thumbnail","6":"product_cat-by-industry","7":"product_cat-custom-gourmet-boxes-by-industry","8":"product_cat-magnetic-closure-boxes","9":"product_cat-paper-box-style","10":"product_tag-collagen-packaging","11":"product_tag-custom-collagen-boxes-wholesale","12":"product_tag-powder-sachet-packaging","14":"first","15":"instock","16":"shipping-taxable","17":"product-type-simple"},"_links":{"self":[{"href":"https:\/\/zojopackaging.com\/fr\/wp-json\/wp\/v2\/product\/8760","targetHints":{"allow":["GET"]}}],"collection":[{"href":"https:\/\/zojopackaging.com\/fr\/wp-json\/wp\/v2\/product"}],"about":[{"href":"https:\/\/zojopackaging.com\/fr\/wp-json\/wp\/v2\/types\/product"}],"version-history":[{"count":1,"href":"https:\/\/zojopackaging.com\/fr\/wp-json\/wp\/v2\/product\/8760\/revisions"}],"predecessor-version":[{"id":8767,"href":"https:\/\/zojopackaging.com\/fr\/wp-json\/wp\/v2\/product\/8760\/revisions\/8767"}],"wp:featuredmedia":[{"embeddable":true,"href":"https:\/\/zojopackaging.com\/fr\/wp-json\/wp\/v2\/media\/8761"}],"wp:attachment":[{"href":"https:\/\/zojopackaging.com\/fr\/wp-json\/wp\/v2\/media?parent=8760"}],"wp:term":[{"taxonomy":"product_brand","embeddable":true,"href":"https:\/\/zojopackaging.com\/fr\/wp-json\/wp\/v2\/product_brand?post=8760"},{"taxonomy":"product_cat","embeddable":true,"href":"https:\/\/zojopackaging.com\/fr\/wp-json\/wp\/v2\/product_cat?post=8760"},{"taxonomy":"product_tag","embeddable":true,"href":"https:\/\/zojopackaging.com\/fr\/wp-json\/wp\/v2\/product_tag?post=8760"}],"curies":[{"name":"wp","href":"https:\/\/api.w.org\/{rel}","templated":true}]}}