{"id":8776,"date":"2025-03-31T13:30:33","date_gmt":"2025-03-31T05:30:33","guid":{"rendered":"https:\/\/zojopackaging.com\/?post_type=product&#038;p=8776"},"modified":"2025-03-31T13:48:57","modified_gmt":"2025-03-31T05:48:57","slug":"personalize-custom-nail-polish-packaging-boxes-wholesale","status":"publish","type":"product","link":"https:\/\/zojopackaging.com\/fr\/product\/personalize-custom-nail-polish-packaging-boxes-wholesale\/","title":{"rendered":"Bo\u00eetes d'emballage personnalis\u00e9es pour vernis \u00e0 ongles Wholesale"},"content":{"rendered":"<h2 id=\"-core-design-concept-\"><strong>Concept de base<\/strong><\/h2>\n<p>Cette bo\u00eete d'emballage de vernis \u00e0 ongles en papier \u00e0 tiroir est centr\u00e9e sur les \u00e9l\u00e9ments suivants <strong>\"Esth\u00e9tique minimaliste + protection fonctionnelle<\/strong>Il est con\u00e7u pour les salons de manucure haut de gamme, les marques de beaut\u00e9 de luxe et les besoins de personnalisation. Combinant le concept de protection de l'environnement et le design de texture mate de la s\u00e9rie Brazilian Hidrabene de la page web, ainsi que l'exp\u00e9rience de production modulaire de l'usine leader de la page web en Chine, il int\u00e8gre profond\u00e9ment l'art et la praticit\u00e9 pour r\u00e9pondre aux doubles besoins de la marque en mati\u00e8re de\u00a0<strong>sortie d'images haut de gamme<\/strong>\u00a0et\u00a0<strong>protection des produits<\/strong>.<\/p>\n<h2 id=\"-product-highlights-and-function-analysis-\"><strong>Points forts du produit et analyse des fonctions<\/strong><\/h2>\n<h3 id=\"1-luxury-appearance-and-customized-brand-presentation-\">1.\u00a0<strong>Aspect luxueux et pr\u00e9sentation personnalis\u00e9e de la marque<\/strong><\/h3>\n<ul>\n<li><strong>Finition mate + impression sur film<\/strong>: Utilisation de l'outil\u00a0<strong>mat\u00e9riau tactile mat<\/strong>\u00a0mentionn\u00e9 dans la page web, combin\u00e9e \u00e0 la technologie d'impression sur film telle que le marquage \u00e0 chaud\/l'argent \u00e0 chaud, pour garantir que le logo de la marque est clair, sans bavures ni diff\u00e9rences de couleur, ce qui donne \u00e0 l'emballage un impact visuel discret et luxueux.<\/li>\n<li><strong>Conception de l'ouverture et de la fermeture par glissement<\/strong>: Inspir\u00e9e par la commodit\u00e9 de la bo\u00eete de rangement portable de la page web, combin\u00e9e \u00e0 la structure du couvercle rabattable de la bo\u00eete en forme de livre de la page web, elle renforce le sentiment de c\u00e9r\u00e9monie de d\u00e9ballage et convient aux sc\u00e8nes de type cadeau.<\/li>\n<\/ul>\n<h3 id=\"2-modular-multifunctional-lining-\">2.\u00a0<strong>Doublure modulaire multifonctionnelle<\/strong><\/h3>\n<ul>\n<li><strong>Couche interm\u00e9diaire r\u00e9glable en mousse EVA<\/strong>: Se r\u00e9f\u00e9rant \u00e0 la conception tic-tac-toe \u00e0 12 grilles de Huangshi Huahong Carton Factory dans le district de Baiyun, Guangzhou sur la page web, avec une mousse EVA amovible int\u00e9gr\u00e9e (densit\u00e9 optionnelle 0,3-0,5g\/cm\u00b3), s'adaptant de mani\u00e8re flexible \u00e0 12 flacons de vernis \u00e0 ongles de 15ml et aux pinceaux, outils de s\u00e9chage et autres accessoires afin d'\u00e9viter les collisions pendant le transport.<\/li>\n<li><strong>Espace libre pour la personnalisation de la couverture int\u00e9rieure<\/strong>: Une zone vierge est r\u00e9serv\u00e9e sur le dessus, permettant l'impression UV, le gaufrage et d'autres proc\u00e9d\u00e9s pour int\u00e9grer le LOGO de la marque ou des motifs artistiques afin de renforcer les points de m\u00e9morisation de la marque.<\/li>\n<\/ul>\n<h3 id=\"3-all-round-customization-service-\">3.\u00a0<strong>Service de personnalisation complet<\/strong><\/h3>\n<ul>\n<li><strong>Adaptation souple de la taille et du mat\u00e9riau<\/strong>: Les mat\u00e9riaux peuvent \u00eatre choisis parmi le carton gris respectueux de l'environnement, le carton blanc, le papier sp\u00e9cial, et peuvent \u00e9galement \u00eatre am\u00e9lior\u00e9s avec des mat\u00e9riaux d'emballage de luxe tels que le placage en cuir.<\/li>\n<li><strong>Une technologie de surface diversifi\u00e9e<\/strong>: La colle mate, le marquage \u00e0 chaud, le gaufrage UV et d'autres effets permettent de r\u00e9pondre aux diff\u00e9rents besoins en mati\u00e8re de mat, de brillant, de textur\u00e9, etc.<\/li>\n<\/ul>\n<h3 id=\"4-advantages-of-china-s-source-factory-\">4.\u00a0<strong>Avantages de l'usine source chinoise<\/strong><\/h3>\n<ul>\n<li><strong>\u00c9chantillons gratuits et aide \u00e0 la conception<\/strong>: Soutenir les \u00e9preuves gratuites et les propositions individuelles des \u00e9quipes de conception professionnelles afin de garantir une mise en \u0153uvre pr\u00e9cise des dessins aux produits finis.<\/li>\n<\/ul>\n<h2 id=\"-applicable-scenarios-and-industry-trends-\"><strong>Sc\u00e9narios applicables et tendances du secteur<\/strong><\/h2>\n<ul>\n<li><strong>Salon professionnel<\/strong>: La conception modulaire facilite l'exposition et le stockage, ainsi que le positionnement des services haut de gamme.<\/li>\n<li><strong>Marques de luxe<\/strong>: La technologie d'impression mate + feuille s'inscrit dans la tendance du luxe minimaliste sur la page web et r\u00e9pond aux besoins de la marque en mati\u00e8re d'impression visuelle unifi\u00e9e.<\/li>\n<li><strong>Commerce \u00e9lectronique transfrontalier<\/strong>: R\u00e9pond aux normes strictes d'Amazon, de TikTok et d'autres plateformes sur la page web pour la conception de l'emballage et la s\u00e9curit\u00e9 du transport.<\/li>\n<\/ul>\n<h2 id=\"-customization-process-and-service-commitment-\"><strong>Processus de personnalisation et engagement de service<\/strong><\/h2>\n<ol>\n<li><strong>Communication de la demande<\/strong>: Fournir des param\u00e8tres tels que la taille, le mat\u00e9riau et le processus.<\/li>\n<li><strong>Confirmation de l'\u00e9preuvage 3D<\/strong>: Production d'\u00e9chantillons complets dans un d\u00e9lai de 7 jours ouvrables.<\/li>\n<li><strong>Production de masse<\/strong>: Livraison dans un d\u00e9lai de 7 \u00e0 14 jours, avec un contr\u00f4le de qualit\u00e9 tout au long du processus.<\/li>\n<li><strong>Garantie apr\u00e8s-vente<\/strong>les services de remplacement en cas de sinistre et la r\u00e9mun\u00e9ration diff\u00e9r\u00e9e<\/li>\n<\/ol>\n<p><strong>Conclusion<\/strong>\u00a0Ce produit se caract\u00e9rise par une conception modulaire, une texture mate et une personnalisation pouss\u00e9e. Il int\u00e8gre l'esth\u00e9tique minimaliste de la page web et les avantages de la production efficace de la cha\u00eene d'approvisionnement de la page web en Chine, ce qui aide la marque \u00e0 \u00e9tablir une image diff\u00e9renci\u00e9e sur le march\u00e9 de la beaut\u00e9. De l'\u00e9chantillon \u00e0 la production de masse, nous nous engageons \u00e0 fournir des solutions d'emballage de luxe \u00e0 des prix de base.<\/p>","protected":false},"excerpt":{"rendered":"<ul>\n<li><strong>Respect de l'environnement<\/strong>: Les mat\u00e9riaux recyclables de 100% sont conformes aux tendances mondiales en mati\u00e8re de d\u00e9veloppement durable.<\/li>\n<li><strong>Amplification de la marque<\/strong>: Les finitions haut de gamme (marquage \u00e0 chaud, gaufrage) am\u00e9liorent l'impact en rayon.<\/li>\n<li><strong>Pr\u00eat pour la logistique<\/strong>: La conception \u00e0 plat permet de r\u00e9duire les co\u00fbts d'exp\u00e9dition de 40% par rapport aux bo\u00eetes pr\u00e9-assembl\u00e9es.<\/li>\n<li><strong>Adaptable<\/strong>: Les inserts interchangeables permettent d'utiliser des kits d'ongles, des gels ou des coffrets cadeaux.<\/li>\n<\/ul>","protected":false},"featured_media":8777,"template":"","meta":[],"product_brand":[],"product_cat":[30,390,31,426],"product_tag":[837,979,978],"class_list":{"0":"post-8776","1":"product","2":"type-product","3":"status-publish","4":"has-post-thumbnail","6":"product_cat-by-industry","7":"product_cat-custom-cosmetics-boxes","8":"product_cat-paper-box-style","9":"product_cat-paper-drawer-boxes","10":"product_tag-custom-nail-polish-packaging","11":"product_tag-nail-polish-boxes-wholesale","12":"product_tag-nail-polish-packaging","14":"first","15":"instock","16":"shipping-taxable","17":"product-type-simple"},"_links":{"self":[{"href":"https:\/\/zojopackaging.com\/fr\/wp-json\/wp\/v2\/product\/8776","targetHints":{"allow":["GET"]}}],"collection":[{"href":"https:\/\/zojopackaging.com\/fr\/wp-json\/wp\/v2\/product"}],"about":[{"href":"https:\/\/zojopackaging.com\/fr\/wp-json\/wp\/v2\/types\/product"}],"version-history":[{"count":1,"href":"https:\/\/zojopackaging.com\/fr\/wp-json\/wp\/v2\/product\/8776\/revisions"}],"predecessor-version":[{"id":8782,"href":"https:\/\/zojopackaging.com\/fr\/wp-json\/wp\/v2\/product\/8776\/revisions\/8782"}],"wp:featuredmedia":[{"embeddable":true,"href":"https:\/\/zojopackaging.com\/fr\/wp-json\/wp\/v2\/media\/8777"}],"wp:attachment":[{"href":"https:\/\/zojopackaging.com\/fr\/wp-json\/wp\/v2\/media?parent=8776"}],"wp:term":[{"taxonomy":"product_brand","embeddable":true,"href":"https:\/\/zojopackaging.com\/fr\/wp-json\/wp\/v2\/product_brand?post=8776"},{"taxonomy":"product_cat","embeddable":true,"href":"https:\/\/zojopackaging.com\/fr\/wp-json\/wp\/v2\/product_cat?post=8776"},{"taxonomy":"product_tag","embeddable":true,"href":"https:\/\/zojopackaging.com\/fr\/wp-json\/wp\/v2\/product_tag?post=8776"}],"curies":[{"name":"wp","href":"https:\/\/api.w.org\/{rel}","templated":true}]}}