{"id":8784,"date":"2025-03-31T13:49:24","date_gmt":"2025-03-31T05:49:24","guid":{"rendered":"https:\/\/zojopackaging.com\/?post_type=product&#038;p=8784"},"modified":"2025-03-31T14:25:06","modified_gmt":"2025-03-31T06:25:06","slug":"custom-printed-coffee-tea-packaging-box-wholesale-supplier","status":"publish","type":"product","link":"https:\/\/zojopackaging.com\/fr\/product\/custom-printed-coffee-tea-packaging-box-wholesale-supplier\/","title":{"rendered":"Bo\u00eete d'emballage pour caf\u00e9 et th\u00e9 imprim\u00e9e sur mesure Fournisseur en gros"},"content":{"rendered":"<h2 id=\"1-environmentally-friendly-materials-sustainable-concept\">1. Mat\u00e9riaux respectueux de l'environnement, concept durable<\/h2>\n<p>Nos bo\u00eetes d'emballage pour le caf\u00e9 et le th\u00e9 sont fabriqu\u00e9es en\u00a0<strong>des mat\u00e9riaux recyclables et respectueux de l'environnement<\/strong>Les produits sont fabriqu\u00e9s \u00e0 partir de fibres de bambou, de pulpe de bagasse, de papier \u00e0 haute teneur en fibres, etc., afin de garantir qu'ils r\u00e9pondent aux normes environnementales internationales (telles que la certification ISO9001, BRCGS). Le mat\u00e9riau est \u00e0 la fois **durable et l\u00e9ger<\/p>\n<h2 id=\"2-flexible-customization-to-highlight-brand-personality\">2. Personnalisation flexible pour mettre en valeur la personnalit\u00e9 de la marque<\/h2>\n<ol>\n<li><strong>Logo et conception graphique<\/strong>: Il est possible d'ajouter des logos de marque, des codes QR, des motifs saisonniers ou des \u00e9l\u00e9ments culturels, et de pr\u00e9senter des effets visuels de haute pr\u00e9cision gr\u00e2ce \u00e0 l'impression offset, \u00e0 l'impression flexographique et \u00e0 d'autres processus. Par exemple, vous pouvez vous r\u00e9f\u00e9rer \u00e0 la conception d'\u00e9l\u00e9ments traditionnels dans l'emballage du th\u00e9 qui combine une esth\u00e9tique moderne pour am\u00e9liorer la reconnaissance de la marque.<\/li>\n<li><strong>Doublure et structure personnalis\u00e9es<\/strong>: En fonction de la taille des produits tels que les grains de caf\u00e9, les sachets de th\u00e9, les b\u00e2tonnets instantan\u00e9s, etc., il est possible de concevoir des doublures \u00e0 tiroirs superpos\u00e9s ou des rainures fixes afin de r\u00e9duire le gaspillage d'espace et d'optimiser l'efficacit\u00e9 du stockage et du transport. Par exemple, la conception de l'ouverture et de la fermeture magn\u00e9tique de la bo\u00eete d'emballage du th\u00e9 Pu'er tient compte \u00e0 la fois de la praticit\u00e9 et du rituel.<\/li>\n<\/ol>\n<h2 id=\"3-multiple-styles-adapted-to-market-positioning\">3. Des styles multiples, adapt\u00e9s au positionnement du march\u00e9<\/h2>\n<p>Fournir\u00a0<strong>bo\u00eete cadeau, bo\u00eete \u00e0 cartes, cylindre<\/strong>\u00a0et d'autres styles au choix :<\/p>\n<ul>\n<li><strong>Bo\u00eete rigide<\/strong>Les coffrets cadeaux : ils conviennent aux coffrets cadeaux haut de gamme, avec des accessoires en m\u00e9tal ou une texture en bois, soulignant ainsi le positionnement luxe.<\/li>\n<li><strong>bo\u00eete en carton<\/strong>Les produits de cette cat\u00e9gorie sont : l\u00e9gers et simples, adapt\u00e9s aux sc\u00e9narios de vente au d\u00e9tail quotidiens, utilisant des gobelets en papier couch\u00e9 respectueux de l'environnement ou des sacs en papier anti-ouverture, en tenant compte de la s\u00e9curit\u00e9 et de la commodit\u00e9.<\/li>\n<li><strong>Emballage en tube de papier<\/strong>Le syst\u00e8me de stockage de th\u00e9 ou de caf\u00e9 en vrac : il convient pour le stockage de th\u00e9 ou de caf\u00e9 en grains, avec un rev\u00eatement PLA d\u00e9gradable, qui assure \u00e0 la fois l'\u00e9tanch\u00e9it\u00e9 et l'esth\u00e9tique.<\/li>\n<\/ul>\n<h2 id=\"4-multifunctional-application-scenarios\">4. Sc\u00e9narios d'application multifonctionnels<\/h2>\n<p>Le produit est largement adapt\u00e9\u00a0<strong>caf\u00e9, th\u00e9, produits di\u00e9t\u00e9tiques et coffrets cadeaux<\/strong>\u00a0et d'autres domaines :<\/p>\n<ul>\n<li>Emballage des grains de caf\u00e9 : utiliser des sacs en papier verticaux ou des gobelets PLA transparents pour optimiser les propri\u00e9t\u00e9s de barri\u00e8re et conserver l'ar\u00f4me.<\/li>\n<li>Bo\u00eete cadeau pour sachets de th\u00e9 : combin\u00e9e \u00e0 une doublure de compartiment et \u00e0 un design d\u00e9shydratant, elle prolonge la dur\u00e9e de conservation du th\u00e9.<\/li>\n<li>Boissons instantan\u00e9es : bo\u00eetes en papier l\u00e9ger avec couche int\u00e9rieure r\u00e9sistante \u00e0 l'humidit\u00e9, adapt\u00e9es au transport du commerce \u00e9lectronique et \u00e0 la pr\u00e9sentation hors ligne.<\/li>\n<\/ul>\n<h2 id=\"v-efficient-service-and-guarantee\">5. Un service et une garantie efficaces<\/h2>\n<ol>\n<li><strong>Faible quantit\u00e9 minimale de commande<\/strong>Quantit\u00e9 minimale de commande : quantit\u00e9 minimale de commande\u00a0<strong>500 pi\u00e8ces<\/strong>Le syst\u00e8me de contr\u00f4le de la qualit\u00e9 permet d'effectuer des commandes d'essai en petits lots et des productions \u00e0 grande \u00e9chelle.<\/li>\n<li><strong>Livraison rapide<\/strong>Le cycle de production ne dure que\u00a0<strong>7-12 jours ouvrables<\/strong>L'entreprise dispose de sa propre usine et de son propre \u00e9quipement d'automatisation afin de garantir une livraison dans les d\u00e9lais.<\/li>\n<li><strong>Service gratuit \u00e0 valeur ajout\u00e9e<\/strong>:<\/li>\n<li>Fournir\u00a0<strong>\u00e9chantillons gratuits<\/strong>\u00a0et la validation de la conception, couvrant les essais de mat\u00e9riaux et la v\u00e9rification structurelle.<\/li>\n<li>Fourniture directe par l'usine source en Chine, pas de diff\u00e9rence de prix entre les interm\u00e9diaires, garantie.\u00a0<strong>un co\u00fbt \u00e9lev\u00e9<\/strong>.<\/li>\n<\/ol>\n<h2 id=\"reasons-to-choose-us\">Les raisons de nous choisir<\/h2>\n<ul>\n<li><strong>Avantages techniques<\/strong>: Un atelier de purification de niveau 300 000 et des \u00e9quipements d'impression avanc\u00e9s pour garantir que les produits r\u00e9pondent aux normes de s\u00e9curit\u00e9 alimentaire.<\/li>\n<li><strong>Exp\u00e9rience de cas<\/strong>: Au service de clients nationaux et \u00e9trangers dans les secteurs de l'alimentation, de la chimie quotidienne et des cadeaux.<\/li>\n<\/ul>","protected":false},"excerpt":{"rendered":"<p>\u2705 Une image de marque respectueuse de l'environnement - Les mat\u00e9riaux recyclables s'alignent sur les tendances modernes en mati\u00e8re de d\u00e9veloppement durable.<br \/>\n\u2705 Commandes minimales faibles - Commencez avec 500 unit\u00e9s pour tester le march\u00e9, puis passez \u00e0 plus de 50 000 unit\u00e9s par mois.<br \/>\n\u2705 Ing\u00e9nierie de pr\u00e9cision - La tol\u00e9rance de \u00b10,5 mm garantit un remplissage sans faille de la machine.<br \/>\nConformit\u00e9 mondiale - Conforme aux normes d'emballage de l'UE et des \u00c9tats-Unis pour le commerce \u00e9lectronique transfrontalier.<br \/>\n\u2705 Service cl\u00e9 en main - Mod\u00e8les de conception gratuits + livraison d'\u00e9chantillons en 48 heures.<\/p>","protected":false},"featured_media":8787,"template":"","meta":[],"product_brand":[],"product_cat":[30,422,424,31],"product_tag":[980,982,981],"class_list":{"0":"post-8784","1":"product","2":"type-product","3":"status-publish","4":"has-post-thumbnail","6":"product_cat-by-industry","7":"product_cat-custom-gourmet-boxes-by-industry","8":"product_cat-magnetic-closure-boxes","9":"product_cat-paper-box-style","10":"product_tag-custom-coffee-packaging","11":"product_tag-tea-box-wholesale","12":"product_tag-tea-packaging-box","14":"first","15":"instock","16":"shipping-taxable","17":"product-type-simple"},"_links":{"self":[{"href":"https:\/\/zojopackaging.com\/fr\/wp-json\/wp\/v2\/product\/8784","targetHints":{"allow":["GET"]}}],"collection":[{"href":"https:\/\/zojopackaging.com\/fr\/wp-json\/wp\/v2\/product"}],"about":[{"href":"https:\/\/zojopackaging.com\/fr\/wp-json\/wp\/v2\/types\/product"}],"version-history":[{"count":2,"href":"https:\/\/zojopackaging.com\/fr\/wp-json\/wp\/v2\/product\/8784\/revisions"}],"predecessor-version":[{"id":8794,"href":"https:\/\/zojopackaging.com\/fr\/wp-json\/wp\/v2\/product\/8784\/revisions\/8794"}],"wp:featuredmedia":[{"embeddable":true,"href":"https:\/\/zojopackaging.com\/fr\/wp-json\/wp\/v2\/media\/8787"}],"wp:attachment":[{"href":"https:\/\/zojopackaging.com\/fr\/wp-json\/wp\/v2\/media?parent=8784"}],"wp:term":[{"taxonomy":"product_brand","embeddable":true,"href":"https:\/\/zojopackaging.com\/fr\/wp-json\/wp\/v2\/product_brand?post=8784"},{"taxonomy":"product_cat","embeddable":true,"href":"https:\/\/zojopackaging.com\/fr\/wp-json\/wp\/v2\/product_cat?post=8784"},{"taxonomy":"product_tag","embeddable":true,"href":"https:\/\/zojopackaging.com\/fr\/wp-json\/wp\/v2\/product_tag?post=8784"}],"curies":[{"name":"wp","href":"https:\/\/api.w.org\/{rel}","templated":true}]}}