{"id":8786,"date":"2025-03-31T13:50:43","date_gmt":"2025-03-31T05:50:43","guid":{"rendered":"https:\/\/zojopackaging.com\/?post_type=product&#038;p=8786"},"modified":"2025-03-31T16:05:28","modified_gmt":"2025-03-31T08:05:28","slug":"retail-premium-perfume-folding-carton-box-mamufacturer","status":"publish","type":"product","link":"https:\/\/zojopackaging.com\/fr\/product\/retail-premium-perfume-folding-carton-box-mamufacturer\/","title":{"rendered":"Fabricant de bo\u00eetes pliantes pour parfums de qualit\u00e9 sup\u00e9rieure"},"content":{"rendered":"<div class=\"widget block block-static-block\">\n<div class=\"landing-page-section option-bottom\">\n<div class=\"custom-materials-tabs-content container container-adjustment\">\n<div class=\"custom-materials-tab-content active\">\n<div class=\"widget block block-static-block\">\n<div class=\"options-items\">\n<div class=\"flex-grid-row-option\">\n<div class=\"flex-grid-item-option\">\n<div class=\"material-box\">\n<h2 id=\"-retail-high-quality-perfume-folding-carton-manufacturers-the-perfect-combination-of-high-end-customization-and-environmental-innovation-\"><strong>Fabricants de bo\u00eetes pliantes pour parfums de haute qualit\u00e9 pour la vente au d\u00e9tail<\/strong><\/h2>\n<p>Sur le march\u00e9 de la vente au d\u00e9tail de parfums, l'emballage n'est pas seulement le \"v\u00eatement ext\u00e9rieur\" du produit, mais aussi le principal vecteur de la valeur de la marque et de l'exp\u00e9rience de l'utilisateur. Les bo\u00eetes pliantes de haute qualit\u00e9 offrent aux marques de parfums des solutions \u00e0 la fois esth\u00e9tiques et pratiques gr\u00e2ce \u00e0 la s\u00e9lection des mat\u00e9riaux, \u00e0 l'innovation des processus et \u00e0 la conception fonctionnelle. Les points de fabrication des bo\u00eetes pliantes pour parfums de haute qualit\u00e9 sont analys\u00e9s ci-apr\u00e8s sous plusieurs angles :<\/p>\n<h3 id=\"-1-350g-single-powder-card-material-dual-advantages-of-lightweight-and-cost-optimization-\"><strong>1. Mat\u00e9riau de la carte \u00e0 poudre unique de 350 g : double avantage de la l\u00e9g\u00e8ret\u00e9 et de l'optimisation des co\u00fbts<\/strong><\/h3>\n<p>Le carton simple poudre (\u00e9galement connu sous le nom de papier simple cuivre) a un poids typique de 350 g, il est \u00e0 la fois souple et rigide. Il peut non seulement r\u00e9pondre aux exigences de support de la bo\u00eete de parfum pour la structure tridimensionnelle, mais aussi r\u00e9duire le volume de transport et les co\u00fbts logistiques gr\u00e2ce \u00e0 la conception du pliage. Sa surface est lisse et d\u00e9licate, fournissant une base de haute qualit\u00e9 pour des processus tels que le marquage \u00e0 chaud et l'impression UV, garantissant la reproduction des couleurs et la durabilit\u00e9.<\/p>\n<h2 id=\"-2-neutral-design-adapt-to-the-tone-of-multiple-brands-\"><strong>2. Design neutre : s'adapter au ton de plusieurs marques<\/strong><\/h2>\n<p>Les bo\u00eetes de cartes de parfum neutres sont principalement bas\u00e9es sur des lignes simples et des couleurs pures, et sont adapt\u00e9es aux diff\u00e9rents styles de marque gr\u00e2ce \u00e0 une conception structurelle modulaire (comme les couvercles sup\u00e9rieurs et inf\u00e9rieurs, le style tiroir). Par exemple, les marques haut de gamme peuvent renforcer l'impression de luxe gr\u00e2ce au marquage \u00e0 chaud, tandis que les marques de niche peuvent mettre en valeur leur personnalit\u00e9 gr\u00e2ce \u00e0 l'impression UV locale ou au gaufrage. Certains fabricants proposent des services de conception en ligne gratuits, des \u00e9preuves et des modifications rapides, et r\u00e9pondent aux besoins d'it\u00e9ration rapide de la marque, du concept au produit fini.<\/p>\n<h3 id=\"-3-hot-stamping-process-the-core-touchpoint-to-enhance-brand-premium-\"><strong>3. Processus de marquage \u00e0 chaud : le point de contact essentiel pour am\u00e9liorer la qualit\u00e9 de la marque<\/strong><\/h3>\n<p>La technologie de marquage \u00e0 chaud transf\u00e8re une feuille m\u00e9tallique par pressage \u00e0 chaud pour former un motif tridimensionnel tr\u00e8s brillant sur la surface de la bo\u00eete en papier, qui a un impact visuel et des fonctions anti-contrefa\u00e7on. Par exemple, les informations cl\u00e9s telles que le logo de la marque et le nom du produit peuvent \u00eatre renforc\u00e9es par la technologie de marquage \u00e0 chaud, tout en am\u00e9liorant la texture du produit. Des \u00e9tudes ont montr\u00e9 que le taux de prime des produits de parfumerie avec un emballage par marquage \u00e0 chaud peut atteindre 20%-30%.<\/p>\n<h3 id=\"-4-fsc-certification-a-global-passport-for-sustainable-packaging-\"><strong>4. La certification FSC : un passeport mondial pour l'emballage durable<\/strong><\/h3>\n<p>La protection de l'environnement est devenue une tendance importante dans l'industrie du parfum. Les cartons certifi\u00e9s FSC sont fabriqu\u00e9s \u00e0 partir de p\u00e2te de bois provenant de for\u00eats g\u00e9r\u00e9es durablement, et l'ensemble du processus, de la collecte des mati\u00e8res premi\u00e8res \u00e0 la production, est conforme aux normes environnementales internationales. Par exemple, certains fabricants utilisent du papier \u00e0 base de p\u00e2te de bambou ou du papier recycl\u00e9 pour remplacer la p\u00e2te de bois vierge afin de r\u00e9duire davantage l'empreinte carbone et de r\u00e9pondre aux exigences r\u00e9glementaires telles que EU REACH et US CA Prop 65.<\/p>\n<p><strong>5. Technologie du film tactile : am\u00e9lioration sensorielle pour une exp\u00e9rience haut de gamme<\/strong>Le processus de film tactile forme un daim d\u00e9licat sur la surface du carton, qui est aussi doux que le velours et poss\u00e8de des propri\u00e9t\u00e9s anti-traces de doigts et anti-rayures. Ce proc\u00e9d\u00e9 est surtout utilis\u00e9 dans les bo\u00eetes de parfums de luxe, tels que Dior, Chanel et d'autres marques, pour renforcer le ton de la marque par le toucher. Certains films tactiles sont \u00e9galement compatibles avec l'impression UV, ce qui permet d'am\u00e9liorer \u00e0 la fois le motif et la texture.<\/p>\n<h3 id=\"-6-built-in-paper-tray-the-last-line-of-defense-for-transportation-safety-\"><strong>6. Bac \u00e0 papier int\u00e9gr\u00e9 : la derni\u00e8re ligne de d\u00e9fense pour la s\u00e9curit\u00e9 des transports<\/strong><\/h3>\n<p>La fragilit\u00e9 des flacons de parfum exige un emballage tr\u00e8s performant en termes de rembourrage. Le plateau en papier int\u00e9gr\u00e9 est fabriqu\u00e9 \u00e0 partir de mat\u00e9riaux respectueux de l'environnement tels que la pulpe de canne \u00e0 sucre ou la pulpe de bambou. Il s'adapte aux diff\u00e9rentes formes de flacons gr\u00e2ce \u00e0 l'ouverture pr\u00e9cise du moule, ce qui permet non seulement de fixer le corps du flacon, mais aussi d'\u00e9viter l'extrusion et la d\u00e9formation. La conception int\u00e9gr\u00e9e du plateau en papier et de la bo\u00eete en papier peut \u00e9galement simplifier le processus d'emballage et am\u00e9liorer l'efficacit\u00e9 de l'emballage.<\/p>\n<\/div>\n<\/div>\n<\/div>\n<\/div>\n<\/div>\n<\/div>\n<\/div>\n<\/div>\n<\/div>\n<div class=\"widget block block-static-block\">\n<div class=\"landing-page-section option-bottom\">\n<div class=\"custom-materials-tabs-content container container-adjustment\">\n<div class=\"custom-materials-tab-content active\">\n<div class=\"widget block block-static-block\">\n<p><!---end of option item--><\/p>\n<\/div>\n<\/div>\n<\/div>\n<\/div>\n<\/div>","protected":false},"excerpt":{"rendered":"<p>Les fabricants de bo\u00eetes pliantes en papier pour parfums de haute qualit\u00e9 fournissent aux marques une solution unique, de la conception \u00e0 la livraison, gr\u00e2ce \u00e0 l'innovation des mat\u00e9riaux, \u00e0 la mise \u00e0 niveau des processus et \u00e0 la certification environnementale. \u00c0 l'avenir, avec la popularisation des outils de conception IA (tels que la plateforme X-FUN), l'efficacit\u00e9 de la production personnalis\u00e9e sera encore am\u00e9lior\u00e9e, et l'int\u00e9gration de mat\u00e9riaux durables et de structures intelligentes continuera \u00e0 promouvoir le d\u00e9veloppement de l'industrie de l'emballage des parfums vers des directions vertes et intelligentes.<\/p>","protected":false},"featured_media":8802,"template":"","meta":[],"product_brand":[],"product_cat":[30,417,430,31],"product_tag":[994,992,993],"class_list":{"0":"post-8786","1":"product","2":"type-product","3":"status-publish","4":"has-post-thumbnail","6":"product_cat-by-industry","7":"product_cat-custom-perfume-boxes-by-industry","8":"product_cat-folding-cartons","9":"product_cat-paper-box-style","10":"product_tag-perfume-box-mamufacturer","11":"product_tag-perfume-folding-carton-box","12":"product_tag-retail-premium-box","14":"first","15":"instock","16":"shipping-taxable","17":"product-type-grouped"},"_links":{"self":[{"href":"https:\/\/zojopackaging.com\/fr\/wp-json\/wp\/v2\/product\/8786","targetHints":{"allow":["GET"]}}],"collection":[{"href":"https:\/\/zojopackaging.com\/fr\/wp-json\/wp\/v2\/product"}],"about":[{"href":"https:\/\/zojopackaging.com\/fr\/wp-json\/wp\/v2\/types\/product"}],"version-history":[{"count":5,"href":"https:\/\/zojopackaging.com\/fr\/wp-json\/wp\/v2\/product\/8786\/revisions"}],"predecessor-version":[{"id":8840,"href":"https:\/\/zojopackaging.com\/fr\/wp-json\/wp\/v2\/product\/8786\/revisions\/8840"}],"wp:featuredmedia":[{"embeddable":true,"href":"https:\/\/zojopackaging.com\/fr\/wp-json\/wp\/v2\/media\/8802"}],"wp:attachment":[{"href":"https:\/\/zojopackaging.com\/fr\/wp-json\/wp\/v2\/media?parent=8786"}],"wp:term":[{"taxonomy":"product_brand","embeddable":true,"href":"https:\/\/zojopackaging.com\/fr\/wp-json\/wp\/v2\/product_brand?post=8786"},{"taxonomy":"product_cat","embeddable":true,"href":"https:\/\/zojopackaging.com\/fr\/wp-json\/wp\/v2\/product_cat?post=8786"},{"taxonomy":"product_tag","embeddable":true,"href":"https:\/\/zojopackaging.com\/fr\/wp-json\/wp\/v2\/product_tag?post=8786"}],"curies":[{"name":"wp","href":"https:\/\/api.w.org\/{rel}","templated":true}]}}