{"id":8795,"date":"2025-03-31T14:26:32","date_gmt":"2025-03-31T06:26:32","guid":{"rendered":"https:\/\/zojopackaging.com\/?post_type=product&#038;p=8795"},"modified":"2025-03-31T14:52:33","modified_gmt":"2025-03-31T06:52:33","slug":"luxury-fork-knife-cutlery-spoon-tableware-set-packaging-box","status":"publish","type":"product","link":"https:\/\/zojopackaging.com\/fr\/product\/luxury-fork-knife-cutlery-spoon-tableware-set-packaging-box\/","title":{"rendered":"Fourchette de luxe Couteau Cuill\u00e8re Set de table Bo\u00eete d'emballage"},"content":{"rendered":"<h2 id=\"-product-overview-\"><strong>Aper\u00e7u du produit<\/strong><\/h2>\n<p>Ce coffret d'emballage de luxe pour fourchettes, couteaux, couverts et cuill\u00e8res est con\u00e7u pour les arts de la table haut de gamme, alliant esth\u00e9tique et praticit\u00e9. Elle utilise des mat\u00e9riaux respectueux de l'environnement et un savoir-faire exquis. Il convient aux mariages, aux h\u00f4tels, \u00e0 la vente au d\u00e9tail haut de gamme et \u00e0 d'autres sc\u00e8nes, et am\u00e9liore l'image de marque et l'exp\u00e9rience de l'utilisateur gr\u00e2ce \u00e0 une excellente qualit\u00e9.<\/p>\n<h2 id=\"-core-selling-points-\"><strong>Principaux arguments de vente<\/strong><\/h2>\n<ol>\n<li><strong>Design luxueux et protection de la s\u00e9curit\u00e9<\/strong><\/li>\n<li><strong>Doublure en velours + compartiment de s\u00e9curit\u00e9<\/strong>: La doublure de la bo\u00eete noire est en velours doux, d\u00e9licat et r\u00e9sistant aux rayures ; le compartimentage personnalis\u00e9 garantit que les couverts, la fourchette, la cuill\u00e8re et la vaisselle sont plac\u00e9s fermement pour \u00e9viter les collisions pendant le transport ou le stockage.<\/li>\n<li><strong>Structure empilable<\/strong>: La conception modulaire permet un empilage efficace, \u00e9conomise l'espace de stockage et de transport, r\u00e9duit les co\u00fbts logistiques et maintient la stabilit\u00e9 de la structure de la bo\u00eete d'emballage.<\/li>\n<li><strong>Protection de l'environnement et durabilit\u00e9<\/strong><\/li>\n<li><strong>Mat\u00e9riau recyclable<\/strong>: Le corps principal est fabriqu\u00e9 en bois recycl\u00e9 respectueux de l'environnement, 100% recyclable, et r\u00e9pond aux normes environnementales internationales.<\/li>\n<li><strong>Durable<\/strong>: La surface est recouverte d'un rev\u00eatement mat r\u00e9sistant \u00e0 l'usure, qui r\u00e9siste \u00e0 la pression et \u00e0 l'humidit\u00e9, qui est r\u00e9utilisable et qui conserve une apparence soign\u00e9e pendant longtemps.<\/li>\n<li><strong>Artisanat et assurance qualit\u00e9<\/strong><\/li>\n<li><strong>Un savoir-faire exquis<\/strong>: Les bords de la bo\u00eete d'emballage sont lisses et sans bavures, les coutures sont pr\u00e9cises et l'ouverture et la fermeture se font en douceur.<\/li>\n<li><strong>Adaptabilit\u00e9 de la vaisselle<\/strong>: Permet de personnaliser les tailles, s'adapte parfaitement aux ensembles de couteaux, fourchettes et cuill\u00e8res en acier inoxydable (tels que les ensembles de 24 pi\u00e8ces, 36 pi\u00e8ces), et s'adapte aux diff\u00e9rents besoins de combinaison de la vaisselle.<\/li>\n<li><strong>Sc\u00e9narios d'application multifonctionnels<\/strong><\/li>\n<li><strong>Affaires et c\u00e9l\u00e9brations<\/strong>: Convient aux souvenirs de mariage, aux banquets d'h\u00f4tel, aux cadeaux promotionnels de marque et \u00e0 d'autres sc\u00e9narios pour am\u00e9liorer le niveau des activit\u00e9s ; prend en charge la technologie de gravure au laser ou d'estampage \u00e0 chaud du LOGO pour am\u00e9liorer la reconnaissance de la marque.<\/li>\n<li><strong>Commerce de d\u00e9tail haut de gamme<\/strong>: Il peut \u00eatre utilis\u00e9 comme emballage de pr\u00e9sentation pour la vaisselle de luxe afin d'attirer l'attention des consommateurs et d'am\u00e9liorer la valeur ajout\u00e9e du produit.<\/li>\n<li><strong>Efficacit\u00e9 de la fourniture et du soutien des services<\/strong><\/li>\n<li><strong>Cycle de production<\/strong>: La quantit\u00e9 minimale de commande est de 500 pi\u00e8ces, et la production est achev\u00e9e dans un d\u00e9lai de 7 \u00e0 12 jours ouvrables afin de garantir une livraison dans les d\u00e9lais.<\/li>\n<li><strong>Service personnalis\u00e9<\/strong>: L'usine d'origine en Chine fournit des \u00e9chantillons gratuits, des conseils en mati\u00e8re de conception et des ajustements de mat\u00e9riaux (tels que le polissage du miroir de la roue en tissu, la personnalisation de la texture de la bo\u00eete en bois) afin de r\u00e9pondre \u00e0 divers besoins.<\/li>\n<\/ol>\n<h2 id=\"-technical-parameters-\"><strong>Param\u00e8tres techniques<\/strong><\/h2>\n<table>\n<thead>\n<tr>\n<th>Projet<\/th>\n<th>Sp\u00e9cifications<\/th>\n<\/tr>\n<\/thead>\n<tbody>\n<tr>\n<td>Doublure<\/td>\n<td>Velours noir + couche tampon EVA<\/td>\n<\/tr>\n<tr>\n<td>Taille<\/td>\n<td>Personnalisable (norme de r\u00e9f\u00e9rence : 25cm\u00d718cm\u00d76cm)<\/td>\n<\/tr>\n<tr>\n<td>Support de charge<\/td>\n<td>\u22645kg<\/td>\n<\/tr>\n<tr>\n<td>Certification environnementale<\/td>\n<td>Certification FSC, norme ROHS<\/td>\n<\/tr>\n<\/tbody>\n<\/table>\n<h2 id=\"-cooperation-advantages-\"><strong>Avantages de la coop\u00e9ration<\/strong><\/h2>\n<ul>\n<li><strong>Avantage tarifaire<\/strong>: S'appuyant sur les ressources de la grappe industrielle chinoise, fournissant des solutions rentables, le prix unitaire est 30%-50% inf\u00e9rieur \u00e0 celui de produits similaires en Europe et aux \u00c9tats-Unis.<\/li>\n<li><strong>Service \u00e0 guichet unique<\/strong>: Suivi de la conception, de l'\u00e9preuvage et de la production en s\u00e9rie, soutien \u00e0 la logistique transfrontali\u00e8re et aux services de consignation.<\/li>\n<\/ul>\n<p><strong>Demandez des \u00e9chantillons gratuits d\u00e8s maintenant et commencez votre voyage de personnalisation d'emballages de vaisselle haut de gamme !<\/strong><\/p>","protected":false},"excerpt":{"rendered":"<p>\u2705 Une image de marque respectueuse de l'environnement - Les mat\u00e9riaux recyclables s'alignent sur les tendances modernes en mati\u00e8re de d\u00e9veloppement durable.<br \/>\n\u2705 Commandes minimales faibles - Commencez avec 500 unit\u00e9s pour tester le march\u00e9, puis passez \u00e0 plus de 50 000 unit\u00e9s par mois.<br \/>\n\u2705 Ing\u00e9nierie de pr\u00e9cision - La tol\u00e9rance de \u00b10,5 mm garantit un remplissage sans faille de la machine.<br \/>\nConformit\u00e9 mondiale - Conforme aux normes d'emballage de l'UE et des \u00c9tats-Unis pour le commerce \u00e9lectronique transfrontalier.<br \/>\n\u2705 Service cl\u00e9 en main - Mod\u00e8les de conception gratuits + livraison d'\u00e9chantillons en 48 heures.<\/p>","protected":false},"featured_media":8801,"template":"","meta":[],"product_brand":[],"product_cat":[30,413,428,31],"product_tag":[984,983,985],"class_list":{"0":"post-8795","1":"product","2":"type-product","3":"status-publish","4":"has-post-thumbnail","6":"product_cat-by-industry","7":"product_cat-consumer-electronics-boxes","8":"product_cat-irregular-shaped-gift-boxes","9":"product_cat-paper-box-style","10":"product_tag-cutlery-spoon-packaging","11":"product_tag-fork-knife-packaging-box","12":"product_tag-tableware-set-packaging-box","14":"first","15":"instock","16":"shipping-taxable","17":"product-type-simple"},"_links":{"self":[{"href":"https:\/\/zojopackaging.com\/fr\/wp-json\/wp\/v2\/product\/8795","targetHints":{"allow":["GET"]}}],"collection":[{"href":"https:\/\/zojopackaging.com\/fr\/wp-json\/wp\/v2\/product"}],"about":[{"href":"https:\/\/zojopackaging.com\/fr\/wp-json\/wp\/v2\/types\/product"}],"version-history":[{"count":3,"href":"https:\/\/zojopackaging.com\/fr\/wp-json\/wp\/v2\/product\/8795\/revisions"}],"predecessor-version":[{"id":8811,"href":"https:\/\/zojopackaging.com\/fr\/wp-json\/wp\/v2\/product\/8795\/revisions\/8811"}],"wp:featuredmedia":[{"embeddable":true,"href":"https:\/\/zojopackaging.com\/fr\/wp-json\/wp\/v2\/media\/8801"}],"wp:attachment":[{"href":"https:\/\/zojopackaging.com\/fr\/wp-json\/wp\/v2\/media?parent=8795"}],"wp:term":[{"taxonomy":"product_brand","embeddable":true,"href":"https:\/\/zojopackaging.com\/fr\/wp-json\/wp\/v2\/product_brand?post=8795"},{"taxonomy":"product_cat","embeddable":true,"href":"https:\/\/zojopackaging.com\/fr\/wp-json\/wp\/v2\/product_cat?post=8795"},{"taxonomy":"product_tag","embeddable":true,"href":"https:\/\/zojopackaging.com\/fr\/wp-json\/wp\/v2\/product_tag?post=8795"}],"curies":[{"name":"wp","href":"https:\/\/api.w.org\/{rel}","templated":true}]}}