{"id":8812,"date":"2025-03-31T14:53:11","date_gmt":"2025-03-31T06:53:11","guid":{"rendered":"https:\/\/zojopackaging.com\/?post_type=product&#038;p=8812"},"modified":"2025-03-31T15:17:40","modified_gmt":"2025-03-31T07:17:40","slug":"luxury-perfume-oil-packaging-gift-box-wholesale-with-insert","status":"publish","type":"product","link":"https:\/\/zojopackaging.com\/fr\/product\/luxury-perfume-oil-packaging-gift-box-wholesale-with-insert\/","title":{"rendered":"Emballage de luxe pour huile de parfum Bo\u00eete cadeau Wholesale avec insert"},"content":{"rendered":"<h2 id=\"-core-product-highlights-\"><strong>Principaux produits<\/strong><\/h2>\n<ol>\n<li><strong>Le double luxe de la vision et du toucher<\/strong><\/li>\n<li><strong>Correspondance des couleurs et des motifs<\/strong>: Les couleurs principales sont le bleu saphir profond et le rouge bordeaux chaud, formant un contraste classique et v\u00e9hiculant un langage visuel discret et luxueux ; la surface de la bo\u00eete est incrust\u00e9e d'un motif de tr\u00e8fle \u00e0 quatre feuilles plaqu\u00e9 or, symbolisant la chance et l'\u00e9ternit\u00e9, et le sens tridimensionnel est renforc\u00e9 par la technologie UV locale afin de cr\u00e9er une identit\u00e9 visuelle de marque diff\u00e9renci\u00e9e.<\/li>\n<li><strong>Traitement de surface<\/strong>: La technologie de pelliculage mat anti-rayures \u00e9vite les r\u00e9sidus d'empreintes digitales et donne au bo\u00eetier une texture d\u00e9licate et mate, tout en am\u00e9liorant la r\u00e9sistance \u00e0 l'usure pour garantir une apparence parfaite pendant le transport et la pr\u00e9sentation.<\/li>\n<li><strong>S\u00e9lection de mat\u00e9riaux mettant l'accent sur la protection de l'environnement et la qualit\u00e9<\/strong><\/li>\n<li><strong>Carton certifi\u00e9 FSC<\/strong>: Le corps principal est fabriqu\u00e9 en carton gris de 1,5 mm d'\u00e9paisseur certifi\u00e9 FSC, avec un rev\u00eatement en cuivre double de 157 g, qui poss\u00e8de \u00e0 la fois des propri\u00e9t\u00e9s de r\u00e9sistance \u00e0 la pression et de protection de l'environnement, et r\u00e9pond aux normes internationales en mati\u00e8re d'approvisionnement durable.<\/li>\n<li><strong>Doublure personnalis\u00e9e<\/strong>: Un plateau blister en EVA ou un emballage en velours PU sont disponibles, qui peuvent \u00eatre pr\u00e9cis\u00e9ment adapt\u00e9s au flacon d'huile de parfum de 5 ml \u00e0 30 ml. La doublure peut \u00eatre personnalis\u00e9e avec des couleurs sp\u00e9cifiques \u00e0 la marque (comme l'or champagne et le rouge vin) pour renforcer le sentiment de c\u00e9r\u00e9monie lors de l'ouverture de la bo\u00eete.<\/li>\n<li><strong>Une conception fonctionnelle intelligente<\/strong><\/li>\n<li><strong>Syst\u00e8me de scellement magn\u00e9tique<\/strong>: Les fermetures magn\u00e9tiques invisibles int\u00e9gr\u00e9es permettent d'ouvrir et de fermer la pochette d'une seule main. Lorsqu'il est ferm\u00e9, il s'ajuste \u00e9troitement pour \u00e9viter le risque d'usure de la structure traditionnelle de type languette, ce qui convient aux sc\u00e8nes de cadeaux fr\u00e9quentes.<\/li>\n<li><strong>Panneau personnalis\u00e9 par la marque<\/strong>: La couverture int\u00e9rieure r\u00e9serve un panneau gaufr\u00e9 vierge, qui prend en charge l'impression au laser, par estampage \u00e0 chaud d'un logo ou d'un code QR (r\u00e9solution \u2265300dpi), r\u00e9pondant aux divers besoins d'affichage de l'histoire de la marque, d'implantation d'un lien d'activit\u00e9 promotionnelle, etc.<\/li>\n<\/ol>\n<h3 id=\"-technical-parameters-and-customized-services-\"><strong>Param\u00e8tres techniques et services personnalis\u00e9s<\/strong><\/h3>\n<table>\n<thead>\n<tr>\n<th>Projet<\/th>\n<th>Sp\u00e9cifications<\/th>\n<\/tr>\n<\/thead>\n<tbody>\n<tr>\n<td><strong>Taille de base<\/strong><\/td>\n<td>Taille standard 15\u00d76\u00d73cm (diam\u00e8tre int\u00e9rieur), possibilit\u00e9 de personnaliser la taille non standard, erreur \u22641mm<\/td>\n<\/tr>\n<tr>\n<td><strong>Quantit\u00e9 minimale de commande<\/strong><\/td>\n<td>Les commandes en vrac commencent \u00e0 partir de 1 000 pi\u00e8ces, ce qui permet de produire des couleurs et des versions mixtes.<\/td>\n<\/tr>\n<tr>\n<td><strong>Options de traitement<\/strong><\/td>\n<td>Marquage \u00e0 chaud\/argent, gaufrage, film UV local brillant, s\u00e9rigraphie (correspondance des couleurs avec le num\u00e9ro Pantone)<\/td>\n<\/tr>\n<tr>\n<td><strong>Cycle de production<\/strong><\/td>\n<td>5 jours pour l'\u00e9preuvage, 15-18 jours pour la production en s\u00e9rie (service acc\u00e9l\u00e9r\u00e9)<\/td>\n<\/tr>\n<tr>\n<td><strong>Services d'appui<\/strong><\/td>\n<td>Conception 3D gratuite, \u00e9preuvage physique et optimisation de la solution logistique, soutien \u00e0 l'exportation transfrontali\u00e8re et \u00e0 l'emballage sp\u00e9cialis\u00e9.<\/td>\n<\/tr>\n<\/tbody>\n<\/table>\n<h2 id=\"-advantages-of-made-in-china-\"><strong>Avantages du Made in China<\/strong><\/h2>\n<ul>\n<li><strong>Fourniture directe par l'usine source<\/strong>: Plus de 16 ans d'exp\u00e9rience dans l'industrie, syst\u00e8me de qualit\u00e9 ISO et certification SEDEX, pour garantir un contr\u00f4le de qualit\u00e9 de niveau international.<\/li>\n<li><strong>Avantage en termes de co\u00fbts<\/strong>: La production \u00e0 grande \u00e9chelle r\u00e9duit le prix unitaire (commandes en vrac \u00e0 partir de 0,50 \u00a5\/pi\u00e8ce), le devis d'exp\u00e9dition en franchise de droits est facultatif, et un acompte de 30% est exig\u00e9 pour commencer la commande.<\/li>\n<li><strong>Services \u00e0 valeur ajout\u00e9e<\/strong>: Conception gratuite de l'adaptation de la marque VI, conseils en mati\u00e8re de solutions d'emballage durables et audit de conformit\u00e9 global (tel que les normes REACH de l'UE).<\/li>\n<\/ul>\n<p><strong>Sc\u00e9narios d'application<\/strong>Les emballages de produits de parfumerie : coffrets d'anniversaire de marques de parfumerie haut de gamme, coffrets transfrontaliers de luxe, cadeaux personnalis\u00e9s pour les membres VIP, emballages promotionnels pour les f\u00eates du commerce \u00e9lectronique (comme l'\u00e9dition limit\u00e9e de No\u00ebl).<\/p>","protected":false},"excerpt":{"rendered":"<p>\u2728Mettre en valeur la marque : Le motif de tr\u00e8fle \u00e0 quatre feuilles dor\u00e9 et le design bicolore am\u00e9liorent l'exp\u00e9rience de d\u00e9ballage.<br \/>\n\u2728 Eco-Premium : Les mat\u00e9riaux recycl\u00e9s durables s'alignent sur les objectifs de durabilit\u00e9 sans compromis de luxe.<br \/>\n\u2728 Efficacit\u00e9 de la vente en gros : Les d\u00e9lais d'ex\u00e9cution rapides, les prix comp\u00e9titifs et les panneaux pr\u00eats \u00e0 l'emploi rationalisent les commandes en gros.<br \/>\n\u2728 Pr\u00eat pour le monde : Compact, l\u00e9ger et test\u00e9 au sol pour une exp\u00e9dition internationale rentable.<\/p>","protected":false},"featured_media":8813,"template":"","meta":[],"product_brand":[],"product_cat":[30,415,428,31],"product_tag":[986,988,987],"class_list":{"0":"post-8812","1":"product","2":"type-product","3":"status-publish","4":"has-post-thumbnail","6":"product_cat-by-industry","7":"product_cat-custom-jewelry-boxes-by-industry","8":"product_cat-irregular-shaped-gift-boxes","9":"product_cat-paper-box-style","10":"product_tag-luxury-perfume-oil-packaging","11":"product_tag-perfume-oil-box-wholesale","12":"product_tag-perfume-oil-packaging","14":"first","15":"instock","16":"shipping-taxable","17":"product-type-simple"},"_links":{"self":[{"href":"https:\/\/zojopackaging.com\/fr\/wp-json\/wp\/v2\/product\/8812","targetHints":{"allow":["GET"]}}],"collection":[{"href":"https:\/\/zojopackaging.com\/fr\/wp-json\/wp\/v2\/product"}],"about":[{"href":"https:\/\/zojopackaging.com\/fr\/wp-json\/wp\/v2\/types\/product"}],"version-history":[{"count":1,"href":"https:\/\/zojopackaging.com\/fr\/wp-json\/wp\/v2\/product\/8812\/revisions"}],"predecessor-version":[{"id":8819,"href":"https:\/\/zojopackaging.com\/fr\/wp-json\/wp\/v2\/product\/8812\/revisions\/8819"}],"wp:featuredmedia":[{"embeddable":true,"href":"https:\/\/zojopackaging.com\/fr\/wp-json\/wp\/v2\/media\/8813"}],"wp:attachment":[{"href":"https:\/\/zojopackaging.com\/fr\/wp-json\/wp\/v2\/media?parent=8812"}],"wp:term":[{"taxonomy":"product_brand","embeddable":true,"href":"https:\/\/zojopackaging.com\/fr\/wp-json\/wp\/v2\/product_brand?post=8812"},{"taxonomy":"product_cat","embeddable":true,"href":"https:\/\/zojopackaging.com\/fr\/wp-json\/wp\/v2\/product_cat?post=8812"},{"taxonomy":"product_tag","embeddable":true,"href":"https:\/\/zojopackaging.com\/fr\/wp-json\/wp\/v2\/product_tag?post=8812"}],"curies":[{"name":"wp","href":"https:\/\/api.w.org\/{rel}","templated":true}]}}