{"id":8820,"date":"2025-03-31T15:17:51","date_gmt":"2025-03-31T07:17:51","guid":{"rendered":"https:\/\/zojopackaging.com\/?post_type=product&#038;p=8820"},"modified":"2025-03-31T15:42:24","modified_gmt":"2025-03-31T07:42:24","slug":"custom-classic-wine-packaging-box-wholesale-with-ribbon","status":"publish","type":"product","link":"https:\/\/zojopackaging.com\/fr\/product\/custom-classic-wine-packaging-box-wholesale-with-ribbon\/","title":{"rendered":"Bo\u00eete d'emballage de vin classique personnalis\u00e9e avec ruban"},"content":{"rendered":"<h2 id=\"-1-magnetic-embedded-lid-design-combining-aesthetics-and-durability-\"><strong>1. Couvercle magn\u00e9tique encastr\u00e9, alliant esth\u00e9tique et durabilit\u00e9<\/strong><\/h2>\n<ul>\n<li><strong>Technologie innovante d'int\u00e9gration d'aimants<\/strong>: Adoptant une structure magn\u00e9tique cach\u00e9e, l'aimant est int\u00e9gr\u00e9 dans le corps de la bo\u00eete par un moule de pr\u00e9cision afin d'\u00e9viter le probl\u00e8me des boucles magn\u00e9tiques apparentes traditionnelles qui s'usent et se rayent facilement. Lorsque le couvercle est ferm\u00e9, la force magn\u00e9tique est absorb\u00e9e de mani\u00e8re homog\u00e8ne et l'ouverture et la fermeture sont fluides et \u00e9l\u00e9gantes, tout en garantissant des performances stables apr\u00e8s une utilisation r\u00e9p\u00e9t\u00e9e.<\/li>\n<li><strong>Am\u00e9lioration de la protection<\/strong>: Le point magn\u00e9tique affleure la surface du corps de la bo\u00eete, et la conception non saillante r\u00e9duit le risque de collision pendant le transport, ce qui convient au transport maritime sur de longues distances et aux sc\u00e9narios d'utilisation \u00e0 haute fr\u00e9quence.<\/li>\n<\/ul>\n<h2 id=\"-2-customized-ribbon-accessories-to-enhance-the-visual-impact-of-the-brand-\"><strong>2. Accessoires de ruban personnalis\u00e9s pour renforcer l'impact visuel de la marque<\/strong><\/h2>\n<ul>\n<li><strong>S\u00e9lection de mat\u00e9riaux haut de gamme<\/strong>: La soie, le satin, le velours et d'autres mat\u00e9riaux de ruban sont disponibles, et le rouge vin classique, l'or champagne, le vert fonc\u00e9 et d'autres couleurs sont optionnels, formant un fort contraste visuel avec le corps de la bo\u00eete noire, mettant en \u00e9vidence la texture luxueuse.<\/li>\n<li><strong>Personnalisation du logo de la marque<\/strong>: Possibilit\u00e9 d'estampage \u00e0 chaud du logo de la marque, de texte en relief ou de broderie sur la surface du ruban, ce qui peut renforcer le sentiment de c\u00e9r\u00e9monie de d\u00e9ballage du cadeau et am\u00e9liorer la reconnaissance de la marque.<\/li>\n<\/ul>\n<h2 id=\"-3-foldable-flat-structure-reducing-logistics-costs-by-50-\"><strong>3. Structure plate pliable, r\u00e9duisant les co\u00fbts logistiques de 50%<\/strong><\/h2>\n<ul>\n<li><strong>Conception pliante brevet\u00e9e<\/strong>: Le corps de la bo\u00eete adopte la technologie de la ligne de pliage pr\u00e9-press\u00e9e, et la bo\u00eete vide peut \u00eatre pli\u00e9e \u00e0 1\/5 du volume d'origine, ce qui r\u00e9duit consid\u00e9rablement l'espace de stockage et de transport. Une fois aplatie, elle r\u00e9duit consid\u00e9rablement les frais d'exp\u00e9dition internationaux.<\/li>\n<li><strong>Assemblage rapide<\/strong>: Apr\u00e8s r\u00e9ception, l'utilisateur n'a qu'\u00e0 d\u00e9plier le corps de la bo\u00eete et \u00e0 ins\u00e9rer la doublure pour la former. Aucune colle ni aucun outil n'est n\u00e9cessaire et l'assemblage peut \u00eatre r\u00e9alis\u00e9 en 30 secondes.<\/li>\n<\/ul>\n<h2 id=\"-4-anti-scratch-matte-coating-anti-fingerprint-and-wear-resistant-dual-protection-\"><strong>4. Rev\u00eatement mat anti-rayures, double protection anti-traces de doigts et anti-usure<\/strong><\/h2>\n<ul>\n<li><strong>Proc\u00e9d\u00e9 de matage \u00e0 l'\u00e9chelle nanom\u00e9trique<\/strong>: La surface adopte une technologie de rev\u00eatement d'huile mate anti-rayures \u00e0 base d'eau, et une couche protectrice dense est form\u00e9e par durcissement aux UV. La duret\u00e9 Mohs est sup\u00e9rieure \u00e0 3H, ce qui permet de r\u00e9sister efficacement aux rayures de transport et d'\u00e9liminer les probl\u00e8mes de r\u00e9sidus d'empreintes digitales.<\/li>\n<li><strong>Optimisation tactile<\/strong>: La texture mate est combin\u00e9e au corps de la bo\u00eete noire pour pr\u00e9senter une texture mate discr\u00e8te et luxueuse, qui renforce l'aspect haut de gamme du produit.<\/li>\n<\/ul>\n<h2 id=\"-5-customization-of-blank-inner-panels-supporting-multiple-processes-\"><strong>5. Personnalisation des panneaux int\u00e9rieurs vierges, supportant des processus multiples<\/strong><\/h2>\n<ul>\n<li><strong>Gravure au laser<\/strong>: La machine de marquage par laser \u00e0 fibre est utilis\u00e9e pour graver des informations sur la marque, des b\u00e9n\u00e9dictions ou des motifs sur le panneau de rev\u00eatement int\u00e9rieur avec une pr\u00e9cision de 0,01 mm, ce qui convient \u00e0 une vari\u00e9t\u00e9 de mat\u00e9riaux de rev\u00eatement int\u00e9rieur tels que l'acier inoxydable, le bois et l'EVA.<\/li>\n<li><strong>Marquage \u00e0 chaud\/impression de codes QR<\/strong>: Il prend en charge le marquage partiel \u00e0 chaud, le gaufrage au laser et d'autres processus, ou imprime directement des codes QR dynamiques qui renvoient au site web officiel de la marque et au syst\u00e8me de tra\u00e7abilit\u00e9 afin d'am\u00e9liorer l'interaction avec le client.<\/li>\n<\/ul>\n<h2 id=\"-6-all-black-box-body-design-interpreting-the-ultimate-modern-aesthetics-\"><strong>6. Conception de la carrosserie enti\u00e8rement noire, interpr\u00e9tant l'esth\u00e9tique moderne ultime.<\/strong><\/h2>\n<ul>\n<li><strong>Application de la psychologie des couleurs<\/strong>: Le noir profond symbolise les classiques \u00e9ternels, associ\u00e9 \u00e0 une texture mate et \u00e0 des d\u00e9tails m\u00e9talliques magn\u00e9tiques, transmettant le ton de la marque \"luxe en toute discr\u00e9tion\", convenant aux cadeaux d'affaires haut de gamme et aux vins de collection.<\/li>\n<li><strong>Renforcement structurel<\/strong>: Adopte un mat\u00e9riau composite gris 1200g + cuir PU, avec une capacit\u00e9 de charge de 10kg, garantissant la s\u00e9curit\u00e9 du transport des bouteilles de vin.<\/li>\n<\/ul>\n<h2 id=\"-7-advantages-of-china-s-source-factory-free-design-high-cost-performance-\"><strong>7. Avantages de l'usine chinoise : conception gratuite + co\u00fbt \u00e9lev\u00e9.<\/strong><\/h2>\n<ul>\n<li><strong>\u00c9preuve \u00e0 co\u00fbt z\u00e9ro<\/strong>: L'usine fournit des \u00e9chantillons gratuits (limit\u00e9s \u00e0 3 types de bo\u00eetes de base), prend en charge les dessins personnalis\u00e9s ou le d\u00e9veloppement de solutions individuelles par des concepteurs exclusifs.<\/li>\n<li><strong>Syst\u00e8me de cotation par \u00e9chelle<\/strong>: Le prix de commande de 500 pi\u00e8ces est aussi bas que 37 \u00a5\/pi\u00e8ce, et des remises exclusives sont disponibles pour les commandes de plus de 5 000 pi\u00e8ces, ce qui est 60% inf\u00e9rieur aux produits similaires en Europe et aux \u00c9tats-Unis.<\/li>\n<li><strong>Assurance qualit\u00e9<\/strong>: Certifi\u00e9 ISO 9001 (syst\u00e8me de gestion de la qualit\u00e9) et SEDEX 4P, garantie de 18 mois et inspection par un tiers.<\/li>\n<\/ul>","protected":false},"excerpt":{"rendered":"<ul>\n<li>\ud83c\udfc6\u00a0<strong>Diff\u00e9renciation des marques<\/strong>: Les motifs en feuille d'or et la texture mate cr\u00e9ent un th\u00e9\u00e2tre d'unboxing pour un positionnement premium.<\/li>\n<li>\ud83c\udf31\u00a0<strong>Prestige durable<\/strong>: Les mat\u00e9riaux certifi\u00e9s FSC s'inscrivent dans les tendances du luxe respectueux de l'environnement.<\/li>\n<li>\ud83d\udee1\ufe0f\u00a0<strong>Pr\u00eat pour la logistique<\/strong>: 30% plus l\u00e9g\u00e8res que les bo\u00eetes en bois massif avec une r\u00e9sistance sup\u00e9rieure \u00e0 l'\u00e9crasement.<\/li>\n<li>\ud83d\udcbc\u00a0<strong>Efficacit\u00e9 des commandes en vrac<\/strong>: La production d'UGS mixtes minimise les co\u00fbts des stocks.<\/li>\n<\/ul>","protected":false},"featured_media":8826,"template":"","meta":[],"product_brand":[],"product_cat":[30,427,419,31],"product_tag":[990,989,991],"class_list":{"0":"post-8820","1":"product","2":"type-product","3":"status-publish","4":"has-post-thumbnail","6":"product_cat-by-industry","7":"product_cat-collapsible-gift-boxes","8":"product_cat-custom-wines-spirits-boxes","9":"product_cat-paper-box-style","10":"product_tag-custom-wine-packaging","11":"product_tag-wine-packaging-box","12":"product_tag-wine-packaging-wholesale","14":"first","15":"instock","16":"shipping-taxable","17":"product-type-simple"},"_links":{"self":[{"href":"https:\/\/zojopackaging.com\/fr\/wp-json\/wp\/v2\/product\/8820","targetHints":{"allow":["GET"]}}],"collection":[{"href":"https:\/\/zojopackaging.com\/fr\/wp-json\/wp\/v2\/product"}],"about":[{"href":"https:\/\/zojopackaging.com\/fr\/wp-json\/wp\/v2\/types\/product"}],"version-history":[{"count":2,"href":"https:\/\/zojopackaging.com\/fr\/wp-json\/wp\/v2\/product\/8820\/revisions"}],"predecessor-version":[{"id":8828,"href":"https:\/\/zojopackaging.com\/fr\/wp-json\/wp\/v2\/product\/8820\/revisions\/8828"}],"wp:featuredmedia":[{"embeddable":true,"href":"https:\/\/zojopackaging.com\/fr\/wp-json\/wp\/v2\/media\/8826"}],"wp:attachment":[{"href":"https:\/\/zojopackaging.com\/fr\/wp-json\/wp\/v2\/media?parent=8820"}],"wp:term":[{"taxonomy":"product_brand","embeddable":true,"href":"https:\/\/zojopackaging.com\/fr\/wp-json\/wp\/v2\/product_brand?post=8820"},{"taxonomy":"product_cat","embeddable":true,"href":"https:\/\/zojopackaging.com\/fr\/wp-json\/wp\/v2\/product_cat?post=8820"},{"taxonomy":"product_tag","embeddable":true,"href":"https:\/\/zojopackaging.com\/fr\/wp-json\/wp\/v2\/product_tag?post=8820"}],"curies":[{"name":"wp","href":"https:\/\/api.w.org\/{rel}","templated":true}]}}