{"id":8829,"date":"2025-03-31T15:43:47","date_gmt":"2025-03-31T07:43:47","guid":{"rendered":"https:\/\/zojopackaging.com\/?post_type=product&#038;p=8829"},"modified":"2025-03-31T16:19:50","modified_gmt":"2025-03-31T08:19:50","slug":"custom-printed-men-underwear-packaging-boxes-wholesale","status":"publish","type":"product","link":"https:\/\/zojopackaging.com\/fr\/product\/custom-printed-men-underwear-packaging-boxes-wholesale\/","title":{"rendered":"Bo\u00eetes d'emballage imprim\u00e9es personnalis\u00e9es pour sous-v\u00eatements masculins Wholesale"},"content":{"rendered":"<h2 id=\"-product-overview-\"><strong>Aper\u00e7u du produit<\/strong><\/h2>\n<p>Ce produit est un emballage \u00e9cologique haut de gamme con\u00e7u pour les marques de sous-v\u00eatements masculins. Il allie praticit\u00e9 et fonctions d'affichage de la marque, et convient aux coffrets cadeaux, aux coffrets de f\u00eates ou aux sc\u00e9narios de vente au d\u00e9tail quotidiens. Il utilise des mat\u00e9riaux respectueux de l'environnement et un savoir-faire de qualit\u00e9, prend en charge les services personnalis\u00e9s de l'ensemble du processus et r\u00e9pond aux besoins de diff\u00e9renciation des marques.<\/p>\n<h3 id=\"-core-selling-points-\"><strong>Principaux arguments de vente<\/strong><\/h3>\n<ol>\n<li><strong>Mat\u00e9riaux respectueux de l'environnement et impression de haute qualit\u00e9<\/strong><\/li>\n<li><strong>Carton blanc \u00e9pais 350 g\/m\u00b2\/carton recycl\u00e9<\/strong>Le produit : assure la stabilit\u00e9 de l'empilement et la r\u00e9sistance \u00e0 la pression, r\u00e9pond aux normes environnementales, et est recyclable et d\u00e9gradable.<\/li>\n<li><strong>Technologie d'impression de haute pr\u00e9cision<\/strong>L'impression : prend en charge l'impression en quadrichromie, le marquage \u00e0 chaud en tons directs, le pelliculage UV et d'autres proc\u00e9d\u00e9s, pr\u00e9sente des logos de marque, des instructions d'entretien ou des codes QR, la reproduction des couleurs atteint \u0394E\u22641,5, et ne se d\u00e9colore pas apr\u00e8s 30 lavages.<\/li>\n<li><strong>Des options de conception flexibles<\/strong><\/li>\n<li><strong>Variante de fen\u00eatre transparente<\/strong>: Le dessus ou le c\u00f4t\u00e9 de la bo\u00eete cadeau peut \u00eatre personnalis\u00e9 avec une fen\u00eatre semi-circulaire\/rectangulaire en film PET transparent pour afficher intuitivement la couleur et le style du produit (par exemple, le mod\u00e8le de l'ann\u00e9e du zodiaque rouge, la s\u00e9rie modale de la soie de glace).<\/li>\n<li><strong>Int\u00e9gration des \u00e9l\u00e9ments de la marque<\/strong>La bo\u00eete-cadeau peut \u00eatre \u00e9quip\u00e9e de plusieurs options : ajout d'un logo en relief, marquage \u00e0 chaud, cartes de pr\u00e9sentation de la marque, etc. pour renforcer l'aspect haut de gamme de la bo\u00eete-cadeau.<\/li>\n<li><strong>Structure pr\u00e9cise et fonctions pratiques<\/strong><\/li>\n<li><strong>Cloison interne amovible<\/strong>Les sous-v\u00eatements : 3 \u00e0 5 pi\u00e8ces s\u00e9par\u00e9es (telles que les cale\u00e7ons, les cale\u00e7ons antibact\u00e9riens, les cale\u00e7ons de sport) pour \u00e9viter les d\u00e9placements pendant le transport et s'adapter aux diff\u00e9rentes combinaisons de produits.<\/li>\n<li><strong>Processus de pliage sans couture<\/strong>: d\u00e9coupe laser de pr\u00e9cision, pas de collage, assemblage rapide en 10 secondes, ar\u00eates arrondies sans bavures.<\/li>\n<\/ol>\n<h3 id=\"-customized-service-and-production-advantages-\"><strong>Avantages d'un service et d'une production personnalis\u00e9s<\/strong><\/h3>\n<ol>\n<li><strong>Quantit\u00e9 minimale de commande et cycle de livraison<\/strong><\/li>\n<li><strong>Quantit\u00e9 minimale de commande 500 pi\u00e8ces<\/strong>Les commandes d'essai par petits lots sont flexibles et permettent de tester les marques sur le march\u00e9.<\/li>\n<li><strong>Remise en vrac<\/strong>Les commandes de plus de 10 000 pi\u00e8ces b\u00e9n\u00e9ficient de prix \u00e9chelonn\u00e9s (prix unitaire \u00e0 partir de 0,25 \u00a5\/pi\u00e8ce) et le cycle de production est ramen\u00e9 \u00e0 7 jours.<\/li>\n<li><strong>Service gratuit \u00e0 valeur ajout\u00e9e<\/strong><\/li>\n<li><strong>\u00c9bauche et \u00e9chantillon de la conception en 3D<\/strong>: L'usine modifie le fichier source AI\/CDR et envoie des \u00e9chantillons physiques gratuitement (1-3 jours ouvrables).<\/li>\n<li><strong>Une solution unique<\/strong>: Couvre l'ensemble du processus de conception de l'emballage, de s\u00e9lection des mat\u00e9riaux et d'emballage logistique (emballage ind\u00e9pendant des bo\u00eetes en carton ondul\u00e9).<\/li>\n<\/ol>\n<h3 id=\"-application-scenarios-and-case-references-\"><strong>Sc\u00e9narios d'application et r\u00e9f\u00e9rences de cas<\/strong><\/h3>\n<ul>\n<li><strong>Bo\u00eete cadeau pour le festival<\/strong>: Par exemple, le coffret rouge pour l'ann\u00e9e du dragon est assorti d'une fen\u00eatre transparente, de trois sous-v\u00eatements antibact\u00e9riens int\u00e9gr\u00e9s et de comprim\u00e9s d'aromath\u00e9rapie de marque.<\/li>\n<\/ul>\n<h3 id=\"-cooperation-process-\"><strong>Processus de coop\u00e9ration<\/strong><\/h3>\n<ol>\n<li><strong>Confirmation de la demande<\/strong>: Fournir un projet\/\u00e9chantillon de conception, s\u00e9lectionner les mat\u00e9riaux et les processus.<\/li>\n<li><strong>R\u00e9vision des \u00e9preuves<\/strong>: Production d'\u00e9chantillons complets dans un d\u00e9lai de 3 jours ouvrables.<\/li>\n<li><strong>Production de masse<\/strong>: Livraison dans les 7 \u00e0 15 jours suivant la confirmation, gr\u00e2ce \u00e0 la logistique mondiale (DHL\/FedEx).<\/li>\n<\/ol>\n<hr \/>\n<h3 id=\"-factory-qualification-\"><strong>Qualification de l'usine<\/strong><\/h3>\n<ul>\n<li><strong>Chine Source Factory<\/strong>: Certifi\u00e9 ISO 9001, \u00e9quip\u00e9 d'une machine d'impression offset huit couleurs Heidelberg et d'un \u00e9quipement de d\u00e9coupe enti\u00e8rement automatique, avec une capacit\u00e9 de production annuelle de plus de 10 millions de pi\u00e8ces.<\/li>\n<li><strong>D\u00e9veloppement durable<\/strong>: Proposer des options d'impression sur papier recycl\u00e9 et encre de soja, conform\u00e9ment au positionnement de la marque en mati\u00e8re de protection de l'environnement.<\/li>\n<\/ul>\n<p><strong>Consulter maintenant<\/strong>: Obtenez des devis exclusifs et des solutions de conception, r\u00e9pondez dans les 24 heures !<\/p>","protected":false},"excerpt":{"rendered":"<p>\u2705\u00a0<strong>Conscience \u00e9cologique<\/strong>\u00a0- 100% les mat\u00e9riaux recyclables r\u00e9duisent l'impact sur l'environnement<br \/>\n\u2705\u00a0<strong>Marque Amplifier<\/strong>\u00a0- L'impression haute d\u00e9finition am\u00e9liore la valeur per\u00e7ue du produit<br \/>\n\u2705\u00a0<strong>Rapport co\u00fbt-efficacit\u00e9<\/strong>\u00a0- Prix de gros \u00e0 partir de $0.30\/unit\u00e9<br \/>\n\u2705\u00a0<strong>Conformit\u00e9 mondiale<\/strong>\u00a0- Tests de s\u00e9curit\u00e9 REACH de l'UE et CPSIA des \u00c9tats-Unis r\u00e9ussis<\/p>","protected":false},"featured_media":8830,"template":"","meta":[],"product_brand":[],"product_cat":[30,414,430,31],"product_tag":[996,995,491],"class_list":{"0":"post-8829","1":"product","2":"type-product","3":"status-publish","4":"has-post-thumbnail","6":"product_cat-by-industry","7":"product_cat-custom-apparel-boxes","8":"product_cat-folding-cartons","9":"product_cat-paper-box-style","10":"product_tag-custom-underwear-packaging-boxes","11":"product_tag-men-underwear-packaging","12":"product_tag-underwear-packaging-wholesale","14":"first","15":"instock","16":"shipping-taxable","17":"product-type-simple"},"_links":{"self":[{"href":"https:\/\/zojopackaging.com\/fr\/wp-json\/wp\/v2\/product\/8829","targetHints":{"allow":["GET"]}}],"collection":[{"href":"https:\/\/zojopackaging.com\/fr\/wp-json\/wp\/v2\/product"}],"about":[{"href":"https:\/\/zojopackaging.com\/fr\/wp-json\/wp\/v2\/types\/product"}],"version-history":[{"count":2,"href":"https:\/\/zojopackaging.com\/fr\/wp-json\/wp\/v2\/product\/8829\/revisions"}],"predecessor-version":[{"id":8849,"href":"https:\/\/zojopackaging.com\/fr\/wp-json\/wp\/v2\/product\/8829\/revisions\/8849"}],"wp:featuredmedia":[{"embeddable":true,"href":"https:\/\/zojopackaging.com\/fr\/wp-json\/wp\/v2\/media\/8830"}],"wp:attachment":[{"href":"https:\/\/zojopackaging.com\/fr\/wp-json\/wp\/v2\/media?parent=8829"}],"wp:term":[{"taxonomy":"product_brand","embeddable":true,"href":"https:\/\/zojopackaging.com\/fr\/wp-json\/wp\/v2\/product_brand?post=8829"},{"taxonomy":"product_cat","embeddable":true,"href":"https:\/\/zojopackaging.com\/fr\/wp-json\/wp\/v2\/product_cat?post=8829"},{"taxonomy":"product_tag","embeddable":true,"href":"https:\/\/zojopackaging.com\/fr\/wp-json\/wp\/v2\/product_tag?post=8829"}],"curies":[{"name":"wp","href":"https:\/\/api.w.org\/{rel}","templated":true}]}}