{"id":8841,"date":"2025-03-31T16:15:36","date_gmt":"2025-03-31T08:15:36","guid":{"rendered":"https:\/\/zojopackaging.com\/?post_type=product&#038;p=8841"},"modified":"2025-03-31T16:45:59","modified_gmt":"2025-03-31T08:45:59","slug":"eco-friendly-custom-logo-printed-parfum-folding-carton-box","status":"publish","type":"product","link":"https:\/\/zojopackaging.com\/fr\/product\/eco-friendly-custom-logo-printed-parfum-folding-carton-box\/","title":{"rendered":"Bo\u00eete en carton pliante \u00e9cologique pour parfums, imprim\u00e9e avec un logo personnalis\u00e9"},"content":{"rendered":"<div class=\"widget block block-static-block\">\n<div class=\"landing-page-section option-bottom\">\n<div class=\"custom-materials-tabs-content container container-adjustment\">\n<div class=\"custom-materials-tab-content active\">\n<div class=\"widget block block-static-block\">\n<div class=\"options-items\">\n<div class=\"flex-grid-row-option\">\n<div class=\"flex-grid-item-option\">\n<div class=\"material-box\">\n<p>Sur le march\u00e9 de la consommation de parfums, l'emballage n'est pas seulement la \"carte de visite externe\" du produit, mais aussi le support essentiel des valeurs de la marque et de l'exp\u00e9rience de l'utilisateur. La bo\u00eete pliante pour parfum imprim\u00e9e avec logo personnalis\u00e9 et respectueuse de l'environnement offre aux marques des solutions qui allient esth\u00e9tique et protection de l'environnement gr\u00e2ce \u00e0 l'innovation des mat\u00e9riaux, \u00e0 l'am\u00e9lioration des processus et \u00e0 la conception fonctionnelle. Les pages qui suivent analysent les principaux avantages de la bo\u00eete pliante sous diff\u00e9rents angles :<\/p>\n<h4 id=\"-1-white-card-material-smooth-base-suitable-for-multiple-printing-needs-\"><strong>1. Mat\u00e9riau de la carte blanche : base lisse, adapt\u00e9e \u00e0 de multiples besoins d'impression.<\/strong><\/h4>\n<p>Utilisant du papier cartonn\u00e9 blanc ou \u00e0 poudre unique de 350 g (tel que le papier cartonn\u00e9 Invercote de premi\u00e8re qualit\u00e9), la surface est d\u00e9licate et lisse, avec une forte absorption de l'encre, et peut supporter des processus complexes tels que l'estampage \u00e0 chaud et l'impression en quadrichromie. L'\u00e9paisseur du papier est facultative (de 125 \u00e0 350 grammes), ce qui permet non seulement de garantir la rigidit\u00e9 et la r\u00e9sistance \u00e0 la pression du corps de la bo\u00eete, mais aussi de r\u00e9duire le volume de transport et les co\u00fbts logistiques gr\u00e2ce \u00e0 la conception du pliage. Par exemple, la bo\u00eete de vin Remy Martin XO utilise du carton Invercote G et produit un effet de gaufrage exquis gr\u00e2ce \u00e0 l'impression concave et \u00e0 la technologie d'estampage \u00e0 chaud. Cette technologie convient \u00e9galement \u00e0 la pr\u00e9sentation de la texture d\u00e9licate des bo\u00eetes de parfum.<\/p>\n<h4 id=\"-2-feminine-and-elegant-tone-gentle-colors-and-big-brand-texture-\"><strong>2. Un ton f\u00e9minin et \u00e9l\u00e9gant : des couleurs douces et une texture de grande marque<\/strong><\/h4>\n<p>Le design neutre est assorti aux couleurs Morandi (telles que le bleu brumeux et le violet taro), et la texture du m\u00e9tal est rehauss\u00e9e par la technologie de marquage \u00e0 chaud de l'argent, qui contraste avec les tons doux de l'impression en quadrichromie, cr\u00e9ant ainsi une exp\u00e9rience visuelle immersive de \"parfum brumeux\". Par exemple, la bo\u00eete du parfum Polo Earth de Ralph Lauren utilise du carton certifi\u00e9 FSC et des bouteilles en verre recyclable pour transmettre le concept de protection de l'environnement gr\u00e2ce \u00e0 un design simple, tandis que la bo\u00eete pliante du parfum CK EVERYONE atteint un \u00e9quilibre entre la protection de l'environnement et la texture en utilisant des mat\u00e9riaux recycl\u00e9s 30%.<\/p>\n<h4 id=\"-3-hot-stamping-silver-four-color-printing-upgraded-technology-outstanding-details-\"><strong>3. Marquage \u00e0 chaud de l'argent + impression en quadrichromie : technologie de pointe, d\u00e9tails remarquables<\/strong><\/h4>\n<p>La technologie argent\u00e9e de marquage \u00e0 chaud transf\u00e8re une feuille de m\u00e9tal par pressage \u00e0 chaud pour former un motif tridimensionnel tr\u00e8s brillant sur la surface de la bo\u00eete en papier, qui a \u00e0 la fois une fonction anti-contrefa\u00e7on et luxueuse ; l'impression en quadrichromie restitue avec pr\u00e9cision le logo de la marque et les d\u00e9tails de l'illustration, et la transition des couleurs est naturelle et douce. Par exemple, les bo\u00eetes de champagne Cattier utilisent le carton Invercote G avec un proc\u00e9d\u00e9 de marquage \u00e0 chaud en relief pour obtenir une expression visuelle \u00e9l\u00e9gante et moderne. Ce proc\u00e9d\u00e9 convient \u00e9galement \u00e0 la personnalisation du logo des bo\u00eetes de parfum, comme le flacon en aluminium recyclable et la bo\u00eete en papier respectueuse de l'environnement des recharges Dior Dior.<\/p>\n<h4 id=\"-4-fsc-certification-a-global-passport-for-sustainable-materials-\"><strong>4. La certification FSC : un passeport mondial pour les mat\u00e9riaux durables<\/strong><\/h4>\n<p>L'usine utilise des cartons certifi\u00e9s FSC (comme le MetsBoard Natural FBB), les mati\u00e8res premi\u00e8res proviennent de for\u00eats g\u00e9r\u00e9es durablement et le processus de production est conforme aux r\u00e9glementations environnementales telles que EU REACH et US CA Prop 65. Par exemple, les bo\u00eetes en papier, les \u00e9tiquettes et les couvercles en bois des parfums Ralph Lauren sont tous certifi\u00e9s FSC, et la production de carton Invercote Grade 1 aide la marque \u00e0 atteindre son objectif de neutralit\u00e9 carbone en r\u00e9duisant les \u00e9missions de carbone et la consommation d'eau.<\/p>\n<h4 id=\"-5-touch-film-technology-a-sensory-upgrade-for-high-end-experience-\"><strong>5. La technologie des films tactiles : une am\u00e9lioration sensorielle pour une exp\u00e9rience haut de gamme<\/strong><\/h4>\n<p>Le proc\u00e9d\u00e9 du film tactile forme un daim d\u00e9licat sur la surface de la bo\u00eete en papier, qui est aussi doux que le velours et poss\u00e8de des propri\u00e9t\u00e9s anti-traces de doigts et anti-rayures. Ce proc\u00e9d\u00e9 est surtout utilis\u00e9 pour l'emballage des produits de luxe. Par exemple, les bo\u00eetes de champagne Taittinger utilisent un film \u00e0 lentille de Fresnel pour cr\u00e9er une illusion de bulle en 3D, tandis que les bo\u00eetes de parfum utilisent des films tactiles pour renforcer le ton de la marque, ce qui r\u00e9pond aux besoins des utilisateurs haut de gamme en mati\u00e8re de sens du rituel.<\/p>\n<h4 id=\"-6-customized-paper-tray-structure-the-last-line-of-defense-for-transportation-safety-\"><strong>6. Structure personnalis\u00e9e du bac \u00e0 papier : la derni\u00e8re ligne de d\u00e9fense pour la s\u00e9curit\u00e9 des transports<\/strong><\/h4>\n<p>Le bac \u00e0 papier int\u00e9gr\u00e9 peut \u00eatre fabriqu\u00e9 \u00e0 partir de mat\u00e9riaux respectueux de l'environnement tels que la pulpe de canne \u00e0 sucre et la pulpe de bambou. Gr\u00e2ce \u00e0 l'ouverture pr\u00e9cise du moule, il peut s'adapter \u00e0 diff\u00e9rentes formes de bouteilles (comme les cols minces ou les bouteilles carr\u00e9es), ce qui permet non seulement de fixer le corps de la bouteille mais aussi d'\u00e9viter les d\u00e9formations dues \u00e0 l'extrusion. Par exemple, la bo\u00eete de parfum imprim\u00e9e par Guangzhou Ruideli est dot\u00e9e d'un plateau int\u00e9rieur en coton perl\u00e9 et d'une structure en tissu de soie, tandis que la bo\u00eete de vin Ferrari Maximum assure la s\u00e9curit\u00e9 du transport gr\u00e2ce \u00e0 un carton tr\u00e8s r\u00e9sistant et \u00e0 une conception de tampon.<\/p>\n<\/div>\n<\/div>\n<\/div>\n<\/div>\n<\/div>\n<\/div>\n<\/div>\n<\/div>\n<\/div>\n<div class=\"widget block block-static-block\">\n<div class=\"landing-page-section option-bottom\">\n<div class=\"custom-materials-tabs-content container container-adjustment\">\n<div class=\"custom-materials-tab-content active\">\n<div class=\"widget block block-static-block\">\n<p><!---end of option item--><\/p>\n<\/div>\n<\/div>\n<\/div>\n<\/div>\n<\/div>","protected":false},"excerpt":{"rendered":"<p>La bo\u00eete en papier pliante pour parfum, imprim\u00e9e avec un logo personnalis\u00e9 et respectueuse de l'environnement, int\u00e8gre profond\u00e9ment le ton de la marque, l'exp\u00e9rience de l'utilisateur et les concepts durables gr\u00e2ce \u00e0 un mat\u00e9riau en carton blanc, un processus quadrichromique en argent chaud, une certification FSC et une technologie de film tactile. \u00c0 l'avenir, avec le d\u00e9veloppement des outils de conception IA et de la technologie d'impression num\u00e9rique, l'efficacit\u00e9 de la production personnalis\u00e9e sera encore am\u00e9lior\u00e9e, et l'innovation des mat\u00e9riaux recycl\u00e9s et des structures intelligentes continuera \u00e0 faire \u00e9voluer l'industrie de l'emballage des parfums dans une direction verte et haut de gamme.<\/p>","protected":false},"featured_media":8847,"template":"","meta":[],"product_brand":[],"product_cat":[30,417,430,31],"product_tag":[1000,999,1001],"class_list":{"0":"post-8841","1":"product","2":"type-product","3":"status-publish","4":"has-post-thumbnail","6":"product_cat-by-industry","7":"product_cat-custom-perfume-boxes-by-industry","8":"product_cat-folding-cartons","9":"product_cat-paper-box-style","10":"product_tag-custom-logo-printed-box","11":"product_tag-eco-friendly-box","12":"product_tag-parfum-folding-carton-box","14":"first","15":"instock","16":"shipping-taxable","17":"product-type-grouped"},"_links":{"self":[{"href":"https:\/\/zojopackaging.com\/fr\/wp-json\/wp\/v2\/product\/8841","targetHints":{"allow":["GET"]}}],"collection":[{"href":"https:\/\/zojopackaging.com\/fr\/wp-json\/wp\/v2\/product"}],"about":[{"href":"https:\/\/zojopackaging.com\/fr\/wp-json\/wp\/v2\/types\/product"}],"version-history":[{"count":1,"href":"https:\/\/zojopackaging.com\/fr\/wp-json\/wp\/v2\/product\/8841\/revisions"}],"predecessor-version":[{"id":8866,"href":"https:\/\/zojopackaging.com\/fr\/wp-json\/wp\/v2\/product\/8841\/revisions\/8866"}],"wp:featuredmedia":[{"embeddable":true,"href":"https:\/\/zojopackaging.com\/fr\/wp-json\/wp\/v2\/media\/8847"}],"wp:attachment":[{"href":"https:\/\/zojopackaging.com\/fr\/wp-json\/wp\/v2\/media?parent=8841"}],"wp:term":[{"taxonomy":"product_brand","embeddable":true,"href":"https:\/\/zojopackaging.com\/fr\/wp-json\/wp\/v2\/product_brand?post=8841"},{"taxonomy":"product_cat","embeddable":true,"href":"https:\/\/zojopackaging.com\/fr\/wp-json\/wp\/v2\/product_cat?post=8841"},{"taxonomy":"product_tag","embeddable":true,"href":"https:\/\/zojopackaging.com\/fr\/wp-json\/wp\/v2\/product_tag?post=8841"}],"curies":[{"name":"wp","href":"https:\/\/api.w.org\/{rel}","templated":true}]}}