{"id":8850,"date":"2025-03-31T16:20:39","date_gmt":"2025-03-31T08:20:39","guid":{"rendered":"https:\/\/zojopackaging.com\/?post_type=product&#038;p=8850"},"modified":"2025-03-31T16:44:26","modified_gmt":"2025-03-31T08:44:26","slug":"luxury-gourmet-chocolate-ensemble-gift-boxes-wholesale","status":"publish","type":"product","link":"https:\/\/zojopackaging.com\/fr\/product\/luxury-gourmet-chocolate-ensemble-gift-boxes-wholesale\/","title":{"rendered":"Coffrets cadeaux de luxe pour ensembles de chocolats Gourmet Wholesale"},"content":{"rendered":"<h2 id=\"-product-overview-\"><strong>Coffrets cadeaux de luxe pour ensembles de chocolats Gourmet Wholesale<\/p>\n<p>Aper\u00e7u du produit<\/strong><\/h2>\n<p>Les coffrets cadeaux en chocolat naturel haut de gamme sont sp\u00e9cialement con\u00e7us pour les sc\u00e9narios personnalis\u00e9s des entreprises, int\u00e9grant les concepts de protection de l'environnement et l'artisanat, avec une esth\u00e9tique or noir mat, un emballage magn\u00e9tique intelligent et une structure hygi\u00e9nique d\u00e9gradable comme principaux arguments de vente. Ils conviennent aux cadeaux d'affaires, aux c\u00e9l\u00e9brations d'anniversaires et aux sc\u00e8nes communes de marque, fournissant une solution de cadeau d'entreprise unique.<\/p>\n<h3 id=\"-core-parameters-and-functions-\"><strong>Param\u00e8tres et fonctions de base<\/strong><\/h3>\n<h4 id=\"-1-customized-brand-service-\"><strong>1. Service de marque personnalis\u00e9<\/strong><\/h4>\n<ul>\n<li><strong>Implantation du logo de l'entreprise<\/strong>: Prend en charge le logo personnalis\u00e9 de la marque, la date de l'\u00e9v\u00e9nement ou les salutations sur la couverture de la bo\u00eete cadeau, la carte de doublure et la couverture magn\u00e9tique, en utilisant la technologie de marquage \u00e0 chaud \/ gaufrage UV, la pr\u00e9cision des couleurs \u0394E\u22641,5.<\/li>\n<li><strong>Conception et \u00e9preuvage gratuits<\/strong>: China's source factory fournit un service de modification des projets de conception en 3D et envoie des \u00e9chantillons physiques dans les 72 heures (y compris la v\u00e9rification de la structure magn\u00e9tique) pour s'assurer que la conception correspond au syst\u00e8me VI de l'entreprise 100%.<\/li>\n<\/ul>\n<h4 id=\"-2-environmentally-friendly-structure-and-hygienic-design-\"><strong>2. Structure respectueuse de l'environnement et conception hygi\u00e9nique<\/strong><\/h4>\n<ul>\n<li><strong>Plateau hygi\u00e9nique d\u00e9gradable<\/strong>: Les 24 fentes \u00e0 chocolat ind\u00e9pendantes sont moul\u00e9es avec des cloisons en fibre de bagasse, qui r\u00e9sistent \u00e0 une temp\u00e9rature allant jusqu'\u00e0 60\u00b0C, \u00e0 l'humidit\u00e9 et \u00e0 la pression (charge de 5 kg), afin d'\u00e9viter les collisions ou la fonte pendant le transport.<\/li>\n<li><strong>Mat\u00e9riau composite double couche<\/strong>: La bo\u00eete ext\u00e9rieure est compos\u00e9e de 157 g de papier d'art couch\u00e9 C2S (toucher mat) + 1200 g de carton certifi\u00e9 FSC, et la doublure est un papier de coton de qualit\u00e9 alimentaire imprim\u00e9 avec de l'encre de soja, qui r\u00e9pond \u00e0 la norme europ\u00e9enne EN13432 en mati\u00e8re de compostage.<\/li>\n<\/ul>\n<h4 id=\"-3-magnetic-smart-packaging-\"><strong>3. Emballage magn\u00e9tique intelligent<\/strong><\/h4>\n<ul>\n<li><strong>Syst\u00e8me magn\u00e9tique int\u00e9gr\u00e9<\/strong>: Le couvercle est dot\u00e9 d'un aimant n\u00e9odyme fer-bore int\u00e9gr\u00e9 (force d'adsorption \u2265 3N), qui s'ouvre et se ferme avec pr\u00e9cision, ce qui permet d'\u00e9viter le probl\u00e8me d'usure de la structure \u00e0 boucle traditionnelle et d'am\u00e9liorer l'efficacit\u00e9 de fonctionnement de 40%.<\/li>\n<li><strong>Une exp\u00e9rience de d\u00e9ballage minimaliste<\/strong>: L'angle de d\u00e9clenchement magn\u00e9tique est de 15\u00b0, et il peut \u00eatre ouvert en douceur d'une seule main, ce qui convient aux besoins rituels des sc\u00e8nes d'affaires haut de gamme.<\/li>\n<\/ul>\n<h3 id=\"-production-and-delivery-advantages-\"><strong>Avantages en mati\u00e8re de production et de livraison<\/strong><\/h3>\n<table>\n<thead>\n<tr>\n<th><strong>Projet<\/strong><\/th>\n<th><strong>D\u00e9tails<\/strong><\/th>\n<\/tr>\n<\/thead>\n<tbody>\n<tr>\n<td><strong>Quantit\u00e9 minimale de commande<\/strong><\/td>\n<td>Commande minimale de 500 sets, possibilit\u00e9 de m\u00e9langer les styles et les emballages (par exemple 12 chocolats noirs + 12 chocolats au lait).<\/td>\n<\/tr>\n<tr>\n<td><strong>Cycle de production<\/strong><\/td>\n<td>10-15 jours (y compris la confirmation de la conception, l'\u00e9preuve et la production en s\u00e9rie), les commandes urgentes peuvent \u00eatre comprim\u00e9es \u00e0 7 jours (moyennant des frais de +15%).<\/td>\n<\/tr>\n<tr>\n<td><strong>Remise en vrac<\/strong><\/td>\n<td>\u00c0 partir de 10 000 jeux, les prix sont \u00e9chelonn\u00e9s et le prix unitaire ne d\u00e9passe pas 18,9 \u00a5 par jeu (y compris les composants magn\u00e9tiques d'aspiration et l'impression personnalis\u00e9e).<\/td>\n<\/tr>\n<tr>\n<td><strong>Garantie logistique<\/strong><\/td>\n<td>Le tampon EPE + l'emballage ind\u00e9pendant en carton ondul\u00e9 sont utilis\u00e9s \u00e0 la sortie de l'usine, en supportant le courrier direct mondial de DHL\/FedEx, et le taux de dommages est \u22640,3%.<\/td>\n<\/tr>\n<\/tbody>\n<\/table>\n<h3 id=\"-scenario-based-application-cases-\"><strong>Cas d'application bas\u00e9s sur des sc\u00e9narios<\/strong><\/h3>\n<ul>\n<li><strong>Anniversaire de l'entreprise<\/strong>: Bo\u00eete noire mate avec l'ann\u00e9e de cr\u00e9ation de l'entreprise et son slogan, avec une carte de remerciement sign\u00e9e par le PDG, et 24 chocolats noirs de source unique (tels que le cacao p\u00e9ruvien 70%).<\/li>\n<li><strong>Avantages pour les clients VIP<\/strong>: La bo\u00eete-cadeau magn\u00e9tique est dot\u00e9e d'une puce NFC int\u00e9gr\u00e9e, qui d\u00e9clenche l'animation AR de la marque en scannant le code, et diffuse simultan\u00e9ment une vid\u00e9o de b\u00e9n\u00e9diction personnalis\u00e9e pour am\u00e9liorer l'exp\u00e9rience d'interaction avec le client.<\/li>\n<li><strong>Cadeaux pour les salons de l'industrie<\/strong>: La surface de la bo\u00eete est imprim\u00e9e avec des motifs sur le th\u00e8me de l'exposition, et la cloison comporte des codes QR de produits de marque. Scannez le code pour acc\u00e9der au manuel \u00e9lectronique du produit.<\/li>\n<\/ul>\n<h3 id=\"-sustainable-development-commitment-\"><strong>Engagement en faveur du d\u00e9veloppement durable<\/strong><\/h3>\n<ul>\n<li><strong>Tra\u00e7abilit\u00e9 de l'empreinte carbone<\/strong>: Les mat\u00e9riaux d'emballage sont produits \u00e0 l'aide d'\u00e9lectricit\u00e9 verte tout au long du processus, et chaque lot est accompagn\u00e9 d'un certificat de neutralit\u00e9 carbone (pour compenser les \u00e9missions de carbone li\u00e9es au transport).<\/li>\n<li><strong>Plan de recyclage<\/strong>: Les clients peuvent retourner les bo\u00eetes vides \u00e0 l'usine pour les \u00e9changer contre des coupons de r\u00e9duction sur les nouveaux produits, et les vieilles bo\u00eetes sont broy\u00e9es et utilis\u00e9es pour fabriquer des produits en papier recycl\u00e9.<\/li>\n<\/ul>\n<h3 id=\"-cooperation-process-\"><strong>Processus de coop\u00e9ration<\/strong><\/h3>\n<ol>\n<li><strong>Confirmation des besoins<\/strong>: Soumettre les informations sur le VI de l'entreprise et les exigences de personnalisation (logo, r\u00e9daction, quantit\u00e9).<\/li>\n<li><strong>V\u00e9rification de la conception<\/strong>: Fournir des rendus en 3D et des \u00e9chantillons physiques dans un d\u00e9lai de 3 jours ouvrables.<\/li>\n<li><strong>Production de masse<\/strong>: Livraison dans un d\u00e9lai de 10 \u00e0 15 jours apr\u00e8s confirmation, soutien \u00e0 l'inspection de la qualit\u00e9 par une tierce partie.<\/li>\n<\/ol>\n<h3 id=\"-factory-qualifications-\"><strong>Qualifications de l'usine<\/strong><\/h3>\n<ul>\n<li><strong>Entreprise d'origine chinoise<\/strong>: Double certification ISO 9001 FSC, \u00e9quip\u00e9 d'une machine d'impression offset 7 couleurs Heidelberg et d'une ligne de production de d\u00e9coupe enti\u00e8rement automatique,<\/li>\n<li><strong>Avantage en termes de co\u00fbts<\/strong>: Propre atelier de moulage de la p\u00e2te \u00e0 papier, r\u00e9duisant la diff\u00e9rence de prix des interm\u00e9diaires, le prix de la m\u00eame qualit\u00e9 est 30% inf\u00e9rieur \u00e0 celui du march\u00e9.<\/li>\n<\/ul>","protected":false},"excerpt":{"rendered":"<p>\u2705\u00a0<strong>Marque de luxe<\/strong>: Logos personnalis\u00e9s et emballages \u00e9l\u00e9gants pour les cadeaux d'entreprise.<br \/>\n\u2705\u00a0<strong>Une s\u00e9curit\u00e9 rigoureuse<\/strong>: La production certifi\u00e9e ISO FSC garantit une qualit\u00e9 sup\u00e9rieure.<br \/>\n\u2705\u00a0<strong>Un service cl\u00e9 en main rapide<\/strong>: \u00c9chantillons gratuits, remises sur les produits en vrac et livraison sous 15 jours.<\/p>","protected":false},"featured_media":8853,"template":"","meta":[],"product_brand":[],"product_cat":[30,414,430,31],"product_tag":[997,728,998],"class_list":{"0":"post-8850","1":"product","2":"type-product","3":"status-publish","4":"has-post-thumbnail","6":"product_cat-by-industry","7":"product_cat-custom-apparel-boxes","8":"product_cat-folding-cartons","9":"product_cat-paper-box-style","10":"product_tag-chocolate-boxes-wholesale","11":"product_tag-chocolate-gift-boxes","12":"product_tag-luxury-gourmet-boxes","14":"first","15":"instock","16":"shipping-taxable","17":"product-type-simple"},"_links":{"self":[{"href":"https:\/\/zojopackaging.com\/fr\/wp-json\/wp\/v2\/product\/8850","targetHints":{"allow":["GET"]}}],"collection":[{"href":"https:\/\/zojopackaging.com\/fr\/wp-json\/wp\/v2\/product"}],"about":[{"href":"https:\/\/zojopackaging.com\/fr\/wp-json\/wp\/v2\/types\/product"}],"version-history":[{"count":2,"href":"https:\/\/zojopackaging.com\/fr\/wp-json\/wp\/v2\/product\/8850\/revisions"}],"predecessor-version":[{"id":8858,"href":"https:\/\/zojopackaging.com\/fr\/wp-json\/wp\/v2\/product\/8850\/revisions\/8858"}],"wp:featuredmedia":[{"embeddable":true,"href":"https:\/\/zojopackaging.com\/fr\/wp-json\/wp\/v2\/media\/8853"}],"wp:attachment":[{"href":"https:\/\/zojopackaging.com\/fr\/wp-json\/wp\/v2\/media?parent=8850"}],"wp:term":[{"taxonomy":"product_brand","embeddable":true,"href":"https:\/\/zojopackaging.com\/fr\/wp-json\/wp\/v2\/product_brand?post=8850"},{"taxonomy":"product_cat","embeddable":true,"href":"https:\/\/zojopackaging.com\/fr\/wp-json\/wp\/v2\/product_cat?post=8850"},{"taxonomy":"product_tag","embeddable":true,"href":"https:\/\/zojopackaging.com\/fr\/wp-json\/wp\/v2\/product_tag?post=8850"}],"curies":[{"name":"wp","href":"https:\/\/api.w.org\/{rel}","templated":true}]}}