{"id":8867,"date":"2025-03-31T16:46:31","date_gmt":"2025-03-31T08:46:31","guid":{"rendered":"https:\/\/zojopackaging.com\/?post_type=product&#038;p=8867"},"modified":"2025-03-31T17:47:47","modified_gmt":"2025-03-31T09:47:47","slug":"customization-high-end-perfume-folding-carton-supplier-in-china","status":"publish","type":"product","link":"https:\/\/zojopackaging.com\/fr\/product\/customization-high-end-perfume-folding-carton-supplier-in-china\/","title":{"rendered":"Personnalisation Bo\u00eete pliante pour parfum haut de gamme Fournisseur de bo\u00eetes pliantes en Chine"},"content":{"rendered":"<p>Sur le march\u00e9 de la consommation de parfums, l'emballage n'est pas seulement la \"carte de visite externe\" du produit, mais aussi le support essentiel des valeurs de la marque et de l'exp\u00e9rience de l'utilisateur. China Customized High-end Perfume Folding Carton Supplier fournit aux marques des solutions \u00e0 la fois esth\u00e9tiques et pratiques gr\u00e2ce \u00e0 l'innovation technologique, \u00e0 l'am\u00e9lioration des processus et \u00e0 des services personnalis\u00e9s. Les paragraphes suivants analysent ses principaux avantages sous plusieurs angles :<\/p>\n<h4 id=\"-1-simple-design-suitable-for-popular-best-selling-models-flexible-customization-of-materials-and-sizes-\"><strong>1. Conception simple, adapt\u00e9e aux mod\u00e8les populaires les plus vendus, personnalisation flexible des mat\u00e9riaux et des tailles.<\/strong><\/h4>\n<p>Les fournisseurs chinois proposent une gamme compl\u00e8te de bo\u00eetes pliantes, des mod\u00e8les de base \u00e0 la personnalisation haut de gamme, en utilisant comme mat\u00e9riau de base du carton monopoudre de 350 g ou du carton blanc (tel que le carton Invercote Grade 1), avec une surface lisse et d\u00e9licate, adapt\u00e9e \u00e0 des processus complexes tels que l'estampage \u00e0 chaud et l'impression UV. Le design est principalement neutre, avec des couleurs Morandi (telles que le bleu brume et le violet taro), ce qui est non seulement conforme \u00e0 l'esth\u00e9tique du public, mais r\u00e9serve \u00e9galement un espace de personnalisation pour les logos de marque, les illustrations, etc. Par exemple, certains fabricants proposent des services de conception en ligne gratuits, et les \u00e9chantillons peuvent \u00eatre produits dans les 24 heures au plus vite.<\/p>\n<h4 id=\"-2-foldable-card-box-save-freight-and-storage-costs-\"><strong>2. Bo\u00eete en carton pliable : \u00e9conomie de frais de transport et de stockage<\/strong><\/h4>\n<p>R\u00e9duit consid\u00e9rablement les co\u00fbts de logistique et de stockage. Sa r\u00e9sistance \u00e0 la compression et sa rigidit\u00e9 sont garanties par une technologie de d\u00e9coupe pr\u00e9cise, ce qui convient particuli\u00e8rement au transport de flacons de parfum fragiles. Les donn\u00e9es montrent que les co\u00fbts logistiques des produits de parfumerie utilisant des bo\u00eetes pliantes peuvent \u00eatre r\u00e9duits de 20%-30%.<\/p>\n<h4 id=\"-3-heidelberg-printing-technology-accurate-restoration-of-design-colors-\"><strong>3. Technologie d'impression Heidelberg : restauration pr\u00e9cise des couleurs du dessin<\/strong><\/h4>\n<p>Les fournisseurs haut de gamme ont introduit des machines d'impression allemandes Heidelberg, combin\u00e9es \u00e0 l'impression en quadrichromie et \u00e0 la technologie de l'argent \u00e0 chaud, pour obtenir une restauration de haute pr\u00e9cision de l'espace colorim\u00e9trique CMJN. ZOJO Print utilise des \u00e9quipements Heidelberg pour imprimer des cartons \u00e0 film mat, et l'\u00e9cart de saturation des couleurs est contr\u00f4l\u00e9 \u00e0 3%, ce qui r\u00e9pond aux normes internationales en mati\u00e8re d'emballage de luxe. Certaines entreprises proposent \u00e9galement des services d'essai de couleurs virtuelles AR pour aider les clients \u00e0 pr\u00e9visualiser l'effet de l'impression.<\/p>\n<h4 id=\"-4-matt-film-technology-high-end-texture-and-moisture-proof-and-waterproof-\"><strong>4. Technologie du film mat : texture haut de gamme, r\u00e9sistance \u00e0 l'humidit\u00e9 et \u00e0 l'eau.<\/strong><\/h4>\n<p>La technologie de rev\u00eatement par film mat est utilis\u00e9e pour former une d\u00e9licate surface en daim sur la surface du carton, qui est aussi douce que du velours et poss\u00e8de des propri\u00e9t\u00e9s anti-traces de doigts et anti-rayures. Le mat\u00e9riau de rev\u00eatement a \u00e9t\u00e9 sp\u00e9cialement trait\u00e9 pour r\u00e9pondre \u00e0 la norme d'\u00e9tanch\u00e9it\u00e9 IP65 et peut r\u00e9sister \u00e0 de l\u00e9g\u00e8res fuites caus\u00e9es par la volatilisation du parfum. Par exemple, la teneur en humidit\u00e9 d'une bo\u00eete en papier film mat produite par un fabricant de Guangzhou n'a augment\u00e9 que de 1,2% au cours d'un test d'humidit\u00e9 de 48 heures.<\/p>\n<h4 id=\"-5-automated-production-in-our-own-factory-fast-delivery-in-5-7-days-\"><strong>5. Production automatis\u00e9e dans notre propre usine, livraison rapide en 5-7 jours<\/strong><\/h4>\n<p>Nous disposons de lignes de production intelligentes et d'une capacit\u00e9 de production quotidienne de plus de 100 000 pi\u00e8ces. Gr\u00e2ce au syst\u00e8me ERP, nous pouvons \u00e9tablir une connexion transparente entre l'\u00e9preuve de conception et la production de masse, et la livraison peut \u00eatre effectu\u00e9e dans un d\u00e9lai de 5 jours ouvrables. Par exemple, un client a personnalis\u00e9 100 000 ensembles de bo\u00eetes de cartes de parfum neutres, ce qui n'a pris que 6 jours entre la confirmation du plan, l'emballage et l'exp\u00e9dition.<\/p>\n<h4 id=\"-6-professional-sales-team-full-process-support-for-customized-packaging-solutions-\"><strong>6. \u00c9quipe de vente professionnelle : soutien complet pour des solutions d'emballage personnalis\u00e9es<\/strong><\/h4>\n<p>Le fournisseur est dot\u00e9 d'une \u00e9quipe pluridisciplinaire, comprenant des concepteurs, des ing\u00e9nieurs en imprimerie et des experts en logistique, qui fournit des services complets allant de l'\u00e9tude de march\u00e9 \u00e0 l'optimisation du transport, en passant par la s\u00e9lection des mat\u00e9riaux. Par exemple, pour les besoins des marques haut de gamme, nous pouvons recommander des bo\u00eetes en papier de pulpe de bambou certifi\u00e9es FSC + des solutions de structure tampon en coton perl\u00e9 int\u00e9gr\u00e9 ; pour le march\u00e9 de masse, nous recommandons des bo\u00eetes en papier recycl\u00e9 + des combinaisons de processus simplifi\u00e9s.<\/p>","protected":false},"excerpt":{"rendered":"<p>Les fournisseurs chinois de bo\u00eetes pliantes personnalis\u00e9es pour parfums haut de gamme remod\u00e8lent l'industrie mondiale de l'emballage gr\u00e2ce \u00e0 l'innovation technologique et \u00e0 l'optimisation des processus. \u00c0 l'avenir, avec la popularisation des outils de conception IA et de la technologie d'impression num\u00e9rique, l'efficacit\u00e9 de la production personnalis\u00e9e sera encore am\u00e9lior\u00e9e, et l'int\u00e9gration de mat\u00e9riaux durables et de structures intelligentes continuera \u00e0 conduire l'industrie vers l'\u00e9cologie et l'intelligence.<\/p>","protected":false},"featured_media":8877,"template":"","meta":[],"product_brand":[],"product_cat":[30,417,430,31],"product_tag":[1004,1005,1006],"class_list":{"0":"post-8867","1":"product","2":"type-product","3":"status-publish","4":"has-post-thumbnail","6":"product_cat-by-industry","7":"product_cat-custom-perfume-boxes-by-industry","8":"product_cat-folding-cartons","9":"product_cat-paper-box-style","10":"product_tag-customization-folding-carton","11":"product_tag-folding-carton-supplier-in-china","12":"product_tag-luxury-perfume-folding-carton","14":"first","15":"instock","16":"shipping-taxable","17":"product-type-grouped"},"_links":{"self":[{"href":"https:\/\/zojopackaging.com\/fr\/wp-json\/wp\/v2\/product\/8867","targetHints":{"allow":["GET"]}}],"collection":[{"href":"https:\/\/zojopackaging.com\/fr\/wp-json\/wp\/v2\/product"}],"about":[{"href":"https:\/\/zojopackaging.com\/fr\/wp-json\/wp\/v2\/types\/product"}],"version-history":[{"count":2,"href":"https:\/\/zojopackaging.com\/fr\/wp-json\/wp\/v2\/product\/8867\/revisions"}],"predecessor-version":[{"id":8903,"href":"https:\/\/zojopackaging.com\/fr\/wp-json\/wp\/v2\/product\/8867\/revisions\/8903"}],"wp:featuredmedia":[{"embeddable":true,"href":"https:\/\/zojopackaging.com\/fr\/wp-json\/wp\/v2\/media\/8877"}],"wp:attachment":[{"href":"https:\/\/zojopackaging.com\/fr\/wp-json\/wp\/v2\/media?parent=8867"}],"wp:term":[{"taxonomy":"product_brand","embeddable":true,"href":"https:\/\/zojopackaging.com\/fr\/wp-json\/wp\/v2\/product_brand?post=8867"},{"taxonomy":"product_cat","embeddable":true,"href":"https:\/\/zojopackaging.com\/fr\/wp-json\/wp\/v2\/product_cat?post=8867"},{"taxonomy":"product_tag","embeddable":true,"href":"https:\/\/zojopackaging.com\/fr\/wp-json\/wp\/v2\/product_tag?post=8867"}],"curies":[{"name":"wp","href":"https:\/\/api.w.org\/{rel}","templated":true}]}}