{"id":8887,"date":"2025-03-31T17:19:10","date_gmt":"2025-03-31T09:19:10","guid":{"rendered":"https:\/\/zojopackaging.com\/?post_type=product&#038;p=8887"},"modified":"2025-03-31T17:45:32","modified_gmt":"2025-03-31T09:45:32","slug":"custom-perfume-box-for-100ml-bottle-packaging-folding-paper-box-maker","status":"publish","type":"product","link":"https:\/\/zojopackaging.com\/fr\/product\/custom-perfume-box-for-100ml-bottle-packaging-folding-paper-box-maker\/","title":{"rendered":"Bo\u00eete \u00e0 parfum personnalis\u00e9e pour l'emballage de flacons de 100ml Bo\u00eete en papier pliante"},"content":{"rendered":"<p>Sur le march\u00e9 de la consommation de parfums, l'emballage n'est pas seulement la \"carte de visite externe\" du produit, mais aussi le support essentiel des valeurs de la marque et de l'exp\u00e9rience de l'utilisateur. Les fabricants chinois de bo\u00eetes pliantes haut de gamme proposent aux marques des solutions \u00e0 la fois esth\u00e9tiques et pratiques gr\u00e2ce \u00e0 l'innovation technologique, \u00e0 l'am\u00e9lioration des processus et \u00e0 des services personnalis\u00e9s. Les paragraphes qui suivent analysent les principaux avantages de ces produits sous diff\u00e9rents angles :<\/p>\n<h4 id=\"-1-full-dimensional-customization-service-flexible-adaptation-of-size-material-and-process-\"><strong>1. Service de personnalisation compl\u00e8te : adaptation flexible de la taille, du mat\u00e9riau et du processus<\/strong><\/h4>\n<p>Les fournisseurs chinois proposent une gamme compl\u00e8te de bo\u00eetes pliantes allant de la personnalisation de base \u00e0 la personnalisation haut de gamme, permettant l'adaptation de bouteilles de pleine capacit\u00e9 telles que 100 ml, 50 ml, 30 ml et 10 ml. En utilisant comme mat\u00e9riau de base du carton monopoudre de 350 g ou du carton blanc (tel que le carton de premier niveau Invercote), la surface est lisse et d\u00e9licate, et elle est compatible avec des processus complexes tels que le marquage \u00e0 chaud, l'impression UV et le gaufrage. Par exemple, Shenzhen Zongzheng Packaging peut personnaliser la s\u00e9rigraphie, l'h\u00e9liogravure et d'autres proc\u00e9d\u00e9s pour obtenir une pr\u00e9sentation pr\u00e9cise du logo et des illustrations de la marque.<\/p>\n<h4 id=\"-2-multi-size-compatible-design-adapt-to-different-bottle-types-worry-free-customization-\"><strong>2. Conception compatible avec plusieurs tailles : s'adapte \u00e0 diff\u00e9rents types de bouteilles et permet une personnalisation sans souci.<\/strong><\/h4>\n<p>La bo\u00eete pliante adopte une structure modulaire (couvercle sup\u00e9rieur et inf\u00e9rieur, tiroir). Lorsqu'elle est d\u00e9pli\u00e9e, c'est une bo\u00eete tridimensionnelle. Apr\u00e8s pliage, le volume n'est plus que de 1\/5-1\/3 du volume d'origine, ce qui r\u00e9duit consid\u00e9rablement les co\u00fbts logistiques. Certains fabricants proposent des services de conception en ligne gratuits et permettent une v\u00e9rification et une modification rapides. Par exemple, Shenzhen Mingweiyuan Paper Products peut personnaliser des bo\u00eetes \u00e0 couvercle rabattable de forme sp\u00e9ciale pour s'adapter \u00e0 des goulots d'\u00e9tranglement minces ou \u00e0 des bouteilles carr\u00e9es. Les donn\u00e9es montrent que le co\u00fbt logistique des produits de parfumerie utilisant des bo\u00eetes pliantes peut \u00eatre r\u00e9duit de 20%-30%.<\/p>\n<h4 id=\"-3-process-upgrade-highlight-the-visual-expression-of-brand-tone-\"><strong>3. Am\u00e9lioration du processus : mise en \u00e9vidence de l'expression visuelle de la tonalit\u00e9 de la marque<\/strong><\/h4>\n<p>La surface du carton peut \u00eatre enrichie par un marquage \u00e0 chaud, des UV partiels, un gaufrage et d'autres proc\u00e9d\u00e9s pour am\u00e9liorer la texture et la fonction anti-contrefa\u00e7on. Zongzheng Packaging utilise la technologie de marquage \u00e0 chaud pour am\u00e9liorer la texture du m\u00e9tal et combine la technologie de recouvrement par film mat pour obtenir l'\u00e9tanch\u00e9it\u00e9 IP65, qui convient aux besoins des parfums haut de gamme. La page web souligne que sur le march\u00e9 chinois des bo\u00eetes d'emballage de parfum en 2024, le taux de prime des produits utilisant le marquage \u00e0 chaud, les UV et d'autres proc\u00e9d\u00e9s peut atteindre 20%-30%.<\/p>\n<h4 id=\"-4-china-s-high-end-supply-chain-source-price-helping-brands-quickly-occupy-the-market-\"><strong>4. Cha\u00eene d'approvisionnement haut de gamme en Chine : prix \u00e0 la source, aide aux marques pour occuper rapidement le march\u00e9<\/strong><\/h4>\n<p>Les principaux fabricants, tels que Shenzhen Zongzheng Packaging, ont investi 440 millions de yuans dans la construction d'un parc industriel d'emballage de parfums, avec une production quotidienne de 500 000 \u00e0 700 000 bo\u00eetes en papier, r\u00e9duisant ainsi les co\u00fbts marginaux gr\u00e2ce \u00e0 une production \u00e0 grande \u00e9chelle. Par rapport \u00e0 la plateforme Taobao, des fabricants tels que Jiali Chuang fournissent du papier hygi\u00e9nique import\u00e9 et des services d'impression de haute pr\u00e9cision avec \"le prix Taobao, la qualit\u00e9 internationale\", par exemple, l'erreur de poids de ses bo\u00eetes en papier est contr\u00f4l\u00e9e \u00e0 0,1-0,5 mm.<\/p>\n<h4 id=\"-5-high-production-capacity-and-fast-delivery-7-9-days-for-delivery-quality-and-quantity-guaranteed-\"><strong>5. Capacit\u00e9 de production \u00e9lev\u00e9e et livraison rapide : 7 \u00e0 9 jours pour la livraison, qualit\u00e9 et quantit\u00e9 garanties.<\/strong><\/h4>\n<p>Shenzhen Zongzheng Packaging a une capacit\u00e9 de production quotidienne de 50 000 jeux, prend en charge la personnalisation de petits lots (1 commande minimum) et promet que \"les retards de livraison doivent \u00eatre compens\u00e9s\". La page web montre que certains fabricants ont r\u00e9ussi \u00e0 relier de mani\u00e8re transparente l'ensemble du processus de conception, d'\u00e9preuvage et de production par le biais du syst\u00e8me ERP, et que le d\u00e9lai de livraison le plus rapide est de 5 jours ouvrables.<\/p>\n<h4 id=\"-6-professional-team-support-full-process-customized-solutions-\"><strong>6. Soutien de l'\u00e9quipe professionnelle : solutions personnalis\u00e9es pour l'ensemble du processus<\/strong><\/h4>\n<p>Les fournisseurs sont dot\u00e9s d'\u00e9quipes pluridisciplinaires comprenant des concepteurs, des ing\u00e9nieurs en imprimerie et des experts en logistique. Par exemple, Shenzhen Zongzheng Packaging propose des services de conception gratuits, prend en charge les fichiers sources au format CDR\/AI et garantit la qualit\u00e9 gr\u00e2ce \u00e0 la certification allemande Rhine. Le site web souligne que l'\u00e9quipe de professionnels peut r\u00e9pondre rapidement aux besoins et fournir une assistance compl\u00e8te, de l'\u00e9tude de march\u00e9 \u00e0 l'optimisation du transport.<\/p>","protected":false},"excerpt":{"rendered":"<p>Les fabricants chinois de bo\u00eetes pliantes personnalis\u00e9es pour parfums remod\u00e8lent l'industrie mondiale de l'emballage gr\u00e2ce \u00e0 l'innovation des mat\u00e9riaux, \u00e0 l'am\u00e9lioration des processus et aux services num\u00e9riques. \u00c0 l'avenir, avec la popularisation des outils de conception IA et des mat\u00e9riaux \u00e9cologiques, l'efficacit\u00e9 de la production personnalis\u00e9e sera encore am\u00e9lior\u00e9e, et l'int\u00e9gration de la production durable et de la structure intelligente continuera \u00e0 faire \u00e9voluer l'industrie vers des directions haut de gamme et respectueuses de l'environnement. \u00c9volution de la direction.<\/p>","protected":false},"featured_media":8890,"template":"","meta":[],"product_brand":[],"product_cat":[30,417,430,31],"product_tag":[1010,329,1011],"class_list":{"0":"post-8887","1":"product","2":"type-product","3":"status-publish","4":"has-post-thumbnail","6":"product_cat-by-industry","7":"product_cat-custom-perfume-boxes-by-industry","8":"product_cat-folding-cartons","9":"product_cat-paper-box-style","10":"product_tag-50ml-bottle-packaging","11":"product_tag-custom-perfume-box","12":"product_tag-paper-box-maker","14":"first","15":"instock","16":"shipping-taxable","17":"product-type-grouped"},"_links":{"self":[{"href":"https:\/\/zojopackaging.com\/fr\/wp-json\/wp\/v2\/product\/8887","targetHints":{"allow":["GET"]}}],"collection":[{"href":"https:\/\/zojopackaging.com\/fr\/wp-json\/wp\/v2\/product"}],"about":[{"href":"https:\/\/zojopackaging.com\/fr\/wp-json\/wp\/v2\/types\/product"}],"version-history":[{"count":1,"href":"https:\/\/zojopackaging.com\/fr\/wp-json\/wp\/v2\/product\/8887\/revisions"}],"predecessor-version":[{"id":8902,"href":"https:\/\/zojopackaging.com\/fr\/wp-json\/wp\/v2\/product\/8887\/revisions\/8902"}],"wp:featuredmedia":[{"embeddable":true,"href":"https:\/\/zojopackaging.com\/fr\/wp-json\/wp\/v2\/media\/8890"}],"wp:attachment":[{"href":"https:\/\/zojopackaging.com\/fr\/wp-json\/wp\/v2\/media?parent=8887"}],"wp:term":[{"taxonomy":"product_brand","embeddable":true,"href":"https:\/\/zojopackaging.com\/fr\/wp-json\/wp\/v2\/product_brand?post=8887"},{"taxonomy":"product_cat","embeddable":true,"href":"https:\/\/zojopackaging.com\/fr\/wp-json\/wp\/v2\/product_cat?post=8887"},{"taxonomy":"product_tag","embeddable":true,"href":"https:\/\/zojopackaging.com\/fr\/wp-json\/wp\/v2\/product_tag?post=8887"}],"curies":[{"name":"wp","href":"https:\/\/api.w.org\/{rel}","templated":true}]}}