{"id":8896,"date":"2025-03-31T17:40:48","date_gmt":"2025-03-31T09:40:48","guid":{"rendered":"https:\/\/zojopackaging.com\/?post_type=product&#038;p=8896"},"modified":"2025-03-31T18:23:15","modified_gmt":"2025-03-31T10:23:15","slug":"custom-baby-pacifier-clip-teether-holder-packaging-boxes","status":"publish","type":"product","link":"https:\/\/zojopackaging.com\/fr\/product\/custom-baby-pacifier-clip-teether-holder-packaging-boxes\/","title":{"rendered":"Bo\u00eetes d'emballage personnalis\u00e9es avec attache-sucette pour b\u00e9b\u00e9"},"content":{"rendered":"<h2 id=\"-1-box-design-of-top-and-bottom-cover-precise-fit-upgraded-protection-\"><strong>1. Conception en bo\u00eete du couvercle et de la base : ajustement pr\u00e9cis, protection am\u00e9lior\u00e9e<\/strong><\/h2>\n<p>La structure classique des couvercles sup\u00e9rieur et inf\u00e9rieur est adopt\u00e9e ; elle se compose d'un couvercle sup\u00e9rieur et d'une bo\u00eete inf\u00e9rieure, et un ajustement sans faille est obtenu gr\u00e2ce \u00e0 une adaptation pr\u00e9cise des dimensions. Un espace raisonnable est r\u00e9serv\u00e9 \u00e0 la jonction des couvercles sup\u00e9rieur et inf\u00e9rieur, ce qui facilite l'ouverture et la fermeture et assure l'\u00e9tanch\u00e9it\u00e9, emp\u00eachant efficacement la poussi\u00e8re et l'humidit\u00e9. Le corps de la bo\u00eete est fabriqu\u00e9 en carton gris dur ou en carton \u00e9cologique, avec une technologie de d\u00e9coupe de haute pr\u00e9cision, une forte r\u00e9sistance \u00e0 la pression, et peut r\u00e9sister aux chocs pendant le transport.<\/p>\n<h2 id=\"-2-customized-lining-buffer-system-safe-protection-without-dead-angles-\"><strong>2. Syst\u00e8me de tampon de rev\u00eatement personnalis\u00e9 : protection s\u00fbre sans angles morts<\/strong><\/h2>\n<p>Le rev\u00eatement peut \u00eatre choisi en mousse EVA haute densit\u00e9 ou en \u00e9ponge, et la t\u00e9tine, la sucette et d'autres articles peuvent \u00eatre fix\u00e9s avec pr\u00e9cision par des rainures ind\u00e9pendantes ou des structures en nid d'abeille afin de r\u00e9duire l'usure due aux secousses. Par exemple, la densit\u00e9 du rev\u00eatement EVA peut \u00eatre choisie entre 30 et 50 kg\/m\u00b3, et le taux d'ouverture de la structure en nid d'abeilles est de 60 \u00e0 85%, en tenant compte \u00e0 la fois de l'amortissement et de l'utilisation de l'espace. Il permet une conception en couches et convient aux combinaisons de produits de diff\u00e9rentes tailles, telles que le stockage des sucettes et des bo\u00eetes de d\u00e9sinfection.<\/p>\n<h2 id=\"-3-brand-visual-enhancement-printing-technology-and-creative-design-\"><strong>3. Am\u00e9lioration de l'aspect visuel de la marque : technologie d'impression et conception cr\u00e9ative<\/strong><\/h2>\n<p>La bo\u00eete offre une grande surface d'impression \u00e0 360\u00b0, permet l'impression offset en quadrichromie, la s\u00e9rigraphie et d'autres proc\u00e9d\u00e9s, et peut \u00eatre personnalis\u00e9e avec des logos de marque, des illustrations ou des motifs \u00e0 th\u00e8me pour les enfants en bas \u00e2ge. Les proc\u00e9d\u00e9s de surface comprennent :<\/p>\n<ul>\n<li><strong>Marquage \u00e0 chaud\/marquage \u00e0 chaud<\/strong>Les couleurs : elles rehaussent le luxe du logo de la marque ;<\/li>\n<li><strong>UV partiel<\/strong>Les images de l'exposition : mettent en valeur la brillance et le caract\u00e8re tridimensionnel des graphiques cl\u00e9s ;<\/li>\n<li><strong>Gaufr\u00e9<\/strong>Les produits de la collection sont con\u00e7us pour : am\u00e9liorer le niveau tactile, en simulant par exemple la texture de la peau de la m\u00e8re et de l'enfant. Le fichier de conception prend en charge la g\u00e9n\u00e9ration intelligente d'IA pour garantir que le degr\u00e9 de reproduction des couleurs atteint plus de 98%.<\/li>\n<\/ul>\n<h2 id=\"-4-full-dimensional-customization-service-flexible-adaptation-to-needs-\"><strong>4. Service de personnalisation complet : adaptation flexible aux besoins<\/strong><\/h2>\n<ul>\n<li><strong>Taille et type de bo\u00eete<\/strong>L'emballage est con\u00e7u pour des structures rondes, carr\u00e9es, de forme sp\u00e9ciale et autres, ce qui permet de r\u00e9pondre aux besoins d'emballage des produits \u00e0 diff\u00e9rents stades de d\u00e9veloppement, de 0 \u00e0 3 ans ;<\/li>\n<li><strong>Mat\u00e9riaux et protection de l'environnement<\/strong>: propose du carton blanc de qualit\u00e9 alimentaire, du carton gris d\u00e9gradable et d'autres options, conform\u00e9ment aux normes de s\u00e9curit\u00e9 de la FDA et de l'UE EN71 ;<\/li>\n<li><strong>Couleur et proc\u00e9d\u00e9<\/strong>: Correspondance des couleurs d'accompagnement Pantone, supporte les effets de surface mats, brillants, givr\u00e9s et autres.<\/li>\n<\/ul>\n<h2 id=\"-5-intelligent-production-and-fast-delivery-\"><strong>5. Production intelligente et livraison rapide<\/strong><\/h2>\n<p>La structure de la bo\u00eete est hautement modulaire et est compatible avec des machines de d\u00e9coupe enti\u00e8rement automatiques, des machines de collage de bo\u00eetes et d'autres \u00e9quipements, avec une capacit\u00e9 de production quotidienne de 50 000 pi\u00e8ces. L'atelier d\u00e9ploie le syst\u00e8me de gestion MES pour contr\u00f4ler en temps r\u00e9el l'avancement de la production, l'\u00e9tat de l'\u00e9quipement et les donn\u00e9es relatives \u00e0 la qualit\u00e9, et le cycle de livraison des commandes est r\u00e9duit \u00e0 7-10 jours. Gr\u00e2ce au centre d'\u00e9preuvage num\u00e9rique, la confirmation de l'\u00e9chantillon physique peut \u00eatre fournie dans les 48 heures.<\/p>\n<h2 id=\"-6-advantages-of-the-source-factory-high-cost-performance-and-worry-free-service-\"><strong>6. Avantages de l'usine d'origine : co\u00fbt \u00e9lev\u00e9 et service sans souci<\/strong><\/h2>\n<p>La fourniture directe de l'usine source en Chine, s'appuyant sur la production \u00e0 grande \u00e9chelle et l'int\u00e9gration de la cha\u00eene d'approvisionnement, le prix est 15%-30% plus bas que le prix moyen du march\u00e9. Des services gratuits de conception, de pr\u00e9visualisation en 3D et de livraison d'\u00e9chantillons sont fournis, et la personnalisation de petits lots (quantit\u00e9 de commande minimale de 500 pi\u00e8ces) est prise en charge. Le contr\u00f4le de la qualit\u00e9 a \u00e9t\u00e9 certifi\u00e9 ISO 9001 et la garantie est de 12 mois.<\/p>\n<h2 id=\"-7-environmental-protection-and-sustainability-\"><strong>7. Protection de l'environnement et durabilit\u00e9<\/strong><\/h2>\n<p>Le papier est certifi\u00e9 FSC et l'encre est \u00e0 base d'eau pour favoriser le recyclage. La bo\u00eete d'emballage peut \u00eatre transform\u00e9e en bo\u00eete de rangement pour la m\u00e8re et l'enfant ou en jouet d'\u00e9veil pour prolonger le cycle de vie.<\/p>\n<p><strong>Processus de coop\u00e9ration<\/strong>Communication de la demande \u2192 conception libre \u2192 confirmation de l'\u00e9preuve \u2192 ordonnancement MES \u2192 livraison par lots \u2192 suivi apr\u00e8s-vente\u00a0<strong>Sc\u00e9narios applicables<\/strong>Les produits de l'UE sont les suivants : coffrets cadeaux de marque pour la m\u00e8re et l'enfant, plateforme de commerce \u00e9lectronique, emballage de produits individuels, fourniture d'exportations transfrontali\u00e8res, etc.<\/p>\n<p>Gr\u00e2ce \u00e0 l'int\u00e9gration de la conception, des mat\u00e9riaux et d'une production intelligente, ce produit offre une solution d'emballage unique pour les produits de soins pour b\u00e9b\u00e9s, de la protection \u00e0 la communication de la marque.<\/p>","protected":false},"excerpt":{"rendered":"<p>1. Le couvercle et la base sont con\u00e7us de mani\u00e8re \u00e0 ce que les couvercles sup\u00e9rieur et inf\u00e9rieur s'embo\u00eetent l'un dans l'autre, ce qui permet d'obtenir un ajustement serr\u00e9 gr\u00e2ce \u00e0 une correspondance pr\u00e9cise des dimensions.<br \/>\n2. La doublure peut \u00eatre personnalis\u00e9e avec de l'EVA haute densit\u00e9, de l'\u00e9ponge et d'autres mat\u00e9riaux de rembourrage, et les \u00e9l\u00e9ments sont fix\u00e9s par des rainures ind\u00e9pendantes ou des structures en nid d'abeille afin de r\u00e9duire les secousses et l'usure.<br \/>\n3. Le corps de la bo\u00eete offre une grande surface d'impression, qui peut \u00eatre personnalis\u00e9e avec des logos de marque et des motifs artistiques pour am\u00e9liorer l'image de marque.<br \/>\n4. Le type de bo\u00eete, la taille, la couleur, le mat\u00e9riau et l'effet d'impression de surface peuvent \u00eatre fortement personnalis\u00e9s pour s'adapter \u00e0 l'emballage de la t\u00e9tine et du porte-t\u00e9tine pour b\u00e9b\u00e9.<\/p>","protected":false},"featured_media":8897,"template":"","meta":[],"product_brand":[],"product_cat":[30,413,425,31],"product_tag":[1013,1014,1012],"class_list":{"0":"post-8896","1":"product","2":"type-product","3":"status-publish","4":"has-post-thumbnail","6":"product_cat-by-industry","7":"product_cat-consumer-electronics-boxes","8":"product_cat-lid-and-base-gift-box","9":"product_cat-paper-box-style","10":"product_tag-baby-teethers-packaging-box","11":"product_tag-custom-baby-pacifier-packaging","12":"product_tag-pacifier-clips-packaging","14":"first","15":"instock","16":"shipping-taxable","17":"product-type-simple"},"_links":{"self":[{"href":"https:\/\/zojopackaging.com\/fr\/wp-json\/wp\/v2\/product\/8896","targetHints":{"allow":["GET"]}}],"collection":[{"href":"https:\/\/zojopackaging.com\/fr\/wp-json\/wp\/v2\/product"}],"about":[{"href":"https:\/\/zojopackaging.com\/fr\/wp-json\/wp\/v2\/types\/product"}],"version-history":[{"count":1,"href":"https:\/\/zojopackaging.com\/fr\/wp-json\/wp\/v2\/product\/8896\/revisions"}],"predecessor-version":[{"id":8911,"href":"https:\/\/zojopackaging.com\/fr\/wp-json\/wp\/v2\/product\/8896\/revisions\/8911"}],"wp:featuredmedia":[{"embeddable":true,"href":"https:\/\/zojopackaging.com\/fr\/wp-json\/wp\/v2\/media\/8897"}],"wp:attachment":[{"href":"https:\/\/zojopackaging.com\/fr\/wp-json\/wp\/v2\/media?parent=8896"}],"wp:term":[{"taxonomy":"product_brand","embeddable":true,"href":"https:\/\/zojopackaging.com\/fr\/wp-json\/wp\/v2\/product_brand?post=8896"},{"taxonomy":"product_cat","embeddable":true,"href":"https:\/\/zojopackaging.com\/fr\/wp-json\/wp\/v2\/product_cat?post=8896"},{"taxonomy":"product_tag","embeddable":true,"href":"https:\/\/zojopackaging.com\/fr\/wp-json\/wp\/v2\/product_tag?post=8896"}],"curies":[{"name":"wp","href":"https:\/\/api.w.org\/{rel}","templated":true}]}}