{"id":8912,"date":"2025-03-31T18:23:36","date_gmt":"2025-03-31T10:23:36","guid":{"rendered":"https:\/\/zojopackaging.com\/?post_type=product&#038;p=8912"},"modified":"2025-03-31T19:02:28","modified_gmt":"2025-03-31T11:02:28","slug":"custom-luxury-cosmetic-collapsible-rigid-gift-box-wholesale","status":"publish","type":"product","link":"https:\/\/zojopackaging.com\/fr\/product\/custom-luxury-cosmetic-collapsible-rigid-gift-box-wholesale\/","title":{"rendered":"Bo\u00eete cadeau rigide pliable de luxe pour cosm\u00e9tiques Wholesale"},"content":{"rendered":"<h2 id=\"-core-advantages-of-the-product-\"><strong>Principaux avantages du produit<\/strong><\/h2>\n<ol>\n<li><strong>Aspect \u00e9blouissant de la carte Laser Silver<\/strong>\u00a0La surface du corps de la bo\u00eete est fabriqu\u00e9e avec une grande pr\u00e9cision.\u00a0<strong>mat\u00e9riau de la carte argent\u00e9e laser<\/strong>Le produit est imprim\u00e9 aux UV et estamp\u00e9 \u00e0 chaud\/argent\u00e9 pour pr\u00e9senter un effet de lumi\u00e8re dynamique, qui combine visuellement un sens de la technologie et du luxe. Ce design correspond non seulement \u00e0 la tonalit\u00e9 des marques de cosm\u00e9tiques haut de gamme, mais il attire \u00e9galement l'attention des consommateurs lorsqu'il est expos\u00e9, et renforce la capacit\u00e9 du produit \u00e0 \u00eatre haut de gamme.<\/li>\n<li><strong>Contraste de couleur personnalis\u00e9 \u00e0 l'int\u00e9rieur de la bo\u00eete<\/strong>\u00a0Il prend en charge\u00a0<strong>la personnalisation<\/strong>\u00a0de la couleur du rev\u00eatement de la bo\u00eete. Les clients peuvent sp\u00e9cifier des num\u00e9ros de couleur Pantone ou fournir des dessins pour obtenir un fort contraste entre la couleur de la paroi int\u00e9rieure et l'aspect du laser. Par exemple, une doublure sombre avec un laser argent\u00e9 peut renforcer l'impression de myst\u00e8re, tandis qu'une doublure brillante peut mettre en \u00e9vidence la vitalit\u00e9 du produit.<\/li>\n<li><strong>Structure pratique du rabat pliant<\/strong>\u00a0Il adopte\u00a0<strong>conception d'une couverture pliable \u00e0 rabat<\/strong>L'\u00e9paisseur de la bo\u00eete est d'un tiers seulement de celle d'une bo\u00eete traditionnelle, ce qui est pratique pour le transport et l'entreposage. Apr\u00e8s fermeture, l'\u00e9paisseur ne repr\u00e9sente qu'un tiers de celle d'une bo\u00eete traditionnelle, ce qui est pratique pour le transport et l'entreposage. La bo\u00eete peut \u00eatre configur\u00e9e de mani\u00e8re flexible avec des cloisons superpos\u00e9es ou des plateaux int\u00e9rieurs en EVA pour s'adapter aux produits cosm\u00e9tiques de diff\u00e9rentes sp\u00e9cifications (essence, rouge \u00e0 l\u00e8vres, poudre, etc.) afin de pr\u00e9senter intuitivement la forme du produit.<\/li>\n<li><strong>L'exp\u00e9dition \u00e0 plat permet de r\u00e9duire les co\u00fbts<\/strong>\u00a0Le produit fini est exp\u00e9di\u00e9 sous forme de\u00a0<strong>composants plats<\/strong>Il suffit de le plier une fois que le client l'a re\u00e7u. Par rapport aux bo\u00eetes traditionnelles pr\u00e9install\u00e9es, il permet de r\u00e9duire le volume de transport de 60% et les co\u00fbts logistiques, ce qui est particuli\u00e8rement adapt\u00e9 au commerce \u00e9lectronique transfrontalier ou aux sc\u00e9narios d'achat en vrac.<\/li>\n<\/ol>\n<h2 id=\"-customized-service-support-\"><strong>Service d'assistance personnalis\u00e9<\/strong><\/h2>\n<ol>\n<li><strong>Libert\u00e9 de conception en toutes dimensions<\/strong><\/li>\n<li><strong>Taille flexible<\/strong>: Permet de personnaliser la taille des bo\u00eetes de rouge \u00e0 l\u00e8vres (5\u00d75\u00d72cm) jusqu'aux bo\u00eetes-cadeaux (30\u00d720\u00d710cm), avec un contr\u00f4le d'erreur de \u00b10,5mm.<\/li>\n<li><strong>Des processus diversifi\u00e9s<\/strong>: Ils peuvent \u00eatre \u00e9quip\u00e9s de fen\u00eatres en PVC transparent ou de dispositifs d'ouverture et de fermeture magn\u00e9tiques pour am\u00e9liorer la fonctionnalit\u00e9 et l'esth\u00e9tique.<\/li>\n<li><strong>Am\u00e9lioration des mat\u00e9riaux<\/strong>: En plus de la carte argent\u00e9e laser, du papier sp\u00e9cial, du cuir PU, du carton de densit\u00e9 et d'autres mat\u00e9riaux sont disponibles pour r\u00e9pondre aux besoins des diff\u00e9rents positionnements de marque.<\/li>\n<li><strong>Source usine assurance qualit\u00e9<\/strong>\u00a0En tant que\u00a0<strong>Fabricant chinois de sources d'emballage haut de gamme<\/strong>Nous disposons d'une usine autonome de 10 000\u33a1 et de plus de 200 \u00e9quipements professionnels, soutenant l'ensemble du processus de service, de l'\u00e9preuve de conception (3-5 jours) \u00e0 la production de masse (7-15 jours). Adopter le papier de carton gris respectueux de l'environnement et les adh\u00e9sifs de qualit\u00e9 alimentaire, passer la certification de qualit\u00e9 ISO, et assurer que le produit r\u00e9pond aux normes de s\u00e9curit\u00e9 internationales.<\/li>\n<\/ol>\n<h2 id=\"-price-and-batch-policy-\"><strong>Politique des prix et des lots<\/strong><\/h2>\n<ul>\n<li><strong>Quantit\u00e9 minimale de commande<\/strong>: 500 pi\u00e8ces, les grandes quantit\u00e9s b\u00e9n\u00e9ficient de remises \u00e9chelonn\u00e9es (remise 15% pour plus de 5 000 pi\u00e8ces).<\/li>\n<li><strong>Devis transparent<\/strong>: Le prix d\u00e9part-usine ne comprend pas les taxes, les re\u00e7us ou les factures de TVA (les co\u00fbts de facturation sont calcul\u00e9s s\u00e9par\u00e9ment), et prend en charge la livraison mondiale par voie maritime ou a\u00e9rienne.<\/li>\n<\/ul>","protected":false},"excerpt":{"rendered":"<p>1. Le corps de la bo\u00eete est fabriqu\u00e9 \u00e0 partir d'une feuille holographique estamp\u00e9e \u00e0 chaud, ce qui produit un effet visuel magnifique et renforce le sens de la mode et l'attrait du produit.<br \/>\n2. La bo\u00eete peut \u00eatre personnalis\u00e9e avec votre couleur pr\u00e9f\u00e9r\u00e9e, ce qui forme un contraste de couleur avec l'aspect laser et met en valeur la pr\u00e9sentation du produit.<br \/>\n3. La structure des bo\u00eetes-cadeaux pliables est facile \u00e0 ouvrir et permet de visualiser intuitivement l'espace int\u00e9rieur.<\/p>","protected":false},"featured_media":8915,"template":"","meta":[],"product_brand":[],"product_cat":[30,427,390,31],"product_tag":[1016,1015,1017],"class_list":{"0":"post-8912","1":"product","2":"type-product","3":"status-publish","4":"has-post-thumbnail","6":"product_cat-by-industry","7":"product_cat-collapsible-gift-boxes","8":"product_cat-custom-cosmetics-boxes","9":"product_cat-paper-box-style","10":"product_tag-cosmetic-collapsible-rigid-gift-box","11":"product_tag-custom-cosmetic-gift-box","12":"product_tag-luxury-cosmetic-gift-box","14":"first","15":"instock","16":"shipping-taxable","17":"product-type-simple"},"_links":{"self":[{"href":"https:\/\/zojopackaging.com\/fr\/wp-json\/wp\/v2\/product\/8912","targetHints":{"allow":["GET"]}}],"collection":[{"href":"https:\/\/zojopackaging.com\/fr\/wp-json\/wp\/v2\/product"}],"about":[{"href":"https:\/\/zojopackaging.com\/fr\/wp-json\/wp\/v2\/types\/product"}],"version-history":[{"count":2,"href":"https:\/\/zojopackaging.com\/fr\/wp-json\/wp\/v2\/product\/8912\/revisions"}],"predecessor-version":[{"id":8934,"href":"https:\/\/zojopackaging.com\/fr\/wp-json\/wp\/v2\/product\/8912\/revisions\/8934"}],"wp:featuredmedia":[{"embeddable":true,"href":"https:\/\/zojopackaging.com\/fr\/wp-json\/wp\/v2\/media\/8915"}],"wp:attachment":[{"href":"https:\/\/zojopackaging.com\/fr\/wp-json\/wp\/v2\/media?parent=8912"}],"wp:term":[{"taxonomy":"product_brand","embeddable":true,"href":"https:\/\/zojopackaging.com\/fr\/wp-json\/wp\/v2\/product_brand?post=8912"},{"taxonomy":"product_cat","embeddable":true,"href":"https:\/\/zojopackaging.com\/fr\/wp-json\/wp\/v2\/product_cat?post=8912"},{"taxonomy":"product_tag","embeddable":true,"href":"https:\/\/zojopackaging.com\/fr\/wp-json\/wp\/v2\/product_tag?post=8912"}],"curies":[{"name":"wp","href":"https:\/\/api.w.org\/{rel}","templated":true}]}}