{"id":8937,"date":"2025-03-31T19:13:59","date_gmt":"2025-03-31T11:13:59","guid":{"rendered":"https:\/\/zojopackaging.com\/?post_type=product&#038;p=8937"},"modified":"2025-03-31T19:36:35","modified_gmt":"2025-03-31T11:36:35","slug":"custom-designs-christmas-socks-packaging-boxes-wholesale","status":"publish","type":"product","link":"https:\/\/zojopackaging.com\/fr\/product\/custom-designs-christmas-socks-packaging-boxes-wholesale\/","title":{"rendered":"Bo\u00eetes d'emballage de chaussettes de No\u00ebl personnalis\u00e9es Wholesale"},"content":{"rendered":"<h2 id=\"-1-precise-customization-perfect-fit-for-the-product-\"><strong>1. Personnalisation pr\u00e9cise, adaptation parfaite au produit<\/strong><\/h2>\n<p>Nous soutenons\u00a0<strong>services de personnalisation de l'ensemble du processus<\/strong>\u00a0en fonction de la taille, de la forme et des exigences de pr\u00e9sentation de vos bas de No\u00ebl :<\/p>\n<ul>\n<li><strong>Ajustement flexible de la taille<\/strong>: Des mini-bas aux bo\u00eetes-cadeaux \u00e9paisses, ils peuvent \u00eatre personnalis\u00e9s en fonction de la taille r\u00e9elle du produit afin de garantir que l'emballage s'adapte parfaitement au contenu et de r\u00e9duire les secousses pendant le transport.<\/li>\n<li><strong>Doublure personnalis\u00e9e<\/strong>: L'utilisation d'une \u00e9ponge EVA, d'un coton perl\u00e9 ou d'une doublure en flocage permet non seulement d'am\u00e9liorer la protection, mais aussi de classer et de ranger plusieurs cat\u00e9gories de bas de No\u00ebl (adultes, enfants et accessoires) gr\u00e2ce \u00e0 la structure de cloisonnement, ce qui renforce l'aspect pratique de la bo\u00eete \u00e0 cadeaux.<\/li>\n<li><strong>Options de fonctions \u00e9tendues<\/strong>: Permet d'ajouter des accessoires tels que des boucles magn\u00e9tiques et des rubans pour r\u00e9pondre aux besoins de rituels d'ouverture des coffrets cadeaux haut de gamme.<\/li>\n<\/ul>\n<h2 id=\"-2-flip-top-structure-taking-into-account-convenience-and-display-\"><strong>2. Structure de fermeture m\u00e9gn\u00e9tique, tenant compte de la commodit\u00e9 et de la pr\u00e9sentation.<\/strong><\/h2>\n<p>Adopter la fermeture m\u00e9gn\u00e9tique<strong>\u00a0conception<\/strong>\u00a0afin d'optimiser l'exp\u00e9rience de l'utilisateur :<\/p>\n<ul>\n<li><strong>Ouverture et fermeture flexibles<\/strong>: Le couvercle et le corps de la bo\u00eete sont reli\u00e9s par un processus de pliage pr\u00e9cis, qui peut \u00eatre pos\u00e9 \u00e0 plat \u00e0 180\u00b0, ce qui est pratique pour la pr\u00e9sentation au d\u00e9tail ou la pr\u00e9sentation intuitive lors d'un cadeau.<\/li>\n<li><strong>Fen\u00eatre d'affichage tridimensionnelle<\/strong>: Fen\u00eatre transparente en PVC en option, avec une technologie de film mat en papier couch\u00e9 157 GSM, pour prot\u00e9ger le produit et mettre en valeur les d\u00e9tails exquis du motif de No\u00ebl.<\/li>\n<li><strong>Portabilit\u00e9 am\u00e9lior\u00e9e<\/strong>: L'\u00e9paisseur de la bo\u00eete est contr\u00f4l\u00e9e \u00e0 15 mm pr\u00e8s, en tenant compte \u00e0 la fois de la capacit\u00e9 de charge et de la l\u00e9g\u00e8ret\u00e9, ce qui convient aux rayons des supermarch\u00e9s et aux sc\u00e9narios de livraison express.<\/li>\n<\/ul>\n<h2 id=\"-three-high-end-materials-environmental-protection-and-texture-coexist-\"><strong>3. Mat\u00e9riaux haut de gamme, protection de l'environnement et texture coexistent<\/strong><\/h2>\n<p>S\u00e9lectionner rigoureusement des mat\u00e9riaux d'emballage conformes aux normes internationales :<\/p>\n<ul>\n<li><strong>Carton gris 1200 GSM<\/strong>: Noyau en carton gris haute densit\u00e9, r\u00e9sistance \u00e0 la compression de plus de 50 kg, pour garantir que la bo\u00eete cadeau ne se d\u00e9forme pas pendant l'empilage et le stockage, et certification SGS, conforme aux exigences de s\u00e9curit\u00e9 de contact de l'industrie alimentaire.<\/li>\n<li><strong>Papier couch\u00e9 157 GSM<\/strong>: La surface est recouverte d'un film mat\/brillant, le degr\u00e9 de reproduction des couleurs atteint 98%, pr\u00e9sentant avec pr\u00e9cision le P\u00e8re No\u00ebl, les flocons de neige, les \u00e9lans et d'autres \u00e9l\u00e9ments des f\u00eates, avec un toucher d\u00e9licat et une protection contre les empreintes digitales.<\/li>\n<li><strong>Technologie respectueuse de l'environnement<\/strong>: Utilisant des encres \u00e0 base d'eau et des adh\u00e9sifs d\u00e9gradables, il est conforme aux normes environnementales REACH de l'UE et FDA des \u00c9tats-Unis, aidant ainsi les marques \u00e0 v\u00e9hiculer des concepts durables.<\/li>\n<\/ul>\n<h2 id=\"-fourth-heidelberg-printing-technology-vivid-and-lasting-colors-\"><strong>4. Technologie d'impression Heidelberg, couleurs vives et durables<\/strong><\/h2>\n<p>S'appuyer sur\u00a0<strong>Machine \u00e0 imprimer allemande Heidelberg CX 102-8+L<\/strong>Il permet d'obtenir une qualit\u00e9 d'impression in\u00e9gal\u00e9e dans l'industrie :<\/p>\n<ul>\n<li><strong>R\u00e9solution ultra claire<\/strong>La plaque est fabriqu\u00e9e \u00e0 haute d\u00e9finition (2400 dpi), ce qui permet de restituer avec pr\u00e9cision les couleurs d\u00e9grad\u00e9es et les petits textes (tels que les logos de marque, les v\u0153ux de vacances) et d'\u00e9viter les d\u00e9viations de surimpression.<\/li>\n<li><strong>Processus sp\u00e9cial de b\u00e9n\u00e9diction<\/strong>: Il prend en charge le marquage \u00e0 chaud, le gla\u00e7age local UV, le gaufrage 3D et d'autres effets, tels que l'ajout d'une texture de grain de neige tridimensionnelle ou de bords dor\u00e9s clignotants aux motifs des bas de No\u00ebl pour renforcer l'atmosph\u00e8re de f\u00eate.<\/li>\n<li><strong>Contr\u00f4le strict de la qualit\u00e9<\/strong>: Apr\u00e8s chaque lot d'impression, la diff\u00e9rence de couleur (\u0394E\u22642) est d\u00e9tect\u00e9e par un spectrophotom\u00e8tre afin de garantir la coh\u00e9rence de la production de masse.<\/li>\n<\/ul>\n<h2 id=\"-v-large-scale-intelligent-manufacturing-16-years-of-quality-assurance-\"><strong>5. Fabrication intelligente \u00e0 grande \u00e9chelle, 16 ans d'assurance qualit\u00e9<\/strong><\/h2>\n<p>S'appuyer sur\u00a0<strong>5 320 m\u00e8tres carr\u00e9s de site de production propre<\/strong>Nous fournissons des services efficaces et fiables en mati\u00e8re de cha\u00eene d'approvisionnement :<\/p>\n<ul>\n<li><strong>Capacit\u00e9 de la cha\u00eene compl\u00e8te<\/strong>: \u00c9quip\u00e9 de machines automatiques de d\u00e9coupe, de collage de bo\u00eetes et de lignes d'inspection de la qualit\u00e9, avec une capacit\u00e9 de production quotidienne de 100 000 bo\u00eetes, permettant une livraison acc\u00e9l\u00e9r\u00e9e en 72 heures des commandes urgentes.<\/li>\n<li><strong>16 ans d'exp\u00e9rience<\/strong>: Au service de plus de 500 clients dans le monde, familier avec les exigences de conformit\u00e9 des march\u00e9s europ\u00e9ens et am\u00e9ricains pour les emballages de No\u00ebl (comme la certification FSC).<\/li>\n<li><strong>Service \u00e0 guichet unique<\/strong>: De l'\u00e9preuve de conception (3 \u00e0 5 jours pour l'\u00e9preuve) \u00e0 la distribution logistique (service de consignation), un personnel sp\u00e9cialis\u00e9 assure le suivi tout au long du processus afin de r\u00e9duire les co\u00fbts de communication avec le client.<\/li>\n<\/ul>\n<h2 id=\"-sixth-direct-supply-from-the-source-factory-the-first-choice-for-cost-effectiveness-\"><strong>6. Approvisionnement direct \u00e0 partir de l'usine source, le premier choix pour la rentabilit\u00e9<\/strong><\/h2>\n<ul>\n<li><strong>Vente en gros directe au prix d'usine<\/strong>: Elimination de l'augmentation des prix des interm\u00e9diaires, commandes en gros (\u00e0 partir de 500).<\/li>\n<li><strong>Remise gradient personnalis\u00e9e<\/strong>: Modification gratuite de l'avant-projet pour les commandes de plus de 50 000 bo\u00eetes et subventions logistiques pour les commandes de plus de 100 000 bo\u00eetes, ce qui permet aux marques de contr\u00f4ler les co\u00fbts et d'accro\u00eetre l'efficacit\u00e9.<\/li>\n<\/ul>\n<p><strong>Sc\u00e9narios d'application<\/strong><\/p>\n<ul>\n<li><strong>Coffrets cadeaux pour les f\u00eates de fin d'ann\u00e9e<\/strong>: Cadeaux d'entreprise sur le th\u00e8me de No\u00ebl, ensembles de vente au d\u00e9tail (tels que chaussettes + cartes de v\u0153ux).<\/li>\n<li><strong>Commerce \u00e9lectronique transfrontalier<\/strong>: Respecter les sp\u00e9cifications d'emballage d'Amazon FBA et s'adapter aux besoins d'achat des familles europ\u00e9ennes et am\u00e9ricaines pendant la p\u00e9riode de No\u00ebl.<\/li>\n<li><strong>Co-marquage de la marque<\/strong>: Prise en charge de la personnalisation de l'image IP (telle que les motifs autoris\u00e9s par Disney) afin d'augmenter l'espace de prime du produit.<\/li>\n<\/ul>\n<p><strong>Processus de coop\u00e9ration<\/strong><\/p>\n<ol>\n<li><strong>Confirmation de la demande<\/strong>: Fournir la taille du produit, le projet de conception ou la bo\u00eete d'\u00e9chantillons de r\u00e9f\u00e9rence.<\/li>\n<li><strong>\u00c9preuve 3D<\/strong>: Envoi de bo\u00eetes d'\u00e9chantillons physiques dans les 72 heures.<\/li>\n<li><strong>Production de masse<\/strong>: Apr\u00e8s confirmation de l'\u00e9chantillon, la livraison en vrac sera effectu\u00e9e dans les 7 \u00e0 10 jours.<\/li>\n<\/ol>","protected":false},"excerpt":{"rendered":"<p>1. Possibilit\u00e9 de personnaliser la taille et la doublure en fonction de votre produit, de sorte que le produit s'adapte mieux \u00e0 la bo\u00eete.<br \/>\n2. conception de la fermeture magn\u00e9tique, flexible pour ouvrir et retirer le produit, facile \u00e0 pr\u00e9senter<br \/>\n3. Applicable \u00e0 la fabrication de carton gris 1200 GSM et de papier d'art couch\u00e9 157 GSM<\/p>","protected":false},"featured_media":8940,"template":"","meta":[],"product_brand":[],"product_cat":[30,414,424,31],"product_tag":[1022,897,1021],"class_list":{"0":"post-8937","1":"product","2":"type-product","3":"status-publish","4":"has-post-thumbnail","6":"product_cat-by-industry","7":"product_cat-custom-apparel-boxes","8":"product_cat-magnetic-closure-boxes","9":"product_cat-paper-box-style","10":"product_tag-christmas-socks-packaging","11":"product_tag-custom-boxes-wholesale","12":"product_tag-socks-packaging-boxes","14":"first","15":"instock","16":"shipping-taxable","17":"product-type-simple"},"_links":{"self":[{"href":"https:\/\/zojopackaging.com\/fr\/wp-json\/wp\/v2\/product\/8937","targetHints":{"allow":["GET"]}}],"collection":[{"href":"https:\/\/zojopackaging.com\/fr\/wp-json\/wp\/v2\/product"}],"about":[{"href":"https:\/\/zojopackaging.com\/fr\/wp-json\/wp\/v2\/types\/product"}],"version-history":[{"count":1,"href":"https:\/\/zojopackaging.com\/fr\/wp-json\/wp\/v2\/product\/8937\/revisions"}],"predecessor-version":[{"id":8952,"href":"https:\/\/zojopackaging.com\/fr\/wp-json\/wp\/v2\/product\/8937\/revisions\/8952"}],"wp:featuredmedia":[{"embeddable":true,"href":"https:\/\/zojopackaging.com\/fr\/wp-json\/wp\/v2\/media\/8940"}],"wp:attachment":[{"href":"https:\/\/zojopackaging.com\/fr\/wp-json\/wp\/v2\/media?parent=8937"}],"wp:term":[{"taxonomy":"product_brand","embeddable":true,"href":"https:\/\/zojopackaging.com\/fr\/wp-json\/wp\/v2\/product_brand?post=8937"},{"taxonomy":"product_cat","embeddable":true,"href":"https:\/\/zojopackaging.com\/fr\/wp-json\/wp\/v2\/product_cat?post=8937"},{"taxonomy":"product_tag","embeddable":true,"href":"https:\/\/zojopackaging.com\/fr\/wp-json\/wp\/v2\/product_tag?post=8937"}],"curies":[{"name":"wp","href":"https:\/\/api.w.org\/{rel}","templated":true}]}}