{"id":8945,"date":"2025-03-31T19:23:57","date_gmt":"2025-03-31T11:23:57","guid":{"rendered":"https:\/\/zojopackaging.com\/?post_type=product&#038;p=8945"},"modified":"2025-03-31T19:52:07","modified_gmt":"2025-03-31T11:52:07","slug":"custom-unique-perfume-packaging-box-saudi-design-manufacturer","status":"publish","type":"product","link":"https:\/\/zojopackaging.com\/fr\/product\/custom-unique-perfume-packaging-box-saudi-design-manufacturer\/","title":{"rendered":"Bo\u00eete d'emballage de parfum unique et personnalis\u00e9e Fabricant de design saoudien"},"content":{"rendered":"<h3 id=\"-1-350g-single-powder-card-material-retro-texture-and-durability-\"><strong>1. Mat\u00e9riau de la carte \u00e0 poudre unique de 350 g : texture r\u00e9tro et durabilit\u00e9<\/strong><\/h3>\n<p>La surface est lisse et d\u00e9licate gr\u00e2ce \u00e0 l'utilisation d'un papier cartonn\u00e9 de 350 g \u00e0 poudre unique. Les tons r\u00e9tro du motif orange et du fond beige sont fid\u00e8lement restitu\u00e9s par l'impression en quadrichromie. Gr\u00e2ce \u00e0 la technologie UV pleine plaque, le motif pr\u00e9sente une texture tr\u00e8s brillante, simulant l'effet de peinture r\u00e9tro, tout en am\u00e9liorant les performances anti-rayures pour garantir qu'il ne s'use pas facilement pendant le transport.<\/p>\n<h3 id=\"-2-retro-clock-pattern-design-visual-symbol-of-brand-concept-\"><strong>2. Horloge r\u00e9tro : symbole visuel du concept de la marque<\/strong><\/h3>\n<p>Le centre de la surface de la bo\u00eete pr\u00e9sente une horloge \u00e0 chiffres romains (\u216a, \u216b, \u2160, etc.) avec une technologie de sculpture r\u00e9tro, symbolisant les \"moments pr\u00e9cieux\", entour\u00e9e de motifs de vigne baroques, combin\u00e9s \u00e0 un fond beige et \u00e0 un d\u00e9grad\u00e9 d'orange, cr\u00e9ant un luxe nostalgique, en accord avec le ton narratif des marques de parfum haut de gamme.<\/p>\n<h3 id=\"-3-four-color-printing-full-page-uv-double-upgrade-of-color-and-touch-\"><strong>3. Impression en quadrichromie + UV pleine page : double am\u00e9lioration de la couleur et du toucher<\/strong><\/h3>\n<p>L'orange (Pantone 165C) et le beige (Pantone Warm Gray 1C) de la maquette sont fid\u00e8lement restitu\u00e9s par la presse quadrichromique Heidelberg, et le vernis UV pleine page couvre la surface de la bo\u00eete, formant un contraste stratifi\u00e9 entre les surfaces mates et brillantes, avec un toucher d\u00e9licat comme la soie, et mettant visuellement en \u00e9vidence l'effet de relief tridimensionnel.<\/p>\n<h3 id=\"-4-roman-numerals-and-clock-elements-details-strengthen-the-brand-story-\"><strong>4. Chiffres romains et \u00e9l\u00e9ments d'horloge : des d\u00e9tails qui renforcent l'histoire de la marque<\/strong><\/h3>\n<p>Le motif de l'horloge sur la surface de la bo\u00eete adopte la technologie de la gravure laser concave et convexe, les bords des chiffres sont clairs et nets, et le motif de la vigne pr\u00e9sente une touche tridimensionnelle gr\u00e2ce au processus de gaufrage, faisant \u00e9cho au slogan \"THIS IS A CHARMING MOMENT FOR YOU\" (C'EST UN MOMENT CHARMANT POUR VOUS), traduisant la qu\u00eate de sens rituel de la marque.<\/p>\n<h3 id=\"-5-orange-and-white-contrast-pure-white-background-highly-recognizable-minimalist-aesthetics-\"><strong>5. Contraste orange et blanc + fond blanc pur : une esth\u00e9tique minimaliste tr\u00e8s reconnaissable<\/strong><\/h3>\n<p>Le motif principal orange forme un contraste de faible saturation avec le fond beige et est assorti au bord de la bo\u00eete inf\u00e9rieure blanc pur pour cr\u00e9er un sentiment de luxe ; le texte \"PERFUME\" utilise une police \u00e0 empattement avec une technologie or noir chaud et est m\u00e9lang\u00e9 avec une police de slogan sans empattement pour \u00e9quilibrer l'esth\u00e9tique r\u00e9tro et moderne.<\/p>\n<h3 id=\"-6-factory-automated-production-7-day-fast-delivery-of-retro-complex-structures-\"><strong>6. Production automatis\u00e9e en usine : Livraison rapide en 7 jours de structures r\u00e9tro complexes<\/strong><\/h3>\n<p>L'usine est \u00e9quip\u00e9e d'un \u00e9quipement de d\u00e9coupe enti\u00e8rement automatique, qui permet de d\u00e9couper avec une grande pr\u00e9cision des motifs complexes et des chiffres romains (erreur \u2264 0,1 mm), combin\u00e9 \u00e0 des capacit\u00e9s de livraison rapide sous 7 \u00e0 9 jours, afin de r\u00e9pondre aux besoins de personnalisation des petits lots (quantit\u00e9 minimale de 500 pi\u00e8ces), garantissant ainsi la restauration du design.<\/p>\n<h3 id=\"-7-environmental-certification-endorsement-sustainable-technology-is-suitable-for-the-international-market-\"><strong>7. Certification environnementale : La technologie durable est adapt\u00e9e au march\u00e9 international<\/strong><\/h3>\n<p>L'utilisation de carton certifi\u00e9 FSC et de vernis \u00e0 base d'eau r\u00e9pond aux normes environnementales REACH de l'UE. Dans le m\u00eame temps, le proc\u00e9d\u00e9 UV mat r\u00e9duit la pollution volatile de l'encre, ce qui permet \u00e0 la marque de cr\u00e9er le concept de \"r\u00e9tro \u00e9cologique\" et de r\u00e9pondre aux besoins des march\u00e9s europ\u00e9en et am\u00e9ricain en mati\u00e8re d'emballage durable.<\/p>","protected":false},"excerpt":{"rendered":"<p>Ce design a \u00e9t\u00e9 personnalis\u00e9 pour une marque europ\u00e9enne de parfums de salon de niche. L'\u00e9l\u00e9ment horloge v\u00e9hicule le concept de \"classique \u00e9ternel\". Le rev\u00eatement UV sur la surface de la bo\u00eete renforce le sentiment de c\u00e9r\u00e9monie de d\u00e9ballage. Les commentaires des clients montrent que le taux de r\u00e9achat des coffrets cadeaux a augment\u00e9 de 25%.<\/p>","protected":false},"featured_media":8947,"template":"","meta":[],"product_brand":[],"product_cat":[30,417,430,31],"product_tag":[817,1024,1023],"class_list":{"0":"post-8945","1":"product","2":"type-product","3":"status-publish","4":"has-post-thumbnail","6":"product_cat-by-industry","7":"product_cat-custom-perfume-boxes-by-industry","8":"product_cat-folding-cartons","9":"product_cat-paper-box-style","10":"product_tag-custom-box","11":"product_tag-packaging-box-saudi-design","12":"product_tag-unique-perfume-packaging-box","14":"first","15":"instock","16":"shipping-taxable","17":"product-type-grouped"},"_links":{"self":[{"href":"https:\/\/zojopackaging.com\/fr\/wp-json\/wp\/v2\/product\/8945","targetHints":{"allow":["GET"]}}],"collection":[{"href":"https:\/\/zojopackaging.com\/fr\/wp-json\/wp\/v2\/product"}],"about":[{"href":"https:\/\/zojopackaging.com\/fr\/wp-json\/wp\/v2\/types\/product"}],"version-history":[{"count":1,"href":"https:\/\/zojopackaging.com\/fr\/wp-json\/wp\/v2\/product\/8945\/revisions"}],"predecessor-version":[{"id":8959,"href":"https:\/\/zojopackaging.com\/fr\/wp-json\/wp\/v2\/product\/8945\/revisions\/8959"}],"wp:featuredmedia":[{"embeddable":true,"href":"https:\/\/zojopackaging.com\/fr\/wp-json\/wp\/v2\/media\/8947"}],"wp:attachment":[{"href":"https:\/\/zojopackaging.com\/fr\/wp-json\/wp\/v2\/media?parent=8945"}],"wp:term":[{"taxonomy":"product_brand","embeddable":true,"href":"https:\/\/zojopackaging.com\/fr\/wp-json\/wp\/v2\/product_brand?post=8945"},{"taxonomy":"product_cat","embeddable":true,"href":"https:\/\/zojopackaging.com\/fr\/wp-json\/wp\/v2\/product_cat?post=8945"},{"taxonomy":"product_tag","embeddable":true,"href":"https:\/\/zojopackaging.com\/fr\/wp-json\/wp\/v2\/product_tag?post=8945"}],"curies":[{"name":"wp","href":"https:\/\/api.w.org\/{rel}","templated":true}]}}