{"id":8953,"date":"2025-03-31T19:37:25","date_gmt":"2025-03-31T11:37:25","guid":{"rendered":"https:\/\/zojopackaging.com\/?post_type=product&#038;p=8953"},"modified":"2025-03-31T20:03:13","modified_gmt":"2025-03-31T12:03:13","slug":"wholesale-custom-jewelry-ring-packaging-boxes-with-logo","status":"publish","type":"product","link":"https:\/\/zojopackaging.com\/fr\/product\/wholesale-custom-jewelry-ring-packaging-boxes-with-logo\/","title":{"rendered":"Bo\u00eetes d'emballage pour bagues de bijoux en gros avec logo"},"content":{"rendered":"<h2 id=\"-core-advantages-of-the-product-\"><strong>Avantages principaux du produit<\/strong><\/h2>\n<ol>\n<li><strong>Conception pratique de type tiroir<\/strong>\u00a0Gr\u00e2ce \u00e0 sa structure en forme de tiroir, la bo\u00eete int\u00e9rieure peut \u00eatre facilement extraite, ce qui permet d'exposer et de prendre facilement des bagues de bijoux. Les bo\u00eetes int\u00e9rieure et ext\u00e9rieure sont \u00e9troitement embo\u00eet\u00e9es, et l'ouverture et la fermeture se font en douceur. Elles allient praticit\u00e9 et \u00e9l\u00e9gance et conviennent \u00e0 la pr\u00e9sentation de bijoux haut de gamme et \u00e0 la mise en sc\u00e8ne de cadeaux.<\/li>\n<li><strong>Proc\u00e9d\u00e9 d'impression Heidelberg<\/strong>\u00a0L'impression de surface utilise la machine d'impression Heidelberg import\u00e9e d'Allemagne pour garantir que les motifs, les logos et les textes sont clairs et brillants, et que la couleur est uniforme et chaude. Elle prend en charge l'impression quadrichromique de haute pr\u00e9cision et la personnalisation des couleurs d'accompagnement pour r\u00e9pondre aux besoins d'unification visuelle de la marque VI et am\u00e9liorer la texture et la reconnaissance de l'emballage.<\/li>\n<li><strong>Mat\u00e9riau \u00e9cologique \u00e0 haute r\u00e9sistance<\/strong>\u00a0Le corps principal est fabriqu\u00e9 en carton gris haute densit\u00e9 1200 GSM, qui r\u00e9siste \u00e0 la pression et aux chocs et ne se d\u00e9forme pas facilement pendant le transport ; la couche ext\u00e9rieure est recouverte de papier couch\u00e9 157 GSM, qui a un toucher d\u00e9licat et se pr\u00eate bien \u00e0 l'impression. Le mat\u00e9riau r\u00e9pond aux normes environnementales internationales (telles que la certification FSC), en tenant compte de la durabilit\u00e9 et du d\u00e9veloppement durable.<\/li>\n<li><strong>Personnalisation flexible du processus et de la taille<\/strong><\/li>\n<li><strong>Processus diversifi\u00e9<\/strong>: Le marquage \u00e0 chaud, l'argent \u00e0 chaud, le gaufrage, les UV, la s\u00e9rigraphie et d'autres proc\u00e9d\u00e9s peuvent \u00eatre combin\u00e9s avec le ton de la marque pour cr\u00e9er un relief tridimensionnel ou un effet de brillance m\u00e9tallique afin d'am\u00e9liorer la qualit\u00e9 de l'emballage.<\/li>\n<li><strong>Adaptation gratuite de la taille<\/strong>: Personnaliser les sp\u00e9cifications de la bo\u00eete d'emballage en fonction de la taille de l'anneau, de la quantit\u00e9 et des exigences de pr\u00e9sentation, comme la bo\u00eete \u00e0 anneau simple, la bo\u00eete \u00e0 anneau double ou la bo\u00eete combin\u00e9e \u00e0 tiroirs multicouches.<\/li>\n<li><strong>Solution professionnelle de fixation du rev\u00eatement<\/strong>\u00a0Plateau int\u00e9rieur personnalisable en EVA ou en flocage, fente pr\u00e9cise pour fixer l'anneau afin d'\u00e9viter les secousses et les rayures pendant le transport. La couleur de la doublure (bleu saphir, gris de qualit\u00e9 sup\u00e9rieure) et le mat\u00e9riau (velours\/PU) peuvent \u00eatre s\u00e9lectionn\u00e9s selon les besoins pour am\u00e9liorer la protection du produit et l'unit\u00e9 visuelle.<\/li>\n<\/ol>\n<h2 id=\"-production-and-service-guarantee-\"><strong>Garantie de production et de service<\/strong><\/h2>\n<ol>\n<li><strong>16 ans de force de production<\/strong>\u00a0L'entreprise poss\u00e8de des b\u00e2timents d'usine modernes et des lignes de production perfectionn\u00e9es, \u00e9quip\u00e9es de machines d'impression Heidelberg, de plieuses-colleuses enti\u00e8rement automatiques et d'autres \u00e9quipements, avec une capacit\u00e9 de production annuelle de plus de 10 millions de pi\u00e8ces, ce qui lui permet de livrer efficacement les commandes de gros volumes.<\/li>\n<li><strong>Service de personnalisation de l'ensemble du processus<\/strong><\/li>\n<li><strong>Soutien \u00e0 la conception<\/strong>: Fournir gratuitement une \u00e9preuve et une confirmation de rendu 3D pour s'assurer que les d\u00e9tails de la conception sont conformes au produit r\u00e9el.<\/li>\n<li><strong>Correspondance exclusive des solutions<\/strong>: Recommander des combinaisons d'artisanat et de mat\u00e9riaux en fonction du positionnement de la marque (luxe l\u00e9ger, r\u00e9tro, minimaliste, etc.) afin d'optimiser les co\u00fbts et les effets.<\/li>\n<li><strong>Contr\u00f4le strict de la qualit\u00e9<\/strong>: Inspection compl\u00e8te de la qualit\u00e9, de la s\u00e9lection des mat\u00e9riaux aux produits finis, contr\u00f4le des erreurs \u22640,5 mm, pour garantir la coh\u00e9rence des lots.<\/li>\n<li><strong>Adaptation de la logistique mondiale<\/strong>\u00a0La bo\u00eete d'emballage est l\u00e9g\u00e8re (environ 0,3-0,5 kg), permet l'exportation transfrontali\u00e8re et est adapt\u00e9e aux normes de transport des plateformes telles qu'Amazon et les stations ind\u00e9pendantes. Un film d'emballage r\u00e9sistant \u00e0 l'humidit\u00e9 ou un sac OPP ind\u00e9pendant peuvent \u00eatre fournis pour garantir un transport longue distance sans dommage.<\/li>\n<\/ol>\n<h2 id=\"-application-scenarios-and-cases-\"><strong>Sc\u00e9narios et cas d'application<\/strong><\/h2>\n<ul>\n<li><strong>Cas de la marque<\/strong>: Bo\u00eetes \u00e0 tiroirs Logo personnalis\u00e9es et estampill\u00e9es en or pour des marques europ\u00e9ennes de bijoux de luxe l\u00e9gers, avec une doublure bleue Tiffany, avec une exp\u00e9dition mensuelle moyenne de plus de 50 000 pi\u00e8ces.<\/li>\n<li><strong>Cat\u00e9gories applicables<\/strong>La gamme de produits peut \u00eatre \u00e9largie \u00e0 des colliers, des boucles d'oreilles et d'autres emballages combin\u00e9s multi-cat\u00e9gories : bagues en diamant, bagues de couple en pierre pr\u00e9cieuse, alliances personnalis\u00e9es, bijoux vintage en argent, etc.<\/li>\n<\/ul>\n<p><strong>Processus de coop\u00e9ration<\/strong>Communication de la demande \u2192 v\u00e9rification de la conception \u2192 confirmation du plan \u2192 production en s\u00e9rie \u2192 inspection de la qualit\u00e9 et exp\u00e9dition (cycle de 7 \u00e0 15 jours).\u00a0<strong>Quantit\u00e9 minimale de commande<\/strong>: 500 pi\u00e8ces.<\/p>\n<p>Si vous souhaitez en savoir plus sur les d\u00e9tails du produit ou obtenir un devis, veuillez contacter le service client\u00e8le pour fournir des \u00e9bauches de conception et des exigences de personnalisation. Nous vous proposerons la meilleure solution dans les 24 heures !<\/p>\n<h2 id=\"-reference-process-and-material-examples-\"><strong>Exemples de proc\u00e9d\u00e9s et de mat\u00e9riaux de r\u00e9f\u00e9rence<\/strong><\/h2>\n<table>\n<thead>\n<tr>\n<th>Type de processus<\/th>\n<th>Effet applicable<\/th>\n<th>Sc\u00e9nario recommand\u00e9<\/th>\n<\/tr>\n<\/thead>\n<tbody>\n<tr>\n<td>Marquage \u00e0 chaud\/argent<\/td>\n<td>\u00c9clat m\u00e9tallique, mise en valeur du logo de la marque<\/td>\n<td>Produits de luxe haut de gamme, s\u00e9ries de mariages<\/td>\n<\/tr>\n<tr>\n<td>Gaufrage + UV<\/td>\n<td>Toucher tridimensionnel, r\u00e9sistance aux rayures<\/td>\n<td>Articles de mode de luxe l\u00e9gers<\/td>\n<\/tr>\n<tr>\n<td>S\u00e9rigraphie + flocage<\/td>\n<td>Texture mate, doublure douce<\/td>\n<td>Bijoux vintage, accessoires faits main<\/td>\n<\/tr>\n<\/tbody>\n<\/table>\n<p>Gr\u00e2ce \u00e0 une personnalisation professionnelle, l'emballage devient une extension de la valeur de la marque !<\/p>","protected":false},"excerpt":{"rendered":"<p>1. Bo\u00eete en papier \u00e0 tiroir, la bo\u00eete int\u00e9rieure peut \u00eatre tir\u00e9e comme un tiroir, ce qui est pratique pour sortir et pr\u00e9senter les produits.<br \/>\n2. La surface est imprim\u00e9e avec une presse Heidelberg, le contenu est clair et lumineux, et la couleur est chaude.<br \/>\n3. Le mat\u00e9riel est compos\u00e9 de carton gris 1200 GSM et de papier d'art couch\u00e9 157 GSM, qui ne se d\u00e9formeront pas pendant le transport.<\/p>","protected":false},"featured_media":8954,"template":"","meta":[],"product_brand":[],"product_cat":[30,415,31,426],"product_tag":[890,1025,1026],"class_list":{"0":"post-8953","1":"product","2":"type-product","3":"status-publish","4":"has-post-thumbnail","6":"product_cat-by-industry","7":"product_cat-custom-jewelry-boxes-by-industry","8":"product_cat-paper-box-style","9":"product_cat-paper-drawer-boxes","10":"product_tag-custom-jewelry-packaging","11":"product_tag-ring-packaging-boxes","12":"product_tag-ring-packaging-wholesale","14":"first","15":"instock","16":"shipping-taxable","17":"product-type-simple"},"_links":{"self":[{"href":"https:\/\/zojopackaging.com\/fr\/wp-json\/wp\/v2\/product\/8953","targetHints":{"allow":["GET"]}}],"collection":[{"href":"https:\/\/zojopackaging.com\/fr\/wp-json\/wp\/v2\/product"}],"about":[{"href":"https:\/\/zojopackaging.com\/fr\/wp-json\/wp\/v2\/types\/product"}],"version-history":[{"count":1,"href":"https:\/\/zojopackaging.com\/fr\/wp-json\/wp\/v2\/product\/8953\/revisions"}],"predecessor-version":[{"id":8967,"href":"https:\/\/zojopackaging.com\/fr\/wp-json\/wp\/v2\/product\/8953\/revisions\/8967"}],"wp:featuredmedia":[{"embeddable":true,"href":"https:\/\/zojopackaging.com\/fr\/wp-json\/wp\/v2\/media\/8954"}],"wp:attachment":[{"href":"https:\/\/zojopackaging.com\/fr\/wp-json\/wp\/v2\/media?parent=8953"}],"wp:term":[{"taxonomy":"product_brand","embeddable":true,"href":"https:\/\/zojopackaging.com\/fr\/wp-json\/wp\/v2\/product_brand?post=8953"},{"taxonomy":"product_cat","embeddable":true,"href":"https:\/\/zojopackaging.com\/fr\/wp-json\/wp\/v2\/product_cat?post=8953"},{"taxonomy":"product_tag","embeddable":true,"href":"https:\/\/zojopackaging.com\/fr\/wp-json\/wp\/v2\/product_tag?post=8953"}],"curies":[{"name":"wp","href":"https:\/\/api.w.org\/{rel}","templated":true}]}}