{"id":8960,"date":"2025-03-31T19:52:18","date_gmt":"2025-03-31T11:52:18","guid":{"rendered":"https:\/\/zojopackaging.com\/?post_type=product&#038;p=8960"},"modified":"2025-03-31T20:09:28","modified_gmt":"2025-03-31T12:09:28","slug":"custom-saudi-arabia-unisex-perfume-folding-carton-box-fragrance-wholesale","status":"publish","type":"product","link":"https:\/\/zojopackaging.com\/fr\/product\/custom-saudi-arabia-unisex-perfume-folding-carton-box-fragrance-wholesale\/","title":{"rendered":"Bo\u00eete \u00e0 parfum unisexe en carton pliant Arabie Saoudite Parfums en gros"},"content":{"rendered":"<h3 id=\"-1-single-powder-card-material-four-color-printing-restore-the-original-color-of-the-design-balance-texture-and-cost-\"><strong>1. Mat\u00e9riau de la carte \u00e0 poudre unique + impression en quadrichromie : r\u00e9tablissement de la couleur d'origine du dessin, \u00e9quilibre entre la texture et le co\u00fbt.<\/strong><\/h3>\n<p>La surface est lisse et d\u00e9licate, et la texture de diamant vert clair et le motif complexe orange sont restaur\u00e9s avec pr\u00e9cision gr\u00e2ce \u00e0 l'impression quadrichromique Heidelberg. L'erreur de saturation des couleurs est \u22643%, ce qui garantit que le texte \"DELICATEPERFUME\" et \"THE FRAGRANCE OF FLOWERS\" sont clairs et nets, ce qui convient aux exigences \u00e9lev\u00e9es des marques de parfums haut de gamme en mati\u00e8re de d\u00e9tails visuels.<\/p>\n<h3 id=\"-2-matt-film-full-page-uv-process-visual-collision-of-matte-and-gloss-\"><strong>2. Film mat + proc\u00e9d\u00e9 UV pleine page : collision visuelle entre le mat et le brillant<\/strong><\/h3>\n<p>La surface est recouverte d'un film mat pour renforcer le toucher d\u00e9licat, et le vernis UV pleine page est utilis\u00e9 pour renforcer la brillance du motif. Par exemple, le motif orange sur le c\u00f4t\u00e9 droit de la bo\u00eete forme un reflet local sur le fond mat, simulant l'effet immersif de la \"vaporisation de parfum\", le toucher est aussi doux que la soie et la r\u00e9sistance aux rayures est am\u00e9lior\u00e9e de 50%.<\/p>\n<h3 id=\"-3-flat-pack-shipping-design-save-up-to-30-of-logistics-costs-\"><strong>3. Conception d'exp\u00e9dition \u00e0 plat : \u00c9conomiser jusqu'\u00e0 30% de co\u00fbts logistiques<\/strong><\/h3>\n<p>La bo\u00eete \u00e0 cartes adopte une structure pliante. Lorsqu'elle est d\u00e9pli\u00e9e, c'est une bo\u00eete tridimensionnelle. Lorsqu'elle est pli\u00e9e, l'\u00e9paisseur ne repr\u00e9sente qu'un tiers du volume d'origine. Gr\u00e2ce au syst\u00e8me d'entreposage automatis\u00e9, le volume de transport en une seule fois est doubl\u00e9. Par exemple, l'usine a personnalis\u00e9 100 000 ensembles de bo\u00eetes plates pour des clients europ\u00e9ens, et le co\u00fbt du transport a \u00e9t\u00e9 inf\u00e9rieur de 28% \u00e0 celui des bo\u00eetes traditionnelles.<\/p>\n<h3 id=\"-4-daily-production-capacity-of-60-000-boxes-7-day-fast-delivery-seize-the-market-opportunity-\"><strong>4. Capacit\u00e9 de production quotidienne de 60 000 bo\u00eetes : Livraison rapide en 7 jours, saisir l'opportunit\u00e9 du march\u00e9<\/strong><\/h3>\n<p>La ligne de production intelligente que nous poss\u00e9dons est \u00e9quip\u00e9e de machines de d\u00e9coupe enti\u00e8rement automatiques et d'\u00e9quipements d'impression num\u00e9rique, avec une production quotidienne de 60 000 pi\u00e8ces, permettant la personnalisation de petites s\u00e9ries (commande minimale de 500 pi\u00e8ces). Il ne faut que 5 \u00e0 7 jours ouvrables entre la confirmation de la conception et l'exp\u00e9dition, ce qui permet de r\u00e9pondre aux besoins de la marque en mati\u00e8re de promotion pendant la haute saison ou de lancement de nouveaux produits.<\/p>\n<h3 id=\"-5-diamond-texture-clock-element-details-convey-brand-story-\"><strong>5. Texture diamant\u00e9e + \u00e9l\u00e9ment d'horloge : les d\u00e9tails v\u00e9hiculent l'histoire de la marque<\/strong><\/h3>\n<p>La texture diamant\u00e9e sur la surface gauche de la bo\u00eete pr\u00e9sente une touche tridimensionnelle gr\u00e2ce \u00e0 la technologie de gravure laser concave et convexe, et le motif orange sur la droite est combin\u00e9 avec le motif de l'horloge (chiffres romains tels que \u216a, \u216b et \u2160), faisant \u00e9cho au texte \"Ceci est un moment charmant pour vous\", v\u00e9hiculant le concept de la marque \"moments pr\u00e9cieux\" et renfor\u00e7ant la r\u00e9sonance \u00e9motionnelle chez les consommateurs.<\/p>\n<h3 id=\"-6-environmental-certification-endorsement-fsc-material-is-suitable-for-the-international-market-\"><strong>6. Certification environnementale : Le mat\u00e9riau FSC est adapt\u00e9 au march\u00e9 international<\/strong><\/h3>\n<p>L'utilisation de carton certifi\u00e9 FSC et de vernis \u00e0 base d'eau r\u00e9pond aux normes de protection de l'environnement REACH de l'UE, et le proc\u00e9d\u00e9 UV mat r\u00e9duit la pollution volatile de l'encre, ce qui aide la marque \u00e0 cr\u00e9er le concept de \"luxe durable\" et \u00e0 r\u00e9pondre aux exigences strictes des march\u00e9s europ\u00e9en et am\u00e9ricain en mati\u00e8re de mat\u00e9riaux d'emballage.<\/p>\n<h3 id=\"-7-professional-team-support-full-link-service-from-design-to-implementation-\"><strong>7. Soutien d'une \u00e9quipe professionnelle : service complet de la conception \u00e0 la mise en \u0153uvre<\/strong><\/h3>\n<p>L'\u00e9quipe de conception d'emballages, forte de 20 ans d'exp\u00e9rience, prend en charge la modification des fichiers source CDR\/AI et fournit gratuitement trois jeux de sch\u00e9mas de couleurs. Par exemple, la couleur de la texture du diamant (comme l'or champagne et le bleu brumeux) est ajust\u00e9e en fonction de la couleur du LOGO du client afin de garantir une grande compatibilit\u00e9 entre la conception et la production.<\/p>","protected":false},"excerpt":{"rendered":"<p>Cette conception a \u00e9t\u00e9 personnalis\u00e9e pour une marque de parfums de salon haut de gamme au Moyen-Orient. La structure plate a permis d'\u00e9conomiser 15% de frais d'exp\u00e9dition, et le processus UV pleine page a rendu le motif de la bo\u00eete tr\u00e8s reconnaissable, m\u00eame dans l'environnement tr\u00e8s lumineux du d\u00e9sert, ce qui a augment\u00e9 le taux de r\u00e9achat des clients de 30%.<\/p>","protected":false},"featured_media":8965,"template":"","meta":[],"product_brand":[],"product_cat":[30,417,430,31],"product_tag":[1028,1027,1029],"class_list":{"0":"post-8960","1":"product","2":"type-product","3":"status-publish","4":"has-post-thumbnail","6":"product_cat-by-industry","7":"product_cat-custom-perfume-boxes-by-industry","8":"product_cat-folding-cartons","9":"product_cat-paper-box-style","10":"product_tag-box-fragrance-wholesale","11":"product_tag-custom-unisex-perfume-box","12":"product_tag-folding-carton-box-fragrance","14":"first","15":"instock","16":"shipping-taxable","17":"product-type-grouped"},"_links":{"self":[{"href":"https:\/\/zojopackaging.com\/fr\/wp-json\/wp\/v2\/product\/8960","targetHints":{"allow":["GET"]}}],"collection":[{"href":"https:\/\/zojopackaging.com\/fr\/wp-json\/wp\/v2\/product"}],"about":[{"href":"https:\/\/zojopackaging.com\/fr\/wp-json\/wp\/v2\/types\/product"}],"version-history":[{"count":1,"href":"https:\/\/zojopackaging.com\/fr\/wp-json\/wp\/v2\/product\/8960\/revisions"}],"predecessor-version":[{"id":8975,"href":"https:\/\/zojopackaging.com\/fr\/wp-json\/wp\/v2\/product\/8960\/revisions\/8975"}],"wp:featuredmedia":[{"embeddable":true,"href":"https:\/\/zojopackaging.com\/fr\/wp-json\/wp\/v2\/media\/8965"}],"wp:attachment":[{"href":"https:\/\/zojopackaging.com\/fr\/wp-json\/wp\/v2\/media?parent=8960"}],"wp:term":[{"taxonomy":"product_brand","embeddable":true,"href":"https:\/\/zojopackaging.com\/fr\/wp-json\/wp\/v2\/product_brand?post=8960"},{"taxonomy":"product_cat","embeddable":true,"href":"https:\/\/zojopackaging.com\/fr\/wp-json\/wp\/v2\/product_cat?post=8960"},{"taxonomy":"product_tag","embeddable":true,"href":"https:\/\/zojopackaging.com\/fr\/wp-json\/wp\/v2\/product_tag?post=8960"}],"curies":[{"name":"wp","href":"https:\/\/api.w.org\/{rel}","templated":true}]}}