{"id":8968,"date":"2025-03-31T20:06:07","date_gmt":"2025-03-31T12:06:07","guid":{"rendered":"https:\/\/zojopackaging.com\/?post_type=product&#038;p=8968"},"modified":"2025-03-31T20:19:36","modified_gmt":"2025-03-31T12:19:36","slug":"custom-jacket-coat-clothes-collapsible-gift-box-wholesale","status":"publish","type":"product","link":"https:\/\/zojopackaging.com\/fr\/product\/custom-jacket-coat-clothes-collapsible-gift-box-wholesale\/","title":{"rendered":"Bo\u00eete cadeau pliable personnalis\u00e9e pour veste et manteau Wholesale"},"content":{"rendered":"<h2 id=\"1-innovative-magnetic-flip-cover-design-fun-and-convenience-\">1.\u00a0<strong>Conception innovante du couvercle \u00e0 fermeture magn\u00e9tique, amusante et pratique<\/strong><\/h2>\n<p>La structure d'ouverture et de fermeture du couvercle magn\u00e9tique remplace la m\u00e9thode traditionnelle de la boucle ou du collage. Les utilisateurs peuvent facilement l'ouvrir d'une seule main, et il se referme automatiquement lorsqu'il est ferm\u00e9, ce qui am\u00e9liore non seulement la commodit\u00e9 d'utilisation, mais ajoute \u00e9galement un plaisir interactif. Le bord du couvercle de la bo\u00eete est renforc\u00e9 et ne se d\u00e9forme pas apr\u00e8s des ouvertures et fermetures r\u00e9p\u00e9t\u00e9es, ce qui convient aux cadeaux d'affaires \u00e0 haute fr\u00e9quence ou aux sc\u00e9narios de vente au d\u00e9tail.<\/p>\n<h2>2. Repliable<strong>\u00a0Conception plate pour r\u00e9duire les co\u00fbts de transport<\/strong><\/h2>\n<p>La bo\u00eete-cadeau adopte une structure modulaire de bo\u00eetes-cadeaux pliables, qui sont empil\u00e9es \u00e0 plat lors de l'exp\u00e9dition. Le volume de transport est r\u00e9duit de plus de 60% par rapport au type de bo\u00eete traditionnel, ce qui permet de r\u00e9duire consid\u00e9rablement les co\u00fbts logistiques. La conception de la couche tampon antichoc int\u00e9gr\u00e9e garantit qu'il n'y a aucun risque de compression ou de froissement des vestes pendant le transport. \u00c0 l'arriv\u00e9e, il suffit d'un simple assemblage pour r\u00e9tablir la forme tridimensionnelle, en tenant compte des co\u00fbts et des besoins de protection du produit.<\/p>\n<h2 id=\"3-full-scene-customized-printing-to-strengthen-the-brand-image-\">3.\u00a0<strong>Impression personnalis\u00e9e sur toute la surface pour renforcer l'image de marque<\/strong><\/h2>\n<p>La technologie d'impression quadrichromique de haute pr\u00e9cision permet de personnaliser le LOGO de la surface de la bo\u00eete, le motif et les informations textuelles afin de les adapter au syst\u00e8me VI de l'entreprise ou \u00e0 la conception du th\u00e8me des vacances. Par exemple, des mots-cl\u00e9s tels que \"urban bureau style\" et \"business casual\" peuvent \u00eatre incorpor\u00e9s dans les caract\u00e9ristiques du produit de la veste, ou des histoires de marque peuvent \u00eatre imprim\u00e9es pour am\u00e9liorer la valeur ajout\u00e9e culturelle. Le carton de la doublure int\u00e9rieure peut \u00e9galement \u00eatre imprim\u00e9 avec des instructions de lavage ou des suggestions d'habillage afin d'\u00e9tendre la cha\u00eene de services de la marque.<\/p>\n<h2 id=\"4-macaron-color-matching-healing-visual-experience-\">4.\u00a0<strong>Correspondance des couleurs des macarons, exp\u00e9rience visuelle curative<\/strong><\/h2>\n<p>Choisissez des couleurs de macaron \u00e0 faible saturation telles que le rose clair, le bleu clair et le vert menthe pour r\u00e9duire la fatigue visuelle, ce qui correspond \u00e0 la pr\u00e9f\u00e9rence des jeunes consommateurs pour une atmosph\u00e8re de \"gu\u00e9rison d\u00e9tendue\". L'association de blocs de couleurs soutient les solutions de d\u00e9grad\u00e9s, de contrastes et autres, telles qu'une veste grise avec une bo\u00eete cadeau jaune crocodile, qui cr\u00e9e un contraste visuel et renforce l'attrait de la pr\u00e9sentation en rayon.<\/p>\n<h2 id=\"5-high-end-technology-empowers-and-improves-the-texture-level-\">5.\u00a0<strong>La technologie haut de gamme permet de renforcer et d'am\u00e9liorer le niveau de texture<\/strong><\/h2>\n<ul>\n<li><strong>Technologie or\/argent<\/strong>: L'estampage en or tridimensionnel du LOGO de la marque ou de la texture de la surface de la bo\u00eete renforce l'impression de luxe ;<\/li>\n<li><strong>Gaufr\u00e9<\/strong>: Utilisez des moules concaves et convexes pour embosser des textures g\u00e9om\u00e9triques ou des logos de marque sur la surface du carton gris, avec une touche d\u00e9licate ;<\/li>\n<li><strong>Plastification au laser<\/strong>: Partiellement recouvert d'un film laser fantaisie, montrant un effet iris\u00e9 sous une lumi\u00e8re dynamique, adapt\u00e9 \u00e0 la conception d'une \u00e9dition limit\u00e9e pour les f\u00eates de fin d'ann\u00e9e.<\/li>\n<\/ul>\n<h2 id=\"6-high-weight-material-to-ensure-structural-stability-\">6.\u00a0<strong>Mat\u00e9riau de poids \u00e9lev\u00e9 pour assurer la stabilit\u00e9 structurelle<\/strong><\/h2>\n<p>Le corps principal de la bo\u00eete cadeau est fabriqu\u00e9 en carton gris 1200GSM avec une r\u00e9sistance \u00e0 la compression de 50KG\/\u33a1, et la doublure int\u00e9rieure est en papier couch\u00e9 157GSM, avec un film mat sur la surface pour \u00e9viter les rayures. Le test de portance du corps de la bo\u00eete montre qu'elle peut supporter de mani\u00e8re stable 3 vestes de poids standard (environ 1,2KG\/pi\u00e8ce), et qu'il n'y a pas de risque de d\u00e9formation lorsqu'elle est expos\u00e9e \u00e0 la verticale, ce qui convient aux sc\u00e8nes \u00e0 forte exposition telles que les vitrines de centres commerciaux ou les diffusions en direct de commerce \u00e9lectronique.<\/p>\n<h2 id=\"vii-direct-supply-from-the-source-factory-professional-solution-support-\">7. <strong>Fourniture directe par l'usine source, support de solution professionnel<\/strong><\/h2>\n<ol>\n<li><strong>Proposition bas\u00e9e sur un sc\u00e9nario<\/strong>: Par exemple, la \"bo\u00eete-cadeau de style bureau\" pour les vestes de direction de Pierre Cardin, ou l'\"emballage sur le th\u00e8me de l'aventure\" pour les vestes de plein air ;<\/li>\n<li><strong>Suggestions d'optimisation des co\u00fbts<\/strong>: Recommander des solutions de m\u00e9lange de carton gris\/papier sp\u00e9cial en fonction du volume de commande afin d'\u00e9quilibrer la qualit\u00e9 et le budget ;<\/li>\n<li><strong>Conseils en mati\u00e8re de conformit\u00e9 transfrontali\u00e8re<\/strong>: Fournir des options de mat\u00e9riaux certifi\u00e9s FSC pour r\u00e9pondre aux exigences de protection de l'environnement des march\u00e9s europ\u00e9ens et am\u00e9ricains.<\/li>\n<\/ol>\n<h3 id=\"technical-parameters-and-ordering-process\">Param\u00e8tres techniques et proc\u00e9dure de commande<\/h3>\n<table>\n<thead>\n<tr>\n<th>Projet<\/th>\n<th>Param\u00e8tres\/Description<\/th>\n<\/tr>\n<\/thead>\n<tbody>\n<tr>\n<td><strong>Mat\u00e9riel de base<\/strong><\/td>\n<td>1200GSM carton gris + 157GSM papier couch\u00e9<\/td>\n<\/tr>\n<tr>\n<td><strong>Processus d'impression<\/strong><\/td>\n<td>Impression quadrichromique CMYK \u00b10,5 mm de pr\u00e9cision de rep\u00e9rage<\/td>\n<\/tr>\n<tr>\n<td><strong>Taille pli\u00e9e<\/strong><\/td>\n<td>Personnalis\u00e9 en fonction de la taille de la veste<\/td>\n<\/tr>\n<tr>\n<td><strong>Quantit\u00e9 minimale de commande<\/strong><\/td>\n<td>500 pi\u00e8ces (couleurs et styles m\u00e9lang\u00e9s possibles)<\/td>\n<\/tr>\n<tr>\n<td><strong>Cycle d'\u00e9preuvage<\/strong><\/td>\n<td>3-5 jours ouvrables (les frais d'\u00e9preuvage peuvent \u00eatre utilis\u00e9s pour compenser le paiement)<\/td>\n<\/tr>\n<\/tbody>\n<\/table>","protected":false},"excerpt":{"rendered":"<p>1. La conception du couvercle \u00e0 fermeture magn\u00e9tique le rend plus facile \u00e0 ouvrir et plus int\u00e9ressant.<br \/>\n2. Il peut \u00eatre pli\u00e9 \u00e0 plat pour \u00eatre exp\u00e9di\u00e9, ce qui facilite le transport et permet de r\u00e9duire les co\u00fbts de transport.<br \/>\n3. Le contenu imprim\u00e9 peut \u00eatre personnalis\u00e9 en fonction de votre produit, ce qui le rend plus adapt\u00e9 et renforce votre image de marque.<br \/>\n4. La palette de couleurs macaron r\u00e9duit la fatigue visuelle et cr\u00e9e une atmosph\u00e8re relaxante et bienfaisante.<\/p>","protected":false},"featured_media":8970,"template":"","meta":[],"product_brand":[],"product_cat":[30,414,424,31],"product_tag":[1030,1032,1031],"class_list":{"0":"post-8968","1":"product","2":"type-product","3":"status-publish","4":"has-post-thumbnail","6":"product_cat-by-industry","7":"product_cat-custom-apparel-boxes","8":"product_cat-magnetic-closure-boxes","9":"product_cat-paper-box-style","10":"product_tag-clothes-collapsible-gift-box","11":"product_tag-coat-gift-box-wholesale","12":"product_tag-custom-jacket-box","14":"first","15":"instock","16":"shipping-taxable","17":"product-type-simple"},"_links":{"self":[{"href":"https:\/\/zojopackaging.com\/fr\/wp-json\/wp\/v2\/product\/8968","targetHints":{"allow":["GET"]}}],"collection":[{"href":"https:\/\/zojopackaging.com\/fr\/wp-json\/wp\/v2\/product"}],"about":[{"href":"https:\/\/zojopackaging.com\/fr\/wp-json\/wp\/v2\/types\/product"}],"version-history":[{"count":1,"href":"https:\/\/zojopackaging.com\/fr\/wp-json\/wp\/v2\/product\/8968\/revisions"}],"predecessor-version":[{"id":8983,"href":"https:\/\/zojopackaging.com\/fr\/wp-json\/wp\/v2\/product\/8968\/revisions\/8983"}],"wp:featuredmedia":[{"embeddable":true,"href":"https:\/\/zojopackaging.com\/fr\/wp-json\/wp\/v2\/media\/8970"}],"wp:attachment":[{"href":"https:\/\/zojopackaging.com\/fr\/wp-json\/wp\/v2\/media?parent=8968"}],"wp:term":[{"taxonomy":"product_brand","embeddable":true,"href":"https:\/\/zojopackaging.com\/fr\/wp-json\/wp\/v2\/product_brand?post=8968"},{"taxonomy":"product_cat","embeddable":true,"href":"https:\/\/zojopackaging.com\/fr\/wp-json\/wp\/v2\/product_cat?post=8968"},{"taxonomy":"product_tag","embeddable":true,"href":"https:\/\/zojopackaging.com\/fr\/wp-json\/wp\/v2\/product_tag?post=8968"}],"curies":[{"name":"wp","href":"https:\/\/api.w.org\/{rel}","templated":true}]}}