{"id":8976,"date":"2025-03-31T20:11:06","date_gmt":"2025-03-31T12:11:06","guid":{"rendered":"https:\/\/zojopackaging.com\/?post_type=product&#038;p=8976"},"modified":"2025-03-31T20:26:03","modified_gmt":"2025-03-31T12:26:03","slug":"personalized-custom-luxury-perfume-folding-carton-box-whosale","status":"publish","type":"product","link":"https:\/\/zojopackaging.com\/fr\/product\/personalized-custom-luxury-perfume-folding-carton-box-whosale\/","title":{"rendered":"Bo\u00eete en carton pliante personnalis\u00e9e pour parfums Whosale"},"content":{"rendered":"<h4 id=\"-1-material-upgrade-thickened-cardboard-matt-film-protection-to-create-a-invisible-armor-for-perfume-\"><strong>1. Am\u00e9lioration des mat\u00e9riaux : carton \u00e9pais + protection par film mat pour cr\u00e9er une \"armure invisible\" pour le parfum<\/strong><\/h4>\n<p>Le carton monopoudre de 350 g (tel que le carton Invercote Grade 1) est utilis\u00e9 comme mat\u00e9riau de base, avec un film mat sur la surface, qui pr\u00e9sente \u00e0 la fois une r\u00e9sistance aux chocs et une r\u00e9sistance \u00e0 l'humidit\u00e9. La couche de film mat peut r\u00e9duire la perte de friction due au transport, tout en isolant l'humidit\u00e9 de l'\u00e9rosion du parfum, garantissant ainsi que le produit est intact de l'usine au terminal.<\/p>\n<h4 id=\"-2-ergonomic-box-type-double-open-card-box-internal-card-fixation-elegant-one-hand-pick-up-\"><strong>2. Bo\u00eete ergonomique : Bo\u00eete \u00e0 cartes \u00e0 double ouverture + fixation interne des cartes, prise \u00e9l\u00e9gante d'une seule main<\/strong><\/h4>\n<p>La bo\u00eete \u00e0 cartes \u00e0 double ouverture est \u00e9quip\u00e9e d'une fente fixe int\u00e9gr\u00e9e pour cartes, qui convient aux bouteilles de 10 ml \u00e0 100 ml de capacit\u00e9 totale, et les op\u00e9rations d'ouverture et de fermeture peuvent \u00eatre effectu\u00e9es d'une seule main. Les lignes du corps de la bo\u00eete ont \u00e9t\u00e9 optimis\u00e9es par la m\u00e9canique des fluides, avec une prise en main compl\u00e8te et un centre de gravit\u00e9 visuel stable, qui est \u00e0 la fois fonctionnel et ornemental.<\/p>\n<h4 id=\"-3-technological-innovation-seven-color-overprinting-hot-stamping-starburst-replicating-an-artistic-visual-feast-\"><strong>3. Innovation technologique : surimpression sept couleurs + estampage \u00e0 chaud en \u00e9toile, reproduisant une f\u00eate visuelle artistique.<\/strong><\/h4>\n<p>La surface de la bo\u00eete utilise une technologie de surimpression \u00e0 sept couleurs pour obtenir le d\u00e9grad\u00e9 des couleurs populaires annuelles de Pantone (telles que l'orange corail \u2192 violet \u00e9lectrique), et le processus d'estampage \u00e0 chaud permet au LOGO de la marque de pr\u00e9senter un effet d'\u00e9toile sous la lumi\u00e8re. La bo\u00eete de gauche s'inspire du jardin de Monet et la bo\u00eete de droite reproduit la conception artistique des montagnes d'encre et de lavis, r\u00e9pondant ainsi aux besoins d'expression artistique des parfums haut de gamme.<\/p>\n<h4 id=\"-4-visual-aesthetics-a-fusion-of-eastern-and-western-aesthetics-pantone-colors-calligraphy-to-create-an-immersive-experience-\"><strong>4. Esth\u00e9tique visuelle : fusion de l'esth\u00e9tique orientale et occidentale, des couleurs Pantone et de la calligraphie pour cr\u00e9er une exp\u00e9rience immersive.<\/strong><\/h4>\n<p>Le corps de la bo\u00eete de gauche fait \u00e9cho \u00e0 l'esth\u00e9tique moderne avec des blocs de couleurs d\u00e9grad\u00e9es vibrantes, et le ton principal noir et blanc de droite est assorti \u00e0 la calligraphie du nom de la marque, transmettant le zen oriental gr\u00e2ce \u00e0 l'espace vide et \u00e0 la superposition des couches. L'\u00e9quipe de conception prend en charge l'importation directe de fichiers source CDR\/AI, et l'it\u00e9ration la plus rapide de la solution est achev\u00e9e en 24 heures.<\/p>\n<h4 id=\"-5-factory-endorsement-iso-certification-12-quality-inspections-transportation-loss-rate-0-3-\"><strong>5. Approbation de l'usine : Certification ISO + 12 contr\u00f4les de qualit\u00e9, taux de perte de transport \u2264 0,3%<\/strong><\/h4>\n<p>L'usine a obtenu la certification ISO 9001 et a \u00e9t\u00e9 soumise \u00e0 12 processus d'inspection de la qualit\u00e9, de la s\u00e9lection des mat\u00e9riaux aux produits finis, y compris un test d'humidit\u00e9 sur 24 heures (erreur \u00b1 5%) et un test de chute (hauteur de 1,2 m\u00e8tre). Les donn\u00e9es de 2024 montrent que le taux de rupture des bo\u00eetes-cadeaux utilisant ce processus n'est que de 1\/5 de la moyenne de l'industrie.<\/p>\n<h4 id=\"-6-vip-customization-service-30-box-type-database-deep-process-customization-\"><strong>6. Service de personnalisation VIP : Base de donn\u00e9es de plus de 30 types de bo\u00eetes + personnalisation approfondie des processus<\/strong><\/h4>\n<p>Elle propose plus de 30 bases de donn\u00e9es de types de bo\u00eetes (double porte, tiroir, magn\u00e9tique, etc.) et permet une personnalisation pouss\u00e9e (texte estamp\u00e9 \u00e0 chaud, motifs gaufr\u00e9s et impression en tons directs). Par exemple, une marque europ\u00e9enne a atteint un taux de prime produit de 40% gr\u00e2ce \u00e0 la technologie de marquage \u00e0 chaud de calligraphie personnalis\u00e9e.<\/p>\n<h4 id=\"-7-intelligent-production-line-heidelberg-printing-machine-automatic-lamination-daily-production-capacity-of-60-000-pieces-\"><strong>7. Ligne de production intelligente : Machine d'impression Heidelberg + pelliculage automatique, capacit\u00e9 de production journali\u00e8re de 60 000 pi\u00e8ces.<\/strong><\/h4>\n<p>Dot\u00e9e d'\u00e9quipements de pointe internationaux tels que Heidelberg CD102 et Komori Lithrone G40, combin\u00e9s au syst\u00e8me ERP pour r\u00e9aliser la num\u00e9risation de l'ensemble du processus de conception, d'\u00e9preuvage et de production. Par rapport aux usines traditionnelles, l'erreur de poids en grammes est contr\u00f4l\u00e9e \u00e0 0,1 mm pr\u00e8s, et l'entreprise peut achever le processus, de l'\u00e9preuve \u00e0 la livraison des lots, en 7 jours.<\/p>","protected":false},"excerpt":{"rendered":"<p>Ce coffret cadeau a \u00e9t\u00e9 personnalis\u00e9 pour une marque internationale de parfums de salon. Gr\u00e2ce au proc\u00e9d\u00e9 de d\u00e9grad\u00e9 de sept couleurs et \u00e0 la conception de la couverture magn\u00e9tique, il est devenu un succ\u00e8s sur les m\u00e9dias sociaux pendant la Semaine de la mode de Paris 2024, et le taux de r\u00e9achat a augment\u00e9 de 35%.<\/p>","protected":false},"featured_media":8978,"template":"","meta":[],"product_brand":[],"product_cat":[30,417,430,31],"product_tag":[1034,992,1033],"class_list":{"0":"post-8976","1":"product","2":"type-product","3":"status-publish","4":"has-post-thumbnail","6":"product_cat-by-industry","7":"product_cat-custom-perfume-boxes-by-industry","8":"product_cat-folding-cartons","9":"product_cat-paper-box-style","10":"product_tag-luxury-perfume-folding-carton-box","11":"product_tag-perfume-folding-carton-box","12":"product_tag-personalized-custom-box","14":"first","15":"instock","16":"shipping-taxable","17":"product-type-grouped"},"_links":{"self":[{"href":"https:\/\/zojopackaging.com\/fr\/wp-json\/wp\/v2\/product\/8976","targetHints":{"allow":["GET"]}}],"collection":[{"href":"https:\/\/zojopackaging.com\/fr\/wp-json\/wp\/v2\/product"}],"about":[{"href":"https:\/\/zojopackaging.com\/fr\/wp-json\/wp\/v2\/types\/product"}],"version-history":[{"count":1,"href":"https:\/\/zojopackaging.com\/fr\/wp-json\/wp\/v2\/product\/8976\/revisions"}],"predecessor-version":[{"id":8990,"href":"https:\/\/zojopackaging.com\/fr\/wp-json\/wp\/v2\/product\/8976\/revisions\/8990"}],"wp:featuredmedia":[{"embeddable":true,"href":"https:\/\/zojopackaging.com\/fr\/wp-json\/wp\/v2\/media\/8978"}],"wp:attachment":[{"href":"https:\/\/zojopackaging.com\/fr\/wp-json\/wp\/v2\/media?parent=8976"}],"wp:term":[{"taxonomy":"product_brand","embeddable":true,"href":"https:\/\/zojopackaging.com\/fr\/wp-json\/wp\/v2\/product_brand?post=8976"},{"taxonomy":"product_cat","embeddable":true,"href":"https:\/\/zojopackaging.com\/fr\/wp-json\/wp\/v2\/product_cat?post=8976"},{"taxonomy":"product_tag","embeddable":true,"href":"https:\/\/zojopackaging.com\/fr\/wp-json\/wp\/v2\/product_tag?post=8976"}],"curies":[{"name":"wp","href":"https:\/\/api.w.org\/{rel}","templated":true}]}}