{"id":8984,"date":"2025-03-31T20:20:06","date_gmt":"2025-03-31T12:20:06","guid":{"rendered":"https:\/\/zojopackaging.com\/?post_type=product&#038;p=8984"},"modified":"2025-03-31T20:33:34","modified_gmt":"2025-03-31T12:33:34","slug":"custom-luxury-skincare-cosmetic-packaging-boxes-wholesale","status":"publish","type":"product","link":"https:\/\/zojopackaging.com\/fr\/product\/custom-luxury-skincare-cosmetic-packaging-boxes-wholesale\/","title":{"rendered":"Bo\u00eetes d'emballage de luxe pour soins de la peau Wholesale"},"content":{"rendered":"<h2 id=\"1-aesthetic-design-concept-\">1.\u00a0<strong>Concept de design esth\u00e9tique<\/strong><\/h2>\n<ol>\n<li><strong>Esth\u00e9tique classique des couleurs contrast\u00e9es<\/strong>\u00a0Le corps de la bo\u00eete adopte un design bicolore blanc \u00e0 l'ext\u00e9rieur et noir \u00e0 l'int\u00e9rieur. La texture blanche mate de l'ext\u00e9rieur symbolise le concept pur de la marque, et la mati\u00e8re satin\u00e9e noire de l'int\u00e9rieur cr\u00e9e un sentiment de myst\u00e8re et de noblesse. Le ruban de satin noir est assorti d'une \u00e9tiquette m\u00e9tallique personnalis\u00e9e pour renforcer le sens de la c\u00e9r\u00e9monie et le niveau visuel de l'ouverture de la bo\u00eete.<\/li>\n<li><strong>Conception structurelle humanis\u00e9e<\/strong>\u00a0Gr\u00e2ce \u00e0 la structure int\u00e9gr\u00e9e du couvercle, le couvercle et le corps de la bo\u00eete sont parfaitement reli\u00e9s, et l'angle d'ouverture et de fermeture atteint 120\u00b0, ce qui met parfaitement en valeur l'effet de pr\u00e9sentation du produit. La charni\u00e8re est \u00e9quip\u00e9e d'une feuille d'acier \u00e9lastique, qui ne se d\u00e9forme pas apr\u00e8s des milliers de tests d'ouverture et de fermeture, et qui convient aux pr\u00e9sentoirs de comptoir et aux sc\u00e8nes de cadeaux.<\/li>\n<\/ol>\n<h2 id=\"2-professional-material-technology-\">2.\u00a0<strong>Technologie professionnelle des mat\u00e9riaux<\/strong><\/h2>\n<ol>\n<li><strong>Mat\u00e9riau de protection de qualit\u00e9 militaire<\/strong><\/li>\n<li><strong>Structure principale<\/strong>: 1200 GSM carton gris haute densit\u00e9 + 157 GSM papier couch\u00e9 composite press\u00e9, avec une r\u00e9sistance \u00e0 la compression de 80kg\/\u33a1, d\u00e9passant largement la norme industrielle.<\/li>\n<li><strong>Traitement de surface<\/strong>: La bo\u00eete ext\u00e9rieure est recouverte d'un rev\u00eatement UV pour \u00e9viter les rayures, et le processus de flocage de la paroi int\u00e9rieure est d\u00e9licat et a pass\u00e9 la certification environnementale REACH de l'UE.<\/li>\n<li><strong>Syst\u00e8me de rev\u00eatement intelligent<\/strong>\u00a0Plateau int\u00e9rieur composite EVA+satin personnalis\u00e9 selon les donn\u00e9es de num\u00e9risation 3D du produit, avec une tol\u00e9rance de positionnement pr\u00e9cise \u22640,3mm, et le test antisismique montre que le taux de dommages dus au transport peut \u00eatre r\u00e9duit \u00e0 moins de 0,5%.<\/li>\n<\/ol>\n<h2 id=\"iii-brand-empowerment-value-\">3. <strong>Valeur d'autonomisation de la marque<\/strong><\/h2>\n<ol>\n<li><strong>Adaptabilit\u00e9 \u00e0 la sc\u00e8ne haut de gamme<\/strong>\u00a0Con\u00e7u pour les cat\u00e9gories haut de gamme telles que les coffrets d'essences, les coffrets cadeaux de poudres lyophilis\u00e9es, les parfums en \u00e9dition limit\u00e9e, etc., il prend en charge plus de 20 types de processus de personnalisation tels que le marquage \u00e0 chaud, l'embossage et la gravure au laser, ce qui permet d'augmenter la valeur de la marque de 30%-50%.<\/li>\n<li><strong>Garantie d'un service complet<\/strong><\/li>\n<li><strong>16 ans d'exp\u00e9rience en mati\u00e8re de fabrication intelligente<\/strong>L'usine normalis\u00e9e 2000\u33a1, 50 \u00e9quipes professionnelles, et le cycle de livraison de l'\u00e9preuve de conception \u00e0 la production de masse est raccourci \u00e0 15 jours (la moyenne de l'industrie est de 25 jours).<\/li>\n<li><strong>Syst\u00e8me d'approvisionnement du commerce ext\u00e9rieur<\/strong>: Inspection d'usine r\u00e9ussie et certification par Amazon, AliExpress et d'autres plateformes, fourniture d'emballages certifi\u00e9s FSC, de mod\u00e8les sp\u00e9ciaux transfrontaliers et de services d'imbrication manuelle multilingues.<\/li>\n<\/ol>\n<h2 id=\"iv-cooperation-process-\">4. <strong>Processus de coop\u00e9ration<\/strong><\/h2>\n<ol>\n<li><strong>Communication de la demande<\/strong>: Fournir des donn\u00e9es sur la taille, le poids et l'environnement de transport du produit \u2192 Mod\u00e9lisation 3D<\/li>\n<li><strong>Confirmation de l'\u00e9preuve<\/strong>: Envoyer les \u00e9chantillons physiques dans un d\u00e9lai de 5 jours ouvrables (y compris 3 solutions de rev\u00eatement).<\/li>\n<li><strong>Livraison de la production de masse<\/strong>: Commande minimale de 500 pi\u00e8ces, production acc\u00e9l\u00e9r\u00e9e sous 48 heures, logistique mondiale DDP jusqu'\u00e0 la porte.<\/li>\n<\/ol>","protected":false},"excerpt":{"rendered":"<p>1. La bo\u00eete est blanche \u00e0 l'ext\u00e9rieur et noire \u00e0 l'int\u00e9rieur. La combinaison de couleurs noir et blanc est simple et \u00e9l\u00e9gante, et elle est encore plus raffin\u00e9e avec un ruban noir.<br \/>\n2. Le couvercle de la bo\u00eete est reli\u00e9 au corps de la bo\u00eete par une conception pliable, ce qui permet de pr\u00e9senter parfaitement le produit.<br \/>\n3. Le mat\u00e9riel est compos\u00e9 de carton gris 1200 GSM et de papier d'art couch\u00e9 157 GSM, qui est dur et peut mieux prot\u00e9ger le produit.<br \/>\n4. La doublure est con\u00e7ue en fonction de la forme du produit, et le rembourrage en satin joue un r\u00f4le de fixation pour \u00e9viter les secousses et les collisions pendant le transport.<\/p>","protected":false},"featured_media":8987,"template":"","meta":[],"product_brand":[],"product_cat":[30,390,424,31],"product_tag":[1037,1035,1036],"class_list":{"0":"post-8984","1":"product","2":"type-product","3":"status-publish","4":"has-post-thumbnail","6":"product_cat-by-industry","7":"product_cat-custom-cosmetics-boxes","8":"product_cat-magnetic-closure-boxes","9":"product_cat-paper-box-style","10":"product_tag-cosmetic-packaging-boxes-wholesale","11":"product_tag-custom-skincare-packaging","12":"product_tag-luxury-cosmetic-packaging","14":"first","15":"instock","16":"shipping-taxable","17":"product-type-simple"},"_links":{"self":[{"href":"https:\/\/zojopackaging.com\/fr\/wp-json\/wp\/v2\/product\/8984","targetHints":{"allow":["GET"]}}],"collection":[{"href":"https:\/\/zojopackaging.com\/fr\/wp-json\/wp\/v2\/product"}],"about":[{"href":"https:\/\/zojopackaging.com\/fr\/wp-json\/wp\/v2\/types\/product"}],"version-history":[{"count":1,"href":"https:\/\/zojopackaging.com\/fr\/wp-json\/wp\/v2\/product\/8984\/revisions"}],"predecessor-version":[{"id":8998,"href":"https:\/\/zojopackaging.com\/fr\/wp-json\/wp\/v2\/product\/8984\/revisions\/8998"}],"wp:featuredmedia":[{"embeddable":true,"href":"https:\/\/zojopackaging.com\/fr\/wp-json\/wp\/v2\/media\/8987"}],"wp:attachment":[{"href":"https:\/\/zojopackaging.com\/fr\/wp-json\/wp\/v2\/media?parent=8984"}],"wp:term":[{"taxonomy":"product_brand","embeddable":true,"href":"https:\/\/zojopackaging.com\/fr\/wp-json\/wp\/v2\/product_brand?post=8984"},{"taxonomy":"product_cat","embeddable":true,"href":"https:\/\/zojopackaging.com\/fr\/wp-json\/wp\/v2\/product_cat?post=8984"},{"taxonomy":"product_tag","embeddable":true,"href":"https:\/\/zojopackaging.com\/fr\/wp-json\/wp\/v2\/product_tag?post=8984"}],"curies":[{"name":"wp","href":"https:\/\/api.w.org\/{rel}","templated":true}]}}