{"id":8991,"date":"2025-03-31T20:29:01","date_gmt":"2025-03-31T12:29:01","guid":{"rendered":"https:\/\/zojopackaging.com\/?post_type=product&#038;p=8991"},"modified":"2025-03-31T21:02:13","modified_gmt":"2025-03-31T13:02:13","slug":"oem-cardboard-box-perfume-luxury-packaging-box-manufacturer","status":"publish","type":"product","link":"https:\/\/zojopackaging.com\/fr\/product\/oem-cardboard-box-perfume-luxury-packaging-box-manufacturer\/","title":{"rendered":"Bo\u00eete en carton OEM pour parfum Bo\u00eete d'emballage de luxe Fabricant"},"content":{"rendered":"<h4 id=\"-1-material-upgrade-350g-white-card-four-color-printing-environmental-protection-and-texture-are-both-excellent-\"><strong>1. Am\u00e9lioration du mat\u00e9riau : carte blanche de 350 g + impression en quadrichromie, la protection de l'environnement et la texture sont toutes deux excellentes.<\/strong><\/h4>\n<p>Le carton blanc de 350 g, imprim\u00e9 en quadrichromie, est net et respectueux de l'environnement. Il prot\u00e8ge efficacement le flacon de parfum et lui conf\u00e8re une touche de d\u00e9licatesse et d'\u00e9l\u00e9gance.<\/p>\n<h4 id=\"-2-double-card-box-structure-convenient-opening-and-closing-transportation-protection-\"><strong>2. Structure de la bo\u00eete \u00e0 double carte : ouverture et fermeture pratiques + protection pendant le transport<\/strong><\/h4>\n<p>La bo\u00eete adopte une structure \u00e0 double carte avec un couvercle sup\u00e9rieur et un couvercle inf\u00e9rieur. Le couvercle et le corps de la bo\u00eete sont reli\u00e9s par une fente pr\u00e9cise, et peuvent \u00eatre ouverts et ferm\u00e9s \u00e9l\u00e9gamment d'une seule main. L'erreur de d\u00e9coupe est \u22640,1 mm, convient aux bouteilles de 30 ml \u00e0 100 ml de capacit\u00e9 totale, et la r\u00e9sistance \u00e0 la compression pendant le transport est augment\u00e9e de 25%.<\/p>\n<h4 id=\"-3-process-innovation-gradient-color-embossed-embossing-dual-upgrade-of-vision-and-touch-\"><strong>3. Innovation du processus : couleur d\u00e9grad\u00e9e + gaufrage, double am\u00e9lioration de la vision et du toucher<\/strong><\/h4>\n<p>La couleur d\u00e9grad\u00e9e fait r\u00eaver, et l'impression claire restitue fid\u00e8lement cette caract\u00e9ristique. La couleur de droite est claire et belle, et peut \u00eatre utilis\u00e9e comme th\u00e8me de parfum d'\u00e9t\u00e9.<\/p>\n<h4 id=\"-4-flexible-size-full-capacity-adaptation-to-meet-diversified-needs-\"><strong>4. Taille flexible : adaptation de la capacit\u00e9 totale pour r\u00e9pondre \u00e0 des besoins diversifi\u00e9s<\/strong><\/h4>\n<p>La taille peut \u00eatre personnalis\u00e9e en fonction de votre bouteille de parfum afin de garantir la bonne taille et la stabilit\u00e9 de la bouteille. Nous vous aidons \u00e0 envoyer le flacon \u00e0 l'usine et nous fabriquons gratuitement une bo\u00eete d'\u00e9chantillons blanche pour tester la taille et la stabilit\u00e9.<\/p>\n<h4 id=\"-5-factory-strength-iso-certification-daily-production-capacity-of-60-000-pieces-\"><strong>5. Force de l'usine : Certification ISO + capacit\u00e9 de production quotidienne de 60 000 pi\u00e8ces<\/strong><\/h4>\n<p>L'usine a obtenu la certification du syst\u00e8me de gestion de la qualit\u00e9 ISO 9001. Elle est \u00e9quip\u00e9e d'une machine d'impression Heidelberg XL7508+1, d'une machine intelligente de fabrication de bo\u00eetes enti\u00e8rement automatique et d'autres \u00e9quipements, avec une production journali\u00e8re de 60 000 pi\u00e8ces.<\/p>\n<h4 id=\"-6-vip-customization-service-full-link-support-to-help-brand-upgrade-\"><strong>6. Service de personnalisation VIP : assistance compl\u00e8te pour aider \u00e0 l'am\u00e9lioration de la marque<\/strong><\/h4>\n<p>Elle fournit plus de 30 bases de donn\u00e9es de types de bo\u00eetes et prend en charge une personnalisation pouss\u00e9e telle que l'estampage \u00e0 chaud, l'impression en tons directs et les motifs en relief. Par exemple, une marque europ\u00e9enne a atteint un taux de prime produit de 40% gr\u00e2ce \u00e0 la technologie de marquage \u00e0 chaud de calligraphie personnalis\u00e9e.<\/p>\n<h4 id=\"-7-full-process-quality-inspection-from-paper-strength-to-color-calibration-\"><strong>7. Inspection de la qualit\u00e9 tout au long du processus : de la solidit\u00e9 du papier \u00e0 l'\u00e9talonnage des couleurs<\/strong><\/h4>\n<p>Effectuer 12 proc\u00e9dures d'inspection de la qualit\u00e9, y compris un test d'humidit\u00e9 sur 24 heures (erreur \u00b15%), un test de chute (hauteur de 1,2 m\u00e8tre) et un \u00e9talonnage de l'erreur CMJN \u22643%, afin de garantir que le taux de perte au cours du transport est \u22640,3%.<\/p>","protected":false},"excerpt":{"rendered":"<p>Cette bo\u00eete a \u00e9t\u00e9 personnalis\u00e9e pour une marque internationale de parfums de salon. Gr\u00e2ce au proc\u00e9d\u00e9 des couleurs d\u00e9grad\u00e9es, il est devenu un succ\u00e8s sur les m\u00e9dias sociaux pendant la Semaine de la mode de Paris 2024, et le taux de r\u00e9achat a augment\u00e9 de 35%.<\/p>","protected":false},"featured_media":8994,"template":"","meta":[],"product_brand":[],"product_cat":[30,417,430,31],"product_tag":[934,1038,1039],"class_list":{"0":"post-8991","1":"product","2":"type-product","3":"status-publish","4":"has-post-thumbnail","6":"product_cat-by-industry","7":"product_cat-custom-perfume-boxes-by-industry","8":"product_cat-folding-cartons","9":"product_cat-paper-box-style","10":"product_tag-box-manufacturer","11":"product_tag-oem-cardboard-box","12":"product_tag-perfume-luxury-packaging-box","14":"first","15":"instock","16":"shipping-taxable","17":"product-type-grouped"},"_links":{"self":[{"href":"https:\/\/zojopackaging.com\/fr\/wp-json\/wp\/v2\/product\/8991","targetHints":{"allow":["GET"]}}],"collection":[{"href":"https:\/\/zojopackaging.com\/fr\/wp-json\/wp\/v2\/product"}],"about":[{"href":"https:\/\/zojopackaging.com\/fr\/wp-json\/wp\/v2\/types\/product"}],"version-history":[{"count":1,"href":"https:\/\/zojopackaging.com\/fr\/wp-json\/wp\/v2\/product\/8991\/revisions"}],"predecessor-version":[{"id":9007,"href":"https:\/\/zojopackaging.com\/fr\/wp-json\/wp\/v2\/product\/8991\/revisions\/9007"}],"wp:featuredmedia":[{"embeddable":true,"href":"https:\/\/zojopackaging.com\/fr\/wp-json\/wp\/v2\/media\/8994"}],"wp:attachment":[{"href":"https:\/\/zojopackaging.com\/fr\/wp-json\/wp\/v2\/media?parent=8991"}],"wp:term":[{"taxonomy":"product_brand","embeddable":true,"href":"https:\/\/zojopackaging.com\/fr\/wp-json\/wp\/v2\/product_brand?post=8991"},{"taxonomy":"product_cat","embeddable":true,"href":"https:\/\/zojopackaging.com\/fr\/wp-json\/wp\/v2\/product_cat?post=8991"},{"taxonomy":"product_tag","embeddable":true,"href":"https:\/\/zojopackaging.com\/fr\/wp-json\/wp\/v2\/product_tag?post=8991"}],"curies":[{"name":"wp","href":"https:\/\/api.w.org\/{rel}","templated":true}]}}