{"id":9008,"date":"2025-03-31T21:02:51","date_gmt":"2025-03-31T13:02:51","guid":{"rendered":"https:\/\/zojopackaging.com\/?post_type=product&#038;p=9008"},"modified":"2025-03-31T21:27:31","modified_gmt":"2025-03-31T13:27:31","slug":"custom-logo-soft-touch-cardboard-stock-perfume-paper-box-supplier","status":"publish","type":"product","link":"https:\/\/zojopackaging.com\/fr\/product\/custom-logo-soft-touch-cardboard-stock-perfume-paper-box-supplier\/","title":{"rendered":"Bo\u00eete \u00e0 parfum en carton souple avec logo personnalis\u00e9 Fournisseur de bo\u00eetes \u00e0 parfum en papier"},"content":{"rendered":"<h3 id=\"-1-high-quality-white-card-material-firm-box-type-stable-support-\"><strong>1. Mat\u00e9riau en carton blanc de haute qualit\u00e9 : type de bo\u00eete solide, support stable<\/strong><\/h3>\n<p>En utilisant comme mat\u00e9riau de base un carton monopoudre de 350 g (tel que le carton de premi\u00e8re qualit\u00e9 Invercote), la surface est lisse et d\u00e9licate, la couleur du dessin est restitu\u00e9e avec pr\u00e9cision par l'impression en quadrichromie et la rigidit\u00e9 est augment\u00e9e de 40%. Le carton est certifi\u00e9 FSC et r\u00e9pond aux normes de protection de l'environnement REACH de l'UE. Il est aussi d\u00e9licat que la soie et prot\u00e8ge efficacement le flacon de parfum.<\/p>\n<h3 id=\"-2-compact-box-design-space-utilization-rate-reaches-95-\"><strong>2. Conception compacte de la bo\u00eete : le taux d'utilisation de l'espace atteint 95%<\/strong><\/h3>\n<p>Le type de bo\u00eete adopte une structure \u00e0 double carte avec un couvercle sup\u00e9rieur et un couvercle inf\u00e9rieur. Le couvercle et le corps de la bo\u00eete sont reli\u00e9s par une fente pr\u00e9cise pour les cartes. Il convient aux bouteilles de 30 ml \u00e0 100 ml de capacit\u00e9 totale et le taux d'utilisation de l'espace est augment\u00e9 de 20% par rapport au type de bo\u00eete traditionnel. L'erreur de d\u00e9coupe est \u2264 0,1 mm, la r\u00e9sistance \u00e0 la compression est augment\u00e9e de 25% pendant le transport.<\/p>\n<h3 id=\"-3-matt-film-coating-process-waterproof-and-wear-resistant-protect-printed-patterns-\"><strong>3. Rev\u00eatement par film mat : imperm\u00e9able et r\u00e9sistant \u00e0 l'usure, prot\u00e8ge les motifs imprim\u00e9s.<\/strong><\/h3>\n<p>Le film mat sur la surface renforce le toucher d\u00e9licat, tandis que le rev\u00eatement UV renforce la brillance du motif, simulant l'effet immersif de la \"vaporisation de parfum\", le toucher est aussi doux que la soie, et la r\u00e9sistance aux rayures est augment\u00e9e de 50%.<\/p>\n<h3 id=\"-4-professional-mold-customization-adapt-to-diverse-needs-\"><strong>4. Personnalisation professionnelle des moules : adaptation aux diff\u00e9rents besoins<\/strong><\/h3>\n<p>L'usine, qui appartient \u00e0 l'entreprise, est \u00e9quip\u00e9e d'un \u00e9quipement de d\u00e9coupe enti\u00e8rement automatique, prend en charge plus de 30 types d'appels de base de donn\u00e9es de bo\u00eetes et peut personnaliser en profondeur les textes marqu\u00e9s \u00e0 chaud, les motifs gaufr\u00e9s, l'impression en tons directs, etc. Par exemple, une marque europ\u00e9enne a atteint un taux de prime de 40% gr\u00e2ce \u00e0 une technologie de marquage \u00e0 chaud calligraphique personnalis\u00e9e.<\/p>\n<h3 id=\"-5-simple-gradient-design-elegance-and-romance-coexist-\"><strong>5. Motif simple en d\u00e9grad\u00e9 : \u00e9l\u00e9gance et romantisme coexistent<\/strong><\/h3>\n<p>Le design g\u00e9n\u00e9ral est bas\u00e9 sur un gradient de couleurs annuelles Pantone (telles que orange corail \u2192 violet \u00e9lectrique) comme couleur principale, avec un nom de marque calligraphi\u00e9, v\u00e9hiculant le concept de la marque \"moments pr\u00e9cieux\", qui est en accord avec la tonalit\u00e9 esth\u00e9tique des parfums haut de gamme.<\/p>\n<h3 id=\"-6-clear-capacity-label-enhanced-information-transmission-function-\"><strong>6. \u00c9tiquette de capacit\u00e9 claire : fonction de transmission d'informations am\u00e9lior\u00e9e<\/strong><\/h3>\n<p>Le corps de la bo\u00eete est marqu\u00e9 d'une \u00e9tiquette d'une capacit\u00e9 de 50 ml, et le processus de marquage \u00e0 chaud est utilis\u00e9 pour que la police refl\u00e8te l'effet d'\u00e9toile sous la lumi\u00e8re, de sorte que les consommateurs puissent rapidement identifier les sp\u00e9cifications du produit et am\u00e9liorer l'exp\u00e9rience d'achat.<\/p>\n<h3 id=\"-7-full-process-after-sales-service-first-line-response-worry-free-quality-\"><strong>7. Service apr\u00e8s-vente complet : r\u00e9ponse en premi\u00e8re ligne, qualit\u00e9 sans souci<\/strong><\/h3>\n<p>12 proc\u00e9dures d'inspection de la qualit\u00e9 sont effectu\u00e9es, y compris un test d'humidit\u00e9 sur 24 heures (erreur \u00b1 5%) et un test de chute (hauteur de 1,2 m\u00e8tre), et le taux de rupture est \u2264 0,3%. Fournir une compensation des dommages, une assurance qualit\u00e9 et d'autres garanties, et r\u00e9pondre aux probl\u00e8mes apr\u00e8s-vente dans les 48 heures.<\/p>","protected":false},"excerpt":{"rendered":"<p>Cette bo\u00eete a \u00e9t\u00e9 personnalis\u00e9e pour une marque de parfums de salon haut de gamme au Moyen-Orient. Gr\u00e2ce au proc\u00e9d\u00e9 du film mat, la surface de la bo\u00eete reste tr\u00e8s reconnaissable sous la forte lumi\u00e8re du d\u00e9sert, et le taux de r\u00e9achat des clients a augment\u00e9 de 30%.<\/p>","protected":false},"featured_media":9013,"template":"","meta":[],"product_brand":[],"product_cat":[30,417,430,31],"product_tag":[1040,1041,864],"class_list":{"0":"post-9008","1":"product","2":"type-product","3":"status-publish","4":"has-post-thumbnail","6":"product_cat-by-industry","7":"product_cat-custom-perfume-boxes-by-industry","8":"product_cat-folding-cartons","9":"product_cat-paper-box-style","10":"product_tag-custom-logo-paper-box","11":"product_tag-paper-box-supplier","12":"product_tag-perfume-paper-box","14":"first","15":"instock","16":"shipping-taxable","17":"product-type-grouped"},"_links":{"self":[{"href":"https:\/\/zojopackaging.com\/fr\/wp-json\/wp\/v2\/product\/9008","targetHints":{"allow":["GET"]}}],"collection":[{"href":"https:\/\/zojopackaging.com\/fr\/wp-json\/wp\/v2\/product"}],"about":[{"href":"https:\/\/zojopackaging.com\/fr\/wp-json\/wp\/v2\/types\/product"}],"version-history":[{"count":1,"href":"https:\/\/zojopackaging.com\/fr\/wp-json\/wp\/v2\/product\/9008\/revisions"}],"predecessor-version":[{"id":9015,"href":"https:\/\/zojopackaging.com\/fr\/wp-json\/wp\/v2\/product\/9008\/revisions\/9015"}],"wp:featuredmedia":[{"embeddable":true,"href":"https:\/\/zojopackaging.com\/fr\/wp-json\/wp\/v2\/media\/9013"}],"wp:attachment":[{"href":"https:\/\/zojopackaging.com\/fr\/wp-json\/wp\/v2\/media?parent=9008"}],"wp:term":[{"taxonomy":"product_brand","embeddable":true,"href":"https:\/\/zojopackaging.com\/fr\/wp-json\/wp\/v2\/product_brand?post=9008"},{"taxonomy":"product_cat","embeddable":true,"href":"https:\/\/zojopackaging.com\/fr\/wp-json\/wp\/v2\/product_cat?post=9008"},{"taxonomy":"product_tag","embeddable":true,"href":"https:\/\/zojopackaging.com\/fr\/wp-json\/wp\/v2\/product_tag?post=9008"}],"curies":[{"name":"wp","href":"https:\/\/api.w.org\/{rel}","templated":true}]}}