{"id":9017,"date":"2025-03-31T21:41:20","date_gmt":"2025-03-31T13:41:20","guid":{"rendered":"https:\/\/zojopackaging.com\/?post_type=product&#038;p=9017"},"modified":"2025-03-31T21:55:07","modified_gmt":"2025-03-31T13:55:07","slug":"custom-printing-perfume-matt-finishing-paper-box-manufacturer","status":"publish","type":"product","link":"https:\/\/zojopackaging.com\/fr\/product\/custom-printing-perfume-matt-finishing-paper-box-manufacturer\/","title":{"rendered":"Bo\u00eete \u00e0 parfum en papier avec finition mate, impression personnalis\u00e9e"},"content":{"rendered":"<h3 id=\"-1-single-powder-card-material-single-sided-coating-balance-between-printing-accuracy-and-cost-\"><strong>1. Mat\u00e9riau de carte \u00e0 poudre unique + rev\u00eatement simple face : \u00e9quilibre entre la pr\u00e9cision de l'impression et le co\u00fbt<\/strong><\/h3>\n<p>La surface est recouverte d'un rev\u00eatement mat, adapt\u00e9 \u00e0 l'impression quadrichromique de haute pr\u00e9cision, qui garantit la clart\u00e9 et la nettet\u00e9 de l'horloge et des chiffres romains (XII\/I\/VIII, etc.) imprim\u00e9s par marquage \u00e0 chaud. Le processus d'enduction sur une seule face permet non seulement de r\u00e9duire les co\u00fbts d'impression, mais aussi d'am\u00e9liorer le toucher d\u00e9licat, ce qui convient au ton haut de gamme des slogans de marque tels que \"PERFUME OF YOU\" (Parfum de toi).<\/p>\n<h3 id=\"-2-hot-stamping-uv-mirror-process-double-the-visual-impact-\"><strong>2. Marquage \u00e0 chaud + proc\u00e9d\u00e9 miroir UV : doublement de l'impact visuel<\/strong><\/h3>\n<p>La bo\u00eete de gauche utilise le marquage \u00e0 chaud pour pr\u00e9senter un motif d'horloge et de vigne, et l'or refl\u00e8te l'effet d'\u00e9toile sur le fond mat ; la bo\u00eete de droite utilise la technologie du miroir UV, et la couleur d\u00e9grad\u00e9e orange-rose est tridimensionnelle comme la vaporisation du parfum, et le toucher est aussi doux que de la soie. Les deux proc\u00e9d\u00e9s ont pass\u00e9 la certification allemande du Rhin et la r\u00e9sistance \u00e0 l'usure atteint le niveau IP54, ce qui garantit que le motif ne s'use pas pendant le transport.<\/p>\n<h3 id=\"-3-full-dimensional-customization-of-perfume-card-boxes-flexible-adaptation-of-size-material-process-\"><strong>3. Personnalisation compl\u00e8te des bo\u00eetes de cartes de parfum : adaptation souple de la taille, du mat\u00e9riau et du processus.<\/strong><\/h3>\n<p>Il est possible de personnaliser les types de bouteilles de 30 ml \u00e0 100 ml et l'erreur de taille de la bo\u00eete est \u2264\u00b11 mm. Le mat\u00e9riau peut \u00eatre choisi parmi le carton blanc de 350 g ou le papier de pulpe de bambou respectueux de l'environnement, et le processus comprend le gaufrage, l'impression en couleurs d'accompagnement, etc. Par exemple, une bo\u00eete \u00e0 clapet magn\u00e9tique personnalis\u00e9e par une marque europ\u00e9enne reproduit le dessin de la piste en \u00e9toile du LOGO de la marque gr\u00e2ce \u00e0 la technologie du d\u00e9grad\u00e9 UV, et le taux de prime est augment\u00e9 de 40%.<\/p>\n<h3 id=\"-4-zojo-print-16-years-of-industry-experience-paper-box-customization-expert-\"><strong>4. ZOJO Print 16 ans d'exp\u00e9rience dans l'industrie : expert en personnalisation de bo\u00eetes en papier<\/strong><\/h3>\n<p>Engag\u00e9e depuis 16 ans dans le domaine de l'emballage des parfums, elle est au service de plus de 500 marques internationales, telles que Dior, Jo Malone, etc. L'usine est \u00e9quip\u00e9e d'une machine d'impression Heidelberg XL7508+1 et d'une ligne de d\u00e9coupe enti\u00e8rement automatique, avec une capacit\u00e9 de production journali\u00e8re de 60 000 pi\u00e8ces, et r\u00e9alise l'ensemble du processus, de l'\u00e9preuve \u00e0 la livraison, en 7 jours. Elle a obtenu les certifications ISO 9001 et FSC.<\/p>\n<h3 id=\"-5-1-3-days-of-ultra-fast-proofing-seize-the-market-opportunity-\"><strong>5. 1 \u00e0 3 jours d'\u00e9preuvage ultra-rapide : saisir l'opportunit\u00e9 du march\u00e9<\/strong><\/h3>\n<p>S'appuyant sur le syst\u00e8me pr\u00e9presse num\u00e9rique, elle prend en charge la production directe de fichiers source CDR\/AI, et l'\u00e9chantillon le plus rapide est d'un jour. Par exemple, il n'a fallu que 24 heures \u00e0 une marque du Moyen-Orient pour personnaliser d'urgence une bo\u00eete en d\u00e9grad\u00e9 d'ambre du d\u00e9sert, de la confirmation du plan \u00e0 l'\u00e9preuvage, ce qui est 300% plus efficace que les usines traditionnelles.<\/p>\n<h3 id=\"-6-technical-sales-team-full-link-consultants-who-understand-production-processes-\"><strong>6. L'\u00e9quipe technico-commerciale : des consultants \u00e0 part enti\u00e8re qui comprennent les processus de production.<\/strong><\/h3>\n<p>L'\u00e9quipe de vente de 100% a plus de 5 ans d'exp\u00e9rience dans la production de bo\u00eetes en papier et peut fournir des solutions compl\u00e8tes, depuis la s\u00e9lection des mat\u00e9riaux (par exemple, film mat ou rev\u00eatement UV), l'optimisation de la structure de la bo\u00eete (par exemple, couvercle sup\u00e9rieur et inf\u00e9rieur ou type de tiroir) jusqu'au contr\u00f4le des co\u00fbts, afin de garantir une compatibilit\u00e9 parfaite entre la conception et la production.<\/p>\n<h3 id=\"-7-full-process-quality-inspection-12-processes-to-ensure-quality-\"><strong>7. Inspection de la qualit\u00e9 tout au long du processus : 12 processus pour garantir la qualit\u00e9<\/strong><\/h3>\n<p>Ex\u00e9cuter 12 processus d'inspection de la qualit\u00e9 tels que \"\u00e9talonnage des couleurs d'impression (erreur CMYK \u22643%) \u2192 test d'adh\u00e9rence de l'estampage \u00e0 chaud (exp\u00e9rience de d\u00e9collement du ruban) \u2192 test de chute (1,2 m\u00e8tre de hauteur) \u2192 test d'humidit\u00e9 sur 24 heures (erreur de \u00b15%)\", le taux de perte de transport est \u22640,3%, et le taux de r\u00e9clamation des clients est inf\u00e9rieur \u00e0 la moyenne de l'industrie de 90%.<\/p>","protected":false},"excerpt":{"rendered":"<p>Un coffret cadeau sur le th\u00e8me du temps et du parfum, personnalis\u00e9 pour une marque fran\u00e7aise de parfums de salon : -\u00a0<strong>Bo\u00eete \u00e0 gauche<\/strong>: L'horloge \u00e0 chiffres romains estampill\u00e9s or (XII\/I\/VIII) est associ\u00e9e \u00e0 un vernis UV rose d\u00e9grad\u00e9 Morandi pour v\u00e9hiculer le concept d'\"\u00e9l\u00e9gance \u00e9ternelle\".\u00a0<strong>Bo\u00eete \u00e0 droite<\/strong>: Le processus UV miroir reproduit le LOGO de la marque en \u00e9toile, combin\u00e9 avec des motifs de vigne en relief mat, et le sens de la c\u00e9r\u00e9monie de d\u00e9ballage est complet. Ce design a \u00e9t\u00e9 lanc\u00e9 pendant le Festival de Cannes 2024, avec plus de 2 millions d'expositions aux m\u00e9dias sociaux et une augmentation de 35% du taux de r\u00e9achat.<\/p>","protected":false},"featured_media":9018,"template":"","meta":[],"product_brand":[],"product_cat":[30,417,430,31],"product_tag":[1045,243,1046],"class_list":{"0":"post-9017","1":"product","2":"type-product","3":"status-publish","4":"has-post-thumbnail","6":"product_cat-by-industry","7":"product_cat-custom-perfume-boxes-by-industry","8":"product_cat-folding-cartons","9":"product_cat-paper-box-style","10":"product_tag-custom-printing-box","11":"product_tag-paper-box-manufacturer","12":"product_tag-perfume-matte-paper-box","14":"first","15":"instock","16":"shipping-taxable","17":"product-type-grouped"},"_links":{"self":[{"href":"https:\/\/zojopackaging.com\/fr\/wp-json\/wp\/v2\/product\/9017","targetHints":{"allow":["GET"]}}],"collection":[{"href":"https:\/\/zojopackaging.com\/fr\/wp-json\/wp\/v2\/product"}],"about":[{"href":"https:\/\/zojopackaging.com\/fr\/wp-json\/wp\/v2\/types\/product"}],"version-history":[{"count":1,"href":"https:\/\/zojopackaging.com\/fr\/wp-json\/wp\/v2\/product\/9017\/revisions"}],"predecessor-version":[{"id":9033,"href":"https:\/\/zojopackaging.com\/fr\/wp-json\/wp\/v2\/product\/9017\/revisions\/9033"}],"wp:featuredmedia":[{"embeddable":true,"href":"https:\/\/zojopackaging.com\/fr\/wp-json\/wp\/v2\/media\/9018"}],"wp:attachment":[{"href":"https:\/\/zojopackaging.com\/fr\/wp-json\/wp\/v2\/media?parent=9017"}],"wp:term":[{"taxonomy":"product_brand","embeddable":true,"href":"https:\/\/zojopackaging.com\/fr\/wp-json\/wp\/v2\/product_brand?post=9017"},{"taxonomy":"product_cat","embeddable":true,"href":"https:\/\/zojopackaging.com\/fr\/wp-json\/wp\/v2\/product_cat?post=9017"},{"taxonomy":"product_tag","embeddable":true,"href":"https:\/\/zojopackaging.com\/fr\/wp-json\/wp\/v2\/product_tag?post=9017"}],"curies":[{"name":"wp","href":"https:\/\/api.w.org\/{rel}","templated":true}]}}