{"id":9026,"date":"2025-03-31T21:49:15","date_gmt":"2025-03-31T13:49:15","guid":{"rendered":"https:\/\/zojopackaging.com\/?post_type=product&#038;p=9026"},"modified":"2025-03-31T22:07:36","modified_gmt":"2025-03-31T14:07:36","slug":"custom-luxury-clothing-apparel-packaging-gift-box-wholesale","status":"publish","type":"product","link":"https:\/\/zojopackaging.com\/fr\/product\/custom-luxury-clothing-apparel-packaging-gift-box-wholesale\/","title":{"rendered":"Bo\u00eete cadeau personnalis\u00e9e pour v\u00eatements de luxe Wholesale"},"content":{"rendered":"<h2 id=\"-core-advantages-of-products-\"><strong>Principaux avantages des produits<\/strong><\/h2>\n<p>En tant qu'usine source d'emballages personnalis\u00e9s haut de gamme en Chine, nous nous attachons \u00e0 fournir aux marques de v\u00eatements et d'habillement de luxe des solutions d'emballage \u00e0 couvercle sup\u00e9rieur et inf\u00e9rieur qui allient valeur esth\u00e9tique et fonctions pratiques. Gr\u00e2ce \u00e0 notre structure modulaire, notre savoir-faire haut de gamme et nos services de personnalisation flexibles, nous aidons les marques \u00e0 se forger une image haut de gamme et \u00e0 am\u00e9liorer leur reconnaissance sur le march\u00e9.<\/p>\n<h2 id=\"-i-top-and-bottom-lid-box-type-simple-structure-and-industrialized-efficient-production-\"><strong>1. Type de bo\u00eete \u00e0 couvercle sup\u00e9rieur et inf\u00e9rieur : structure simple et production industrialis\u00e9e efficace<\/strong><\/h2>\n<ol>\n<li><strong>Conception structurelle<\/strong>\u00a0Le type de bo\u00eete \u00e0 couvercle sup\u00e9rieur et inf\u00e9rieur adopte la conception classique de s\u00e9paration \"couvercle sup\u00e9rieur + bo\u00eete inf\u00e9rieure\", avec un degr\u00e9 \u00e9lev\u00e9 de modularit\u00e9, adapt\u00e9 aux processus de production standardis\u00e9s et tenant compte de la commodit\u00e9 d'ouverture et de fermeture et de l'int\u00e9grit\u00e9 visuelle.<\/li>\n<li><strong>Style haut-couvert-bas<\/strong>: Le couvercle sup\u00e9rieur ne recouvre pas compl\u00e8tement le fond de la bo\u00eete inf\u00e9rieure, laissant un espace pour l'ouverture et la fermeture, ce qui convient \u00e0 l'emballage de v\u00eatements de luxe l\u00e9gers.<\/li>\n<li><strong>Style expos\u00e9 \u00e0 la taille<\/strong>: Le bord int\u00e9rieur de la bo\u00eete inf\u00e9rieure est expos\u00e9, ce qui renforce la stratification tridimensionnelle et convient \u00e0 l'affichage de logos de marque ou \u00e0 l'embossage d'objets artisanaux.<\/li>\n<li><strong>Avantages de l'industrialisation<\/strong>\u00a0L'adaptation pr\u00e9cise des tailles est r\u00e9alis\u00e9e par une ligne de production enti\u00e8rement automatique afin de garantir une livraison efficace des commandes par lots et de r\u00e9duire les erreurs manuelles et les co\u00fbts.<\/li>\n<\/ol>\n<h2 id=\"-second-white-box-body-double-enhancement-of-visual-aesthetics-and-brand-image-\"><strong>2. Corps en bo\u00eete blanche : double am\u00e9lioration de l'esth\u00e9tique visuelle et de l'image de marque<\/strong><\/h2>\n<ol>\n<li><strong>Concept de design<\/strong>\u00a0Le blanc est le ton de base,\u00a0<strong>Papier d'art couch\u00e9 C2S 157g (papier double cuivre)<\/strong>\u00a0La surface est d\u00e9licate et lisse, et la texture mate donne une impression de luxe discret, tout en fournissant une toile pure pour la technologie d'impression.<\/li>\n<li><strong>Adaptabilit\u00e9 de la marque<\/strong><\/li>\n<li><strong>Simple et pur<\/strong>: Le blanc symbolise le style \u00e9l\u00e9gant de la marque et convient aux v\u00eatements haut de gamme, aux robes personnalis\u00e9es et \u00e0 d'autres sc\u00e8nes.<\/li>\n<li><strong>Extension visuelle<\/strong>: Il peut \u00eatre associ\u00e9 \u00e0 un marquage \u00e0 chaud, \u00e0 la technologie UV ou \u00e0 des rubans aux couleurs de la marque pour cr\u00e9er un contraste visuel.<\/li>\n<\/ol>\n<h2 id=\"-third-ribbon-accessories-aesthetic-details-and-brand-recognition-enhancement-\"><strong>3. Accessoires pour rubans : d\u00e9tails esth\u00e9tiques et am\u00e9lioration de la reconnaissance de la marque<\/strong><\/h2>\n<ol>\n<li><strong>S\u00e9lection des mat\u00e9riaux<\/strong>\u00a0Les rubans de satin, de polyester, de soie et autres rubans multimat\u00e9riaux peuvent \u00eatre personnalis\u00e9s en termes de largeur, de couleur et de marquage \u00e0 chaud du logo de la marque, ce qui renforce le sens de la c\u00e9r\u00e9monie et l'exclusivit\u00e9 de l'emballage.<\/li>\n<li><strong>Sch\u00e9ma de d\u00e9coration<\/strong><\/li>\n<li><strong>M\u00e9thode du n\u0153ud papillon<\/strong>La conception classique de l'appareil, qui tient dans la main, convient aux bo\u00eetes-cadeaux magn\u00e9tiques \u00e0 rabat ou \u00e0 tiroir, afin d'am\u00e9liorer l'exp\u00e9rience de d\u00e9ballage.<\/li>\n<li><strong>Boucle en m\u00e9tal<\/strong>: Combinez le ruban et la plaque acrylique pour cr\u00e9er un symbole visuel l\u00e9ger et luxueux.<\/li>\n<\/ol>\n<h2 id=\"-fourth-material-and-process-anti-deformation-performance-and-design-expression-\"><strong>4. mat\u00e9riaux et proc\u00e9d\u00e9s : performance anti-d\u00e9formation et expression du design<\/strong><\/h2>\n<ol>\n<li><strong>Mat\u00e9riau de base<\/strong><\/li>\n<li><strong>Papier d'art couch\u00e9 C2S 157g<\/strong>Surface tr\u00e8s blanche, reproduction fid\u00e8le des couleurs, convient \u00e0 l'impression offset en quadrichromie et \u00e0 l'impression en tons directs.<\/li>\n<li><strong>Carton rigide 1200g<\/strong>Structure ondul\u00e9e \u00e0 trois couches, r\u00e9sistance \u00e0 la compression augment\u00e9e de 40%, pour garantir l'absence de d\u00e9formation pendant le transport sur de longues distances.<\/li>\n<li><strong>Processus de surface<\/strong><\/li>\n<li><strong>Or\/argent<\/strong>Le logo de la marque ou la d\u00e9coration du cadre peuvent \u00eatre utilis\u00e9s, l'\u00e9clat m\u00e9tallique rehausse la sensation de luxe.<\/li>\n<li><strong>UV partiel<\/strong>La surface de la bo\u00eete blanche pr\u00e9sente un contraste entre le mat et le brillant, ce qui met en \u00e9vidence l'aspect tridimensionnel du motif.<\/li>\n<li><strong>Texture gaufr\u00e9e<\/strong>: La technologie de gaufrage permet de cr\u00e9er des textures de cuir et des textures g\u00e9om\u00e9triques afin d'am\u00e9liorer les points de m\u00e9moire tactiles.<\/li>\n<\/ol>\n<h2 id=\"-v-highly-customized-service-flexible-adaptation-to-brand-needs-\"><strong>5. Un service hautement personnalis\u00e9 : Adaptation flexible aux besoins de la marque<\/strong><\/h2>\n<ol>\n<li><strong>Dimensions personnalis\u00e9es<\/strong><\/li>\n<li><strong>Type de bo\u00eete<\/strong>: Les couvercles sup\u00e9rieurs et inf\u00e9rieurs peuvent \u00eatre de forme sp\u00e9ciale (ronde, hexagonale ou en forme de livre) pour r\u00e9pondre aux besoins d'emballage de v\u00eatements sp\u00e9ciaux (robes et costumes).<\/li>\n<li><strong>Taille<\/strong>: Le diam\u00e8tre int\u00e9rieur\/ext\u00e9rieur est pr\u00e9cis\u00e9ment con\u00e7u en fonction de la taille des v\u00eatements et convient aux accessoires de doublage tels que les cintres et les sacs \u00e0 poussi\u00e8re.<\/li>\n<li><strong>Effet d'impression<\/strong>: La s\u00e9rigraphie, le jet d'encre num\u00e9rique et d'autres proc\u00e9d\u00e9s permettent d'obtenir des effets personnalis\u00e9s tels que des couleurs d\u00e9grad\u00e9es et fluorescentes.<\/li>\n<li><strong>Avantages de l'usine source<\/strong><\/li>\n<li><strong>Ligne de production propre<\/strong>: Couvrant l'ensemble du processus de conception, d'\u00e9preuvage et de production en s\u00e9rie, les commandes personnalis\u00e9es peuvent \u00eatre livr\u00e9es dans un d\u00e9lai de 7 jours.<\/li>\n<li><strong>Contr\u00f4le des co\u00fbts<\/strong>: Approvisionnement \u00e0 grande \u00e9chelle et production automatis\u00e9e, le prix est 15%-20% inf\u00e9rieur \u00e0 celui des produits similaires sur le march\u00e9.<\/li>\n<\/ol>\n<h2 id=\"-vi-application-scenarios-and-customer-value-\"><strong>6. Sc\u00e9narios d'application et valeur pour le client<\/strong><\/h2>\n<ol>\n<li><strong>Domaines concern\u00e9s<\/strong>\u00a0V\u00eatements de luxe, costumes personnalis\u00e9s haut de gamme, robes de mari\u00e9e, v\u00eatements cobrand\u00e9s en \u00e9dition limit\u00e9e, etc.<\/li>\n<li><strong>Renforcement de la valeur de la marque<\/strong><\/li>\n<li><strong>C\u00e9r\u00e9monie de d\u00e9ballage<\/strong>: La conception de boucles magn\u00e9tiques, de rubans et d'autres d\u00e9tails renforce la perception haut de gamme de la marque par les consommateurs.<\/li>\n<li><strong>Image de l'environnement<\/strong>: Le papier certifi\u00e9 FSC et les rubans d\u00e9gradables sont utilis\u00e9s pour r\u00e9pondre \u00e0 la tendance de la mode durable.<\/li>\n<\/ol>\n<h2 id=\"-cooperation-process-\"><strong>Processus de coop\u00e9ration<\/strong><\/h2>\n<ol>\n<li><strong>Communication de la demande<\/strong>: Fournir des informations cl\u00e9s telles que les cat\u00e9gories de v\u00eatements, le ton de la marque, le budget, etc.<\/li>\n<li><strong>V\u00e9rification de la conception<\/strong>: Fournir des rendus en 3D et des bo\u00eetes d'\u00e9chantillons physiques dans un d\u00e9lai de 3 jours ouvrables.<\/li>\n<li><strong>Livraison de la production de masse<\/strong>: Apr\u00e8s confirmation de l'\u00e9chantillon, la production en s\u00e9rie sera achev\u00e9e et la logistique sera organis\u00e9e dans un d\u00e9lai de 7 \u00e0 14 jours.<\/li>\n<\/ol>","protected":false},"excerpt":{"rendered":"<ul>\n<li><strong>Esth\u00e9tique haut de gamme :<\/strong>\u00a0Le contraste monochrome am\u00e9liore la perception de la marque.<\/li>\n<li><strong>Respectueux de l'environnement :<\/strong>\u00a0Les mat\u00e9riaux recyclables s'inscrivent dans le cadre d'une strat\u00e9gie de marque durable.<\/li>\n<li><strong>Rentable :<\/strong>\u00a0Prix de gros pour les partenariats avec les grossistes et les d\u00e9taillants.<\/li>\n<li><strong>D\u00e9lai d'ex\u00e9cution rapide :<\/strong> Dimensionnement et marquage personnalis\u00e9s sous 7 \u00e0 14 jours.<\/li>\n<li><strong>Multi-usage :<\/strong>\u00a0Parfait pour les magasins de v\u00eatements, les mariages ou les \u00e9v\u00e9nements d'entreprise.<\/li>\n<\/ul>","protected":false},"featured_media":9027,"template":"","meta":[],"product_brand":[],"product_cat":[30,414,425,31],"product_tag":[1047,1048,477],"class_list":{"0":"post-9026","1":"product","2":"type-product","3":"status-publish","4":"has-post-thumbnail","6":"product_cat-by-industry","7":"product_cat-custom-apparel-boxes","8":"product_cat-lid-and-base-gift-box","9":"product_cat-paper-box-style","10":"product_tag-apparel-packaging-gift-boxe","11":"product_tag-custom-apparel-boxe-wholesale","12":"product_tag-custom-clothing-packaging","14":"first","15":"instock","16":"shipping-taxable","17":"product-type-simple"},"_links":{"self":[{"href":"https:\/\/zojopackaging.com\/fr\/wp-json\/wp\/v2\/product\/9026","targetHints":{"allow":["GET"]}}],"collection":[{"href":"https:\/\/zojopackaging.com\/fr\/wp-json\/wp\/v2\/product"}],"about":[{"href":"https:\/\/zojopackaging.com\/fr\/wp-json\/wp\/v2\/types\/product"}],"version-history":[{"count":1,"href":"https:\/\/zojopackaging.com\/fr\/wp-json\/wp\/v2\/product\/9026\/revisions"}],"predecessor-version":[{"id":9034,"href":"https:\/\/zojopackaging.com\/fr\/wp-json\/wp\/v2\/product\/9026\/revisions\/9034"}],"wp:featuredmedia":[{"embeddable":true,"href":"https:\/\/zojopackaging.com\/fr\/wp-json\/wp\/v2\/media\/9027"}],"wp:attachment":[{"href":"https:\/\/zojopackaging.com\/fr\/wp-json\/wp\/v2\/media?parent=9026"}],"wp:term":[{"taxonomy":"product_brand","embeddable":true,"href":"https:\/\/zojopackaging.com\/fr\/wp-json\/wp\/v2\/product_brand?post=9026"},{"taxonomy":"product_cat","embeddable":true,"href":"https:\/\/zojopackaging.com\/fr\/wp-json\/wp\/v2\/product_cat?post=9026"},{"taxonomy":"product_tag","embeddable":true,"href":"https:\/\/zojopackaging.com\/fr\/wp-json\/wp\/v2\/product_tag?post=9026"}],"curies":[{"name":"wp","href":"https:\/\/api.w.org\/{rel}","templated":true}]}}