{"id":9035,"date":"2025-03-31T22:08:47","date_gmt":"2025-03-31T14:08:47","guid":{"rendered":"https:\/\/zojopackaging.com\/?post_type=product&#038;p=9035"},"modified":"2025-03-31T22:26:27","modified_gmt":"2025-03-31T14:26:27","slug":"custom-luxury-highed-baby-skincare-packaging-gift-boxes-odm","status":"publish","type":"product","link":"https:\/\/zojopackaging.com\/fr\/product\/custom-luxury-highed-baby-skincare-packaging-gift-boxes-odm\/","title":{"rendered":"Emballage de luxe personnalis\u00e9 pour soins de la peau de b\u00e9b\u00e9 Bo\u00eete cadeau ODM"},"content":{"rendered":"<h2 id=\"-core-parameters-of-product-design-\"><strong>Param\u00e8tres fondamentaux de la conception des produits<\/strong><\/h2>\n<ol>\n<li><strong>Type et structure de la bo\u00eete<\/strong><\/li>\n<li><strong>Type de bo\u00eete sup\u00e9rieure et inf\u00e9rieure<\/strong>: Il adopte une structure int\u00e9gr\u00e9e de couvercles sup\u00e9rieur et inf\u00e9rieur, qui est facile \u00e0 ouvrir et \u00e0 fermer et qui offre une forte \u00e9tanch\u00e9it\u00e9, ce qui correspond au positionnement des bo\u00eetes cadeaux haut de gamme. La bo\u00eete int\u00e9rieure et le couvercle ext\u00e9rieur sont parfaitement adapt\u00e9s gr\u00e2ce \u00e0 une technologie de d\u00e9coupage de pr\u00e9cision, avec un degr\u00e9 \u00e9lev\u00e9 de mod\u00e9lisation, adapt\u00e9 \u00e0 la production de masse et \u00e0 la livraison rapide.<\/li>\n<li><strong>Adaptation de la doublure int\u00e9rieure<\/strong>: Le rev\u00eatement EVA peut \u00eatre personnalis\u00e9 et le moule peut \u00eatre ouvert avec pr\u00e9cision en fonction de la taille du produit afin d'obtenir une fixation stable du produit, de r\u00e9duire le risque de vibration pendant le transport et d'optimiser l'utilisation de l'espace afin d'\u00e9viter un emballage excessif.<\/li>\n<li><strong>Mat\u00e9riaux et protection de l'environnement<\/strong><\/li>\n<li><strong>Mat\u00e9riau composite double couche<\/strong>: La couche ext\u00e9rieure est constitu\u00e9e de papier d'art couch\u00e9 C2S (papier double cuivre) de 157 g, avec une reproduction des couleurs \u00e9lev\u00e9e et un toucher d\u00e9licat ; la couche int\u00e9rieure est constitu\u00e9e de carton rigide (carton) de 1200 g, qui a une forte capacit\u00e9 de charge et une excellente r\u00e9sistance \u00e0 la pression.<\/li>\n<li><strong>Certification durable<\/strong>: Le mat\u00e9riau est conforme aux normes de protection de l'environnement FSC et est recyclable et d\u00e9gradable, ce qui r\u00e9pond au double besoin de s\u00e9curit\u00e9 et de protection de l'environnement dans l'industrie de la maternit\u00e9 et de l'enfance.<\/li>\n<li><strong>Artisanat et pr\u00e9sentation visuelle<\/strong><\/li>\n<li><strong>Marquage \u00e0 chaud<\/strong>: La feuille m\u00e9tallique est transf\u00e9r\u00e9e sur la surface de la bo\u00eete gr\u00e2ce \u00e0 une technologie de pressage \u00e0 chaud \u00e0 haute temp\u00e9rature, ce qui lui conf\u00e8re un \u00e9clat m\u00e9tallique luxueux. Elle peut \u00eatre personnalis\u00e9e avec des effets multicolores tels que l'or, l'or rose et le laser pour renforcer la reconnaissance de la marque.<\/li>\n<li><strong>Superposition des processus de surface<\/strong>: Il prend en charge les combinaisons partielles d'UV (haute brillance\/matte), de gaufrage (texture gaufr\u00e9e), de s\u00e9rigraphie et d'autres processus, tels que le gaufrage du logo de la marque + le marquage \u00e0 chaud, ou le chevauchement des motifs UV et du marquage \u00e0 chaud, afin d'am\u00e9liorer le niveau visuel tridimensionnel.<\/li>\n<li><strong>Un service hautement personnalis\u00e9<\/strong><\/li>\n<li><strong>Personnalisation compl\u00e8te<\/strong>: Qu'il s'agisse de la taille de la bo\u00eete (possibilit\u00e9 de d\u00e9couper des formes sp\u00e9ciales), de la palette de couleurs (correspondance avec le num\u00e9ro de couleur Pantone), du mat\u00e9riau (s\u00e9lection du papier mat\/brillant) ou de la combinaison des processus de surface, il est possible de l'adapter de mani\u00e8re flexible aux besoins de la marque.<\/li>\n<li><strong>Adaptation du style de conception<\/strong>: Il peut incorporer des \u00e9l\u00e9ments tels que le style chinois, la simplicit\u00e9 nordique et les dessins anim\u00e9s, en soulignant les motifs orientaux par des lignes de marquage \u00e0 chaud ou en combinant la technologie de gaufrage pour pr\u00e9senter une image mignonne de la propri\u00e9t\u00e9 intellectuelle.<\/li>\n<li><strong>Avantages de l'usine source<\/strong><\/li>\n<li><strong>Int\u00e9gration de la cha\u00eene d'approvisionnement<\/strong>: L'usine chinoise de production d'emballages pour produits de soins de la peau pour b\u00e9b\u00e9s fournit un service complet, de la conception \u00e0 la production de masse en passant par la v\u00e9rification des \u00e9preuves, ce qui permet de raccourcir le cycle de livraison et de r\u00e9duire les co\u00fbts de 30%-50% par rapport \u00e0 l'emballage import\u00e9.<\/li>\n<li><strong>Garantie de contr\u00f4le de la qualit\u00e9<\/strong>: Le syst\u00e8me de gestion de la qualit\u00e9 ISO 9001 a \u00e9t\u00e9 certifi\u00e9. Des indicateurs cl\u00e9s tels que la r\u00e9sistance au pliage du carton et l'adh\u00e9rence du marquage \u00e0 chaud sont strictement contr\u00f4l\u00e9s afin de garantir que le produit fini est conforme aux normes de s\u00e9curit\u00e9 applicables aux produits pour b\u00e9b\u00e9s (telles que GB 31701).<\/li>\n<\/ol>\n<h2 id=\"-summary-of-advantages-\"><strong>R\u00e9sum\u00e9 des avantages<\/strong><\/h2>\n<ol>\n<li><strong>Capacit\u00e9 de personnalisation ultime<\/strong><\/li>\n<li>De la structure de la bo\u00eete \u00e0 la technologie de surface, elle offre des solutions de personnalisation compl\u00e8tes pour r\u00e9pondre aux besoins de conception de diff\u00e9renciation des marques. Par exemple, les technologies de marquage \u00e0 chaud et de gaufrage peuvent \u00eatre combin\u00e9es pour cr\u00e9er une double exp\u00e9rience \"tactile + visuelle\", ou la conception de compartiments avec doublure EVA peut \u00eatre utilis\u00e9e pour r\u00e9aliser des emballages combin\u00e9s de produits multi-cat\u00e9gories.<\/li>\n<li><strong>Artisanat de luxe et compatibilit\u00e9 avec la protection de l'environnement<\/strong><\/li>\n<li>Le processus de marquage \u00e0 chaud est utilis\u00e9 pour am\u00e9liorer la qualit\u00e9 de la bo\u00eete cadeau, tandis que des mat\u00e9riaux \u00e0 base de papier respectueux de l'environnement sont utilis\u00e9s, ce qui r\u00e9pond \u00e0 la tendance des emballages durables sur le march\u00e9 mondial de la maternit\u00e9 et de l'enfance (comme les r\u00e9glementations REACH de l'UE).<\/li>\n<li><strong>L'\u00e9quilibre optimal entre co\u00fbt et qualit\u00e9<\/strong><\/li>\n<li>S'appuyant sur les avantages de la cha\u00eene d'approvisionnement de la Chine, le mod\u00e8le d'approvisionnement direct de l'usine source permet d'atteindre des performances \u00e9lev\u00e9es en mati\u00e8re de co\u00fbts, garantissant que le prix unitaire des commandes en gros est 15%-20% inf\u00e9rieur \u00e0 la moyenne du secteur, et que la qualit\u00e9 est comparable \u00e0 celle des marques internationales haut de gamme.<\/li>\n<\/ol>\n<hr \/>\n<p><strong>Sc\u00e9narios applicables<\/strong>les produits de soins de la peau pour b\u00e9b\u00e9s haut de gamme : coffrets-cadeaux de marques de soins de la peau pour b\u00e9b\u00e9s (tels que des ensembles cr\u00e8me + huile de massage), \u00e9ditions limit\u00e9es pour les f\u00eates, s\u00e9ries de propri\u00e9t\u00e9 intellectuelle conjointes, etc.\u00a0<strong>Processus de coop\u00e9ration<\/strong>Communication de la demande \u2192 conception de la structure en 3D \u2192 v\u00e9rification du processus \u2192 livraison de la production de masse (l'ensemble du processus peut \u00eatre achev\u00e9 en 15 jours ouvrables au plus t\u00f4t).<\/p>","protected":false},"excerpt":{"rendered":"<p>\ud83d\udee1\ufe0f Respectueux de l'environnement et s\u00fbr - Le papier certifi\u00e9 FSC et la doublure de qualit\u00e9 alimentaire garantissent la s\u00e9curit\u00e9 des enfants.<br \/>\n\ud83d\udce6 Conception durable - La structure renforc\u00e9e prot\u00e8ge les produits de soin d\u00e9licats pendant le transport.<br \/>\n\ud83c\udf0d Conformit\u00e9 mondiale - Conforme aux normes de s\u00e9curit\u00e9 de l'UE et des \u00c9tats-Unis pour une exportation sans probl\u00e8me.<br \/>\n\u26a1 Service cl\u00e9 en main rapide - Faible MOQ et production \u00e9volutive pour les startups et les marques \u00e9tablies.<\/p>","protected":false},"featured_media":9036,"template":"","meta":[],"product_brand":[],"product_cat":[30,390,425,31],"product_tag":[1049,1050,1051],"class_list":{"0":"post-9035","1":"product","2":"type-product","3":"status-publish","4":"has-post-thumbnail","6":"product_cat-by-industry","7":"product_cat-custom-cosmetics-boxes","8":"product_cat-lid-and-base-gift-box","9":"product_cat-paper-box-style","10":"product_tag-baby-skincare-packaging","11":"product_tag-custom-skincare-gift-boxes","12":"product_tag-skincare-packaging","14":"first","15":"instock","16":"shipping-taxable","17":"product-type-simple"},"_links":{"self":[{"href":"https:\/\/zojopackaging.com\/fr\/wp-json\/wp\/v2\/product\/9035","targetHints":{"allow":["GET"]}}],"collection":[{"href":"https:\/\/zojopackaging.com\/fr\/wp-json\/wp\/v2\/product"}],"about":[{"href":"https:\/\/zojopackaging.com\/fr\/wp-json\/wp\/v2\/types\/product"}],"version-history":[{"count":1,"href":"https:\/\/zojopackaging.com\/fr\/wp-json\/wp\/v2\/product\/9035\/revisions"}],"predecessor-version":[{"id":9042,"href":"https:\/\/zojopackaging.com\/fr\/wp-json\/wp\/v2\/product\/9035\/revisions\/9042"}],"wp:featuredmedia":[{"embeddable":true,"href":"https:\/\/zojopackaging.com\/fr\/wp-json\/wp\/v2\/media\/9036"}],"wp:attachment":[{"href":"https:\/\/zojopackaging.com\/fr\/wp-json\/wp\/v2\/media?parent=9035"}],"wp:term":[{"taxonomy":"product_brand","embeddable":true,"href":"https:\/\/zojopackaging.com\/fr\/wp-json\/wp\/v2\/product_brand?post=9035"},{"taxonomy":"product_cat","embeddable":true,"href":"https:\/\/zojopackaging.com\/fr\/wp-json\/wp\/v2\/product_cat?post=9035"},{"taxonomy":"product_tag","embeddable":true,"href":"https:\/\/zojopackaging.com\/fr\/wp-json\/wp\/v2\/product_tag?post=9035"}],"curies":[{"name":"wp","href":"https:\/\/api.w.org\/{rel}","templated":true}]}}