{"id":9043,"date":"2025-04-01T09:21:15","date_gmt":"2025-04-01T01:21:15","guid":{"rendered":"https:\/\/zojopackaging.com\/?post_type=product&#038;p=9043"},"modified":"2025-04-01T09:39:10","modified_gmt":"2025-04-01T01:39:10","slug":"luxury-cardbox-vip-credit-business-card-packaging-gift-box","status":"publish","type":"product","link":"https:\/\/zojopackaging.com\/fr\/product\/luxury-cardbox-vip-credit-business-card-packaging-gift-box\/","title":{"rendered":"Bo\u00eete \u00e0 cartes de luxe Vip Credit Business Card Packaging Gift Box"},"content":{"rendered":"<h2 id=\"-luxury-card-box-vip-credit-card-business-card-packaging-gift-box-product-description-\"><strong>Bo\u00eete \u00e0 cartes de luxe Emballage de cartes de cr\u00e9dit VIP Emballage de cartes de visite Bo\u00eete cadeau\u00a0<\/strong><\/h2>\n<h2 id=\"-product-design-highlights-\"><strong>Points forts de la conception des produits<\/strong><\/h2>\n<ol>\n<li><strong>Bo\u00eetier magn\u00e9tique encastr\u00e9<\/strong>\u00a0La conception \u00e0 aimant cach\u00e9 \u00e9vite l'usure caus\u00e9e par les aimants expos\u00e9s, l'adsorption pr\u00e9cise lors de la fermeture, la sensation d'ouverture et de fermeture en douceur. L'ensemble de la bo\u00eete ne comporte aucun accessoire mat\u00e9riel suppl\u00e9mentaire, et les lignes minimalistes soulignent l'esth\u00e9tique moderne, en mettant visuellement l'accent sur les attributs nobles de la carte.<\/li>\n<li><strong>Mat\u00e9riau haut de gamme respectueux de l'environnement<\/strong>\u00a0Le corps principal de la bo\u00eete utilise\u00a0<strong>Papier d'art couch\u00e9 C2S 157g<\/strong>\u00a0(papier double cuivre) avec\u00a0<strong>Carton rigide 1200g<\/strong>\u00a0(carton rigide \u00e0 haut grammage), en tenant compte de la protection de l'environnement et de la durabilit\u00e9. Le papier a obtenu la certification foresti\u00e8re FSC et peut \u00eatre enti\u00e8rement recycl\u00e9 et d\u00e9grad\u00e9, ce qui est conforme \u00e0 la tendance mondiale en mati\u00e8re d'emballage \u00e9cologique.<\/li>\n<li><strong>Base noire matte + feuille de marquage \u00e0 chaud dor\u00e9e<\/strong> Le corps de la bo\u00eete est d'un noir mat profond, symbole d'un luxe discret, et la surface est recouverte d'or.<strong>\u00a0marquage \u00e0 chaud<\/strong> des feuilles m\u00e9talliques (telles que le LOGO ou un motif), qui forment un effet d'ombre et de lumi\u00e8re tridimensionnel gr\u00e2ce \u00e0 l'estampage \u00e0 haute temp\u00e9rature de feuilles m\u00e9talliques, avec un toucher d\u00e9licat et des niveaux visuels riches, renfor\u00e7ant la tonalit\u00e9 haut de gamme de la marque.<\/li>\n<li><strong>Service de personnalisation compl\u00e8te<\/strong><\/li>\n<li><strong>Type et taille de la bo\u00eete<\/strong>: Prend en charge 16 types de bo\u00eetes, tels que les couvercles sup\u00e9rieurs et inf\u00e9rieurs, les bo\u00eetes \u00e0 tiroirs et les bo\u00eetes en forme de livre, qui peuvent correspondre avec pr\u00e9cision \u00e0 diff\u00e9rentes sp\u00e9cifications telles que les cartes de cr\u00e9dit et les cartes de visite.<\/li>\n<li><strong>Couleur et mat\u00e9riau<\/strong>: Personnalisation des couleurs Pantone, option noir mat\/brillant, carton or et argent ou papier sp\u00e9cial pour r\u00e9pondre aux besoins d'une image de marque diff\u00e9renci\u00e9e.<\/li>\n<li><strong>Technologie de surface<\/strong>: Outre le marquage \u00e0 chaud\/argent, il est possible de superposer des effets locaux UV, de gaufrage, de laser et autres pour am\u00e9liorer la reconnaissance de l'emballage.<\/li>\n<li><strong>La doublure en EVA est adapt\u00e9e avec pr\u00e9cision<\/strong>\u00a0Personnalis\u00e9 en fonction de la taille de la carte\u00a0<strong>Doublure en EVA haute densit\u00e9<\/strong>La doublure est amovible et rempla\u00e7able, ce qui permet de s'adapter \u00e0 des emplacements de cartes multiples ou \u00e0 des sc\u00e9narios de stockage combin\u00e9s.<\/li>\n<\/ol>","protected":false},"excerpt":{"rendered":"<p><strong>\"Capacit\u00e9 de personnalisation haut de gamme \u00e0 lien complet\"<\/strong>: De la conception de la bo\u00eete \u00e0 la s\u00e9lection de mat\u00e9riaux respectueux de l'environnement, en passant par le processus d'estampage \u00e0 chaud et l'adaptation du rev\u00eatement EVA, tout est r\u00e9alis\u00e9 par l'usine d'origine (comme les fabricants de personnalisation haut de gamme de Dongguan, Shenzhen, etc. L'usine est \u00e9quip\u00e9e de mat\u00e9riel CNC allemand (comme la ligne de production Homag), ce qui permet une production flexible par petits lots, tout en garantissant une qualit\u00e9 de haut niveau. Le co\u00fbt est 30% inf\u00e9rieur \u00e0 celui du mod\u00e8le OEM traditionnel.<\/p>","protected":false},"featured_media":9047,"template":"","meta":[],"product_brand":[],"product_cat":[30,413,424,31],"product_tag":[1053,1054,1052],"class_list":{"0":"post-9043","1":"product","2":"type-product","3":"status-publish","4":"has-post-thumbnail","6":"product_cat-by-industry","7":"product_cat-consumer-electronics-boxes","8":"product_cat-magnetic-closure-boxes","9":"product_cat-paper-box-style","10":"product_tag-credit-business-packaging-box","11":"product_tag-vip-card-gift-box","12":"product_tag-vip-credit-gift-box","14":"first","15":"instock","16":"shipping-taxable","17":"product-type-simple"},"_links":{"self":[{"href":"https:\/\/zojopackaging.com\/fr\/wp-json\/wp\/v2\/product\/9043","targetHints":{"allow":["GET"]}}],"collection":[{"href":"https:\/\/zojopackaging.com\/fr\/wp-json\/wp\/v2\/product"}],"about":[{"href":"https:\/\/zojopackaging.com\/fr\/wp-json\/wp\/v2\/types\/product"}],"version-history":[{"count":1,"href":"https:\/\/zojopackaging.com\/fr\/wp-json\/wp\/v2\/product\/9043\/revisions"}],"predecessor-version":[{"id":9050,"href":"https:\/\/zojopackaging.com\/fr\/wp-json\/wp\/v2\/product\/9043\/revisions\/9050"}],"wp:featuredmedia":[{"embeddable":true,"href":"https:\/\/zojopackaging.com\/fr\/wp-json\/wp\/v2\/media\/9047"}],"wp:attachment":[{"href":"https:\/\/zojopackaging.com\/fr\/wp-json\/wp\/v2\/media?parent=9043"}],"wp:term":[{"taxonomy":"product_brand","embeddable":true,"href":"https:\/\/zojopackaging.com\/fr\/wp-json\/wp\/v2\/product_brand?post=9043"},{"taxonomy":"product_cat","embeddable":true,"href":"https:\/\/zojopackaging.com\/fr\/wp-json\/wp\/v2\/product_cat?post=9043"},{"taxonomy":"product_tag","embeddable":true,"href":"https:\/\/zojopackaging.com\/fr\/wp-json\/wp\/v2\/product_tag?post=9043"}],"curies":[{"name":"wp","href":"https:\/\/api.w.org\/{rel}","templated":true}]}}