{"id":9051,"date":"2025-04-01T09:39:24","date_gmt":"2025-04-01T01:39:24","guid":{"rendered":"https:\/\/zojopackaging.com\/?post_type=product&#038;p=9051"},"modified":"2025-04-01T09:56:44","modified_gmt":"2025-04-01T01:56:44","slug":"oem-odm-order-custom-press-on-nail-packaging-boxes-in-bulk","status":"publish","type":"product","link":"https:\/\/zojopackaging.com\/fr\/product\/oem-odm-order-custom-press-on-nail-packaging-boxes-in-bulk\/","title":{"rendered":"OEM ODM Commande de bo\u00eetes d'emballage \u00e0 clous sur mesure en vrac"},"content":{"rendered":"<h2 id=\"oem-odm-customized-press-on-nail-packaging-box-product-description\">Bo\u00eete d'emballage pour ongles \u00e0 presser OEM ODM personnalis\u00e9e<\/h2>\n<h2 id=\"-1-innovative-box-design-double-sided-magnetic-box-\"><strong>1. Conception innovante de la bo\u00eete : Bo\u00eete magn\u00e9tique double face<\/strong><\/h2>\n<p>Adopter\u00a0<strong>technologie d'ouverture et de fermeture magn\u00e9tique pr\u00e9cise<\/strong>\u00a0pour assurer une adsorption transparente entre le couvercle et le corps de la bo\u00eete, une ouverture et une fermeture en douceur, sans blocage, et am\u00e9liorer l'exp\u00e9rience de l'utilisateur. La conception unique de la bo\u00eete magn\u00e9tique double face combine\u00a0<strong>impact visuel et fonctionnalit\u00e9<\/strong>Il convient aux marques d'ongles haut de gamme ou aux produits en \u00e9dition limit\u00e9e.<\/p>\n<h2 id=\"-2-minimalist-white-box-body-\"><strong>2. Bo\u00eete blanche minimaliste<\/strong><\/h2>\n<p>Le corps de la bo\u00eete utilise\u00a0<strong>substrat blanc pur<\/strong>\u00a0pour maximiser la clart\u00e9 et la saturation des couleurs du contenu imprim\u00e9, ce qui est particuli\u00e8rement adapt\u00e9 \u00e0 l'affichage de logos de marque, de motifs artistiques ou d'informations sur les produits, cr\u00e9ant ainsi une \"attraction de premi\u00e8re vue\" pour les consommateurs.<\/p>\n<h2 id=\"-3-environmentally-friendly-material-combination-\"><strong>3. Combinaison de mat\u00e9riaux respectueux de l'environnement<\/strong><\/h2>\n<p>Adopter\u00a0<strong>Papier d'art couch\u00e9 C2S 157g + carton dur 1200g<\/strong>La surface du papier C2S est d\u00e9licate et lisse, adapt\u00e9e \u00e0 l'impression de haute pr\u00e9cision. La surface du papier C2S est d\u00e9licate et lisse, adapt\u00e9e \u00e0 l'impression de haute pr\u00e9cision ; le carton rigide offre une r\u00e9sistance \u00e0 la pression et se conforme aux exigences de l'\u00e9tiquette.\u00a0<strong>tendance en mati\u00e8re d'emballage durable<\/strong>\u00a0(recyclable et d\u00e9gradable), et r\u00e9pond aux exigences de certification environnementale des march\u00e9s europ\u00e9en et am\u00e9ricain.<\/p>\n<h2 id=\"-4-luxury-hot-stamping-process-\"><strong>4. Processus de marquage \u00e0 chaud de luxe<\/strong><\/h2>\n<p>A travers\u00a0<strong>processus de marquage \u00e0 chaud personnalis\u00e9<\/strong>\u00a0(en option, or\/argent\/or rose et autres couleurs), l'effet de brillance m\u00e9tallique est obtenu dans les zones cl\u00e9s de la surface de la bo\u00eete (comme le LOGO de la marque, la bordure), ce qui renforce l'effet de brillance de la bo\u00eete.\u00a0<strong>texture et niveau visuel haut de gamme<\/strong>\u00a0de l'emballage, qui convient aux marques l\u00e9g\u00e8res de produits de luxe pour les ongles ou aux coffrets cadeaux pour les f\u00eates.<\/p>\n<h2 id=\"-5-flexible-customization-service-\"><strong>5. Service de personnalisation flexible<\/strong><\/h2>\n<ul>\n<li><strong>D\u00e9veloppement de type bo\u00eete<\/strong>: Soutenir les conceptions structurelles sp\u00e9ciales telles que les bo\u00eetes de forme sp\u00e9ciale et les bo\u00eetes \u00e0 tiroirs, et d\u00e9velopper\u00a0<strong>types de bo\u00eetes brevet\u00e9es<\/strong>\u00a0en fonction des besoins de la marque afin d'am\u00e9liorer la comp\u00e9titivit\u00e9 diff\u00e9renci\u00e9e.<\/li>\n<li><strong>Doublure en EVA<\/strong>: Personnaliser\u00a0<strong>Doublure en EVA pr\u00e9cis\u00e9ment fendue<\/strong>\u00a0en fonction de la taille et de la forme des clous \u00e0 enfoncer pour fixer le produit afin d'\u00e9viter l'usure due au transport, tout en optimisant l'utilisation de l'espace et en r\u00e9duisant les co\u00fbts li\u00e9s au volume de l'emballage.<\/li>\n<li><strong>Personnalisation compl\u00e8te des param\u00e8tres<\/strong>Les produits de cette cat\u00e9gorie sont les suivants : taille, couleur, mat\u00e9riau, effet d'impression (tel que vernis local UV, gaufrage) peuvent \u00eatre ajust\u00e9s pour r\u00e9pondre aux besoins des diff\u00e9rentes lignes de produits.<\/li>\n<\/ul>\n<h2 id=\"-6-advantages-of-the-source-factory-\"><strong>6. Avantages de l'usine source<\/strong><\/h2>\n<p>En tant qu'usine source de personnalisation d'emballages haut de gamme en Chine, elle fournit\u00a0<strong>Services ODM\/OEM \u00e0 guichet unique<\/strong>:<\/p>\n<ul>\n<li><strong>Comp\u00e9titivit\u00e9 des prix<\/strong>: Ligne de production propre et approvisionnement \u00e0 grande \u00e9chelle pour garantir un co\u00fbt optimal.<\/li>\n<li><strong>Assurance qualit\u00e9<\/strong>: Certification ISO 9001 du syst\u00e8me de gestion de la qualit\u00e9 et processus strict de contr\u00f4le de la qualit\u00e9.<\/li>\n<li><strong>\u00c9preuve rapide<\/strong>: Fournir des \u00e9chantillons physiques dans un d\u00e9lai de 3 \u00e0 5 jours ouvrables afin de raccourcir le cycle de lancement du produit.<\/li>\n<\/ul>\n<p>(Remarque : la solution ci-dessus peut \u00eatre adapt\u00e9e de mani\u00e8re flexible \u00e0 des produits tels que le vernis \u00e0 ongles, les ongles portables, les outils d'art de l'ongle, etc., prendre en charge une commande minimale de 500 pi\u00e8ces et r\u00e9pondre aux besoins de la production d'essai en petits et moyens lots).<\/p>\n<p>Si vous souhaitez communiquer davantage sur la solution de type bo\u00eete ou obtenir un devis, veuillez contacter notre \u00e9quipe de conception.<\/p>","protected":false},"excerpt":{"rendered":"<p><strong>\"Capacit\u00e9 de personnalisation compl\u00e8te de la conception \u00e0 la livraison\"<\/strong>: Gr\u00e2ce \u00e0 la base de donn\u00e9es de types de bo\u00eetes d\u00e9velopp\u00e9e par nos soins et \u00e0 une ligne de production flexible, nous pouvons non seulement r\u00e9pondre aux besoins de nos clients, mais aussi \u00e0 ceux de nos clients.\u00a0<strong>bo\u00eete magn\u00e9tique de haute pr\u00e9cision, mat\u00e9riaux respectueux de l'environnement, processus d'estampage \u00e0 chaud<\/strong>\u00a0et d'autres besoins fondamentaux, mais aussi de combiner le positionnement de la marque et les tendances du march\u00e9 pour d\u00e9velopper des produits de qualit\u00e9.\u00a0<strong>type de bo\u00eetier brevet\u00e9 et structure innovante<\/strong>\u00a0(tels que le m\u00e9canisme d'aspiration magn\u00e9tique qui peut \u00eatre ouvert et ferm\u00e9 \u00e0 plusieurs reprises, le syst\u00e8me de rev\u00eatement modulaire), afin d'aider les marques \u00e0 \u00e9tablir des relations de confiance avec leurs clients.\u00a0<strong>les points de m\u00e9moire visuelle et les obstacles \u00e0 l'exp\u00e9rience de l'utilisateur<\/strong> sur le march\u00e9 du nail art<\/p>","protected":false},"featured_media":9060,"template":"","meta":[],"product_brand":[],"product_cat":[30,413,428,31],"product_tag":[1056,1057,1055],"class_list":{"0":"post-9051","1":"product","2":"type-product","3":"status-publish","4":"has-post-thumbnail","6":"product_cat-by-industry","7":"product_cat-consumer-electronics-boxes","8":"product_cat-irregular-shaped-gift-boxes","9":"product_cat-paper-box-style","10":"product_tag-custom-press-on-nail-packaging","11":"product_tag-oem-odm-press-on-nail-boxes","12":"product_tag-press-on-nail-packaging-boxes","14":"first","15":"instock","16":"shipping-taxable","17":"product-type-simple"},"_links":{"self":[{"href":"https:\/\/zojopackaging.com\/fr\/wp-json\/wp\/v2\/product\/9051","targetHints":{"allow":["GET"]}}],"collection":[{"href":"https:\/\/zojopackaging.com\/fr\/wp-json\/wp\/v2\/product"}],"about":[{"href":"https:\/\/zojopackaging.com\/fr\/wp-json\/wp\/v2\/types\/product"}],"version-history":[{"count":1,"href":"https:\/\/zojopackaging.com\/fr\/wp-json\/wp\/v2\/product\/9051\/revisions"}],"predecessor-version":[{"id":9063,"href":"https:\/\/zojopackaging.com\/fr\/wp-json\/wp\/v2\/product\/9051\/revisions\/9063"}],"wp:featuredmedia":[{"embeddable":true,"href":"https:\/\/zojopackaging.com\/fr\/wp-json\/wp\/v2\/media\/9060"}],"wp:attachment":[{"href":"https:\/\/zojopackaging.com\/fr\/wp-json\/wp\/v2\/media?parent=9051"}],"wp:term":[{"taxonomy":"product_brand","embeddable":true,"href":"https:\/\/zojopackaging.com\/fr\/wp-json\/wp\/v2\/product_brand?post=9051"},{"taxonomy":"product_cat","embeddable":true,"href":"https:\/\/zojopackaging.com\/fr\/wp-json\/wp\/v2\/product_cat?post=9051"},{"taxonomy":"product_tag","embeddable":true,"href":"https:\/\/zojopackaging.com\/fr\/wp-json\/wp\/v2\/product_tag?post=9051"}],"curies":[{"name":"wp","href":"https:\/\/api.w.org\/{rel}","templated":true}]}}