{"id":9064,"date":"2025-04-01T09:57:02","date_gmt":"2025-04-01T01:57:02","guid":{"rendered":"https:\/\/zojopackaging.com\/?post_type=product&#038;p=9064"},"modified":"2025-04-01T10:13:42","modified_gmt":"2025-04-01T02:13:42","slug":"custom-luxury-perfume-packaging-gift-box-wholesale-supplier","status":"publish","type":"product","link":"https:\/\/zojopackaging.com\/fr\/product\/custom-luxury-perfume-packaging-gift-box-wholesale-supplier\/","title":{"rendered":"Emballage de parfum de luxe personnalis\u00e9 Bo\u00eete cadeau Fournisseur en gros"},"content":{"rendered":"<h2 id=\"customized-luxury-perfume-packaging-gift-box-wholesale-supplier-product-description\">Emballage de parfum de luxe personnalis\u00e9 Bo\u00eete cadeau Fournisseur en gros Description du produit<\/h2>\n<p>En tant qu'usine source d'emballages personnalis\u00e9s haut de gamme en Chine, nous nous concentrons sur la fourniture aux marques de parfum de\u00a0<strong>emballages de luxe flip-top bo\u00eetes cadeaux<\/strong>\u00a0qui sont \u00e0 la fois esth\u00e9tiques et pratiques, r\u00e9pondant aux divers besoins de la marque en mati\u00e8re de luxe, de fonctionnalit\u00e9 et d'efficacit\u00e9 de la production. Voici les principales caract\u00e9ristiques du produit :<\/p>\n<h2 id=\"1-one-handed-opening-and-closing-flip-design-efficient-and-convenient-\">1.\u00a0<strong>Ouverture et fermeture d'une seule main, efficace et pratique<\/strong><\/h2>\n<p>Gr\u00e2ce \u00e0 la structure innovante de la bo\u00eete \u00e0 clapet, aux charni\u00e8res de pr\u00e9cision et \u00e0 la conception ergonomique des rainures, les utilisateurs n'ont qu'\u00e0 appuyer d'une seule main pour ouvrir et fermer rapidement la bo\u00eete. Un retour tactile (tel qu'un son clair) est fourni lorsque le couvercle de la bo\u00eete est ferm\u00e9 afin de garantir un fonctionnement intuitif et fiable. L'int\u00e9rieur est assorti d'une doublure EVA personnalis\u00e9e pour fixer le corps du flacon de parfum. Une fois le couvercle ouvert, il est possible de le retirer directement, ce qui permet d'\u00e9viter les \u00e9tapes fastidieuses et de s'adapter aux sc\u00e9narios de consommation rapide.<\/p>\n<h2 id=\"2-pure-black-background-color-enhanced-visual-clarity-\">2.\u00a0<strong>Fond noir pur, clart\u00e9 visuelle accrue<\/strong><\/h2>\n<p>Le corps principal de la bo\u00eete cadeau adopte un substrat noir de haute puret\u00e9 (tel que le papier double cuivre 157g, le carton gris ou le carton sp\u00e9cial), et le contraste est renforc\u00e9 par un traitement mat\/brillant. Le fond noir permet de maximiser les d\u00e9tails du texte estamp\u00e9 \u00e0 chaud, du logo de la marque ou du motif gaufr\u00e9, et convient particuli\u00e8rement \u00e0 l'affichage de dessins complexes ou d'informations de marque de haute pr\u00e9cision. Par exemple, la combinaison du noir et de l'or peut augmenter l'impact visuel de 40%, ce qui permet d'attirer plus facilement l'attention des consommateurs dans les rayons.<\/p>\n<h2 id=\"3-hot-stamping-technology-luxurious-texture-upgrade-\">3. Or h<strong>Technologie d'estampage des feuilles d'aluminium, am\u00e9lioration de la texture luxueuse<\/strong><\/h2>\n<p>Gr\u00e2ce \u00e0 la technologie de marquage \u00e0 chaud de l'or en relief, la feuille de m\u00e9tal est transf\u00e9r\u00e9e avec pr\u00e9cision sur la surface de la bo\u00eete \u00e0 haute temp\u00e9rature et \u00e0 haute pression pour former une texture tridimensionnelle (LOGO de la marque, relief de la fleur, etc.). Le contraste entre l'\u00e9clat m\u00e9tallique et le fond noir cr\u00e9e un effet de surprise. <strong>\"dorure nuit noire\"<\/strong>\u00a0L'effet est d\u00e9licat, r\u00e9sistant \u00e0 l'usure et aux rayures. Permet un marquage \u00e0 chaud multicolore (or\/argent\/or rose) et une conception en creux partiel pour r\u00e9pondre aux besoins d'une tonalit\u00e9 de marque diff\u00e9renci\u00e9e.<\/p>\n<h2 id=\"4-spot-uv-ink-technology-to-improve-production-efficiency-\">4.\u00a0<strong>La technologie de l'encre UV spot am\u00e9liore l'efficacit\u00e9 de la production<\/strong><\/h2>\n<p>Gr\u00e2ce \u00e0 la technologie de gla\u00e7age UV local, l'encre est rapidement durcie par les rayons ultraviolets et le temps de s\u00e9chage est r\u00e9duit de 70% par rapport aux proc\u00e9d\u00e9s traditionnels. Cette technologie permet une connexion transparente entre l'impression en continu et le post-traitement (comme le marquage \u00e0 chaud et le gaufrage), avec une capacit\u00e9 de production quotidienne allant jusqu'\u00e0 10 000 pi\u00e8ces, ce qui r\u00e9duit consid\u00e9rablement le cycle de livraison. Dans le m\u00eame temps, le vernissage UV peut am\u00e9liorer de mani\u00e8re s\u00e9lective la brillance du motif (par exemple en alternant le mat et le brillant), ce qui enrichit la stratification de l'emballage.<\/p>\n<h2 id=\"5-full-dimensional-customization-service-precise-adaptation-to-needs-\">5.\u00a0<strong>Service de personnalisation complet, adaptation pr\u00e9cise aux besoins<\/strong><\/h2>\n<ul>\n<li><strong>Taille flexible<\/strong>: Personnalisez le diam\u00e8tre int\u00e9rieur du coffret en fonction de la hauteur et du diam\u00e8tre du flacon de parfum, avec un contr\u00f4le d'erreur de \u00b11 mm.<\/li>\n<li><strong>Mat\u00e9riaux optionnels<\/strong>: Fournir jusqu'\u00e0 12 mat\u00e9riaux respectueux de l'environnement tels que le papier 157 double cuivre, le carton gris, le cuir sp\u00e9cial, etc. et permettre l'impression avec du papier recycl\u00e9 et de l'encre de soja.<\/li>\n<li><strong>Optimisation des fonctions<\/strong>: La doublure en EVA est moul\u00e9e selon la forme de la bouteille, la performance d'amortissement est am\u00e9lior\u00e9e de 50%, et le taux d'utilisation de l'espace est de 95%.<\/li>\n<li><strong>Technologie de surface<\/strong>: Plus de 20 effets tels que le marquage \u00e0 chaud, le gaufrage, le laser, etc. sont disponibles en option, ce qui permet de cr\u00e9er des motifs exclusifs \u00e0 la marque.<\/li>\n<\/ul>\n<h2 id=\"6-advantages-of-the-source-factory-both-quality-and-cost-\">6.\u00a0<strong>Avantages de l'usine d'origine, en termes de qualit\u00e9 et de co\u00fbt<\/strong><\/h2>\n<p>En tant que fabricant local d'emballages haut de gamme en Chine, nous int\u00e9grons les ressources de la cha\u00eene d'approvisionnement, adoptons des lignes de production automatis\u00e9es (production quotidienne de 1 000 000 pi\u00e8ces), r\u00e9duisons la diff\u00e9rence de prix des interm\u00e9diaires et fournissons aux clients des devis de gros.\u00a0<strong>15%-20% inf\u00e9rieur au prix du march\u00e9<\/strong>. En m\u00eame temps, nous avons pass\u00e9 le syst\u00e8me de certification de la qualit\u00e9 ISO pour garantir le contr\u00f4le de la qualit\u00e9 de l'ensemble du processus, de l'\u00e9preuve (livraison en 3 jours) \u00e0 la production de masse (7 \u00e0 15 jours).<\/p>","protected":false},"excerpt":{"rendered":"<p><strong>Mod\u00e8le \"Fourniture directe par l'usine source + personnalisation compl\u00e8te du lien\".<\/strong>: En tant que fabricant chinois de personnalisation d'emballages haut de gamme, nous avons atteint les objectifs suivants\u00a0<strong>\"performance \u00e0 un co\u00fbt \u00e9lev\u00e9 + r\u00e9ponse rapide\"<\/strong>\u00a0double perc\u00e9e gr\u00e2ce \u00e0 des bases de production propres et \u00e0 des services int\u00e9gr\u00e9s (conception \u2192 \u00e9preuvage \u2192 production \u2192 logistique). Les clients peuvent b\u00e9n\u00e9ficier d'une connexion transparente entre la cr\u00e9ativit\u00e9 et les produits finis, tout en s'appuyant sur une production \u00e0 grande \u00e9chelle pour r\u00e9duire les co\u00fbts, garantissant ainsi que chaque coffret cadeau pour parfum poss\u00e8de \u00e0 la fois une texture de luxe et une efficacit\u00e9 de niveau industriel.<\/p>","protected":false},"featured_media":9065,"template":"","meta":[],"product_brand":[],"product_cat":[30,417,424,31],"product_tag":[498,342,1058],"class_list":{"0":"post-9064","1":"product","2":"type-product","3":"status-publish","4":"has-post-thumbnail","6":"product_cat-by-industry","7":"product_cat-custom-perfume-boxes-by-industry","8":"product_cat-magnetic-closure-boxes","9":"product_cat-paper-box-style","10":"product_tag-custom-perfume-packaging","11":"product_tag-perfume-gift-box","12":"product_tag-perfume-packaging","14":"first","15":"instock","16":"shipping-taxable","17":"product-type-simple"},"_links":{"self":[{"href":"https:\/\/zojopackaging.com\/fr\/wp-json\/wp\/v2\/product\/9064","targetHints":{"allow":["GET"]}}],"collection":[{"href":"https:\/\/zojopackaging.com\/fr\/wp-json\/wp\/v2\/product"}],"about":[{"href":"https:\/\/zojopackaging.com\/fr\/wp-json\/wp\/v2\/types\/product"}],"version-history":[{"count":1,"href":"https:\/\/zojopackaging.com\/fr\/wp-json\/wp\/v2\/product\/9064\/revisions"}],"predecessor-version":[{"id":9071,"href":"https:\/\/zojopackaging.com\/fr\/wp-json\/wp\/v2\/product\/9064\/revisions\/9071"}],"wp:featuredmedia":[{"embeddable":true,"href":"https:\/\/zojopackaging.com\/fr\/wp-json\/wp\/v2\/media\/9065"}],"wp:attachment":[{"href":"https:\/\/zojopackaging.com\/fr\/wp-json\/wp\/v2\/media?parent=9064"}],"wp:term":[{"taxonomy":"product_brand","embeddable":true,"href":"https:\/\/zojopackaging.com\/fr\/wp-json\/wp\/v2\/product_brand?post=9064"},{"taxonomy":"product_cat","embeddable":true,"href":"https:\/\/zojopackaging.com\/fr\/wp-json\/wp\/v2\/product_cat?post=9064"},{"taxonomy":"product_tag","embeddable":true,"href":"https:\/\/zojopackaging.com\/fr\/wp-json\/wp\/v2\/product_tag?post=9064"}],"curies":[{"name":"wp","href":"https:\/\/api.w.org\/{rel}","templated":true}]}}