{"id":9072,"date":"2025-04-01T10:14:11","date_gmt":"2025-04-01T02:14:11","guid":{"rendered":"https:\/\/zojopackaging.com\/?post_type=product&#038;p=9072"},"modified":"2025-04-01T10:24:16","modified_gmt":"2025-04-01T02:24:16","slug":"luxury-custom-cosmetic-skin-care-packaging-boxes-wholesale","status":"publish","type":"product","link":"https:\/\/zojopackaging.com\/fr\/product\/luxury-custom-cosmetic-skin-care-packaging-boxes-wholesale\/","title":{"rendered":"Bo\u00eetes d'emballage de luxe personnalis\u00e9es pour cosm\u00e9tiques et soins de la peau Wholesale"},"content":{"rendered":"<h2 id=\"-product-features-and-core-advantages-\"><strong>Caract\u00e9ristiques du produit et principaux avantages<\/strong><\/h2>\n<ol>\n<li><strong>Conception pliable et plate, transport efficace et r\u00e9duction des co\u00fbts<\/strong>\u00a0La structure pliante innovante peut \u00eatre aplatie \u00e0 1\/5 du volume d'origine lors de l'exp\u00e9dition, ce qui r\u00e9duit consid\u00e9rablement l'espace de transport occup\u00e9 et les co\u00fbts logistiques. Par exemple, \u00e0 l'instar de la logique d'optimisation des conteneurs pliables, cette bo\u00eete d'emballage peut \u00eatre charg\u00e9e sur une palette standard apr\u00e8s avoir \u00e9t\u00e9 pli\u00e9e, ce qui r\u00e9duit le co\u00fbt du retour des bo\u00eetes vides et permet d'\u00e9conomiser plus de 20% de co\u00fbts de transport.<\/li>\n<li><strong>Fermeture magn\u00e9tique, pratique et amusante<\/strong>\u00a0Le couvercle est dot\u00e9 d'un composant magn\u00e9tique int\u00e9gr\u00e9 de haute pr\u00e9cision, qui s'ouvre et se ferme en douceur et fermement, donnant aux utilisateurs une exp\u00e9rience de \"sens du rituel\". Par exemple, apr\u00e8s qu'une certaine **marque de cosm\u00e9tiques a adopt\u00e9 la m\u00eame bo\u00eete-cadeau magn\u00e9tique, les clients ont d\u00e9clar\u00e9 que la facilit\u00e9 d'ouverture avait augment\u00e9 de 50% et que le taux de r\u00e9achat avait augment\u00e9 de mani\u00e8re significative.<\/li>\n<li><strong>Bo\u00eetier enti\u00e8rement noir + proc\u00e9d\u00e9 de marquage \u00e0 chaud, interpr\u00e9tant l'esth\u00e9tique luxueuse<\/strong>\u00a0Le corps de la bo\u00eete est en carton sp\u00e9cial noir mat ou en cuir PU, combin\u00e9 \u00e0 un processus de marquage \u00e0 chaud en or v\u00e9ritable 24 carats, ce qui produit un impact visuel discret et luxueux. Le logo estamp\u00e9 \u00e0 chaud r\u00e9fracte la brillance sous diff\u00e9rents angles de lumi\u00e8re, renforce la reconnaissance de la marque et s'adapte au positionnement des produits cosm\u00e9tiques haut de gamme.<\/li>\n<li><strong>Service hautement personnalis\u00e9, adaptation pr\u00e9cise aux besoins des produits<\/strong><\/li>\n<li><strong>Adaptation de la taille<\/strong>: Il permet une personnalisation de 0,5 cm, s'adapte parfaitement aux produits de forme sp\u00e9ciale tels que le vernis \u00e0 ongles press\u00e9 et la poudre lyophilis\u00e9e, et r\u00e9duit le gaspillage de l'espace d'emballage interne.<\/li>\n<li><strong>Mat\u00e9riaux et proc\u00e9d\u00e9s<\/strong>: En option, carton blanc, carton or et argent, cuir sp\u00e9cial et autres mat\u00e9riaux, combin\u00e9s \u00e0 l'impression UV, au gaufrage, au laser et \u00e0 d'autres proc\u00e9d\u00e9s pour r\u00e9pondre aux besoins d'une image de marque diff\u00e9renci\u00e9e.<\/li>\n<li><strong>Couleur et structure<\/strong>: Personnalisation des couleurs sp\u00e9ciales Pantone, prise en charge de plusieurs types de bo\u00eetes, comme les couvercles sup\u00e9rieur et inf\u00e9rieur, les tiroirs, les couvercles magn\u00e9tiques, etc.<\/li>\n<li><strong>Approvisionnement direct aupr\u00e8s de l'usine source, double garantie de qualit\u00e9 et de performance en mati\u00e8re de co\u00fbts<\/strong>\u00a0En tant que fabricant chinois de produits de personnalisation d'emballages haut de gamme, l'entreprise dispose de 2 000 m\u00e8tres carr\u00e9s de b\u00e2timents d'usine standardis\u00e9s et d'une \u00e9quipe professionnelle de 50 personnes, int\u00e9grant les ressources de la cha\u00eene d'approvisionnement pour assurer une livraison extr\u00eamement rapide en 15 \u00e0 20 jours, de la conception \u00e0 la production de masse. Gr\u00e2ce \u00e0 une production \u00e0 grande \u00e9chelle et \u00e0 une gestion raffin\u00e9e, le prix est 15%-30% inf\u00e9rieur \u00e0 celui du march\u00e9 \u00e0 qualit\u00e9 \u00e9gale.<\/li>\n<\/ol>","protected":false},"excerpt":{"rendered":"<p><strong>Double avantage de la conception pliable et de la fourniture directe par l'usine d'origine<\/strong>: Gr\u00e2ce au transport plat, le co\u00fbt logistique est r\u00e9duit de 30%, et l'approvisionnement direct de l'usine en mati\u00e8res premi\u00e8res et la production \u00e0 grande \u00e9chelle sont combin\u00e9s pour obtenir un prix unitaire de bo\u00eete d'emballage terminal inf\u00e9rieur \u00e0 la moyenne de l'industrie. En m\u00eame temps, l'inspection de la qualit\u00e9 selon la norme ISO et les capacit\u00e9s de livraison ponctuelle sous 48-72 heures sont garanties, ce qui permet aux clients de b\u00e9n\u00e9ficier d'une solution unique de\u00a0<strong>\"des performances \u00e0 un co\u00fbt \u00e9lev\u00e9 sans compromettre la qualit\u00e9\"<\/strong>.<\/p>","protected":false},"featured_media":9076,"template":"","meta":[],"product_brand":[],"product_cat":[30,414,424,31],"product_tag":[1059,1061,1060],"class_list":{"0":"post-9072","1":"product","2":"type-product","3":"status-publish","4":"has-post-thumbnail","6":"product_cat-by-industry","7":"product_cat-custom-apparel-boxes","8":"product_cat-magnetic-closure-boxes","9":"product_cat-paper-box-style","10":"product_tag-cosmetic-packaging","11":"product_tag-custom-cosmetic-boxes-wholesale","12":"product_tag-skin-care-packaging-boxes","14":"first","15":"instock","16":"shipping-taxable","17":"product-type-simple"},"_links":{"self":[{"href":"https:\/\/zojopackaging.com\/fr\/wp-json\/wp\/v2\/product\/9072","targetHints":{"allow":["GET"]}}],"collection":[{"href":"https:\/\/zojopackaging.com\/fr\/wp-json\/wp\/v2\/product"}],"about":[{"href":"https:\/\/zojopackaging.com\/fr\/wp-json\/wp\/v2\/types\/product"}],"version-history":[{"count":1,"href":"https:\/\/zojopackaging.com\/fr\/wp-json\/wp\/v2\/product\/9072\/revisions"}],"predecessor-version":[{"id":9079,"href":"https:\/\/zojopackaging.com\/fr\/wp-json\/wp\/v2\/product\/9072\/revisions\/9079"}],"wp:featuredmedia":[{"embeddable":true,"href":"https:\/\/zojopackaging.com\/fr\/wp-json\/wp\/v2\/media\/9076"}],"wp:attachment":[{"href":"https:\/\/zojopackaging.com\/fr\/wp-json\/wp\/v2\/media?parent=9072"}],"wp:term":[{"taxonomy":"product_brand","embeddable":true,"href":"https:\/\/zojopackaging.com\/fr\/wp-json\/wp\/v2\/product_brand?post=9072"},{"taxonomy":"product_cat","embeddable":true,"href":"https:\/\/zojopackaging.com\/fr\/wp-json\/wp\/v2\/product_cat?post=9072"},{"taxonomy":"product_tag","embeddable":true,"href":"https:\/\/zojopackaging.com\/fr\/wp-json\/wp\/v2\/product_tag?post=9072"}],"curies":[{"name":"wp","href":"https:\/\/api.w.org\/{rel}","templated":true}]}}