{"id":9080,"date":"2025-04-01T10:24:32","date_gmt":"2025-04-01T02:24:32","guid":{"rendered":"https:\/\/zojopackaging.com\/?post_type=product&#038;p=9080"},"modified":"2025-04-01T10:36:15","modified_gmt":"2025-04-01T02:36:15","slug":"luxury-custom-logo-printed-apparel-clothing-packaging-box","status":"publish","type":"product","link":"https:\/\/zojopackaging.com\/fr\/product\/luxury-custom-logo-printed-apparel-clothing-packaging-box\/","title":{"rendered":"Bo\u00eete d'emballage de luxe pour v\u00eatements imprim\u00e9s avec un logo personnalis\u00e9"},"content":{"rendered":"<h2 id=\"1-foldable-flat-design-to-optimize-transportation-efficiency-\">1. Repliable<strong>\u00a0une conception plate pour optimiser l'efficacit\u00e9 du transport<\/strong><\/h2>\n<p>Adoptant une structure pliable innovante, l'\u00e9paisseur de la bo\u00eete vide apr\u00e8s pliage ne repr\u00e9sente que 25% de la taille d'origine, ce qui permet d'\u00e9conomiser consid\u00e9rablement l'espace de stockage et de transport. Le carton haute r\u00e9sistance de 1200 g garantit la r\u00e9sistance \u00e0 la pression et aux chocs pendant le transport et r\u00e9duit le taux de casse. Le mode d'exp\u00e9dition \u00e0 plat peut r\u00e9duire les co\u00fbts logistiques de plus de 40% et convient \u00e0 divers sc\u00e9narios de transport tels que le transport maritime et a\u00e9rien.<\/p>\n<h2 id=\"2-magnetic-flip-top-fun-opening-and-closing-\">2.\u00a0<strong>Bo\u00eetes \u00e0 fermeture magn\u00e9tique<\/strong><\/h2>\n<p>Le couvercle est dot\u00e9 d'un dispositif magn\u00e9tique puissant (force magn\u00e9tique sup\u00e9rieure \u00e0 5N), qui peut \u00eatre facilement ouvert et ferm\u00e9 d'une seule main, accompagn\u00e9 d'un effet sonore d'adsorption tr\u00e8s net, ce qui renforce le sentiment de rituel du d\u00e9ballage. La structure magn\u00e9tique est cach\u00e9e et la surface est recouverte d'un papier couch\u00e9 C2S de 157 g, qui a un toucher d\u00e9licat et n'affecte pas l'effet d'impression. Par rapport \u00e0 l'emballage \u00e0 pression traditionnel, la conception magn\u00e9tique peut r\u00e9duire les pertes dues aux ouvertures et fermetures r\u00e9p\u00e9t\u00e9es de 30%.<\/p>\n<h2 id=\"3-full-dimensional-color-management-system-\">3.\u00a0<strong>Syst\u00e8me complet de gestion des couleurs<\/strong><\/h2>\n<p>Fournir des couleurs d'accompagnement Pantone, des proc\u00e9d\u00e9s d'impression en quadrichromie et en d\u00e9grad\u00e9 de m\u00e9tal, et prendre en charge la personnalisation des couleurs principales en fonction de la tonalit\u00e9 de la marque :<\/p>\n<ul>\n<li><strong>March\u00e9 haut de gamme<\/strong>Les couleurs : dor\u00e9\/blanc nacr\u00e9\/noir obsidien, avec un processus de marquage \u00e0 chaud\/embossage UV<\/li>\n<li><strong>Jeune tendance<\/strong>La technologie de l'impression 3D st\u00e9r\u00e9oscopique permet d'obtenir des images fluorescentes de couleur orange\/bleu \u00e9lectro-optique.<\/li>\n<li><strong>Concept de protection de l'environnement<\/strong>Couleur originale du bois, imprim\u00e9e avec de l'encre de soja et marqu\u00e9e du logo de certification environnementale FSC<\/li>\n<\/ul>\n<h2 id=\"4-aesthetic-details-strengthen-brand-recognition-\">4.\u00a0<strong>Les d\u00e9tails esth\u00e9tiques renforcent la reconnaissance de la marque<\/strong><\/h2>\n<ul>\n<li><strong>Accessoires pour rubans<\/strong>Les mat\u00e9riaux utilis\u00e9s sont : la soie, le fil de neige ou le polyester recycl\u00e9 en option, la gravure au laser du LOGO de la marque est \u00e9galement possible.<\/li>\n<li><strong>Conception de la doublure<\/strong>: couche tampon EVA de 3 mm + tissu de flocage, prot\u00e8ge les v\u00eatements sans les froisser, carte de pr\u00e9sentation de la marque int\u00e9gr\u00e9e<\/li>\n<li><strong>Traitement de surface<\/strong>Rev\u00eatement \u00e0 texture mate\/brillante\/tactile, anti-traces de doigts et r\u00e9sistant aux rayures<\/li>\n<\/ul>\n<h2 id=\"5-full-link-deep-customization-service-\">5.\u00a0<strong>Service de personnalisation approfondie des liens<\/strong><\/h2>\n<ul>\n<li><strong>Type de bo\u00eete<\/strong>: 12 types de bo\u00eetes sont disponibles, y compris le couvercle sup\u00e9rieur et inf\u00e9rieur, la bo\u00eete en forme de livre, la bo\u00eete \u00e0 tiroirs, etc., convenant \u00e0 diff\u00e9rents types de v\u00eatements tels que les costumes, les cheongsams, les v\u00eatements de sport, etc.<\/li>\n<li><strong>Taille<\/strong>: Prise en charge de la personnalisation de la taille compl\u00e8te de 50\u00d730\u00d75cm \u00e0 120\u00d780\u00d725cm, avec une erreur de \u22640,5mm.<\/li>\n<li><strong>Processus d'impression<\/strong>20 combinaisons d'effets telles que le marquage \u00e0 froid, l'UV partiel, la s\u00e9rigraphie, le laser holographique, etc.<\/li>\n<\/ul>\n<h2 id=\"vii-advantages-of-direct-supply-from-chinese-source-factories-\">6. <strong>Avantages de l'approvisionnement direct aupr\u00e8s d'usines chinoises<\/strong><\/h2>\n<ul>\n<li><strong>\u00c9preuve gratuite<\/strong>: Livraison des \u00e9chantillons physiques dans un d\u00e9lai de 3 \u00e0 5 jours ouvrables<\/li>\n<li><strong>0 yuan design<\/strong>: Une \u00e9quipe professionnelle fournit des solutions d'int\u00e9gration VI, l'IA g\u00e9n\u00e8re des rendus 3D<\/li>\n<li><strong>Devis d'\u00e9chelle<\/strong>: La quantit\u00e9 minimale de commande est de 500 pi\u00e8ces, et le prix unitaire est inf\u00e9rieur de 15%-20% au prix moyen du march\u00e9.<\/li>\n<\/ul>","protected":false},"excerpt":{"rendered":"<p>Gr\u00e2ce \u00e0 l'int\u00e9gration de l'interaction magn\u00e9tique, des mat\u00e9riaux respectueux de l'environnement et des services personnalis\u00e9s, le taux de conversion des bo\u00eetes d'emballage est am\u00e9lior\u00e9, faisant du processus de d\u00e9ballage du client un point de contact cl\u00e9 pour la transmission de la valeur de la marque. Si l'on prend l'exemple d'une marque de v\u00eatements f\u00e9minins de luxe, apr\u00e8s l'utilisation de bo\u00eetes magn\u00e9tiques plaqu\u00e9es or rose et de rubans de soie, le taux de rachat a augment\u00e9 de 19%, et le nombre de vid\u00e9os de d\u00e9ballage sur les m\u00e9dias sociaux a d\u00e9pass\u00e9 les 5 millions de fois.<\/p>","protected":false},"featured_media":9081,"template":"","meta":[],"product_brand":[],"product_cat":[30,414,424,31],"product_tag":[1063,1062,1064],"class_list":{"0":"post-9080","1":"product","2":"type-product","3":"status-publish","4":"has-post-thumbnail","6":"product_cat-by-industry","7":"product_cat-custom-apparel-boxes","8":"product_cat-magnetic-closure-boxes","9":"product_cat-paper-box-style","10":"product_tag-clothing-packaging-box","11":"product_tag-custom-apparel-box","12":"product_tag-luxury-clothing-box","14":"first","15":"instock","16":"shipping-taxable","17":"product-type-simple"},"_links":{"self":[{"href":"https:\/\/zojopackaging.com\/fr\/wp-json\/wp\/v2\/product\/9080","targetHints":{"allow":["GET"]}}],"collection":[{"href":"https:\/\/zojopackaging.com\/fr\/wp-json\/wp\/v2\/product"}],"about":[{"href":"https:\/\/zojopackaging.com\/fr\/wp-json\/wp\/v2\/types\/product"}],"version-history":[{"count":1,"href":"https:\/\/zojopackaging.com\/fr\/wp-json\/wp\/v2\/product\/9080\/revisions"}],"predecessor-version":[{"id":9086,"href":"https:\/\/zojopackaging.com\/fr\/wp-json\/wp\/v2\/product\/9080\/revisions\/9086"}],"wp:featuredmedia":[{"embeddable":true,"href":"https:\/\/zojopackaging.com\/fr\/wp-json\/wp\/v2\/media\/9081"}],"wp:attachment":[{"href":"https:\/\/zojopackaging.com\/fr\/wp-json\/wp\/v2\/media?parent=9080"}],"wp:term":[{"taxonomy":"product_brand","embeddable":true,"href":"https:\/\/zojopackaging.com\/fr\/wp-json\/wp\/v2\/product_brand?post=9080"},{"taxonomy":"product_cat","embeddable":true,"href":"https:\/\/zojopackaging.com\/fr\/wp-json\/wp\/v2\/product_cat?post=9080"},{"taxonomy":"product_tag","embeddable":true,"href":"https:\/\/zojopackaging.com\/fr\/wp-json\/wp\/v2\/product_tag?post=9080"}],"curies":[{"name":"wp","href":"https:\/\/api.w.org\/{rel}","templated":true}]}}