{"id":9087,"date":"2025-04-01T10:36:46","date_gmt":"2025-04-01T02:36:46","guid":{"rendered":"https:\/\/zojopackaging.com\/?post_type=product&#038;p=9087"},"modified":"2025-04-01T10:49:10","modified_gmt":"2025-04-01T02:49:10","slug":"custom-logo-cardboard-sex-bra-lingerie-bikini-packaging-box","status":"publish","type":"product","link":"https:\/\/zojopackaging.com\/fr\/product\/custom-logo-cardboard-sex-bra-lingerie-bikini-packaging-box\/","title":{"rendered":"Bo\u00eete d'emballage de soutien-gorge de lingerie bikini en carton avec logo personnalis\u00e9"},"content":{"rendered":"<h2 id=\"1-core-design-highlights\">1. Principales caract\u00e9ristiques de la conception<\/h2>\n<ol>\n<li><strong>Ouverture et fermeture ais\u00e9es de l'extracteur<\/strong><\/li>\n<li>Gr\u00e2ce \u00e0 la conception de la bo\u00eete extractible, les utilisateurs n'ont qu'\u00e0 pousser le corps de la bo\u00eete pour l'ouvrir, ce qui permet de r\u00e9duire le nombre d'\u00e9tapes de d\u00e9montage et d'\u00e9conomiser de la main-d'\u0153uvre. La structure interne de la glissi\u00e8re a \u00e9t\u00e9 ajust\u00e9e avec pr\u00e9cision pour assurer une ouverture et une fermeture en douceur, sans blocage. En m\u00eame temps, le corps de la bo\u00eete est ferm\u00e9 herm\u00e9tiquement apr\u00e8s la fermeture pour prot\u00e9ger le produit de l'\u00e9crasement ou de la contamination.<\/li>\n<li><strong>Fen\u00eatre transparente pour un affichage intuitif<\/strong><\/li>\n<li>La surface de la bo\u00eete est dot\u00e9e d'une fen\u00eatre transparente en acrylique tr\u00e8s r\u00e9sistant, qui permet d'afficher le style, la couleur et les d\u00e9tails de la mati\u00e8re des sous-v\u00eatements sur 360\u00b0, sans angle mort. Vous pouvez intuitivement sentir la qualit\u00e9 du produit sans le d\u00e9baller, ce qui r\u00e9duit les inqui\u00e9tudes des clients lors de l'achat. Le bord de la fen\u00eatre est d\u00e9coup\u00e9 au laser afin d'\u00e9viter les bavures et d'am\u00e9liorer l'aspect g\u00e9n\u00e9ral du produit.<\/li>\n<li><strong>Les accessoires pour rubans renforcent la reconnaissance de la marque<\/strong><\/li>\n<li><strong>Esth\u00e9tique curative rose<\/strong><\/li>\n<li>L'utilisation g\u00e9n\u00e9rale de tons roses \u00e0 faible saturation (tels que le rose fleur de cerisier, le rose corail), avec une technologie de d\u00e9grad\u00e9 ou une d\u00e9coration partielle par marquage \u00e0 chaud\/argent, cr\u00e9e une atmosph\u00e8re visuelle romantique et douce, qui correspond aux pr\u00e9f\u00e9rences \u00e9motionnelles des consommatrices. La doublure est en velours ou en papier recycl\u00e9 \u00e9cologique de la m\u00eame couleur, qui a un toucher d\u00e9licat et est \u00e9cologique et inoffensif.<\/li>\n<\/ol>\n<h2 id=\"2-in-depth-customization-service\">2. Service de personnalisation approfondie<\/h2>\n<ol>\n<li><strong>Personnalisation flexible en toutes dimensions<\/strong><\/li>\n<li><strong>Type et taille de la bo\u00eete<\/strong>: Il prend en charge de multiples structures telles que les tiroirs, les bo\u00eetes en forme de livre et les couvercles sup\u00e9rieurs et inf\u00e9rieurs. Personnaliser la partition de la doublure en fonction du type de sous-v\u00eatement (soutien-gorge \u00e0 bonnets souples, bikini \u00e0 armature en acier), correspondre pr\u00e9cis\u00e9ment \u00e0 la taille du produit et am\u00e9liorer l'utilisation de l'espace.<\/li>\n<li><strong>Mat\u00e9riaux et ex\u00e9cution<\/strong>: En option, carton blanc respectueux de l'environnement, papier d'art ou papier sp\u00e9cial (tel que film tactile, papier nacr\u00e9), la surface peut \u00eatre partiellement brillante aux UV, gaufr\u00e9e, emboss\u00e9e et d'autres proc\u00e9d\u00e9s pour am\u00e9liorer la texture.<\/li>\n<li><strong>Impression et \u00e9l\u00e9ments de marque<\/strong>: Les technologies d'impression num\u00e9rique, de s\u00e9rigraphie ou de marquage \u00e0 chaud permettent de pr\u00e9senter de mani\u00e8re flexible les logos, les motifs et les textes de la marque, et garantissent une grande homog\u00e9n\u00e9it\u00e9 des styles de l'emballage et du produit.<\/li>\n<\/ol>\n<h2 id=\"3-one-stop-professional-guarantee\">3. Une garantie professionnelle unique<\/h2>\n<ol>\n<li><strong>16 ans d'assistance de l'usine d'origine<\/strong><\/li>\n<li>Forts de 16 ans d'exp\u00e9rience dans le secteur, nous fournissons des services complets, de l'optimisation des projets de conception \u00e0 la production de masse, en passant par la confirmation des \u00e9preuves. Nous garantissons des \u00e9preuves rapides sous 7 jours et des livraisons efficaces sous 30 jours. L'usine est \u00e9quip\u00e9e d'un syst\u00e8me de suivi intelligent pour contr\u00f4ler l'avancement de la production en temps r\u00e9el et garantir un taux de ponctualit\u00e9 des commandes sup\u00e9rieur \u00e0 99%.<\/li>\n<\/ol>","protected":false},"excerpt":{"rendered":"<p><strong>Un service unique hautement personnalis\u00e9<\/strong>: En tant qu'usine de 16 ans, nous int\u00e9grons profond\u00e9ment l'innovation en mati\u00e8re de conception et l'exp\u00e9rience de la production, et nous pouvons r\u00e9pondre avec pr\u00e9cision aux besoins des clients, de la structure de la bo\u00eete \u00e0 la conception visuelle, en passant par les d\u00e9tails fonctionnels. Par exemple, pour les caract\u00e9ristiques de maintien des soutiens-gorge \u00e0 armatures, des fentes de doublure ind\u00e9pendantes peuvent \u00eatre con\u00e7ues pour emp\u00eacher la d\u00e9formation ; pour les caract\u00e9ristiques d'intimit\u00e9 des sous-v\u00eatements sexy, des fen\u00eatres opaques peuvent \u00eatre dot\u00e9es de motifs creux pour \u00e9quilibrer l'affichage et l'intimit\u00e9. En contr\u00f4lant l'ensemble de la cha\u00eene, nous nous assurons que l'emballage n'augmente pas seulement la valeur ajout\u00e9e du produit, mais qu'il optimise \u00e9galement l'exp\u00e9rience de l'utilisateur, aidant ainsi les marques \u00e0 se d\u00e9marquer dans la concurrence du march\u00e9.<\/p>","protected":false},"featured_media":9088,"template":"","meta":[],"product_brand":[],"product_cat":[30,414,31,426],"product_tag":[1067,1066,1065],"class_list":{"0":"post-9087","1":"product","2":"type-product","3":"status-publish","4":"has-post-thumbnail","6":"product_cat-by-industry","7":"product_cat-custom-apparel-boxes","8":"product_cat-paper-box-style","9":"product_cat-paper-drawer-boxes","10":"product_tag-custom-bikini-packaging","11":"product_tag-lingerie-packaging-box","12":"product_tag-sex-bra-packaging","14":"first","15":"instock","16":"shipping-taxable","17":"product-type-simple"},"_links":{"self":[{"href":"https:\/\/zojopackaging.com\/fr\/wp-json\/wp\/v2\/product\/9087","targetHints":{"allow":["GET"]}}],"collection":[{"href":"https:\/\/zojopackaging.com\/fr\/wp-json\/wp\/v2\/product"}],"about":[{"href":"https:\/\/zojopackaging.com\/fr\/wp-json\/wp\/v2\/types\/product"}],"version-history":[{"count":1,"href":"https:\/\/zojopackaging.com\/fr\/wp-json\/wp\/v2\/product\/9087\/revisions"}],"predecessor-version":[{"id":9094,"href":"https:\/\/zojopackaging.com\/fr\/wp-json\/wp\/v2\/product\/9087\/revisions\/9094"}],"wp:featuredmedia":[{"embeddable":true,"href":"https:\/\/zojopackaging.com\/fr\/wp-json\/wp\/v2\/media\/9088"}],"wp:attachment":[{"href":"https:\/\/zojopackaging.com\/fr\/wp-json\/wp\/v2\/media?parent=9087"}],"wp:term":[{"taxonomy":"product_brand","embeddable":true,"href":"https:\/\/zojopackaging.com\/fr\/wp-json\/wp\/v2\/product_brand?post=9087"},{"taxonomy":"product_cat","embeddable":true,"href":"https:\/\/zojopackaging.com\/fr\/wp-json\/wp\/v2\/product_cat?post=9087"},{"taxonomy":"product_tag","embeddable":true,"href":"https:\/\/zojopackaging.com\/fr\/wp-json\/wp\/v2\/product_tag?post=9087"}],"curies":[{"name":"wp","href":"https:\/\/api.w.org\/{rel}","templated":true}]}}