{"id":9095,"date":"2025-04-01T10:49:17","date_gmt":"2025-04-01T02:49:17","guid":{"rendered":"https:\/\/zojopackaging.com\/?post_type=product&#038;p=9095"},"modified":"2025-04-01T11:07:31","modified_gmt":"2025-04-01T03:07:31","slug":"luxury-visiting-wedding-invitation-greeting-packaging-box","status":"publish","type":"product","link":"https:\/\/zojopackaging.com\/fr\/product\/luxury-visiting-wedding-invitation-greeting-packaging-box\/","title":{"rendered":"Bo\u00eete d'emballage d'invitation \u00e0 un mariage de luxe"},"content":{"rendered":"<h2 id=\"-core-design-highlights-\"><strong>Points forts de la conception de base<\/strong><\/h2>\n<ol>\n<li><strong>Fermeture magn\u00e9tique innovante<\/strong> La structure de fermeture magn\u00e9tique est adopt\u00e9e. Le couvercle et le corps de la bo\u00eete sont ferm\u00e9s par des aimants de haute pr\u00e9cision. La bo\u00eete est l\u00e9g\u00e8re et lisse lorsqu'elle est ouverte, ce qui lui conf\u00e8re un caract\u00e8re \u00e0 la fois c\u00e9r\u00e9monieux et amusant. La bande \u00e9lastique et la structure de tampon \u00e0 ressort sont ajout\u00e9es \u00e0 l'int\u00e9rieur pour garantir que la bo\u00eete ne se d\u00e9forme pas facilement apr\u00e8s de multiples ouvertures et fermetures, tout en prot\u00e9geant la lettre d'invitation contenue dans la bo\u00eete contre la compression.<\/li>\n<li><strong>Esth\u00e9tique minimaliste et texture haut de gamme<\/strong>\u00a0Le corps ext\u00e9rieur de la bo\u00eete est principalement blanc pur, avec un traitement de surface mat ou brillant, pr\u00e9sentant un style visuel simple et atmosph\u00e9rique. La surface est compatible avec le marquage \u00e0 chaud\/l'argent \u00e0 chaud, le gaufrage, l'impression UV et d'autres proc\u00e9d\u00e9s. Les noms des jeunes mari\u00e9s, le logo du mariage ou des motifs romantiques peuvent \u00eatre personnalis\u00e9s afin d'afficher un sens personnalis\u00e9 du luxe.<\/li>\n<\/ol>\n<h2 id=\"-highly-customized-service-\"><strong>Un service hautement personnalis\u00e9<\/strong><\/h2>\n<ul>\n<li><strong>Adaptation souple de la taille<\/strong>: Personnaliser la doublure de la bo\u00eete d'emballage en fonction de la taille de la lettre d'invitation (par exemple 5*7 pouces, sp\u00e9cifications A5\/A6 ou formes sp\u00e9ciales) afin d'optimiser l'utilisation de l'espace et de r\u00e9duire la redondance.<\/li>\n<li><strong>Diversit\u00e9 des mat\u00e9riaux<\/strong>: Nous proposons du papier, du velours, du daim, de l'acrylique et d'autres mat\u00e9riaux respectueux de l'environnement pour r\u00e9pondre aux diff\u00e9rents besoins en mati\u00e8re de toucher et de protection de l'environnement. Par exemple, le velours peut rehausser le luxe des coffrets cadeaux, tandis que l'acrylique convient \u00e0 la cr\u00e9ation d'une texture transparente moderne.<\/li>\n<li><strong>Couleur et effet d'impression<\/strong>: Outre le blanc classique, il permet de personnaliser des couleurs th\u00e9matiques telles que le rouge, le bleu et le vert, et peut combiner le transfert thermique, la s\u00e9rigraphie et d'autres technologies pour produire des effets complexes tels que des d\u00e9grad\u00e9s et des reliefs.<\/li>\n<\/ul>\n<h2 id=\"-professional-production-and-logistics-guarantee-\"><strong>Production professionnelle et garantie logistique<\/strong><\/h2>\n<ul>\n<li><strong>16 ans d'exp\u00e9rience dans l'usine source<\/strong>: Cultiver en profondeur le domaine de l'emballage, en fournissant un service complet, de la conception \u00e0 la production de masse en passant par l'\u00e9preuvage. Nous proposons une personnalisation pouss\u00e9e, comme l'impression du logo et l'optimisation de la structure, avec une quantit\u00e9 minimale de commande de 100 pi\u00e8ces pour r\u00e9pondre \u00e0 des besoins personnalis\u00e9s.<\/li>\n<li><strong>Transport du commerce ext\u00e9rieur en toute s\u00e9r\u00e9nit\u00e9<\/strong>: Gr\u00e2ce au service de garantie de cr\u00e9dit de la gare internationale d'Alibaba, nous assurons la s\u00e9curit\u00e9 du paiement et la rapidit\u00e9 de la logistique. Adopter des emballages professionnels tels que des cartons renforc\u00e9s \u00e0 double couche et de la mousse antichoc, s'adapter aux normes de transport internationales et couvrir les livraisons dans le monde entier.<\/li>\n<\/ul>\n<h2 id=\"-application-scenarios-and-added-value-\"><strong>Sc\u00e9narios d'application et valeur ajout\u00e9e<\/strong><\/h2>\n<ul>\n<li><strong>Utilisation multifonctionnelle<\/strong>: Il peut \u00eatre utilis\u00e9 non seulement comme bo\u00eete cadeau pour les invitations de mariage, mais aussi comme bo\u00eete cadeau ou bo\u00eete de rangement pour les souvenirs, ce qui le rend encore plus pratique.<\/li>\n<li><strong>Concept de protection de l'environnement<\/strong>: Du papier \u00e9cologique certifi\u00e9 FSC et des mat\u00e9riaux biod\u00e9gradables sont utilis\u00e9s pour r\u00e9pondre \u00e0 la tendance des mariages verts.<\/li>\n<\/ul>\n<p><strong>Processus de personnalisation<\/strong>:<\/p>\n<ol>\n<li>Indiquez la taille de l'invitation, l'\u00e9bauche du dessin ou la description de la demande ;<\/li>\n<li>R\u00e9troaction des rendus 3D et des devis dans les 3 jours ouvrables ;<\/li>\n<li>Le produit fini sera livr\u00e9 dans un d\u00e9lai de 7 \u00e0 15 jours apr\u00e8s confirmation, et les \u00e9chantillons seront examin\u00e9s au pr\u00e9alable.<\/li>\n<\/ol>\n<hr \/>\n<p><strong>Choisissez-nous pour ajouter des souvenirs \u00e9ternels \u00e0 votre mariage gr\u00e2ce \u00e0 notre savoir-faire !\u00a0<\/strong>(Pour plus de cas et des devis en temps r\u00e9el, veuillez contacter le service client\u00e8le pour obtenir des solutions exclusives)<\/p>","protected":false},"excerpt":{"rendered":"<p>Le corps de la bo\u00eete en papier est fabriqu\u00e9 \u00e0 partir d'un mat\u00e9riau de poids \u00e9lev\u00e9 et la surface est recouverte d'un film tactile mat, pr\u00e9sentant un aspect blanc pur minimaliste, avec un LOGO en marquage \u00e0 chaud or\/argent ou un motif sombre en relief personnalisable, qui conserve sa simplicit\u00e9 et sa grandeur tout en mettant en \u00e9vidence une texture l\u00e9g\u00e8re et luxueuse.<\/p>","protected":false},"featured_media":9102,"template":"","meta":[],"product_brand":[],"product_cat":[30,413,424,31],"product_tag":[1070,1068,1069],"class_list":{"0":"post-9095","1":"product","2":"type-product","3":"status-publish","4":"has-post-thumbnail","6":"product_cat-by-industry","7":"product_cat-consumer-electronics-boxes","8":"product_cat-magnetic-closure-boxes","9":"product_cat-paper-box-style","10":"product_tag-greeting-packaging-box","11":"product_tag-visiting-invitation-packaging-box","12":"product_tag-wedding-invitation-packaging","14":"first","15":"instock","16":"shipping-taxable","17":"product-type-simple"},"_links":{"self":[{"href":"https:\/\/zojopackaging.com\/fr\/wp-json\/wp\/v2\/product\/9095","targetHints":{"allow":["GET"]}}],"collection":[{"href":"https:\/\/zojopackaging.com\/fr\/wp-json\/wp\/v2\/product"}],"about":[{"href":"https:\/\/zojopackaging.com\/fr\/wp-json\/wp\/v2\/types\/product"}],"version-history":[{"count":1,"href":"https:\/\/zojopackaging.com\/fr\/wp-json\/wp\/v2\/product\/9095\/revisions"}],"predecessor-version":[{"id":9108,"href":"https:\/\/zojopackaging.com\/fr\/wp-json\/wp\/v2\/product\/9095\/revisions\/9108"}],"wp:featuredmedia":[{"embeddable":true,"href":"https:\/\/zojopackaging.com\/fr\/wp-json\/wp\/v2\/media\/9102"}],"wp:attachment":[{"href":"https:\/\/zojopackaging.com\/fr\/wp-json\/wp\/v2\/media?parent=9095"}],"wp:term":[{"taxonomy":"product_brand","embeddable":true,"href":"https:\/\/zojopackaging.com\/fr\/wp-json\/wp\/v2\/product_brand?post=9095"},{"taxonomy":"product_cat","embeddable":true,"href":"https:\/\/zojopackaging.com\/fr\/wp-json\/wp\/v2\/product_cat?post=9095"},{"taxonomy":"product_tag","embeddable":true,"href":"https:\/\/zojopackaging.com\/fr\/wp-json\/wp\/v2\/product_tag?post=9095"}],"curies":[{"name":"wp","href":"https:\/\/api.w.org\/{rel}","templated":true}]}}