{"id":9109,"date":"2025-04-01T11:08:33","date_gmt":"2025-04-01T03:08:33","guid":{"rendered":"https:\/\/zojopackaging.com\/?post_type=product&#038;p=9109"},"modified":"2025-04-01T11:26:19","modified_gmt":"2025-04-01T03:26:19","slug":"customized-luxury-liquor-wine-magnetic-closure-packaging-box","status":"publish","type":"product","link":"https:\/\/zojopackaging.com\/fr\/product\/customized-luxury-liquor-wine-magnetic-closure-packaging-box\/","title":{"rendered":"Bo\u00eete d'emballage de luxe \u00e0 fermeture magn\u00e9tique pour liqueur et vin"},"content":{"rendered":"<h2 id=\"-2-macaron-cyan-box-body-low-key-and-elegant-visual-aesthetics-\"><strong>1. Bo\u00eetier en cyan macaron : esth\u00e9tique discr\u00e8te et \u00e9l\u00e9gante<\/strong><\/h2>\n<p>Le corps de la bo\u00eete utilise une couleur cyan macaron douce et fra\u00eeche, qui \u00e9quilibre l'unicit\u00e9 et le confort visuel gr\u00e2ce \u00e0 des tons \u00e0 faible saturation, ce qui permet non seulement de se d\u00e9marquer dans l'affichage, mais aussi d'\u00e9viter la fatigue visuelle caus\u00e9e par des couleurs \u00e0 forte luminosit\u00e9. Cette palette de couleurs r\u00e9pond \u00e0 la pr\u00e9f\u00e9rence des jeunes consommateurs modernes pour une \"sensation haut de gamme\" et convient \u00e9galement aux banquets d'affaires, aux cadeaux de fin d'ann\u00e9e et \u00e0 d'autres sc\u00e9narios.<\/p>\n<h2 id=\"-4-precise-size-customization-optimize-space-utilization-\"><strong>2. Personnalisation pr\u00e9cise de la taille : optimisation de l'utilisation de l'espace<\/strong><\/h2>\n<p>Il permet de personnaliser le diam\u00e8tre int\u00e9rieur de la bo\u00eete d'emballage en fonction de param\u00e8tres tels que la hauteur et le diam\u00e8tre de la bouteille, ce qui garantit que la bouteille s'adapte parfaitement \u00e0 la doublure, r\u00e9duit le risque de collision caus\u00e9 par les interstices pendant le transport et comprime le volume de l'emballage afin de r\u00e9duire les co\u00fbts logistiques. Par exemple, des solutions d'adaptation exclusives peuvent \u00eatre fournies pour les bouteilles cylindriques, carr\u00e9es ou de forme sp\u00e9ciale.<\/p>\n<h2 id=\"-5-highly-customized-in-all-dimensions-meet-personalized-needs-\"><strong>3. Hautement personnalis\u00e9 dans toutes les dimensions : r\u00e9pondre \u00e0 des besoins personnalis\u00e9s<\/strong><\/h2>\n<ul>\n<li><strong>Type de bo\u00eete<\/strong>Les produits de l'UE : ils offrent des couvertures \u00e0 rabat de type livre, des couvertures sup\u00e9rieures et inf\u00e9rieures, des tiroirs et d'autres types de bo\u00eetes, et soutiennent le d\u00e9veloppement de structures novatrices ;<\/li>\n<li><strong>Mat\u00e9riau<\/strong>Les mat\u00e9riaux utilis\u00e9s sont les suivants : carton certifi\u00e9 FSC en option, papier sp\u00e9cial import\u00e9, cuir respectueux de l'environnement, etc., en tenant compte des exigences en mati\u00e8re de texture et de protection de l'environnement ;<\/li>\n<li><strong>Technologie de surface<\/strong>Les effets d'impression sont les suivants : marquage \u00e0 chaud, gaufrage UV, gaufrage, laser partiel et autres effets d'impression, et peuvent \u00e9galement personnaliser le LOGO de la marque ou les motifs culturels ;<\/li>\n<li><strong>Couleur<\/strong>: En plus du cyan macaron standard, il est possible de personnaliser les cartes de couleurs Pantone pour r\u00e9pondre aux exigences de coh\u00e9rence de la marque VI.<\/li>\n<\/ul>\n<h2 id=\"-6-environmentally-friendly-and-sustainable-design-green-brand-empowerment-\"><strong>4. Conception respectueuse de l'environnement et durable : renforcement de la marque verte<\/strong><\/h2>\n<p>Le corps principal de la bo\u00eete d'emballage est fabriqu\u00e9 en carton certifi\u00e9 FSC (gestion durable des for\u00eats), associ\u00e9 \u00e0 un composant magn\u00e9tique amovible et \u00e0 une structure \u00e0 boucle sans colle, pour atteindre la recyclabilit\u00e9 100%. Le ruban de la doublure est en coton naturel et en lin afin de r\u00e9duire l'utilisation du plastique, ce qui est conforme \u00e0 la proposition de valeur des marques haut de gamme en mati\u00e8re de protection de l'environnement et de responsabilit\u00e9 sociale.<\/p>\n<h2 id=\"-7-efficient-production-and-global-delivery-quick-response-to-market-demand-\"><strong>5. Production efficace et livraison \u00e0 l'\u00e9chelle mondiale : R\u00e9ponse rapide \u00e0 la demande du march\u00e9<\/strong><\/h2>\n<ul>\n<li><strong>Cycle d'\u00e9preuvage<\/strong>: Fournir un service d'\u00e9preuvage rapide en 3 jours, prendre en charge l'\u00e9chantillon physique et la confirmation du rendu 3D ;<\/li>\n<li><strong>Cycle de production de masse<\/strong>: Production en s\u00e9rie de plus de 5 000 pi\u00e8ces dans un d\u00e9lai de 15 jours, prise en charge des commandes acc\u00e9l\u00e9r\u00e9es ;<\/li>\n<li><strong>R\u00e9seau logistique<\/strong>: S'appuyant sur un syst\u00e8me intelligent de stockage des commandes et sur des partenaires logistiques transfrontaliers, l'entreprise couvre les principaux march\u00e9s du monde entier et propose des solutions de livraison par voie maritime, a\u00e9rienne et locale.<\/li>\n<\/ul>","protected":false},"excerpt":{"rendered":"<p>Applicable \u00e0 la personnalisation des marques d'alcool haut de gamme, \u00e0 l'emballage des vins en \u00e9dition limit\u00e9e, \u00e0 la personnalisation des cadeaux d'entreprise et aux coffrets cadeaux pour les f\u00eates, etc., afin d'aider les marques \u00e0 transmettre des connotations culturelles et des concepts de protection de l'environnement par le biais de l'emballage, et d'am\u00e9liorer l'exp\u00e9rience du consommateur et la comp\u00e9titivit\u00e9 sur le march\u00e9.<\/p>","protected":false},"featured_media":9110,"template":"","meta":[],"product_brand":[],"product_cat":[30,419,424,31],"product_tag":[1072,1073,1071],"class_list":{"0":"post-9109","1":"product","2":"type-product","3":"status-publish","4":"has-post-thumbnail","6":"product_cat-by-industry","7":"product_cat-custom-wines-spirits-boxes","8":"product_cat-magnetic-closure-boxes","9":"product_cat-paper-box-style","10":"product_tag-customized-wine-packaging","11":"product_tag-liquor-wine-magnetic-closure-box","12":"product_tag-luxury-liquor-wine-packaging","14":"first","15":"instock","16":"shipping-taxable","17":"product-type-simple"},"_links":{"self":[{"href":"https:\/\/zojopackaging.com\/fr\/wp-json\/wp\/v2\/product\/9109","targetHints":{"allow":["GET"]}}],"collection":[{"href":"https:\/\/zojopackaging.com\/fr\/wp-json\/wp\/v2\/product"}],"about":[{"href":"https:\/\/zojopackaging.com\/fr\/wp-json\/wp\/v2\/types\/product"}],"version-history":[{"count":1,"href":"https:\/\/zojopackaging.com\/fr\/wp-json\/wp\/v2\/product\/9109\/revisions"}],"predecessor-version":[{"id":9116,"href":"https:\/\/zojopackaging.com\/fr\/wp-json\/wp\/v2\/product\/9109\/revisions\/9116"}],"wp:featuredmedia":[{"embeddable":true,"href":"https:\/\/zojopackaging.com\/fr\/wp-json\/wp\/v2\/media\/9110"}],"wp:attachment":[{"href":"https:\/\/zojopackaging.com\/fr\/wp-json\/wp\/v2\/media?parent=9109"}],"wp:term":[{"taxonomy":"product_brand","embeddable":true,"href":"https:\/\/zojopackaging.com\/fr\/wp-json\/wp\/v2\/product_brand?post=9109"},{"taxonomy":"product_cat","embeddable":true,"href":"https:\/\/zojopackaging.com\/fr\/wp-json\/wp\/v2\/product_cat?post=9109"},{"taxonomy":"product_tag","embeddable":true,"href":"https:\/\/zojopackaging.com\/fr\/wp-json\/wp\/v2\/product_tag?post=9109"}],"curies":[{"name":"wp","href":"https:\/\/api.w.org\/{rel}","templated":true}]}}