{"id":9117,"date":"2025-04-01T11:26:47","date_gmt":"2025-04-01T03:26:47","guid":{"rendered":"https:\/\/zojopackaging.com\/?post_type=product&#038;p=9117"},"modified":"2025-04-01T11:51:50","modified_gmt":"2025-04-01T03:51:50","slug":"custom-made-business-playing-cards-games-boxes-wholesale","status":"publish","type":"product","link":"https:\/\/zojopackaging.com\/fr\/product\/custom-made-business-playing-cards-games-boxes-wholesale\/","title":{"rendered":"Cartes \u00e0 jouer d'affaires personnalis\u00e9es Bo\u00eetes de jeux Wholesale"},"content":{"rendered":"<h2 id=\"-high-end-customized-business-poker-game-box-product-description-\"><strong>Bo\u00eete de jeu de poker haut de gamme personnalis\u00e9e Description du produit<\/strong><\/h2>\n<h2 id=\"-i-core-product-features-\"><strong>1. Caract\u00e9ristiques principales du produit<\/strong><\/h2>\n<ol>\n<li><strong>Conception d'une protection professionnelle<\/strong><\/li>\n<li>Base en mat\u00e9riau composite de qualit\u00e9 militaire, rev\u00eatement noir mat r\u00e9sistant aux rayures sur la surface, aucune rayure apr\u00e8s 5 000 tests de friction. Le bo\u00eetier est \u00e9quip\u00e9 d'une structure de fente de carte de pr\u00e9cision, et le contr\u00f4le de la tol\u00e9rance de \u00b10,1 mm est r\u00e9alis\u00e9 gr\u00e2ce \u00e0 la technologie de cartographie laser 3D, qui s'adapte parfaitement \u00e0 52 cartes standard (compatibles avec les cartes 63<em>88mm taille internationale et 57<\/em>87 mm (taille chinoise).<\/li>\n<li>Les bordures renforc\u00e9es aux quatre coins et le syst\u00e8me de fermeture \u00e0 pression magn\u00e9tique assurent une r\u00e9sistance \u00e0 la poussi\u00e8re et \u00e0 l'eau de niveau IP54, et le test de chute lors du transport est conforme \u00e0 la norme de 1,5 m\u00e8tre de hauteur.<\/li>\n<li><strong>Service de personnalisation de la marque<\/strong><\/li>\n<li>Il prend en charge trois combinaisons de processus : la gravure au laser, le gaufrage UV et l'estampage \u00e0 chaud (en option, la feuille d'or 18K\/24K), et peut pr\u00e9senter le LOGO de l'entreprise avec une pr\u00e9cision minimale de 0,3 mm. Le panneau lat\u00e9ral prend en charge la conception en perspective creuse et peut \u00eatre int\u00e9gr\u00e9 \u00e0 la carte de couleurs VI de la soci\u00e9t\u00e9 (le num\u00e9ro de couleur Pantone est restaur\u00e9 avec pr\u00e9cision).<\/li>\n<li>Fournir 12 types de bo\u00eetes de base (flip\/drawer\/book page, etc.) et des mat\u00e9riaux sp\u00e9ciaux pour soutenir la conception d'\u00e9pissures mixtes.<\/li>\n<\/ol>\n<h2 id=\"-second-value-added-customized-module-\"><strong>2. Module personnalis\u00e9 \u00e0 valeur ajout\u00e9e<\/strong><\/h2>\n<ol>\n<li><strong>Syst\u00e8me d'optimisation de l'espace<\/strong><\/li>\n<li>D\u00e9velopper une structure de doublure variable et utiliser des compartiments modulaires pour convertir de mani\u00e8re flexible une seule bo\u00eete afin qu'elle puisse contenir 1 \u00e0 4 jeux de cartes (plage d'ajustement de l'\u00e9paisseur de 3 \u00e0 12 cm). Soutenir le d\u00e9veloppement de bo\u00eetes ext\u00e9rieures pliables et augmenter l'utilisation de l'espace par 40%.<\/li>\n<li><strong>Composantes du marketing \u00e9motionnel<\/strong><\/li>\n<li>Fente int\u00e9gr\u00e9e pour carte de v\u0153ux d\u00e9tachable, possibilit\u00e9 de marquage \u00e0 chaud, code QR pour l'histoire de l'entreprise (scanner le code pour acc\u00e9der \u00e0 la page H5 de la marque). Technologie originale d'implantation de puces parfum\u00e9es, offrant 6 parfums personnalis\u00e9s tels que bois de santal\/c\u00e8dre.<\/li>\n<li>D\u00e9velopper des emballages en \u00e9dition limit\u00e9e pour les f\u00eates, tels que la bo\u00eete en papier d\u00e9coup\u00e9 avec marquage \u00e0 chaud pour le festival de printemps, la bo\u00eete en filigrane \u00e9maill\u00e9 pour la mi-automne et d'autres s\u00e9ries \u00e0 8 th\u00e8mes.<\/li>\n<\/ol>\n<h2 id=\"-iii-production-guarantee-system-\"><strong>3. Syst\u00e8me de garantie de la production<\/strong><\/h2>\n<ol>\n<li><strong>Avantages de l'usine source<\/strong><\/li>\n<li>Les trois principales bases de production de Shenzhen\/Ningbo\/Yangzhou ont obtenu les certifications ISO9001 et FSC. Elles sont \u00e9quip\u00e9es de machines d'impression allemandes Heidelberg et de lignes de production de d\u00e9coupe enti\u00e8rement automatiques, avec une capacit\u00e9 de production quotidienne de 100 000 pi\u00e8ces.<\/li>\n<li>\u00c9preuve de conception gratuite (livraison dans les 3 jours ouvrables), prise en charge de la premi\u00e8re commande de 500 pi\u00e8ces et r\u00e9duction du d\u00e9lai de livraison des produits volumineux \u00e0 15 jours. Les commandes en gros b\u00e9n\u00e9ficient de prix \u00e9chelonn\u00e9s (le prix unitaire de plus de 5 000 pi\u00e8ces est r\u00e9duit de 22%).<\/li>\n<\/ol>","protected":false},"excerpt":{"rendered":"<p>\u2705 Amplification de la marque - Transformez les cartes en atouts marketing gr\u00e2ce \u00e0 l'impression sur toute la surface.<br \/>\n\u2705 Pro Durability - Survit \u00e0 une utilisation au niveau du casino gr\u00e2ce \u00e0 des coins renforc\u00e9s.<br \/>\n\u00c9l\u00e9gance instantan\u00e9e - l'image de marque traduit une exp\u00e9rience de jeu de premier ordre.<br \/>\nUtilisation polyvalente - Id\u00e9al pour les tournois, les cadeaux ou les pr\u00e9sentoirs de vente au d\u00e9tail.<\/p>","protected":false},"featured_media":9121,"template":"","meta":[],"product_brand":[],"product_cat":[30,413,424,31],"product_tag":[1076,1074,1075],"class_list":{"0":"post-9117","1":"product","2":"type-product","3":"status-publish","4":"has-post-thumbnail","6":"product_cat-by-industry","7":"product_cat-consumer-electronics-boxes","8":"product_cat-magnetic-closure-boxes","9":"product_cat-paper-box-style","10":"product_tag-cards-games-boxes-wholesale","11":"product_tag-custom-made-business-boxes","12":"product_tag-playing-cards-boxes","14":"first","15":"instock","16":"shipping-taxable","17":"product-type-simple"},"_links":{"self":[{"href":"https:\/\/zojopackaging.com\/fr\/wp-json\/wp\/v2\/product\/9117","targetHints":{"allow":["GET"]}}],"collection":[{"href":"https:\/\/zojopackaging.com\/fr\/wp-json\/wp\/v2\/product"}],"about":[{"href":"https:\/\/zojopackaging.com\/fr\/wp-json\/wp\/v2\/types\/product"}],"version-history":[{"count":1,"href":"https:\/\/zojopackaging.com\/fr\/wp-json\/wp\/v2\/product\/9117\/revisions"}],"predecessor-version":[{"id":9125,"href":"https:\/\/zojopackaging.com\/fr\/wp-json\/wp\/v2\/product\/9117\/revisions\/9125"}],"wp:featuredmedia":[{"embeddable":true,"href":"https:\/\/zojopackaging.com\/fr\/wp-json\/wp\/v2\/media\/9121"}],"wp:attachment":[{"href":"https:\/\/zojopackaging.com\/fr\/wp-json\/wp\/v2\/media?parent=9117"}],"wp:term":[{"taxonomy":"product_brand","embeddable":true,"href":"https:\/\/zojopackaging.com\/fr\/wp-json\/wp\/v2\/product_brand?post=9117"},{"taxonomy":"product_cat","embeddable":true,"href":"https:\/\/zojopackaging.com\/fr\/wp-json\/wp\/v2\/product_cat?post=9117"},{"taxonomy":"product_tag","embeddable":true,"href":"https:\/\/zojopackaging.com\/fr\/wp-json\/wp\/v2\/product_tag?post=9117"}],"curies":[{"name":"wp","href":"https:\/\/api.w.org\/{rel}","templated":true}]}}