{"id":9124,"date":"2025-04-01T11:50:04","date_gmt":"2025-04-01T03:50:04","guid":{"rendered":"https:\/\/zojopackaging.com\/?post_type=product&#038;p=9124"},"modified":"2025-04-01T15:05:13","modified_gmt":"2025-04-01T07:05:13","slug":"wholesale-cardboard-paper-packaging-boxes-for-perfume-box-maker","status":"publish","type":"product","link":"https:\/\/zojopackaging.com\/fr\/product\/wholesale-cardboard-paper-packaging-boxes-for-perfume-box-maker\/","title":{"rendered":"Bo\u00eetes d'emballage en carton en gros pour fabricant de bo\u00eetes de parfum"},"content":{"rendered":"<h3 id=\"1-environmentally-friendly-material-selection-the-perfect-combination-of-single-powder-card-and-special-paper-\">1.\u00a0<strong>S\u00e9lection de mat\u00e9riaux respectueux de l'environnement : la combinaison parfaite de la carte \u00e0 poudre unique et du papier sp\u00e9cial<\/strong><\/h3>\n<p>Les fabricants de bo\u00eetes \u00e0 parfum utilisent comme mat\u00e9riau de base un carton \u00e0 poudre unique (sup\u00e9rieur \u00e0 250 g\/m\u00b2). Ses caract\u00e9ristiques \u00e9paisses et croustillantes peuvent am\u00e9liorer la texture de l'emballage tout en respectant les normes environnementales. En outre, des papiers sp\u00e9ciaux peuvent \u00eatre personnalis\u00e9s en fonction de la demande.<\/p>\n<h3 id=\"2-warm-color-design-the-first-choice-for-gentle-ladies-\">2.\u00a0<strong>Conception de couleurs chaudes : le premier choix pour les femmes douces<\/strong><\/h3>\n<p>L'emballage est principalement de couleur chaude (comme le rose p\u00eache, l'or rose), avec des lignes simples ou des motifs floraux, ce qui correspond aux pr\u00e9f\u00e9rences esth\u00e9tiques des consommatrices. Par exemple, le coffret de parfum Cherish de Lanc\u00f4me utilise le rose chaud comme couleur principale pour transmettre un temp\u00e9rament doux ; le coffret de parfum Green de Chanel associe le vert clair \u00e0 l'or champagne pour cr\u00e9er une atmosph\u00e8re de for\u00eat fra\u00eeche. Les couleurs chaudes sont plus douces \u00e0 la lumi\u00e8re, ce qui renforce l'affinit\u00e9 du produit.<\/p>\n<h3 id=\"3-hot-silver-technology-metallic-texture-and-visual-focus-\">3.\u00a0<strong>Technologie de l'argent chaud : texture m\u00e9tallique et accent visuel<\/strong><\/h3>\n<p>En ajoutant des logos de marque, des motifs et d'autres \u00e9l\u00e9ments au corps ou \u00e0 la doublure de la bo\u00eete gr\u00e2ce \u00e0 la technologie de l'argent \u00e0 chaud, il est possible d'obtenir un effet de r\u00e9flexion et de brillance au soleil. Par exemple, le bouchon du flacon et le couvercle de la bo\u00eete de parfum Lianxiang adoptent la technologie de l'argent \u00e0 chaud, combin\u00e9e \u00e0 un design creux, qui est \u00e0 la fois moderne et simple. Le co\u00fbt de cette technologie est contr\u00f4lable et peut am\u00e9liorer consid\u00e9rablement la qualit\u00e9 du produit.<\/p>\n<h3 id=\"4-full-page-uv-superposition-design-level-and-three-dimensional-sense-\">4.\u00a0<strong>Superposition d'UV en pleine page : niveau de conception et sens tridimensionnel<\/strong><\/h3>\n<p>La technologie UV pleine page permet d'am\u00e9liorer l'aspect tridimensionnel et la brillance du motif, ce qui convient aux illustrations complexes ou au LOGO de la marque. Par exemple, la bo\u00eete de parfum Gucci met en valeur la texture florale gr\u00e2ce au vernis UV et donne une impression de luxe gr\u00e2ce \u00e0 la technologie de marquage \u00e0 chaud. Cette technologie permet \u00e9galement d'am\u00e9liorer la r\u00e9sistance \u00e0 l'usure et l'\u00e9tanch\u00e9it\u00e9 de l'emballage.<\/p>\n<h3 id=\"5-card-box-type-economical-and-functional-balance-\">5.\u00a0<strong>Type de bo\u00eete \u00e0 cartes : \u00e9quilibre \u00e9conomique et fonctionnel<\/strong><\/h3>\n<p>La bo\u00eete en carton utilise du papier de cuivre simple de 350 g, qui tient compte \u00e0 la fois de la r\u00e9sistance et du co\u00fbt. Compar\u00e9es aux bo\u00eetes en bois ou en m\u00e9tal, les bo\u00eetes en carton sont l\u00e9g\u00e8res et recyclables. Elles conviennent aux ventes en ligne et \u00e0 la logistique transfrontali\u00e8re.<\/p>\n<h3 id=\"6-zojo-print-quality-assurance-of-leading-manufacturers-\">6.\u00a0<strong>ZOJO Print : L'assurance qualit\u00e9 des principaux fabricants<\/strong><\/h3>\n<p>Leader de l'industrie chinoise de l'emballage, ZOJO Print dispose d'une usine de 6 000 m\u00e8tres carr\u00e9s et d'un syst\u00e8me de gestion ERP, avec une production journali\u00e8re de 60 000 bo\u00eetes de cartes, et prend en charge la production sur mesure. Son processus strict d'inspection de la qualit\u00e9 couvre les mati\u00e8res premi\u00e8res, l'impression, la d\u00e9coupe et d'autres liens afin de garantir que chaque lot de produits r\u00e9pond aux normes internationales (telles que la norme ISO 9001) et fournit des services de retour et d'\u00e9change sans souci apr\u00e8s la vente.<\/p>\n<h3 id=\"7-high-production-capacity-matches-brand-needs-\">7.\u00a0<strong>Une capacit\u00e9 de production \u00e9lev\u00e9e pour r\u00e9pondre aux besoins des marques<\/strong><\/h3>\n<p>Pour les commandes de moyenne et grande envergure, ZOJO Print r\u00e9alise un calendrier de production flexible gr\u00e2ce \u00e0 des lignes de production automatis\u00e9es et livre dans un d\u00e9lai de 7 jours. Par exemple, une marque de produits de beaut\u00e9 a personnalis\u00e9 50 000 coffrets de parfum de style chinois gr\u00e2ce \u00e0 l'usine, en utilisant la technologie de l'argent chaud et la conception UV pleine page, et les ventes ont augment\u00e9 de 40% apr\u00e8s l'inscription sur la liste. Sa capacit\u00e9 de production peut couvrir l'ensemble des besoins du cycle de vie, des jeunes marques aux marques internationales.<\/p>","protected":false},"excerpt":{"rendered":"<p>Les bo\u00eetes d'emballage en carton sont devenues le premier choix des marques de parfum en raison de leur protection de l'environnement, de leur co\u00fbt avantageux et de la diversit\u00e9 de leur conception. Gr\u00e2ce \u00e0 l'am\u00e9lioration du marquage \u00e0 chaud, des UV et d'autres processus, ainsi qu'au soutien de la capacit\u00e9 de production des principaux fabricants, les emballages de parfum peuvent non seulement transmettre le ton de la marque, mais aussi former une comp\u00e9titivit\u00e9 diff\u00e9renci\u00e9e sur le march\u00e9 des terminaux.<\/p>","protected":false},"featured_media":9150,"template":"","meta":[],"product_brand":[],"product_cat":[30,417,430,31],"product_tag":[1088,1089,1087],"class_list":{"0":"post-9124","1":"product","2":"type-product","3":"status-publish","4":"has-post-thumbnail","6":"product_cat-by-industry","7":"product_cat-custom-perfume-boxes-by-industry","8":"product_cat-folding-cartons","9":"product_cat-paper-box-style","10":"product_tag-paper-packaging-boxes-for-perfume","11":"product_tag-perfume-box-maker","12":"product_tag-wholesale-cardboard-paper-boxes","14":"first","15":"instock","16":"shipping-taxable","17":"product-type-grouped"},"_links":{"self":[{"href":"https:\/\/zojopackaging.com\/fr\/wp-json\/wp\/v2\/product\/9124","targetHints":{"allow":["GET"]}}],"collection":[{"href":"https:\/\/zojopackaging.com\/fr\/wp-json\/wp\/v2\/product"}],"about":[{"href":"https:\/\/zojopackaging.com\/fr\/wp-json\/wp\/v2\/types\/product"}],"version-history":[{"count":1,"href":"https:\/\/zojopackaging.com\/fr\/wp-json\/wp\/v2\/product\/9124\/revisions"}],"predecessor-version":[{"id":9172,"href":"https:\/\/zojopackaging.com\/fr\/wp-json\/wp\/v2\/product\/9124\/revisions\/9172"}],"wp:featuredmedia":[{"embeddable":true,"href":"https:\/\/zojopackaging.com\/fr\/wp-json\/wp\/v2\/media\/9150"}],"wp:attachment":[{"href":"https:\/\/zojopackaging.com\/fr\/wp-json\/wp\/v2\/media?parent=9124"}],"wp:term":[{"taxonomy":"product_brand","embeddable":true,"href":"https:\/\/zojopackaging.com\/fr\/wp-json\/wp\/v2\/product_brand?post=9124"},{"taxonomy":"product_cat","embeddable":true,"href":"https:\/\/zojopackaging.com\/fr\/wp-json\/wp\/v2\/product_cat?post=9124"},{"taxonomy":"product_tag","embeddable":true,"href":"https:\/\/zojopackaging.com\/fr\/wp-json\/wp\/v2\/product_tag?post=9124"}],"curies":[{"name":"wp","href":"https:\/\/api.w.org\/{rel}","templated":true}]}}