{"id":9126,"date":"2025-04-01T11:53:18","date_gmt":"2025-04-01T03:53:18","guid":{"rendered":"https:\/\/zojopackaging.com\/?post_type=product&#038;p=9126"},"modified":"2025-04-01T12:09:53","modified_gmt":"2025-04-01T04:09:53","slug":"empty-custom-printed-liquid-soap-packaging-boxes-wholesale","status":"publish","type":"product","link":"https:\/\/zojopackaging.com\/fr\/product\/empty-custom-printed-liquid-soap-packaging-boxes-wholesale\/","title":{"rendered":"Bo\u00eetes d'emballage vides et imprim\u00e9es pour savon liquide Wholesale"},"content":{"rendered":"<h2 id=\"1-intelligent-packaging-system-with-magnetic-structure\">1. Syst\u00e8me d'emballage intelligent \u00e0 structure magn\u00e9tique<\/h2>\n<p>Adopte un aimant permanent NdFeB de qualit\u00e9 N48, et la surface est nickel\u00e9e pour obtenir un encastrement invisible de 0,3 mm. Gr\u00e2ce \u00e0 la technologie d'agencement de l'anneau polaire NS, un syst\u00e8me de circuit magn\u00e9tique ferm\u00e9 est form\u00e9, et la force d'adsorption \u00e0 point unique est stable \u00e0 4,5N\u00b10,2N. \u00c9quip\u00e9 d'une structure de positionnement conique \u00e0 60\u00b0, il garantit une pr\u00e9cision de positionnement r\u00e9p\u00e9t\u00e9e de \u00b10,1 mm apr\u00e8s 5 000 ouvertures et fermetures. L'aimant n'est qu'\u00e0 0,8 mm de la surface d'adsorption, et la surface adopte une technologie de laminage PET de qualit\u00e9 alimentaire pour \u00e9viter les rayures.<\/p>\n<h2 id=\"2-brand-visual-enhancement-plan\">2. Plan d'am\u00e9lioration visuelle de la marque<\/h2>\n<p>Mise en \u0153uvre du syst\u00e8me bicolore de la carte de couleurs Pantone :<\/p>\n<ul>\n<li>Bo\u00eete ext\u00e9rieure : blanc pur<\/li>\n<li>Doublure : orange, le processus de flocage augmente les points de m\u00e9moire tactile Gr\u00e2ce \u00e0 la technologie d'impression par s\u00e9paration des couleurs, une surimpression pr\u00e9cise de 3 mm de la zone de couleur contrast\u00e9e est r\u00e9alis\u00e9e, et le gla\u00e7age local UV est adapt\u00e9 pour am\u00e9liorer l'effet de r\u00e9fraction de la lumi\u00e8re et de l'ombre. Selon des tests en laboratoire, sous un \u00e9clairage standard de 2000lux, la distance de reconnaissance est augment\u00e9e de 42% par rapport \u00e0 un emballage ordinaire.<\/li>\n<\/ul>\n<h2 id=\"3-full-dimensional-customization-system\">3. Syst\u00e8me de personnalisation complet<\/h2>\n<ol>\n<li><strong>Biblioth\u00e8que de type bo\u00eete<\/strong>: Contient 12 types de bo\u00eetes de base, tels que les bo\u00eetes \u00e0 tiroirs, les bo\u00eetes \u00e0 couvercle de fond et les bo\u00eetes \u00e0 livres, et permet de personnaliser la d\u00e9coupe des formes sp\u00e9ciales.<\/li>\n<li><strong>Adaptation de la taille<\/strong>: \u00c9tablir la formule du nombre d'or pour l'emballage des liquides et fournir des services de mod\u00e9lisation 3D<\/li>\n<li><strong>Matrice des mat\u00e9riaux<\/strong>:<\/li>\n<li>S\u00e9rie respectueuse de l'environnement : Certification FSC<\/li>\n<li>S\u00e9rie haut de gamme : Panneau gris de 1,2 mm + flanelle hollandaise<\/li>\n<li>Processus sp\u00e9cial : nano-embossage 3D\/estampage \u00e0 froid au laser<\/li>\n<li>Traitement de surface : impression haute fid\u00e9lit\u00e9 en six couleurs + marquage UV\/chaud local, reproduction claire d'une ligne fine d'au moins 0,2 mm.<\/li>\n<\/ol>\n<h2 id=\"4-space-optimization-project\">4. Projet d'optimisation de l'espace<\/h2>\n<p>Utiliser le syst\u00e8me de composition intelligente AutoCAD pour r\u00e9aliser :<\/p>\n<ul>\n<li>Augmentation de la capacit\u00e9 de chargement des transports de 30%<\/li>\n<li>R\u00e9duction du volume de stockage de 25%<\/li>\n<li>Epaisseur de l'\u00e9tag\u00e8re contr\u00f4l\u00e9e \u00e0 35 mm pr\u00e8s<\/li>\n<\/ul>\n<h2 id=\"5-printing-quality-control-system\">5. Syst\u00e8me de contr\u00f4le de la qualit\u00e9 de l'impression<\/h2>\n<p>Mettre en \u0153uvre les normes de gestion des couleurs de GMG, la configuration :<\/p>\n<ol>\n<li>Unit\u00e9 d'impression allemande Heidelberg XL106-8+1<\/li>\n<li>D\u00e9tecteur de diff\u00e9rence de couleur en ligne (\u0394E\u22641.5)<\/li>\n<li>Triple processus d'\u00e9preuvage : \u00e9preuvage num\u00e9rique \u2192 \u00e9preuvage contractuel \u2192 suivi de la production en s\u00e9rie<\/li>\n<li>Test de r\u00e9sistance \u00e0 la lumi\u00e8re de 72 heures<\/li>\n<\/ol>\n<h2 id=\"vi-source-factory-service-commitment\">6. Engagement de service de l'usine d'origine<\/h2>\n<p>En tant qu'entreprise centrale de la ceinture de l'industrie de l'emballage de Wenzhou, nous fournissons.. :<\/p>\n<ul>\n<li><strong>D\u00e9marrage sans frais<\/strong>: \u00e9preuvage gratuit (3 jours ouvrables pour l'\u00e9preuvage) + service de conception (\u00e9quipe de conception de 10 personnes)<\/li>\n<li><strong>Assurance qualit\u00e9<\/strong>: Atelier certifi\u00e9 ISO, 14 processus d'inspection compl\u00e8te, taux de d\u00e9fectuosit\u00e9 \u22640.3%<\/li>\n<li><strong>Livraison extr\u00eame<\/strong>Cycle d'\u00e9chantillonnage de 7 jours, livraison de la production de masse en 15 jours, prise en charge de la garde des stocks par le VMI.<\/li>\n<\/ul>","protected":false},"excerpt":{"rendered":"<p><strong>\u2705 Respectueux de l'environnement<\/strong><br \/>\nLes mat\u00e9riaux recyclables sont conformes aux normes de s\u00e9curit\u00e9 SGS pour le contact alimentaire.<\/p>\n<p><strong>\u2705 Potentiel de marque<\/strong><br \/>\nL'impression de logos de haute pr\u00e9cision augmente la valeur du produit pour les revendeurs.<\/p>","protected":false},"featured_media":9127,"template":"","meta":[],"product_brand":[],"product_cat":[30,423,424,31],"product_tag":[1077,1079,1078],"class_list":{"0":"post-9126","1":"product","2":"type-product","3":"status-publish","4":"has-post-thumbnail","6":"product_cat-by-industry","7":"product_cat-custom-presentation-boxes-by-industry","8":"product_cat-magnetic-closure-boxes","9":"product_cat-paper-box-style","10":"product_tag-custom-soap-packaging","11":"product_tag-liquid-soap-packaging-boxes","12":"product_tag-soap-packaging-wholesale","14":"first","15":"instock","16":"shipping-taxable","17":"product-type-simple"},"_links":{"self":[{"href":"https:\/\/zojopackaging.com\/fr\/wp-json\/wp\/v2\/product\/9126","targetHints":{"allow":["GET"]}}],"collection":[{"href":"https:\/\/zojopackaging.com\/fr\/wp-json\/wp\/v2\/product"}],"about":[{"href":"https:\/\/zojopackaging.com\/fr\/wp-json\/wp\/v2\/types\/product"}],"version-history":[{"count":1,"href":"https:\/\/zojopackaging.com\/fr\/wp-json\/wp\/v2\/product\/9126\/revisions"}],"predecessor-version":[{"id":9133,"href":"https:\/\/zojopackaging.com\/fr\/wp-json\/wp\/v2\/product\/9126\/revisions\/9133"}],"wp:featuredmedia":[{"embeddable":true,"href":"https:\/\/zojopackaging.com\/fr\/wp-json\/wp\/v2\/media\/9127"}],"wp:attachment":[{"href":"https:\/\/zojopackaging.com\/fr\/wp-json\/wp\/v2\/media?parent=9126"}],"wp:term":[{"taxonomy":"product_brand","embeddable":true,"href":"https:\/\/zojopackaging.com\/fr\/wp-json\/wp\/v2\/product_brand?post=9126"},{"taxonomy":"product_cat","embeddable":true,"href":"https:\/\/zojopackaging.com\/fr\/wp-json\/wp\/v2\/product_cat?post=9126"},{"taxonomy":"product_tag","embeddable":true,"href":"https:\/\/zojopackaging.com\/fr\/wp-json\/wp\/v2\/product_tag?post=9126"}],"curies":[{"name":"wp","href":"https:\/\/api.w.org\/{rel}","templated":true}]}}