{"id":9134,"date":"2025-04-01T12:11:38","date_gmt":"2025-04-01T04:11:38","guid":{"rendered":"https:\/\/zojopackaging.com\/?post_type=product&#038;p=9134"},"modified":"2025-04-01T14:04:39","modified_gmt":"2025-04-01T06:04:39","slug":"custom-exquisite-sculpture-figure-statue-ceramic-gift-box","status":"publish","type":"product","link":"https:\/\/zojopackaging.com\/fr\/product\/custom-exquisite-sculpture-figure-statue-ceramic-gift-box\/","title":{"rendered":"Sculpture exquise personnalis\u00e9e Statue Bo\u00eete cadeau en c\u00e9ramique"},"content":{"rendered":"<h2 id=\"-core-advantages-\"><strong>Avantages principaux<\/strong><\/h2>\n<h2 id=\"1-magnetic-closure-design-no-damage-to-surface-aesthetics-\">1.\u00a0<strong>Fermeture magn\u00e9tique, ne nuit pas \u00e0 l'esth\u00e9tique de la surface.<\/strong><\/h2>\n<ul>\n<li>La structure magn\u00e9tique brevet\u00e9e (bloc magn\u00e9tique + pi\u00e8ces magn\u00e9tiques cach\u00e9es) est adopt\u00e9e, elle ne n\u00e9cessite pas de collage ou de bouclage traditionnel, l'ouverture et la fermeture se font en douceur et la fermeture est ferme, ce qui \u00e9vite de rayer la surface de la bo\u00eete. Le processus d'amortissement anti-rebond int\u00e9gr\u00e9 s'adapte \u00e0 la fragilit\u00e9 des sculptures en c\u00e9ramique pour garantir l'absence de rel\u00e2chement pendant le transport.<\/li>\n<li>La zone magn\u00e9tique est pr\u00e9cis\u00e9ment int\u00e9gr\u00e9e dans le corps de la bo\u00eete, et il n'y a pas de protub\u00e9rance \u00e0 l'ext\u00e9rieur, ce qui pr\u00e9serve la beaut\u00e9 visuelle simple et lisse de la bo\u00eete d'emballage.<\/li>\n<\/ul>\n<h2 id=\"2-foldable-transportation-packaging-efficient-space-saving-\">2.\u00a0<strong>Emballage de transport pliable, \u00e9conomie d'espace<\/strong><\/h2>\n<ul>\n<li>Le volume est r\u00e9duit de plus de 60% apr\u00e8s pliage, ce qui convient \u00e0 la taille standard des palettes logistiques et r\u00e9duit les co\u00fbts de stockage et de transport.<\/li>\n<li>Le corps de la bo\u00eete est fabriqu\u00e9 en carton ondul\u00e9 tr\u00e8s r\u00e9sistant + mat\u00e9riau composite en fibre de bambou, avec une r\u00e9sistance \u00e0 la compression de 10kg\/cm\u00b2, et a pass\u00e9 le test de chute et la v\u00e9rification de la tol\u00e9rance \u00e0 l'humidit\u00e9.<\/li>\n<\/ul>\n<h2 id=\"3-precise-lining-customization-zero-displacement-protection-\">3.\u00a0<strong>Personnalisation pr\u00e9cise du rev\u00eatement, protection contre le d\u00e9placement nul<\/strong><\/h2>\n<ul>\n<li>La doublure utilise du coton de rembourrage EVA ou du papier nid d'abeille d\u00e9gradable, qui est d\u00e9coup\u00e9 en fonction de la num\u00e9risation en 3D du contour de la statue afin d'obtenir une fixation \"enveloppante\".<\/li>\n<li>Permet une conception en couches, adapt\u00e9e aux sculptures complexes, et am\u00e9liore les performances sismiques de 50%.<\/li>\n<\/ul>\n<h2 id=\"4-highly-customized-service-\">4.\u00a0<strong>Un service hautement personnalis\u00e9<\/strong><\/h2>\n<ul>\n<li><strong>Taille<\/strong>: L'emballage des sculptures peut aller de 10 cm \u00e0 150 cm, et les bo\u00eetes de forme sp\u00e9ciale (en forme de livre, avec couvercle sup\u00e9rieur et inf\u00e9rieur, par exemple) peuvent \u00eatre personnalis\u00e9es.<\/li>\n<li><strong>Conception visuelle<\/strong>: La couleur principale est l'or mat, avec une technologie de marquage \u00e0 chaud\/embossage, et des motifs traditionnels tels que des nuages de bon augure et Huiwen, ou des lignes g\u00e9om\u00e9triques minimalistes peuvent \u00eatre s\u00e9lectionn\u00e9s.<\/li>\n<li><strong>Mat\u00e9riau<\/strong>: Proposer des options respectueuses de l'environnement telles que le papier \u00e0 base de p\u00e2te de bambou (d\u00e9gradable), les panneaux de fibres de canne \u00e0 sucre (l\u00e9gers) et le papier \u00e0 base de carton gris recycl\u00e9 (tr\u00e8s r\u00e9sistant).<\/li>\n<li><strong>Processus d'impression<\/strong>: UV local, gravure au laser, encre anti-contrefa\u00e7on \u00e0 changement de temp\u00e9rature, etc., supportant les logos de marque et les slogans culturels Pr\u00e9sentation personnalis\u00e9e.<\/li>\n<\/ul>\n<h2 id=\"5-fusion-of-oriental-aesthetics-and-minimalism-\">5.\u00a0<strong>Fusion de l'esth\u00e9tique orientale et du minimalisme<\/strong><\/h2>\n<ul>\n<li>Le ton principal dor\u00e9 symbolise la prosp\u00e9rit\u00e9 et la noblesse, et la texture mate \u00e9vite l'exag\u00e9ration. Il est assorti \u00e0 des treillis de fen\u00eatres creuses ou \u00e0 des motifs vierges pour mettre en valeur la tension artistique des sculptures en c\u00e9ramique.<\/li>\n<li>La ligne de la bo\u00eete est simple et soign\u00e9e, adapt\u00e9e \u00e0 la pr\u00e9sentation moderne de la maison et aux sc\u00e8nes commerciales, tenant compte de l'h\u00e9ritage culturel et du sens de la mode.<\/li>\n<\/ul>\n<h2 id=\"6-sustainable-environmental-protection-concept-\">6.\u00a0<strong>Concept de protection durable de l'environnement<\/strong><\/h2>\n<ul>\n<li>Le mat\u00e9riau a obtenu la certification foresti\u00e8re FSC, la doublure est amovible et recyclable, et l'impression se fait \u00e0 l'encre \u00e0 base d'eau.<\/li>\n<li>Apr\u00e8s le cycle de vie de l'emballage, celui-ci peut \u00eatre d\u00e9grad\u00e9 \u00e0 100% ou converti en bo\u00eete de stockage pour \u00eatre r\u00e9utilis\u00e9, ce qui permet de r\u00e9duire l'empreinte carbone de 30%.<\/li>\n<\/ul>\n<h3 id=\"-craftsmanship-and-guarantee-\"><strong>Artisanat et garantie<\/strong><\/h3>\n<ul>\n<li><strong>16 ans de pr\u00e9cipitations professionnelles<\/strong>: L'usine dispose de machines de d\u00e9coupe enti\u00e8rement automatiques, d'\u00e9quipements de gravure au laser et d'un syst\u00e8me de contr\u00f4le de la qualit\u00e9 ISO, avec une capacit\u00e9 de production quotidienne de plus de 2 millions de pi\u00e8ces.<\/li>\n<li><strong>Service \u00e0 guichet unique<\/strong>: De la mod\u00e9lisation 3D \u00e0 la production en s\u00e9rie, en passant par l'\u00e9preuvage et les essais, la livraison est effectu\u00e9e dans un d\u00e9lai de 7 \u00e0 15 jours, avec un suivi logistique mondial et des r\u00e9clamations en cas de dommages.<\/li>\n<\/ul>\n<h2 id=\"-application-scenarios-\"><strong>Sc\u00e9narios d'application<\/strong><\/h2>\n<ul>\n<li><strong>Collection d'art<\/strong>: Protection de niveau mus\u00e9al, adapt\u00e9e aux objets fragiles tels que les statues de Bouddha et les sculptures humaines.<\/li>\n<li><strong>Cadeau d'affaires<\/strong>: Personnaliser les logos et les messages d'accueil des entreprises pour renforcer la valeur culturelle de la marque.<\/li>\n<li><strong>Commerce \u00e9lectronique transfrontalier<\/strong>: Satisfaire aux normes environnementales de l'UE et s'adapter aux besoins en mati\u00e8re de transport international.<\/li>\n<\/ul>","protected":false},"excerpt":{"rendered":"<p>Cette bo\u00eete cadeau est con\u00e7ue pour les sculptures en c\u00e9ramique haut de gamme, int\u00e9grant l'esth\u00e9tique orientale et l'artisanat moderne. Il s'appuie sur une structure de pliage magn\u00e9tique, des mat\u00e9riaux respectueux de l'environnement et des services hautement personnalis\u00e9s. Il offre une gamme compl\u00e8te de solutions de protection pour les statues en c\u00e9ramique fragiles, du transport \u00e0 l'exposition. Cr\u00e9\u00e9e par une usine de bo\u00eetes d'emballage de 16 ans d'exp\u00e9rience, elle r\u00e9pond aux besoins des collections d'art, des cadeaux d'affaires, de la communication culturelle et d'autres sc\u00e9narios en un seul endroit.<\/p>","protected":false},"featured_media":9136,"template":"","meta":[],"product_brand":[],"product_cat":[30,427,423,31],"product_tag":[1082,1080,1081],"class_list":{"0":"post-9134","1":"product","2":"type-product","3":"status-publish","4":"has-post-thumbnail","6":"product_cat-by-industry","7":"product_cat-collapsible-gift-boxes","8":"product_cat-custom-presentation-boxes-by-industry","9":"product_cat-paper-box-style","10":"product_tag-ceramic-gift-box","11":"product_tag-custom-sculpture-gift-box","12":"product_tag-figure-statue-gift-box","14":"first","15":"instock","16":"shipping-taxable","17":"product-type-simple"},"_links":{"self":[{"href":"https:\/\/zojopackaging.com\/fr\/wp-json\/wp\/v2\/product\/9134","targetHints":{"allow":["GET"]}}],"collection":[{"href":"https:\/\/zojopackaging.com\/fr\/wp-json\/wp\/v2\/product"}],"about":[{"href":"https:\/\/zojopackaging.com\/fr\/wp-json\/wp\/v2\/types\/product"}],"version-history":[{"count":1,"href":"https:\/\/zojopackaging.com\/fr\/wp-json\/wp\/v2\/product\/9134\/revisions"}],"predecessor-version":[{"id":9140,"href":"https:\/\/zojopackaging.com\/fr\/wp-json\/wp\/v2\/product\/9134\/revisions\/9140"}],"wp:featuredmedia":[{"embeddable":true,"href":"https:\/\/zojopackaging.com\/fr\/wp-json\/wp\/v2\/media\/9136"}],"wp:attachment":[{"href":"https:\/\/zojopackaging.com\/fr\/wp-json\/wp\/v2\/media?parent=9134"}],"wp:term":[{"taxonomy":"product_brand","embeddable":true,"href":"https:\/\/zojopackaging.com\/fr\/wp-json\/wp\/v2\/product_brand?post=9134"},{"taxonomy":"product_cat","embeddable":true,"href":"https:\/\/zojopackaging.com\/fr\/wp-json\/wp\/v2\/product_cat?post=9134"},{"taxonomy":"product_tag","embeddable":true,"href":"https:\/\/zojopackaging.com\/fr\/wp-json\/wp\/v2\/product_tag?post=9134"}],"curies":[{"name":"wp","href":"https:\/\/api.w.org\/{rel}","templated":true}]}}