{"id":9141,"date":"2025-04-01T14:05:03","date_gmt":"2025-04-01T06:05:03","guid":{"rendered":"https:\/\/zojopackaging.com\/?post_type=product&#038;p=9141"},"modified":"2025-04-01T14:27:26","modified_gmt":"2025-04-01T06:27:26","slug":"custom-magnetic-essential-oil-cosmetic-packaging-gift-box","status":"publish","type":"product","link":"https:\/\/zojopackaging.com\/fr\/product\/custom-magnetic-essential-oil-cosmetic-packaging-gift-box\/","title":{"rendered":"Emballage d'huiles essentielles magn\u00e9tiques sur mesure Bo\u00eete cadeau"},"content":{"rendered":"<h2 id=\"-1-magnetic-embedded-design-upgraded-safety-protection-\"><strong>1. Conception magn\u00e9tique int\u00e9gr\u00e9e, protection am\u00e9lior\u00e9e de la s\u00e9curit\u00e9<\/strong><\/h2>\n<p>Adoptant une structure brevet\u00e9e de couvercle \u00e0 rabat magn\u00e9tique, l'aimant est int\u00e9gr\u00e9 dans une coque en fer et une feuille de fer galvanis\u00e9 pour \u00e9viter que l'aimant ne soit expos\u00e9 et us\u00e9, tout en renfor\u00e7ant la force d'adsorption unilat\u00e9rale. Con\u00e7u pour les flacons d'huile essentielle fragiles, il s'ouvre et se ferme en douceur et ferme fermement, r\u00e9duisant la perte d'aimants caus\u00e9e par une ouverture fr\u00e9quente et prolongeant la dur\u00e9e de vie de l'emballage. La doublure est faite d'un mat\u00e9riau de flocage EVA haute densit\u00e9, associ\u00e9 \u00e0 une technologie de tamponnage magn\u00e9tique pour disperser l'impact du transport et prot\u00e9ger le flacon d'huile essentielle en verre contre les dommages caus\u00e9s par les vibrations dans toutes les directions.<\/p>\n<h2 id=\"-2-double-sided-visual-enhancement-accurate-communication-of-brand-and-ingredients-\"><strong>2. Am\u00e9lioration visuelle double face, communication pr\u00e9cise de la marque et des ingr\u00e9dients<\/strong><\/h2>\n<ul>\n<li><strong>Conception de la face avant<\/strong>: La technologie d'impression offset de haute pr\u00e9cision permet de pr\u00e9senter le logo de la marque et les principaux \u00e9l\u00e9ments visuels, et le processus de marquage \u00e0 chaud\/UV permet de mettre en valeur la texture luxueuse.<\/li>\n<li><strong>Conception du dos<\/strong>: La liste des ingr\u00e9dients du produit, le mode d'emploi et le logo de certification environnementale sont affich\u00e9s dans un style minimaliste, et l'impression en tons directs garantit un texte clair et sans bavures. La conception diff\u00e9renci\u00e9e recto-verso tient compte \u00e0 la fois de l'acquisition d'informations par le consommateur et de la m\u00e9morisation de l'image de marque, et renforce l'attrait de la pr\u00e9sentation en rayon.<\/li>\n<\/ul>\n<h2 id=\"-3-red-and-black-contrast-aesthetics-classic-and-tense-\"><strong>3. Esth\u00e9tique contrast\u00e9e rouge et noire, classique et tendue<\/strong><\/h2>\n<ul>\n<li><strong>Correspondance des couleurs<\/strong>: La couleur principale est le rouge chinois noir mat, le noir mat \u00e9tant la couleur des ornements, ce qui cr\u00e9e un fort contraste visuel.<\/li>\n<li><strong>Performance des mat\u00e9riaux<\/strong>: La partie noire utilise du papier couch\u00e9 C2S 157g avec un film mat, et la partie rouge utilise la s\u00e9rigraphie et un vernis local pour renforcer la sensation de superposition et les diff\u00e9rences tactiles, ce qui est conforme \u00e0 la recherche d'exquise de l'industrie cosm\u00e9tique.<\/li>\n<\/ul>\n<h2 id=\"-4-precise-printing-process-rigorous-quality-endorsement-\"><strong>4. Processus d'impression pr\u00e9cis, contr\u00f4le de qualit\u00e9 rigoureux<\/strong><\/h2>\n<p>Adoptant la machine d'impression allemande Heidelberg \u00e0 6 couleurs, le contr\u00f4le de la diff\u00e9rence de couleur \u0394E\u22641,5 (bien inf\u00e9rieur \u00e0 la norme industrielle \u0394E\u22643), prenant en charge les couleurs d'accompagnement Pantone et les modes de m\u00e9lange de quatre couleurs. Tous les liens d'impression sont calibr\u00e9s et enti\u00e8rement inspect\u00e9s trois fois pour s'assurer que les bords du motif sont nets et que la saturation des couleurs est coh\u00e9rente, transmettant le contr\u00f4le strict des d\u00e9tails de la marque et renfor\u00e7ant la confiance des consommateurs.<\/p>\n<h2 id=\"-5-highly-flexible-customization-to-meet-diverse-needs-\"><strong>5. Personnalisation tr\u00e8s souple pour r\u00e9pondre \u00e0 des besoins divers<\/strong><\/h2>\n<ul>\n<li><strong>S\u00e9lection du type de bo\u00eete<\/strong>: 12 types de bo\u00eetes de base sont fournis, y compris la bo\u00eete \u00e0 rabat, la bo\u00eete \u00e0 livres, la bo\u00eete \u00e0 tiroirs, etc., et la personnalisation de la structure en forme sp\u00e9ciale est prise en charge (comme l'orifice d'aspiration magn\u00e9tique en forme d'arc ou la fen\u00eatre creuse).<\/li>\n<li><strong>Combinaison de mat\u00e9riaux<\/strong>: La bo\u00eete ext\u00e9rieure est un carton gris rigide de 1200 g (r\u00e9sistance \u00e0 la compression \u2265800N), la doublure est en coton perl\u00e9 EPE d\u00e9gradable, et la surface est recouverte d'un rev\u00eatement \u00e0 base d'eau respectueux de l'environnement, conforme aux normes REACH de l'UE.<\/li>\n<li><strong>Expansion du processus<\/strong>: Plus de 20 proc\u00e9d\u00e9s de traitement de surface tels que l'estampage \u00e0 chaud, le gaufrage et la gravure au laser sont disponibles en option, et des mat\u00e9riaux tels que le papier mat\/glac\u00e9\/textur\u00e9 sont pris en charge pour s'adapter aux diff\u00e9rentes tonalit\u00e9s des produits.<\/li>\n<\/ul>\n<h2 id=\"-6-precision-lining-cutting-zero-displacement-protection-\"><strong>6. Coupe pr\u00e9cise du rev\u00eatement, protection contre le d\u00e9placement nul<\/strong><\/h2>\n<p>Gr\u00e2ce \u00e0 la mod\u00e9lisation 3D et \u00e0 la technologie de d\u00e9coupe au laser, la doublure est moul\u00e9e 1:1 en fonction de la forme du flacon d'huile essentielle, avec une tol\u00e9rance contr\u00f4l\u00e9e \u00e0 \u00b10,1 mm pour obtenir une \"fixation int\u00e9gr\u00e9e\". Pour les combinaisons de plusieurs flacons, des fentes pour cartes ind\u00e9pendantes peuvent \u00eatre con\u00e7ues en couches, et la disposition peut \u00eatre librement ajust\u00e9e \u00e0 l'aide de cloisons magn\u00e9tiques afin de garantir l'absence de secousses pendant le transport.<\/p>\n<h2 id=\"-7-environmentally-friendly-and-sustainable-packaging-practicing-green-responsibility-\"><strong>7. Emballage respectueux de l'environnement et durable, pratique de la responsabilit\u00e9 verte<\/strong><\/h2>\n<ul>\n<li><strong>Mat\u00e9riau principal<\/strong>: 157g de papier couch\u00e9 C2S (certifi\u00e9 FSC) + 1200g de carton gris recycl\u00e9 (taux de recyclage \u226585%), l'ensemble de l'emballage est enti\u00e8rement d\u00e9gradable.<\/li>\n<li><strong>Encre<\/strong>: L'encre utilis\u00e9e est une encre \u00e9cologique \u00e0 base de soja, sans m\u00e9taux lourds ni \u00e9missions de COV, qui a pass\u00e9 avec succ\u00e8s les tests et la certification SGS.<\/li>\n<li><strong>Conception de la r\u00e9duction du plastique<\/strong>: La ventouse magn\u00e9tique \u00e0 base de papier remplace les boucles traditionnelles en plastique, r\u00e9duisant ainsi l'empreinte carbone de 40%.<\/li>\n<\/ul>\n<h2 id=\"-8-direct-supply-from-the-source-factory-efficient-service-guarantee-\"><strong>8. Fourniture directe par l'usine source, garantie d'un service efficace<\/strong><\/h2>\n<ul>\n<li><strong>Avantages du service<\/strong>: Connexion directe avec l'usine d'origine en Chine, conception gratuite, production d'\u00e9chantillons en 3 jours,<\/li>\n<li><strong>Soutien complet des processus<\/strong>: De la communication de la demande \u00e0 la production en s\u00e9rie, en passant par la s\u00e9lection des mat\u00e9riaux, nous disposons de chefs de projet exclusifs et d'\u00e9quipes d'inspection de la qualit\u00e9, et nous offrons une garantie authentique de retour et d'\u00e9change sous 15 jours.<\/li>\n<\/ul>","protected":false},"excerpt":{"rendered":"<p>\ud83d\udfe0 Brand Amplifier - Transformer l'emballage en un r\u00e9cit tactile au luxe assorti.<br \/>\n\ud83e\uddf2 \u00c9l\u00e9gance fonctionnelle - Le joint magn\u00e9tique s\u00e9curis\u00e9 emp\u00eache les d\u00e9versements pendant le transport et le stockage.<br \/>\n\ud83c\udf3f Conception centr\u00e9e sur les senteurs - La doublure en velours prot\u00e8ge les huiles d\u00e9licates tout en compl\u00e9tant les voyages d'aromath\u00e9rapie.<br \/>\n\ud83d\udce6 Pr\u00eat pour le B2B - Pr\u00e9configur\u00e9 pour les commandes en gros (MOQ 500 unit\u00e9s) avec un d\u00e9lai d'ex\u00e9cution rapide de 14 jours.<br \/>\n\u267b\ufe0f Green Prestige - Les mat\u00e9riaux certifi\u00e9s FSC r\u00e9pondent aux normes de conformit\u00e9 du commerce de gros \u00e0 l'\u00e9chelle mondiale.<\/p>","protected":false},"featured_media":9142,"template":"","meta":[],"product_brand":[],"product_cat":[30,390,424,31],"product_tag":[1083,775,616],"class_list":{"0":"post-9141","1":"product","2":"type-product","3":"status-publish","4":"has-post-thumbnail","6":"product_cat-by-industry","7":"product_cat-custom-cosmetics-boxes","8":"product_cat-magnetic-closure-boxes","9":"product_cat-paper-box-style","10":"product_tag-cosmetic-packaging-gift-box","11":"product_tag-custom-cosmetic-packaging","12":"product_tag-essential-oil-packaging","14":"first","15":"instock","16":"shipping-taxable","17":"product-type-simple"},"_links":{"self":[{"href":"https:\/\/zojopackaging.com\/fr\/wp-json\/wp\/v2\/product\/9141","targetHints":{"allow":["GET"]}}],"collection":[{"href":"https:\/\/zojopackaging.com\/fr\/wp-json\/wp\/v2\/product"}],"about":[{"href":"https:\/\/zojopackaging.com\/fr\/wp-json\/wp\/v2\/types\/product"}],"version-history":[{"count":1,"href":"https:\/\/zojopackaging.com\/fr\/wp-json\/wp\/v2\/product\/9141\/revisions"}],"predecessor-version":[{"id":9155,"href":"https:\/\/zojopackaging.com\/fr\/wp-json\/wp\/v2\/product\/9141\/revisions\/9155"}],"wp:featuredmedia":[{"embeddable":true,"href":"https:\/\/zojopackaging.com\/fr\/wp-json\/wp\/v2\/media\/9142"}],"wp:attachment":[{"href":"https:\/\/zojopackaging.com\/fr\/wp-json\/wp\/v2\/media?parent=9141"}],"wp:term":[{"taxonomy":"product_brand","embeddable":true,"href":"https:\/\/zojopackaging.com\/fr\/wp-json\/wp\/v2\/product_brand?post=9141"},{"taxonomy":"product_cat","embeddable":true,"href":"https:\/\/zojopackaging.com\/fr\/wp-json\/wp\/v2\/product_cat?post=9141"},{"taxonomy":"product_tag","embeddable":true,"href":"https:\/\/zojopackaging.com\/fr\/wp-json\/wp\/v2\/product_tag?post=9141"}],"curies":[{"name":"wp","href":"https:\/\/api.w.org\/{rel}","templated":true}]}}