{"id":9156,"date":"2025-04-01T14:28:09","date_gmt":"2025-04-01T06:28:09","guid":{"rendered":"https:\/\/zojopackaging.com\/?post_type=product&#038;p=9156"},"modified":"2025-04-01T14:51:48","modified_gmt":"2025-04-01T06:51:48","slug":"custom-logo-empty-cuticle-oil-pen-packaging-boxes-wholesale","status":"publish","type":"product","link":"https:\/\/zojopackaging.com\/fr\/product\/custom-logo-empty-cuticle-oil-pen-packaging-boxes-wholesale\/","title":{"rendered":"Bo\u00eetes d'emballage pour stylos \u00e0 huile \u00e0 cuticules vides avec logo personnalis\u00e9 Wholesale"},"content":{"rendered":"<h2 id=\"-designed-for-high-end-skincare-brands-a-packaging-solution-that-combines-environmental-protection-and-luxury-\"><strong>Con\u00e7ue pour les marques de soins de la peau haut de gamme, une solution d'emballage qui allie protection de l'environnement et luxe<\/strong><\/h2>\n<p>En tant qu'usine ayant 16 ans d'exp\u00e9rience dans la production de bo\u00eetes d'emballage pour stylos \u00e0 huile pour cuticules, nous nous engageons \u00e0 fournir aux marques mondiales de soins de la peau des services personnalis\u00e9s d'un seul tenant, de la conception aux produits finis, et \u00e0 utiliser des emballages de haute qualit\u00e9 pour contribuer \u00e0 am\u00e9liorer la valeur de la marque. Voici les principaux avantages de ce produit :<\/p>\n<h2 id=\"-1-high-density-environmentally-friendly-materials-to-protect-product-safety-\"><strong>1. Mat\u00e9riaux \u00e9cologiques \u00e0 haute densit\u00e9 pour prot\u00e9ger la s\u00e9curit\u00e9 du produit<\/strong><\/h2>\n<p>La bo\u00eete d'emballage est fabriqu\u00e9e en carton \u00e9cologique de haute densit\u00e9 et en mat\u00e9riaux d\u00e9gradables, qui sont solides, r\u00e9sistants \u00e0 la pression et aux chocs, ce qui garantit que les produits liquides ou fragiles tels que les essences, les toners, les huiles essentielles, etc. sont prot\u00e9g\u00e9s contre l'\u00e9crasement, les fuites ou la d\u00e9t\u00e9rioration pendant le transport et le stockage, tout en v\u00e9hiculant le concept de protection de l'environnement de la marque.<\/p>\n<h2 id=\"-2-double-sided-creative-design-to-enhance-brand-communication-\"><strong>2. Conception cr\u00e9ative recto-verso pour am\u00e9liorer la communication de la marque<\/strong><\/h2>\n<p>-\u00a0<strong>Face de pr\u00e9sentation des ingr\u00e9dients<\/strong>: La mise en page scientifique pr\u00e9sente les formules des produits, leur efficacit\u00e9 et leur mode d'emploi afin de renforcer le professionnalisme et la confiance des consommateurs. -\u00a0<strong>C\u00f4t\u00e9 image de marque<\/strong>: La conception artistique du logo, des slogans ou de l'histoire de la marque permet de cr\u00e9er des points de m\u00e9morisation visuels haut de gamme qui renforcent l'impression du client. La conception recto-verso maximise l'utilisation de l'espace de l'emballage, en tenant compte \u00e0 la fois de l'aspect pratique et de la valeur marketing.<\/p>\n<h2 id=\"-3-magnetic-opening-and-closing-structure-to-create-a-light-luxury-experience-\"><strong>3. Structure d'ouverture et de fermeture magn\u00e9tique pour cr\u00e9er une exp\u00e9rience de luxe l\u00e9ger.<\/strong><\/h2>\n<p>- La bo\u00eete est \u00e9quip\u00e9e d'une boucle magn\u00e9tique solide, qui s'ouvre et se ferme en douceur et en silence, et est r\u00e9utilisable sans usure, ce qui r\u00e9pond aux besoins des produits de soins de la peau haut de gamme et de l'emballage cadeau pour un sens du rituel. - La surface est recouverte d'un film au toucher d\u00e9licat, avec des angles de coupe pr\u00e9cis, soulignant le style exquis de la marque.<\/p>\n<h2 id=\"-4-natural-warm-brown-tone-conveying-organic-concept-\"><strong>4. Tonalit\u00e9 brune naturelle et chaude, v\u00e9hiculant un concept organique<\/strong><\/h2>\n<p>La couleur principale de l'emballage utilise des tons de terre tels que le brun chaud et le kaki, combin\u00e9s \u00e0 une texture mate ou \u00e0 une technologie de texture partielle, afin de transmettre intuitivement l'image de marque naturelle, pure et durable, et d'attirer avec pr\u00e9cision les groupes de consommateurs respectueux de l'environnement.<\/p>\n<h2 id=\"-5-spot-uv-technology-efficient-production-and-visual-upgrade-\"><strong>5. Technologie UV ponctuelle, production efficace et am\u00e9lioration de l'aspect visuel<\/strong><\/h2>\n<p>La technologie d'impression UV locale est utilis\u00e9e pour obtenir un effet tridimensionnel brillant\/mat du LOGO, du motif ou du texte, avec une vitesse de durcissement rapide et une forte adh\u00e9rence, ce qui raccourcit consid\u00e9rablement le cycle de livraison. Le processus est compatible avec l'impression en continu de motifs complexes, ce qui permet de r\u00e9pondre efficacement aux commandes de gros volumes.<\/p>\n<h2 id=\"-6-all-round-customization-precise-adaptation-to-product-needs-\"><strong>6. Personnalisation compl\u00e8te, adaptation pr\u00e9cise aux besoins du produit<\/strong><\/h2>\n<p>-\u00a0<strong>Type et taille de la bo\u00eete<\/strong>: Il supporte de multiples structures telles que les bo\u00eetes \u00e0 rabat, les bo\u00eetes \u00e0 tiroirs, les bo\u00eetes en forme de livre, etc., et peut \u00eatre personnalis\u00e9 de mani\u00e8re flexible en fonction de la taille du produit afin de minimiser le gaspillage d'espace. -\u00a0<strong>Proc\u00e9d\u00e9 de rev\u00eatement int\u00e9rieur<\/strong>: Moulage pr\u00e9cis selon la forme du stylo \u00e0 huile pour cuticules ou du flacon d'huile essentielle, utilisation d'une \u00e9ponge EVA ou d'une doublure flock\u00e9e pour fixer le produit, protection \"z\u00e9ro mouvement\" et \u00e9limination des dommages caus\u00e9s par les chocs lors du transport. -\u00a0<strong>Impression et mat\u00e9riel<\/strong>: Effets de surface personnalisables tels que marquage \u00e0 chaud, gaufrage, laser, etc., papier mat, papier d'art, papier ondul\u00e9 et autres options mat\u00e9rielles.<\/p>\n<h2 id=\"-7-16-years-of-one-stop-service-quality-and-efficiency-double-guarantee-\"><strong>7. 16 ans de service unique, double garantie de qualit\u00e9 et d'efficacit\u00e9<\/strong><\/h2>\n<p>De la proposition de conception \u00e0 la production en s\u00e9rie, en passant par les essais de mat\u00e9riaux et la confirmation des \u00e9preuves, l'ensemble du processus est suivi de mani\u00e8re professionnelle par une \u00e9quipe chevronn\u00e9e afin de garantir que la bo\u00eete d'emballage pr\u00e9sente le meilleur \u00e9quilibre entre la fonction, l'esth\u00e9tique et le co\u00fbt, aidant ainsi la marque \u00e0 s'emparer rapidement du march\u00e9.<\/p>\n<p><strong>Processus de coop\u00e9ration<\/strong>Communication de la demande \u2192 proposition de conception \u2192 confirmation de l'\u00e9preuve en 3D \u2192 livraison de la production en s\u00e9rie\u00a0<strong>Quantit\u00e9 minimale de commande flexible<\/strong>Le programme d'aide \u00e0 la recherche et au d\u00e9veloppement de l'Union europ\u00e9enne (UE) : il prend en charge les commandes d'essai en petits et moyens lots et la vente en gros \u00e0 grande \u00e9chelle afin de r\u00e9pondre aux besoins des marques \u00e0 diff\u00e9rents stades de leur d\u00e9veloppement.<\/p>\n<p>Gr\u00e2ce \u00e0 un emballage professionnel qui renforce la valeur de la marque, nous sommes impatients de travailler avec vous pour cr\u00e9er une exp\u00e9rience inoubliable en mati\u00e8re de soins de la peau !<\/p>","protected":false},"excerpt":{"rendered":"<ul>\n<li>\ud83d\udee1\ufe0f Protective Design\uff1aShields oils from UV light, leaks, and physical damage during transit.<\/li>\n<li>\ud83d\udcc8 Brand Amplification\uff1aProminent logo placement and custom finishes elevate brand authority.<\/li>\n<li>\u26a1 Scalable Solutions\uff1aBulk pricing and fast turnaround for wholesalers ; flexible branding for startups.<\/li>\n<li>\u267b\ufe0f Eco-Conscious\uff1aLes mat\u00e9riaux recyclables r\u00e9pondent aux exigences d'un emballage durable.<\/li>\n<\/ul>","protected":false},"featured_media":9157,"template":"","meta":[],"product_brand":[],"product_cat":[30,390,424,31],"product_tag":[1084,1086,1085],"class_list":{"0":"post-9156","1":"product","2":"type-product","3":"status-publish","4":"has-post-thumbnail","6":"product_cat-by-industry","7":"product_cat-custom-cosmetics-boxes","8":"product_cat-magnetic-closure-boxes","9":"product_cat-paper-box-style","10":"product_tag-custom-cuticle-oil-packaging","11":"product_tag-cuticle-oil-packaging-wholesale","12":"product_tag-cuticle-oil-pen-packaging-boxes","14":"first","15":"instock","16":"shipping-taxable","17":"product-type-simple"},"_links":{"self":[{"href":"https:\/\/zojopackaging.com\/fr\/wp-json\/wp\/v2\/product\/9156","targetHints":{"allow":["GET"]}}],"collection":[{"href":"https:\/\/zojopackaging.com\/fr\/wp-json\/wp\/v2\/product"}],"about":[{"href":"https:\/\/zojopackaging.com\/fr\/wp-json\/wp\/v2\/types\/product"}],"version-history":[{"count":1,"href":"https:\/\/zojopackaging.com\/fr\/wp-json\/wp\/v2\/product\/9156\/revisions"}],"predecessor-version":[{"id":9163,"href":"https:\/\/zojopackaging.com\/fr\/wp-json\/wp\/v2\/product\/9156\/revisions\/9163"}],"wp:featuredmedia":[{"embeddable":true,"href":"https:\/\/zojopackaging.com\/fr\/wp-json\/wp\/v2\/media\/9157"}],"wp:attachment":[{"href":"https:\/\/zojopackaging.com\/fr\/wp-json\/wp\/v2\/media?parent=9156"}],"wp:term":[{"taxonomy":"product_brand","embeddable":true,"href":"https:\/\/zojopackaging.com\/fr\/wp-json\/wp\/v2\/product_brand?post=9156"},{"taxonomy":"product_cat","embeddable":true,"href":"https:\/\/zojopackaging.com\/fr\/wp-json\/wp\/v2\/product_cat?post=9156"},{"taxonomy":"product_tag","embeddable":true,"href":"https:\/\/zojopackaging.com\/fr\/wp-json\/wp\/v2\/product_tag?post=9156"}],"curies":[{"name":"wp","href":"https:\/\/api.w.org\/{rel}","templated":true}]}}