{"id":9164,"date":"2025-04-01T14:52:06","date_gmt":"2025-04-01T06:52:06","guid":{"rendered":"https:\/\/zojopackaging.com\/?post_type=product&#038;p=9164"},"modified":"2025-04-01T16:12:18","modified_gmt":"2025-04-01T08:12:18","slug":"custom-printed-jewelry-rigid-gift-box-wholesale-with-window","status":"publish","type":"product","link":"https:\/\/zojopackaging.com\/fr\/product\/custom-printed-jewelry-rigid-gift-box-wholesale-with-window\/","title":{"rendered":"Bo\u00eete cadeau rigide personnalis\u00e9e imprim\u00e9e pour bijoux avec fen\u00eatre"},"content":{"rendered":"<h2 id=\"-exclusive-custom-jewelry-hard-pull-out-gift-box-create-a-high-end-display-and-protection-experience-for-your-jewelry-\"><strong>Bo\u00eete cadeau en papier rigide \u00e0 tiroir pour bijoux, personnalis\u00e9e et exclusive\u00a0<\/strong><\/h2>\n<h2 id=\"1-convenient-pull-out-design-clear-at-a-glance-\">1.\u00a0<strong>Bo\u00eetier de tiroir pratique, clair en un coup d'\u0153il<\/strong><\/h2>\n<p>Gr\u00e2ce \u00e0 une structure coulissante lisse, tous les bijoux contenus dans la bo\u00eete peuvent \u00eatre facilement expos\u00e9s en tirant l\u00e9g\u00e8rement dessus, ce qui est pratique pour le rangement et \u00e9vite d'ouvrir et de fermer fr\u00e9quemment la bo\u00eete. Le corps de la bo\u00eete est stable et durable, et r\u00e9pond aux besoins de stockage des bijoux, afin de prot\u00e9ger les bijoux pr\u00e9cieux des chocs et de l'oxydation.<\/p>\n<h2 id=\"2-transparent-window-quick-product-positioning-\">2.\u00a0<strong>Fen\u00eatre transparente, positionnement rapide des produits<\/strong><\/h2>\n<p>La surface de la bo\u00eete est incrust\u00e9e d'une fen\u00eatre en acrylique hautement transparente et en PVC respectueux de l'environnement, qui permet de voir clairement les bijoux \u00e0 l'int\u00e9rieur sans ouvrir la bo\u00eete, ce qui permet aux clients de gagner du temps pour faire leur choix, tout en am\u00e9liorant l'attrait de la pr\u00e9sentation.<\/p>\n<h2 id=\"3-exquisite-ribbon-details-showing-luxurious-texture-\">3.\u00a0<strong>D\u00e9tails de rubans exquis, texture luxueuse<\/strong><\/h2>\n<p>Le corps de la bo\u00eete est assorti d'un ruban de satin mat\/brillant (la couleur peut \u00eatre personnalis\u00e9e), qui peut \u00eatre utilis\u00e9 comme \u00e9l\u00e9ment auxiliaire ou d\u00e9coratif, donnant \u00e0 la bo\u00eete cadeau une touche d'\u00e9l\u00e9gance et un niveau visuel, et renfor\u00e7ant le sentiment de c\u00e9r\u00e9monie lors de l'ouverture de la bo\u00eete.<\/p>\n<h2 id=\"4-classic-black-box-body-highlighting-the-brand-style-\">4.\u00a0<strong>Bo\u00eetier noir classique, soulignant le style de la marque<\/strong><\/h2>\n<p>Le corps de la bo\u00eete est fait de carton dur noir de haute qualit\u00e9\/de mat\u00e9riaux sp\u00e9ciaux, avec un traitement de surface optionnel mat, brillant ou textur\u00e9 (comme l'estampage \u00e0 chaud, le gaufrage, le processus UV), qui met en \u00e9vidence le positionnement haut de gamme des bijoux d'une mani\u00e8re discr\u00e8te.<\/p>\n<h2 id=\"5-three-dimensional-pillow-lining-professional-jewelry-display-\">5.\u00a0<strong>Doublure d'oreiller tridimensionnelle, pr\u00e9sentation professionnelle des bijoux<\/strong><\/h2>\n<p>\u00c9ponge haute densit\u00e9 int\u00e9gr\u00e9e + doublure en flanelle PVC\/PU, rainure personnalis\u00e9e ou design convexe selon le contour du bijou, support stable et pr\u00e9sentation tridimensionnelle des produits, \u00e9vitant les secousses et l'usure, et am\u00e9liorant la beaut\u00e9 de l'exposition.<\/p>\n<h2 id=\"-exclusive-customization-service-deep-matching-brand-needs-\"><strong>Service de personnalisation exclusif - pour r\u00e9pondre aux besoins de la marque<\/strong><\/h2>\n<ul>\n<li><strong>Options de personnalisation flexibles<\/strong>Les bo\u00eetes peuvent \u00eatre con\u00e7ues sur demande : type de bo\u00eete (\u00e0 tirer\/de livre\/de fond et de couvercle), taille, mat\u00e9riau (carton respectueux de l'environnement\/bois\/bordures m\u00e9talliques), couleur (restauration pr\u00e9cise du num\u00e9ro de couleur Pantone), processus d'impression (marquage \u00e0 chaud LOGO\/s\u00e9rigraphie\/s\u00e9rigraphie\/embossage).<\/li>\n<li><strong>Doublure personnalis\u00e9e<\/strong>: En fonction de la cat\u00e9gorie de bijoux (colliers, bagues, boucles d'oreilles, etc.) et du ton de la marque, nous proposons des solutions telles que des grilles, des rainures de forme sp\u00e9ciale, des doublures aux couleurs de la marque, des LOGO brod\u00e9s, etc. afin d'am\u00e9liorer la reconnaissance du produit.<\/li>\n<li><strong>Adaptation du positionnement sur le march\u00e9<\/strong>: Du minimalisme de luxe l\u00e9ger au luxe r\u00e9tro, nous combinons votre client\u00e8le et l'histoire de votre marque pour cr\u00e9er une solution d'emballage compl\u00e8te, de la bo\u00eete ext\u00e9rieure \u00e0 la doublure, afin d'am\u00e9liorer l'exp\u00e9rience de d\u00e9ballage et la valeur de la marque.<\/li>\n<\/ul>\n<h3 id=\"-16-years-of-production-experience-quality-assurance-worry-free-service-\"><strong>16 ans d'exp\u00e9rience dans la production - assurance de la qualit\u00e9, service sans souci<\/strong><\/h3>\n<p>En tant qu'usine puissante avec 16 ans de culture profonde dans l'industrie de l'emballage de bijoux, nous fournissons : \u2705\u00a0<strong>Service \u00e0 guichet unique<\/strong>: Conception, \u00e9preuvage, production, contr\u00f4le de qualit\u00e9, contr\u00f4le logistique complet, livraison rapide en 15 jours. \u2705\u00a0<strong>Des mat\u00e9riaux rigoureusement s\u00e9lectionn\u00e9s<\/strong>: Mat\u00e9riaux respectueux de l'environnement certifi\u00e9s par SGS, conformes aux normes de transport internationales, durables et r\u00e9sistants \u00e0 l'humidit\u00e9. \u2705\u00a0<strong>Avantages de la personnalisation de masse<\/strong>: Les commandes d'essai en petits lots peuvent aller jusqu'\u00e0 la production en grands lots, avec un bon rapport co\u00fbt-efficacit\u00e9 et une bonne qualit\u00e9.<\/p>","protected":false},"excerpt":{"rendered":"<p>\u2705 Service \u00e0 guichet unique : Conception, \u00e9preuvage, production, inspection de la qualit\u00e9, contr\u00f4le complet de la logistique, livraison rapide en 15 jours. \u2705 Mat\u00e9riaux rigoureusement s\u00e9lectionn\u00e9s : Mat\u00e9riaux respectueux de l'environnement certifi\u00e9s par SGS, conformes aux normes de transport internationales, durables et r\u00e9sistants \u00e0 l'humidit\u00e9.<br \/>\n\u2705 Avantages de la personnalisation de masse : Les commandes d'essai en petits lots sont prises en charge jusqu'\u00e0 la production en grands lots, avec un rapport co\u00fbt-efficacit\u00e9 et une qualit\u00e9 irr\u00e9prochables.<\/p>","protected":false},"featured_media":9166,"template":"","meta":[],"product_brand":[],"product_cat":[30,415,31,426],"product_tag":[1093,1094,1092],"class_list":{"0":"post-9164","1":"product","2":"type-product","3":"status-publish","4":"has-post-thumbnail","6":"product_cat-by-industry","7":"product_cat-custom-jewelry-boxes-by-industry","8":"product_cat-paper-box-style","9":"product_cat-paper-drawer-boxes","10":"product_tag-custom-jewelry-gift-box","11":"product_tag-jewelry-gift-box-wholesale","12":"product_tag-jewelry-rigid-box","14":"first","15":"instock","16":"shipping-taxable","17":"product-type-simple"},"_links":{"self":[{"href":"https:\/\/zojopackaging.com\/fr\/wp-json\/wp\/v2\/product\/9164","targetHints":{"allow":["GET"]}}],"collection":[{"href":"https:\/\/zojopackaging.com\/fr\/wp-json\/wp\/v2\/product"}],"about":[{"href":"https:\/\/zojopackaging.com\/fr\/wp-json\/wp\/v2\/types\/product"}],"version-history":[{"count":1,"href":"https:\/\/zojopackaging.com\/fr\/wp-json\/wp\/v2\/product\/9164\/revisions"}],"predecessor-version":[{"id":9173,"href":"https:\/\/zojopackaging.com\/fr\/wp-json\/wp\/v2\/product\/9164\/revisions\/9173"}],"wp:featuredmedia":[{"embeddable":true,"href":"https:\/\/zojopackaging.com\/fr\/wp-json\/wp\/v2\/media\/9166"}],"wp:attachment":[{"href":"https:\/\/zojopackaging.com\/fr\/wp-json\/wp\/v2\/media?parent=9164"}],"wp:term":[{"taxonomy":"product_brand","embeddable":true,"href":"https:\/\/zojopackaging.com\/fr\/wp-json\/wp\/v2\/product_brand?post=9164"},{"taxonomy":"product_cat","embeddable":true,"href":"https:\/\/zojopackaging.com\/fr\/wp-json\/wp\/v2\/product_cat?post=9164"},{"taxonomy":"product_tag","embeddable":true,"href":"https:\/\/zojopackaging.com\/fr\/wp-json\/wp\/v2\/product_tag?post=9164"}],"curies":[{"name":"wp","href":"https:\/\/api.w.org\/{rel}","templated":true}]}}