{"id":9174,"date":"2025-04-01T15:31:41","date_gmt":"2025-04-01T07:31:41","guid":{"rendered":"https:\/\/zojopackaging.com\/?post_type=product&#038;p=9174"},"modified":"2025-04-01T16:13:25","modified_gmt":"2025-04-01T08:13:25","slug":"custom-sun-sunscreen-protection-cream-packaging-box-wholesale","status":"publish","type":"product","link":"https:\/\/zojopackaging.com\/fr\/product\/custom-sun-sunscreen-protection-cream-packaging-box-wholesale\/","title":{"rendered":"Bo\u00eete d'emballage pour cr\u00e8me solaire personnalis\u00e9e Wholesale"},"content":{"rendered":"<h2 id=\"-professional-customized-sunscreen-magnetic-packaging-box-protecting-quality-and-highlighting-brand-value-\"><strong>Bo\u00eete d'emballage magn\u00e9tique personnalis\u00e9e pour cr\u00e8me solaire - protection de la qualit\u00e9 et mise en valeur de la marque<\/strong><\/h2>\n<p>En tant qu'usine d'emballages cosm\u00e9tiques pour cr\u00e8mes solaires en Chine, nous nous effor\u00e7ons de fournir aux clients du monde entier les produits suivants\u00a0<strong>un rapport co\u00fbt-efficacit\u00e9 \u00e9lev\u00e9 et une personnalisation pouss\u00e9e<\/strong>\u00a0des solutions d'emballage pour les cr\u00e8mes solaires. Vous trouverez ci-dessous les principaux avantages et les descriptions de produits de nos bo\u00eetes d'emballage de cr\u00e8mes solaires en gros, qui vous aideront \u00e0 am\u00e9liorer votre image de marque, \u00e0 garantir la s\u00e9curit\u00e9 du transport des produits et \u00e0 saisir les opportunit\u00e9s du march\u00e9 !<\/p>\n<h2 id=\"-product-highlights-humanized-design-all-round-protection-\"><strong>Points forts du produit : conception humanis\u00e9e + protection int\u00e9grale<\/strong><\/h2>\n<h3 id=\"1-magnetic-opening-and-closing-design-easy-operation-with-one-hand-\">1.\u00a0<strong>Ouverture et fermeture magn\u00e9tiques, faciles \u00e0 utiliser d'une seule main<\/strong><\/h3>\n<ul>\n<li>Structure innovante du couvercle magn\u00e9tique de la bo\u00eete, qui peut \u00eatre ouvert et ferm\u00e9 rapidement d'une seule main, am\u00e9liorant ainsi la commodit\u00e9 des consommateurs ;<\/li>\n<li>S'alignent et s'adsorbent automatiquement lorsqu'ils sont ferm\u00e9s, avec une forte \u00e9tanch\u00e9it\u00e9 pour emp\u00eacher la cr\u00e8me solaire de se r\u00e9pandre ou d'\u00eatre contamin\u00e9e en cas d'ouverture accidentelle du couvercle ;<\/li>\n<li>Contr\u00f4le magn\u00e9tique pr\u00e9cis, durable, l'ouverture et la fermeture r\u00e9p\u00e9t\u00e9es n'affectent pas l'effet de fermeture.<\/li>\n<li><strong>L'impression recto-verso renforce la diffusion de la marque et de l'information<\/strong><\/li>\n<li><strong>Face A : impact visuel de la marque<\/strong>\u00a0Utiliser la technologie d'impression haute d\u00e9finition pour pr\u00e9senter le LOGO de la marque, la vision principale et les principaux arguments de vente, et renforcer la m\u00e9moire de la marque chez les clients ;<\/li>\n<li><strong>Face B : affichage professionnel param\u00e9trique<\/strong>\u00a0Indiquez clairement les informations cl\u00e9s telles que la valeur SPF de la cr\u00e8me solaire, la cat\u00e9gorie PA, les ingr\u00e9dients et les m\u00e9thodes d'utilisation afin de renforcer le professionnalisme du produit et la confiance des consommateurs.<\/li>\n<li><strong>Impression de surface bleue respectueuse de l'environnement, v\u00e9hiculant des concepts durables<\/strong>\u00a0-Utilisation d'encres respectueuses de l'environnement et de mat\u00e9riaux recyclables, la surface pr\u00e9sente un effet bleu mat\/brillant de haute qualit\u00e9, qui correspond au th\u00e8me de la protection de l'environnement marin ; - Prise en charge des num\u00e9ros de couleur Pantone personnalis\u00e9s pour assurer l'unit\u00e9 visuelle de la marque et mettre en \u00e9vidence l'image de la responsabilit\u00e9 sociale de l'entreprise.<\/li>\n<li><strong>Doublure antisismique en EVA, protection du transport \u00e0 360<\/strong>\u00a0-Doublure en mat\u00e9riau EVA haute densit\u00e9, ouverture de moulage pr\u00e9cise pour s'adapter \u00e0 la forme du produit, dispersion efficace de la force d'impact externe. Excellente absorption des chocs et performance d'amortissement, r\u00e9sistance aux chocs du transport et aux risques de chute, garantissant que le flacon de cr\u00e8me solaire arrive intact au terminal.<\/li>\n<\/ul>\n<h2 id=\"-core-advantages-precise-customization-cost-reduction-and-efficiency-improvement-\"><strong>Principaux avantages : personnalisation pr\u00e9cise, r\u00e9duction des co\u00fbts et am\u00e9lioration de l'efficacit\u00e9<\/strong><\/h2>\n<ol>\n<li><strong>Un service de personnalisation unique et tr\u00e8s flexible<\/strong><\/li>\n<li><strong>Adaptation du type de bo\u00eete<\/strong>: Diff\u00e9rents types de bo\u00eetes sont disponibles, tels que des couvercles sup\u00e9rieurs et inf\u00e9rieurs, des bo\u00eetes \u00e0 tiroirs et des bo\u00eetes en forme de livre ;<\/li>\n<li><strong>Adaptation pr\u00e9cise de la taille<\/strong>: Adapter la doublure et le corps de la bo\u00eete \u00e0 la taille du flacon de cr\u00e8me solaire (tube\/canette\/a\u00e9rosol) afin d'obtenir une fixation sans d\u00e9placement ;<\/li>\n<li><strong>Am\u00e9lioration des mat\u00e9riaux<\/strong>: Le carton blanc, le papier ondul\u00e9, le papier d'art sp\u00e9cial, etc. sont disponibles pour r\u00e9pondre aux diff\u00e9rentes exigences en mati\u00e8re de co\u00fbt et de texture ;<\/li>\n<li><strong>Soutien \u00e0 l'artisanat<\/strong>: Marquage \u00e0 chaud, vernis local UV, gaufrage, relief et autres proc\u00e9d\u00e9s de surface pour cr\u00e9er une exp\u00e9rience d'emballage diff\u00e9renci\u00e9e.<\/li>\n<li><strong>Fourniture directe par l'usine source, r\u00e9ponse rapide sous 3 jours<\/strong><\/li>\n<li><strong>Service de conception gratuit<\/strong>: Une \u00e9quipe professionnelle fournit la structure de l'emballage et l'aide \u00e0 la conception graphique, et optimise le plan jusqu'\u00e0 ce que vous soyez satisfait ;<\/li>\n<li><strong>Confirmation gratuite de l'\u00e9chantillon<\/strong>: \u00c9preuve compl\u00e8te dans les trois jours ouvrables et production en s\u00e9rie apr\u00e8s v\u00e9rification physique de la qualit\u00e9 ;<\/li>\n<li><strong>Devis le plus avantageux<\/strong>: Les ventes directes d'usine \u00e9liminent la diff\u00e9rence de prix des interm\u00e9diaires, et vous b\u00e9n\u00e9ficiez de remises importantes pour les commandes en gros afin de vous aider \u00e0 r\u00e9duire les co\u00fbts d'emballage.<\/li>\n<\/ol>\n<h2 id=\"-service-commitment-quality-based-worry-free-cooperation-\"><strong>Engagement en mati\u00e8re de services : Une coop\u00e9ration sans souci, bas\u00e9e sur la qualit\u00e9<\/strong><\/h2>\n<ul>\n<li><strong>Contr\u00f4le de la qualit\u00e9 de l'ensemble du processus<\/strong>: De la s\u00e9lection des mat\u00e9riaux \u00e0 la production, le syst\u00e8me de gestion de la qualit\u00e9 ISO9001 a \u00e9t\u00e9 certifi\u00e9 ;<\/li>\n<li><strong>Garantie de transport sans souci<\/strong>: Inspection stricte de la qualit\u00e9 avant la sortie de l'usine, soutien logistique, livraison directe dans le monde entier ;<\/li>\n<li><strong>R\u00e9ponse rapide apr\u00e8s-vente<\/strong>: Une \u00e9quipe professionnelle de service \u00e0 la client\u00e8le est en ligne 7\u00d724 heures par jour pour r\u00e9soudre vos probl\u00e8mes.<\/li>\n<\/ul>\n<p><strong>Agissez d\u00e8s maintenant et saisissez l'opportunit\u00e9 du march\u00e9 !\u00a0<\/strong>Contactez-nous pour obtenir des plans de conception et des \u00e9chantillons gratuits, ainsi qu'une \u00e9preuve rapide en 3 jours. Laissez votre cr\u00e8me solaire conqu\u00e9rir les consommateurs avec un emballage plus s\u00fbr et plus accrocheur !\u00a0<strong>Fabriqu\u00e9 en Chine, qualit\u00e9 mondiale - nous prot\u00e9geons l'emballage de votre cr\u00e8me solaire jusqu'au bout !<\/strong><\/p>","protected":false},"excerpt":{"rendered":"<p>100% Mat\u00e9riaux recyclables : R\u00e9pond aux normes mondiales de d\u00e9veloppement durable pour les marques soucieuses de l'environnement.<br \/>\nMarquage personnalis\u00e9 : Prise en charge des couleurs Pantone, du gaufrage et de l'int\u00e9gration des codes QR.<\/p>","protected":false},"featured_media":9175,"template":"","meta":[],"product_brand":[],"product_cat":[30,390,424,31],"product_tag":[1096,1095,1097],"class_list":{"0":"post-9174","1":"product","2":"type-product","3":"status-publish","4":"has-post-thumbnail","6":"product_cat-by-industry","7":"product_cat-custom-cosmetics-boxes","8":"product_cat-magnetic-closure-boxes","9":"product_cat-paper-box-style","10":"product_tag-custom-sun-cream-packaging","11":"product_tag-custom-sunscreen-packaging","12":"product_tag-sun-protection-box","14":"first","15":"instock","16":"shipping-taxable","17":"product-type-simple"},"_links":{"self":[{"href":"https:\/\/zojopackaging.com\/fr\/wp-json\/wp\/v2\/product\/9174","targetHints":{"allow":["GET"]}}],"collection":[{"href":"https:\/\/zojopackaging.com\/fr\/wp-json\/wp\/v2\/product"}],"about":[{"href":"https:\/\/zojopackaging.com\/fr\/wp-json\/wp\/v2\/types\/product"}],"version-history":[{"count":1,"href":"https:\/\/zojopackaging.com\/fr\/wp-json\/wp\/v2\/product\/9174\/revisions"}],"predecessor-version":[{"id":9181,"href":"https:\/\/zojopackaging.com\/fr\/wp-json\/wp\/v2\/product\/9174\/revisions\/9181"}],"wp:featuredmedia":[{"embeddable":true,"href":"https:\/\/zojopackaging.com\/fr\/wp-json\/wp\/v2\/media\/9175"}],"wp:attachment":[{"href":"https:\/\/zojopackaging.com\/fr\/wp-json\/wp\/v2\/media?parent=9174"}],"wp:term":[{"taxonomy":"product_brand","embeddable":true,"href":"https:\/\/zojopackaging.com\/fr\/wp-json\/wp\/v2\/product_brand?post=9174"},{"taxonomy":"product_cat","embeddable":true,"href":"https:\/\/zojopackaging.com\/fr\/wp-json\/wp\/v2\/product_cat?post=9174"},{"taxonomy":"product_tag","embeddable":true,"href":"https:\/\/zojopackaging.com\/fr\/wp-json\/wp\/v2\/product_tag?post=9174"}],"curies":[{"name":"wp","href":"https:\/\/api.w.org\/{rel}","templated":true}]}}