{"id":9182,"date":"2025-04-01T15:52:07","date_gmt":"2025-04-01T07:52:07","guid":{"rendered":"https:\/\/zojopackaging.com\/?post_type=product&#038;p=9182"},"modified":"2025-04-01T16:10:43","modified_gmt":"2025-04-01T08:10:43","slug":"quality-custom-children-newborn-baby-clothing-packaging-box","status":"publish","type":"product","link":"https:\/\/zojopackaging.com\/fr\/product\/quality-custom-children-newborn-baby-clothing-packaging-box\/","title":{"rendered":"Bo\u00eete d'emballage personnalis\u00e9e de qualit\u00e9 pour v\u00eatements de b\u00e9b\u00e9s nouveau-n\u00e9s"},"content":{"rendered":"<h2 id=\"-1-magnetic-opening-and-closing-system-convenience-and-quality-\"><strong>1. Syst\u00e8me d'ouverture et de fermeture magn\u00e9tique - confort et qualit\u00e9<\/strong><\/h2>\n<p>- Le dispositif magn\u00e9tique de haute pr\u00e9cision est utilis\u00e9, et le couvercle est automatiquement align\u00e9 et adsorb\u00e9. Il peut \u00eatre facilement ouvert et ferm\u00e9 d'une seule main, ce qui \u00e9vite l'op\u00e9ration fastidieuse des emballages traditionnels. Il convient particuli\u00e8rement aux parents de nouveau-n\u00e9s pour prendre rapidement leurs v\u00eatements. - La force de succion magn\u00e9tique peut \u00eatre ajust\u00e9e pour garantir une exp\u00e9rience fluide apr\u00e8s de multiples utilisations, soulignant la recherche ultime de d\u00e9tails de la marque.<\/p>\n<h2 id=\"-2-healing-macaron-color-system-conveying-a-gentle-first-impression-\"><strong>2. Syst\u00e8me de couleurs des macarons de gu\u00e9rison - pour une premi\u00e8re impression en douceur<\/strong><\/h2>\n<p>- S\u00e9lection de couleurs de macaron \u00e0 faible saturation (bleu rose, jaune oie, vert menthe, etc.), par le biais de la psychologie des couleurs pour r\u00e9duire l'oppression visuelle, cr\u00e9er une atmosph\u00e8re de marque pure et chaleureuse. - Prise en charge de la personnalisation du num\u00e9ro de couleur Pantone, correspondance pr\u00e9cise avec le syst\u00e8me VI de la marque et renforcement de l'unit\u00e9 visuelle.<\/p>\n<h2 id=\"-3-aesthetic-upgrade-exquisite-balance-of-ribbon-and-window-\"><strong>3. Am\u00e9lioration de l'esth\u00e9tique - \u00e9quilibre exquis entre le ruban et la fen\u00eatre<\/strong><\/h2>\n<p>- Le corps de la bo\u00eete est assorti d'un ruban textur\u00e9 mat, qui peut \u00eatre personnalis\u00e9 avec des couleurs et des textures exclusives \u00e0 la marque. La position de marquage \u00e0 chaud du logo est r\u00e9serv\u00e9e \u00e0 la boucle pour renforcer le sentiment de c\u00e9r\u00e9monie de d\u00e9ballage et la reconnaissance de la marque. - La fen\u00eatre transparente en PET de qualit\u00e9 alimentaire permet d'afficher \u00e0 360\u00b0 les d\u00e9tails des v\u00eatements, tout en isolant la poussi\u00e8re et le contact avec les mains, ce qui garantit la s\u00e9curit\u00e9 et l'hygi\u00e8ne des v\u00eatements pour nouveau-n\u00e9s.<\/p>\n<h2 id=\"-4-deep-customized-service-comprehensive-empowerment-from-function-to-emotion-\"><strong>4. Service personnalis\u00e9 approfondi - autonomisation compl\u00e8te, de la fonction \u00e0 l'\u00e9motion<\/strong><\/h2>\n<ul>\n<li><strong>Type et structure de la bo\u00eete<\/strong>: Plus de 10 types de bo\u00eetes, comme les couvercles sup\u00e9rieur et inf\u00e9rieur, les bo\u00eetes en forme de livre, les bo\u00eetes \u00e0 tiroirs, etc., des d\u00e9coupes de formes sp\u00e9ciales et des bo\u00eetes int\u00e9rieures multicouches pour r\u00e9pondre aux besoins des coffrets cadeaux.<\/li>\n<li><strong>Doublure int\u00e9rieure artisanale<\/strong>: Le support int\u00e9rieur en \u00e9ponge EVA ou en flanelle permet d'ouvrir le moule avec pr\u00e9cision en fonction de la taille du v\u00eatement, de fixer le v\u00eatement et d'\u00e9viter qu'il ne se d\u00e9place, et la surface de la doublure peut \u00eatre brod\u00e9e avec le logo de la marque.<\/li>\n<li><strong>Impression et artisanat<\/strong>: Gr\u00e2ce au gaufrage UV, \u00e0 l'estampage \u00e0 chaud, au gaufrage et \u00e0 d'autres traitements de surface, la surface de la bo\u00eete peut \u00eatre imprim\u00e9e avec des illustrations de l'histoire de la marque ou des b\u00e9n\u00e9dictions personnalis\u00e9es pour cr\u00e9er une bo\u00eete-cadeau comm\u00e9morative unique.<\/li>\n<\/ul>\n<h2 id=\"-5-emotional-value-added-design-let-the-packaging-become-a-carrier-of-thoughts-\"><strong>5. Conception \u00e0 valeur ajout\u00e9e \u00e9motionnelle - faire de l'emballage un vecteur de pens\u00e9es<\/strong><\/h2>\n<p>- Il est dot\u00e9 d'une fente pour carte de v\u0153ux d\u00e9tachable, de cartes de v\u0153ux gaufr\u00e9es en papier d'art assorties, d'applets de marque avec lien QR code ou de b\u00e9n\u00e9dictions vocales personnalis\u00e9es, et renforce l'interaction avec l'utilisateur et la communication sociale. - La couche int\u00e9rieure de la bo\u00eete cadeau peut \u00eatre con\u00e7ue avec des citations de b\u00e9n\u00e9diction cach\u00e9es ou des conseils de soins aux nouveau-n\u00e9s pour transmettre la chaleur et le professionnalisme de la marque.<\/p>\n<h2 id=\"-supply-chain-advantages-\"><strong>Avantages de la cha\u00eene d'approvisionnement<\/strong><\/h2>\n<p>\u2705\u00a0<strong>Fabrication intelligente de Shenzhen - Norme mondiale<\/strong>: Usine intelligente auto-construite 20 000\u33a1, a pass\u00e9 la certification environnementale ISO9001 et FSC, les mat\u00e9riaux peuvent \u00eatre du carton blanc, du papier ondul\u00e9, du PLA d\u00e9gradable, en tenant compte \u00e0 la fois de la texture et de la protection de l'environnement. \u2705\u00a0<strong>Co\u00fbt \u00e9lev\u00e9 - R\u00e9ponse rapide<\/strong>: S'appuyant sur le cluster de la cha\u00eene d'approvisionnement de la r\u00e9gion de la Grande Baie, le prix est 15% inf\u00e9rieur \u00e0 celui de l'industrie, soutenant l'\u00e9preuvage en 48 heures, la livraison express en 7 jours et le service client exclusif en 24 heures pour r\u00e9soudre les probl\u00e8mes de personnalisation. \u2705\u00a0<strong>Un service sans souci<\/strong>: Fournir une solution unique de conception-\u00e9preuve-production de masse-logistique, entreposage et distribution gratuits, pour vous aider \u00e0 fonctionner avec z\u00e9ro stock.<\/p>\n<h2 id=\"-application-scenarios-\"><strong>Sc\u00e9narios d'application<\/strong><\/h2>\n<p>\u2728 Bo\u00eete cadeau de la marque de v\u00eatements haut de gamme pour nouveau-n\u00e9s \u2728 Cadeau de pleine lune, banquet du centenaire et autres cadeaux de c\u00e9l\u00e9bration \u2728 Mod\u00e8les personnalis\u00e9s communs \u00e0 la marque de la m\u00e8re et du b\u00e9b\u00e9<\/p>","protected":false},"excerpt":{"rendered":"<p>Nous cr\u00e9ons des bo\u00eetes-cadeaux personnalis\u00e9es haut de gamme pour les marques de v\u00eatements pour nouveau-n\u00e9s, en int\u00e9grant des fonctions pratiques et des valeurs esth\u00e9tiques \u00e0 un design ing\u00e9nieux pour am\u00e9liorer l'image de marque et l'exp\u00e9rience de l'utilisateur \u00e0 tous les \u00e9gards. Qu'il s'agisse de mat\u00e9riaux respectueux de l'environnement ou de d\u00e9tails \u00e9motionnels, chaque conception t\u00e9moigne d'une attention particuli\u00e8re \u00e0 la vie du nouveau-n\u00e9, cr\u00e9ant ainsi une \"c\u00e9r\u00e9monie de d\u00e9ballage\" inoubliable pour vos clients.<\/p>","protected":false},"featured_media":9184,"template":"","meta":[],"product_brand":[],"product_cat":[30,414,424,31],"product_tag":[1091,477,1090],"class_list":{"0":"post-9182","1":"product","2":"type-product","3":"status-publish","4":"has-post-thumbnail","6":"product_cat-by-industry","7":"product_cat-custom-apparel-boxes","8":"product_cat-magnetic-closure-boxes","9":"product_cat-paper-box-style","10":"product_tag-baby-clothing-packaging-box","11":"product_tag-custom-clothing-packaging","12":"product_tag-newborn-clothing-packaging-box","14":"first","15":"instock","16":"shipping-taxable","17":"product-type-simple"},"_links":{"self":[{"href":"https:\/\/zojopackaging.com\/fr\/wp-json\/wp\/v2\/product\/9182","targetHints":{"allow":["GET"]}}],"collection":[{"href":"https:\/\/zojopackaging.com\/fr\/wp-json\/wp\/v2\/product"}],"about":[{"href":"https:\/\/zojopackaging.com\/fr\/wp-json\/wp\/v2\/types\/product"}],"version-history":[{"count":1,"href":"https:\/\/zojopackaging.com\/fr\/wp-json\/wp\/v2\/product\/9182\/revisions"}],"predecessor-version":[{"id":9189,"href":"https:\/\/zojopackaging.com\/fr\/wp-json\/wp\/v2\/product\/9182\/revisions\/9189"}],"wp:featuredmedia":[{"embeddable":true,"href":"https:\/\/zojopackaging.com\/fr\/wp-json\/wp\/v2\/media\/9184"}],"wp:attachment":[{"href":"https:\/\/zojopackaging.com\/fr\/wp-json\/wp\/v2\/media?parent=9182"}],"wp:term":[{"taxonomy":"product_brand","embeddable":true,"href":"https:\/\/zojopackaging.com\/fr\/wp-json\/wp\/v2\/product_brand?post=9182"},{"taxonomy":"product_cat","embeddable":true,"href":"https:\/\/zojopackaging.com\/fr\/wp-json\/wp\/v2\/product_cat?post=9182"},{"taxonomy":"product_tag","embeddable":true,"href":"https:\/\/zojopackaging.com\/fr\/wp-json\/wp\/v2\/product_tag?post=9182"}],"curies":[{"name":"wp","href":"https:\/\/api.w.org\/{rel}","templated":true}]}}