{"id":9190,"date":"2025-04-01T16:13:49","date_gmt":"2025-04-01T08:13:49","guid":{"rendered":"https:\/\/zojopackaging.com\/?post_type=product&#038;p=9190"},"modified":"2025-04-01T16:44:15","modified_gmt":"2025-04-01T08:44:15","slug":"wholesale-order-makeup-brush-cosmetic-set-packaging-boxes","status":"publish","type":"product","link":"https:\/\/zojopackaging.com\/fr\/product\/wholesale-order-makeup-brush-cosmetic-set-packaging-boxes\/","title":{"rendered":"Bo\u00eete d'emballage pour set de pinceaux de maquillage (commande en gros)"},"content":{"rendered":"<h2 id=\"-product-highlights-ingenious-design-quality-first-\"><strong>Points forts du produit : conception ing\u00e9nieuse, qualit\u00e9 d'abord<\/strong><\/h2>\n<h3 id=\"1-magnetic-box-design-high-end-opening-and-closing-experience-\">1.\u00a0<strong>Conception de la bo\u00eete \u00e0 fermeture magn\u00e9tique, exp\u00e9rience d'ouverture et de fermeture haut de gamme<\/strong><\/h3>\n<p>La structure int\u00e9gr\u00e9e \u00e0 l'aimant et la conception de la fermeture magn\u00e9tique cach\u00e9e \u00e9vitent l'usure de l'aimant, et la fermeture est stable et lisse, montrant un sens \u00e9l\u00e9gant du rituel entre l'ouverture et la fermeture. La texture mate combin\u00e9e \u00e0 des lignes douces conf\u00e8re \u00e0 la bo\u00eete d'emballage un temp\u00e9rament discret et luxueux de haut de gamme.<\/p>\n<h3 id=\"2-deep-black-box-body-interpreting-the-brand-style-\">2.\u00a0<strong>Bo\u00eetier noir profond, interpr\u00e9tant le style de la marque<\/strong><\/h3>\n<p>Le corps de la bo\u00eete utilise des tons noirs classiques et purs, avec un rev\u00eatement au toucher d\u00e9licat, visuellement calme et myst\u00e9rieux, et un toucher haut de gamme et d\u00e9licat. Le noir, couleur symbolique de l'emballage de luxe, peut renforcer le positionnement haut de gamme de la marque, v\u00e9hiculer l'art et la qualit\u00e9, et cr\u00e9er une exp\u00e9rience de \"surprise \u00e0 l'ouverture de la bo\u00eete\" pour les consommateurs.<\/p>\n<h3 id=\"3-environmentally-friendly-materials-both-sturdy-and-sustainable-\">3.\u00a0<strong>Mat\u00e9riaux respectueux de l'environnement, \u00e0 la fois robustes et durables<\/strong><\/h3>\n<p>Le mat\u00e9riel principal est\u00a0<strong>Papier d'art couch\u00e9 C2S 157g + carton dur 1200g<\/strong>Le papier est certifi\u00e9 FSC, recyclable et d\u00e9gradable, conform\u00e9ment aux normes environnementales internationales. Le papier est certifi\u00e9 FSC, recyclable et d\u00e9gradable, conform\u00e9ment aux normes environnementales internationales, ce qui aide les marques \u00e0 assumer leurs responsabilit\u00e9s sociales tout en garantissant que l'emballage a une forte capacit\u00e9 de charge, r\u00e9siste \u00e0 la pression et ne se d\u00e9forme pas.<\/p>\n<h3 id=\"4-eva-lining-protection-comprehensive-product-protection-\">4.\u00a0<strong>Protection de la doublure EVA, protection compl\u00e8te du produit<\/strong><\/h3>\n<p>La doublure EVA personnalis\u00e9e, souple et tr\u00e8s \u00e9lastique, \u00e9pouse parfaitement la forme des pinceaux de maquillage et des produits cosm\u00e9tiques, amortit efficacement les vibrations et l'extrusion pendant le transport et emp\u00eache le d\u00e9placement, la d\u00e9formation ou l'usure des produits. La doublure peut \u00eatre con\u00e7ue de mani\u00e8re flexible comme une structure en couches, adapt\u00e9e \u00e0 une combinaison de pinceaux de sp\u00e9cifications multiples, et renforce le sens de l'ordre dans la pr\u00e9sentation des produits.<\/p>\n<h2 id=\"-core-advantage-deep-customization-empowering-brand-value-\"><strong>Avantage principal : personnalisation pouss\u00e9e, renforcement de la valeur de la marque<\/strong><\/h2>\n<h3 id=\"5-all-round-customization-service-to-meet-personalized-needs-\">5.\u00a0<strong>Service de personnalisation complet pour r\u00e9pondre aux besoins individuels<\/strong><\/h3>\n<ul>\n<li><strong>Type de bo\u00eete<\/strong>Les bo\u00eetes : permettent de personnaliser diff\u00e9rents types de bo\u00eetes, telles que les bo\u00eetes \u00e0 rabats, les bo\u00eetes \u00e0 livres, les bo\u00eetes \u00e0 tiroirs, etc ;<\/li>\n<li><strong>Taille<\/strong>Les produits sont con\u00e7us avec pr\u00e9cision en fonction de la quantit\u00e9 de produits et des sp\u00e9cifications afin d'optimiser l'utilisation de l'espace ;<\/li>\n<li><strong>Artisanat<\/strong>Les traitements de surface : marquage \u00e0 chaud, gaufrage, UV, s\u00e9rigraphie, etc., avec des effets mats\/brillants en option ;<\/li>\n<li><strong>Couleur et mat\u00e9riau<\/strong>Le papier : en plus du noir standard, il est possible de personnaliser les couleurs d'accompagnement Pantone et d'utiliser des papiers sp\u00e9ciaux tels que la texture du cuir et la texture du m\u00e9tal.<\/li>\n<\/ul>\n<h3 id=\"6-precise-adaptation-of-lining-to-strengthen-brand-memory-\">6.\u00a0<strong>Adaptation pr\u00e9cise du rev\u00eatement pour renforcer la m\u00e9moire de la marque<\/strong><\/h3>\n<p>En fonction de la longueur, du diam\u00e8tre et de la disposition de l'ensemble de pinceaux de maquillage, la disposition des rainures de la doublure est adapt\u00e9e et le logo de la marque ou le slogan en relief peut \u00eatre int\u00e9gr\u00e9. Gr\u00e2ce \u00e0 un langage visuel unifi\u00e9 et \u00e0 une conception d\u00e9taill\u00e9e, les consommateurs reconnaissent mieux le professionnalisme de la marque et sont plus fid\u00e8les \u00e0 celle-ci.<\/p>","protected":false},"excerpt":{"rendered":"<ul>\n<li><strong>\u00c9preuve gratuite<\/strong>: Les \u00e9chantillons sont livr\u00e9s dans un d\u00e9lai de 3 \u00e0 5 jours ouvrables, ce qui permet de se rendre compte intuitivement de la qualit\u00e9 ;<\/li>\n<li><strong>Conception gratuite<\/strong>: Une \u00e9quipe professionnelle prend en charge les diagrammes de structure en 3D et la personnalisation graphique ;<\/li>\n<li><strong>Un co\u00fbt \u00e9lev\u00e9<\/strong>: Production \u00e0 grande \u00e9chelle + cha\u00eene d'approvisionnement, le prix est 15% inf\u00e9rieur \u00e0 celui de l'industrie ;<\/li>\n<li><strong>R\u00e9ponse dans les 24 heures<\/strong>: Service client personnalis\u00e9 tout au long du processus, suivi de la conception \u00e0 la livraison, prise en charge des commandes acc\u00e9l\u00e9r\u00e9es.<\/li>\n<\/ul>","protected":false},"featured_media":9191,"template":"","meta":[],"product_brand":[],"product_cat":[30,390,424,31],"product_tag":[1099,1098,1100],"class_list":{"0":"post-9190","1":"product","2":"type-product","3":"status-publish","4":"has-post-thumbnail","6":"product_cat-by-industry","7":"product_cat-custom-cosmetics-boxes","8":"product_cat-magnetic-closure-boxes","9":"product_cat-paper-box-style","10":"product_tag-cosmetic-brush-set-packaging","11":"product_tag-makeup-brush-packaging","12":"product_tag-wholesale-makeup-brush-boxes","14":"first","15":"instock","16":"shipping-taxable","17":"product-type-simple"},"_links":{"self":[{"href":"https:\/\/zojopackaging.com\/fr\/wp-json\/wp\/v2\/product\/9190","targetHints":{"allow":["GET"]}}],"collection":[{"href":"https:\/\/zojopackaging.com\/fr\/wp-json\/wp\/v2\/product"}],"about":[{"href":"https:\/\/zojopackaging.com\/fr\/wp-json\/wp\/v2\/types\/product"}],"version-history":[{"count":2,"href":"https:\/\/zojopackaging.com\/fr\/wp-json\/wp\/v2\/product\/9190\/revisions"}],"predecessor-version":[{"id":9197,"href":"https:\/\/zojopackaging.com\/fr\/wp-json\/wp\/v2\/product\/9190\/revisions\/9197"}],"wp:featuredmedia":[{"embeddable":true,"href":"https:\/\/zojopackaging.com\/fr\/wp-json\/wp\/v2\/media\/9191"}],"wp:attachment":[{"href":"https:\/\/zojopackaging.com\/fr\/wp-json\/wp\/v2\/media?parent=9190"}],"wp:term":[{"taxonomy":"product_brand","embeddable":true,"href":"https:\/\/zojopackaging.com\/fr\/wp-json\/wp\/v2\/product_brand?post=9190"},{"taxonomy":"product_cat","embeddable":true,"href":"https:\/\/zojopackaging.com\/fr\/wp-json\/wp\/v2\/product_cat?post=9190"},{"taxonomy":"product_tag","embeddable":true,"href":"https:\/\/zojopackaging.com\/fr\/wp-json\/wp\/v2\/product_tag?post=9190"}],"curies":[{"name":"wp","href":"https:\/\/api.w.org\/{rel}","templated":true}]}}