{"id":9198,"date":"2025-04-01T16:44:23","date_gmt":"2025-04-01T08:44:23","guid":{"rendered":"https:\/\/zojopackaging.com\/?post_type=product&#038;p=9198"},"modified":"2025-04-01T17:04:27","modified_gmt":"2025-04-01T09:04:27","slug":"custom-stereo-earphone-bluetooth-earbuds-gift-box-packaging","status":"publish","type":"product","link":"https:\/\/zojopackaging.com\/fr\/product\/custom-stereo-earphone-bluetooth-earbuds-gift-box-packaging\/","title":{"rendered":"Bo\u00eete cadeau pour \u00e9couteurs st\u00e9r\u00e9o Bluetooth personnalis\u00e9s"},"content":{"rendered":"<h2 id=\"-i-design-concept-luxury-experience-all-in-the-moment-of-unboxing-\"><strong>1. Concept de design : L'exp\u00e9rience du luxe, au moment de l'ouverture de la bo\u00eete.<\/strong><\/h2>\n<p>Ce produit est con\u00e7u pour les casques st\u00e9r\u00e9o Bluetooth haut de gamme, avec pour fil conducteur \"l'unboxing est un sens du rituel\". Les couvercles sup\u00e9rieur et inf\u00e9rieur sont s\u00e9par\u00e9s par le\u00a0<strong>structure en forme de bo\u00eete des couvercles sup\u00e9rieur et inf\u00e9rieur<\/strong>Elle s'ouvre \u00e9l\u00e9gamment d'une simple pression de la main. Les lignes de la bo\u00eete sont simples et nettes, et l'amortissement de l'ouverture et de la fermeture a \u00e9t\u00e9 ajust\u00e9 avec pr\u00e9cision pour que chaque d\u00e9ballage soit riche d'attentes, cr\u00e9ant ainsi une exp\u00e9rience immersive pour les clients, de la vision au toucher.<\/p>\n<h2 id=\"-ii-materials-and-craftsmanship-the-ultimate-balance-between-environmental-protection-and-quality-\"><strong>2. Mat\u00e9riaux et savoir-faire : L'\u00e9quilibre ultime entre la protection de l'environnement et la qualit\u00e9<\/strong><\/h2>\n<ol>\n<li><strong>Substrat respectueux de l'environnement<\/strong><\/li>\n<li><strong>Bo\u00eete ext\u00e9rieure<\/strong>: Le carton utilis\u00e9 est un carton haute r\u00e9sistance de 1200 g, qui r\u00e9siste \u00e0 la pression et aux chocs, ce qui garantit la s\u00e9curit\u00e9 du transport.<\/li>\n<li><strong>Embarcation de surface<\/strong>: 157g Couverture en papier couch\u00e9 brillant C2S, toucher d\u00e9licat, avec\u00a0<strong>marquage \u00e0 chaud rouge or artisanat<\/strong>\u00a0(version partielle\/compl\u00e8te en option), gr\u00e2ce au fort contraste entre l'\u00e9clat m\u00e9tallique et la bo\u00eete enti\u00e8rement noire, afin de cr\u00e9er un point de mire visuel et d'exprimer le positionnement haut de gamme de la marque.<\/li>\n<li><strong>Bo\u00eetier enti\u00e8rement noir<\/strong>: Base noire mate avec rev\u00eatement micro-perlescent, technologie discr\u00e8te et moderne, combin\u00e9e \u00e0 la technologie d'estampage \u00e0 chaud, interpr\u00e9tant parfaitement la philosophie du design \"luxe sans publicit\u00e9\".<\/li>\n<li><strong>Doublure respectueuse de l'environnement<\/strong><\/li>\n<li>Doublure en carton d\u00e9gradable d\u00e9coup\u00e9 \u00e0 l'emporte-pi\u00e8ce, pr\u00e9cis\u00e9ment adapt\u00e9e \u00e0 la taille des \u00e9couteurs, offrant un support stable ;<\/li>\n<li>Soutien\u00a0<strong>creusage personnalis\u00e9 de la marque<\/strong>\u00a0(logo, slogan, etc.), ce qui renforce le caract\u00e8re exclusif du produit ;<\/li>\n<li>La surface de la doublure est recouverte d'un rev\u00eatement \u00e0 base d'eau respectueux de l'environnement, r\u00e9sistant \u00e0 l'usure et facile \u00e0 nettoyer.<\/li>\n<\/ol>\n<h2 id=\"-three-highly-customized-services-empowering-brands-\"><strong>3. Services hautement personnalis\u00e9s : renforcer les marques<\/strong><\/h2>\n<ol>\n<li><strong>Type et taille de la bo\u00eete<\/strong><\/li>\n<li>Il prend en charge une vari\u00e9t\u00e9 de structures telles que les couvercles sup\u00e9rieurs et inf\u00e9rieurs, les bo\u00eetes en forme de livre, les bo\u00eetes \u00e0 tiroirs, etc., qui peuvent s'adapter aux \u00e9couteurs TWS, aux casques et \u00e0 d'autres produits ;<\/li>\n<li>R\u00e9glage flexible de la taille, pr\u00e9cision de l'erreur \u22640,5mm, adaptation parfaite au produit.<\/li>\n<li><strong>Personnalisation visuelle et tactile<\/strong><\/li>\n<li><strong>Couleur<\/strong>: Outre le noir classique, nous proposons des solutions personnalis\u00e9es telles que les couleurs sp\u00e9ciales Pantone, les UV d\u00e9grad\u00e9s et les rev\u00eatements nacr\u00e9s ;<\/li>\n<li><strong>Effet de surface<\/strong>: Combinaison libre de marquage \u00e0 chaud\/argent\/laser, gaufrage, s\u00e9rigraphie, vernis local et autres proc\u00e9d\u00e9s ;<\/li>\n<li><strong>Fonction de la doublure int\u00e9rieure<\/strong>: Peut \u00eatre transform\u00e9 en \u00e9ponge EVA, plateau int\u00e9rieur floqu\u00e9, et compatible avec des accessoires tels que le compartiment de chargement sans fil.<\/li>\n<li><strong>Implantation de la marque en profondeur<\/strong><\/li>\n<li>L'int\u00e9rieur du couvercle de la bo\u00eete peut \u00eatre imprim\u00e9 avec des histoires de marque ou des guides d'utilisation, et un code de tra\u00e7abilit\u00e9 anti-contrefa\u00e7on est ajout\u00e9 au fond de la bo\u00eete ext\u00e9rieure ;<\/li>\n<li>Conception \"une bo\u00eete pour de multiples usages\", avec par exemple des fentes pour les bouchons d'oreille de remplacement et des couches de rangement pour les accessoires, afin d'am\u00e9liorer l'adh\u00e9sion de l'utilisateur.<\/li>\n<\/ol>\n<h2 id=\"-fourth-supply-chain-advantages-one-stop-service-in-shenzhen-factory-\"><strong>4. Avantages de la cha\u00eene d'approvisionnement : service \u00e0 guichet unique dans l'usine de Shenzhen<\/strong><\/h2>\n<ul>\n<li><strong>\u00c9preuve gratuite<\/strong>: Les \u00e9chantillons sont livr\u00e9s dans un d\u00e9lai de 3 \u00e0 5 jours ouvrables ; ce que vous voyez est ce que vous obtenez ;<\/li>\n<li><strong>Avantage tarifaire<\/strong>: La production \u00e0 grande \u00e9chelle r\u00e9duit les co\u00fbts et la quantit\u00e9 minimale par bo\u00eete est de 500 pi\u00e8ces ;<\/li>\n<li><strong>Assurance qualit\u00e9<\/strong>: Certification ISO 9001 r\u00e9ussie, rapport de test de protection de l'environnement SGS \u00e0 l'appui ;<\/li>\n<li><strong>R\u00e9ponse rapide<\/strong>Service client\u00e8le exclusif 24 heures sur 24, conception, production et logistique, suivi complet du processus.<\/li>\n<\/ul>","protected":false},"excerpt":{"rendered":"<p>\u2705\u00a0<strong>Rituel d'ouverture de la bo\u00eete d'une seule main<\/strong> \u2192 Am\u00e9liorer l'exp\u00e9rience des utilisateurs<br \/>\n\u2705\u00a0<strong>Mat\u00e9riaux respectueux de l'environnement + doublure pr\u00e9cise<\/strong>\u00a0\u2192 Responsabilit\u00e9 sociale de la marque<br \/>\n\u2705\u00a0<strong>Personnalisation pouss\u00e9e + r\u00e9ponse rapide<\/strong>\u00a0\u2192 R\u00e9duire les co\u00fbts de d\u00e9veloppement de la marque<\/p>","protected":false},"featured_media":9199,"template":"","meta":[],"product_brand":[],"product_cat":[30,413,425,31],"product_tag":[1102,1103,1101],"class_list":{"0":"post-9198","1":"product","2":"type-product","3":"status-publish","4":"has-post-thumbnail","6":"product_cat-by-industry","7":"product_cat-consumer-electronics-boxes","8":"product_cat-lid-and-base-gift-box","9":"product_cat-paper-box-style","10":"product_tag-cable-earphone-box-paper-packaging","11":"product_tag-custom-earbuds-lid-and-base-box","12":"product_tag-stereo-earphones-packaging-boxes","14":"first","15":"instock","16":"shipping-taxable","17":"product-type-simple"},"_links":{"self":[{"href":"https:\/\/zojopackaging.com\/fr\/wp-json\/wp\/v2\/product\/9198","targetHints":{"allow":["GET"]}}],"collection":[{"href":"https:\/\/zojopackaging.com\/fr\/wp-json\/wp\/v2\/product"}],"about":[{"href":"https:\/\/zojopackaging.com\/fr\/wp-json\/wp\/v2\/types\/product"}],"version-history":[{"count":1,"href":"https:\/\/zojopackaging.com\/fr\/wp-json\/wp\/v2\/product\/9198\/revisions"}],"predecessor-version":[{"id":9213,"href":"https:\/\/zojopackaging.com\/fr\/wp-json\/wp\/v2\/product\/9198\/revisions\/9213"}],"wp:featuredmedia":[{"embeddable":true,"href":"https:\/\/zojopackaging.com\/fr\/wp-json\/wp\/v2\/media\/9199"}],"wp:attachment":[{"href":"https:\/\/zojopackaging.com\/fr\/wp-json\/wp\/v2\/media?parent=9198"}],"wp:term":[{"taxonomy":"product_brand","embeddable":true,"href":"https:\/\/zojopackaging.com\/fr\/wp-json\/wp\/v2\/product_brand?post=9198"},{"taxonomy":"product_cat","embeddable":true,"href":"https:\/\/zojopackaging.com\/fr\/wp-json\/wp\/v2\/product_cat?post=9198"},{"taxonomy":"product_tag","embeddable":true,"href":"https:\/\/zojopackaging.com\/fr\/wp-json\/wp\/v2\/product_tag?post=9198"}],"curies":[{"name":"wp","href":"https:\/\/api.w.org\/{rel}","templated":true}]}}