{"id":9205,"date":"2025-04-01T16:52:52","date_gmt":"2025-04-01T08:52:52","guid":{"rendered":"https:\/\/zojopackaging.com\/?post_type=product&#038;p=9205"},"modified":"2025-04-01T17:28:33","modified_gmt":"2025-04-01T09:28:33","slug":"customization-logo-perfume-foil-folding-carton-boxes-manufacturer","status":"publish","type":"product","link":"https:\/\/zojopackaging.com\/fr\/product\/customization-logo-perfume-foil-folding-carton-boxes-manufacturer\/","title":{"rendered":"Bo\u00eete en carton pliante avec logo personnalis\u00e9 pour parfum Fabricant"},"content":{"rendered":"<p>En tant qu'entreprise de r\u00e9f\u00e9rence dans l'industrie de l'emballage en Chine, ZOJO Print se concentre sur la fourniture de solutions d'emballage personnalis\u00e9es pour les marques haut de gamme. Voici les 7 principaux avantages de sa bo\u00eete pliante en aluminium pour parfums, combin\u00e9s aux normes techniques et aux concepts de conception de l'industrie :<\/p>\n<h3 id=\"1-four-color-printing-hot-stamping-process-visual-expression-of-high-end-image-\">1.\u00a0<strong>Impression en quadrichromie + marquage \u00e0 chaud : expression visuelle de l'image haut de gamme<\/strong><\/h3>\n<p>La technologie d'impression en quadrichromie permet d'obtenir une reproduction fid\u00e8le des couleurs CMJN, et le processus de marquage \u00e0 chaud permet d'ajouter des logos de marque, des motifs et d'autres \u00e9l\u00e9ments au corps ou \u00e0 la doublure de la bo\u00eete, et la texture m\u00e9tallique brille \u00e0 la lumi\u00e8re. La surface du carton blanc est lisse et l'encre a une forte adh\u00e9rence, ce qui garantit que le motif est d\u00e9licat et ne pr\u00e9sente pas de bavures. Par exemple, une marque internationale de parfums a augment\u00e9 le taux de prime de ses produits de 25% apr\u00e8s avoir \u00e9t\u00e9 r\u00e9f\u00e9renc\u00e9e par le biais de ce processus.<\/p>\n<h3 id=\"2-application-of-color-psychology-emotional-visual-experience-\">2.\u00a0<strong>Application de la psychologie des couleurs : exp\u00e9rience visuelle \u00e9motionnelle<\/strong><\/h3>\n<p>Cr\u00e9er une atmosph\u00e8re chaleureuse gr\u00e2ce \u00e0 des tons chauds \u00e0 faible saturation (tels que l'or ambr\u00e9 et le rose des cerisiers) et \u00e0 un design de transition en d\u00e9grad\u00e9. La hi\u00e9rarchie des couleurs suit les principes de la psychologie des couleurs de la FPA, ce qui permet non seulement de transmettre le ton de la marque, mais aussi de r\u00e9pondre aux pr\u00e9f\u00e9rences esth\u00e9tiques des consommatrices. Des donn\u00e9es exp\u00e9rimentales montrent que les emballages aux tons doux augmentent la dur\u00e9e de s\u00e9jour des consommateurs de 37%.<\/p>\n<h3 id=\"3-innovation-of-card-insertion-structure-interactive-opening-and-closing-experience-\">3.\u00a0<strong>Innovation de la structure d'insertion des cartes : exp\u00e9rience d'ouverture et de fermeture interactive<\/strong><\/h3>\n<p>Rompant avec le type traditionnel de bo\u00eete \u00e0 couvercle rabattable, elle adopte une structure \u00e0 double insertion de carte : la bo\u00eete ext\u00e9rieure est fix\u00e9e par aspiration magn\u00e9tique ou par boucle cach\u00e9e, et la m\u00e9thode d'ouverture par insertion de carte de la bo\u00eete int\u00e9rieure conserve le sens de la c\u00e9r\u00e9monie et est facile \u00e0 pr\u00e9senter. Le couvercle de la bo\u00eete est reli\u00e9 \u00e0 la plaque arri\u00e8re dans un design ergonomique, et l'angle d'ouverture \u00e0 droite est optimis\u00e9 \u00e0 110\u00b0, ce qui convient \u00e0 90% des utilisateurs.<\/p>\n<h3 id=\"4-350g-white-card-material-the-golden-balance-of-strength-and-cost-\">4.\u00a0<strong>Carton blanc de 350 g : l'\u00e9quilibre parfait entre r\u00e9sistance et co\u00fbt<\/strong><\/h3>\n<p>Le papier carton blanc import\u00e9 de 350g\/m\u00b2 est s\u00e9lectionn\u00e9, avec une r\u00e9sistance \u00e0 la pression annulaire de 800N\/m, qui peut r\u00e9sister au test de chute verticale des bouteilles de parfum (pesant environ 100g). Par rapport aux bo\u00eetes m\u00e9talliques, il r\u00e9duit le poids de 60%, les co\u00fbts logistiques de 35% et obtient la certification FSC pour r\u00e9pondre aux normes environnementales de l'UE.<\/p>\n<h3 id=\"5-modular-size-customization-precise-adaptation-to-product-characteristics-\">5.\u00a0<strong>Personnalisation modulaire des dimensions : adaptation pr\u00e9cise aux caract\u00e9ristiques du produit<\/strong><\/h3>\n<p>Il prend en charge la personnalisation de la tol\u00e9rance de taille de \u00b10,5 mm et g\u00e9n\u00e8re rapidement des dessins de structure par le biais de syst\u00e8mes de mod\u00e9lisation num\u00e9rique. Par exemple, la bo\u00eete de mini-bouteilles de 15 ml personnalis\u00e9e pour une marque de parfum de niche adopte une taille compacte de 175\u00d780\u00d745 mm, et le taux d'utilisation de l'espace est augment\u00e9 de 40%.<\/p>\n<h3 id=\"6-box-design-language-visual-carrier-of-brand-assets-\">6.\u00a0<strong>Langage de conception des bo\u00eetes : support visuel des actifs de la marque<\/strong><\/h3>\n<p>L'innovation consiste \u00e0 adopter le type de bo\u00eete \"bouteille flottante\" : le plateau int\u00e9rieur est suspendu pour r\u00e9duire les collisions, et la bo\u00eete ext\u00e9rieure pr\u00e9sente un effet de lumi\u00e8re et d'ombre en d\u00e9grad\u00e9 gr\u00e2ce \u00e0 un rev\u00eatement UV. Une marque de luxe a remport\u00e9 le Red Dot Award pour ce design, et le taux de r\u00e9achat des utilisateurs a augment\u00e9 de 22%.<\/p>\n<h3 id=\"7-multi-functional-inner-tray-system-double-guarantee-of-safety-and-aesthetics-\">7.\u00a0<strong>Syst\u00e8me de plateau int\u00e9rieur multifonctionnel : double garantie de s\u00e9curit\u00e9 et d'esth\u00e9tique<\/strong><\/h3>\n<p>Le plateau int\u00e9rieur en papier ondul\u00e9, qui enveloppe le produit sur six c\u00f4t\u00e9s, a un effet amortisseur et garantit un taux de r\u00e9ussite au test de chute de 99,7%.<\/p>","protected":false},"excerpt":{"rendered":"<p>ZOJO Print fournit aux marques de parfum une solution compl\u00e8te, du concept \u00e0 la production de masse, gr\u00e2ce \u00e0 une combinaison approfondie de la science des mat\u00e9riaux, de l'ergonomie et de l'esth\u00e9tique de la marque. Sa capacit\u00e9 de production quotidienne de plus de 60 000 pi\u00e8ces et son syst\u00e8me de certification ISO 9001 peuvent r\u00e9pondre aux besoins de personnalisation des jeunes marques comme des marques internationales, aidant ainsi les clients \u00e0 \u00e9tablir une comp\u00e9titivit\u00e9 diff\u00e9renci\u00e9e sur le march\u00e9 des terminaux.<\/p>","protected":false},"featured_media":9212,"template":"","meta":[],"product_brand":[],"product_cat":[30,417,430,31],"product_tag":[1104,1105,1106],"class_list":{"0":"post-9205","1":"product","2":"type-product","3":"status-publish","4":"has-post-thumbnail","6":"product_cat-by-industry","7":"product_cat-custom-perfume-boxes-by-industry","8":"product_cat-folding-cartons","9":"product_cat-paper-box-style","10":"product_tag-customization-logo-boxes","11":"product_tag-folding-carton-boxes-manufacturer","12":"product_tag-perfume-foil-folding-carton-boxes","14":"first","15":"instock","16":"shipping-taxable","17":"product-type-grouped"},"_links":{"self":[{"href":"https:\/\/zojopackaging.com\/fr\/wp-json\/wp\/v2\/product\/9205","targetHints":{"allow":["GET"]}}],"collection":[{"href":"https:\/\/zojopackaging.com\/fr\/wp-json\/wp\/v2\/product"}],"about":[{"href":"https:\/\/zojopackaging.com\/fr\/wp-json\/wp\/v2\/types\/product"}],"version-history":[{"count":1,"href":"https:\/\/zojopackaging.com\/fr\/wp-json\/wp\/v2\/product\/9205\/revisions"}],"predecessor-version":[{"id":9220,"href":"https:\/\/zojopackaging.com\/fr\/wp-json\/wp\/v2\/product\/9205\/revisions\/9220"}],"wp:featuredmedia":[{"embeddable":true,"href":"https:\/\/zojopackaging.com\/fr\/wp-json\/wp\/v2\/media\/9212"}],"wp:attachment":[{"href":"https:\/\/zojopackaging.com\/fr\/wp-json\/wp\/v2\/media?parent=9205"}],"wp:term":[{"taxonomy":"product_brand","embeddable":true,"href":"https:\/\/zojopackaging.com\/fr\/wp-json\/wp\/v2\/product_brand?post=9205"},{"taxonomy":"product_cat","embeddable":true,"href":"https:\/\/zojopackaging.com\/fr\/wp-json\/wp\/v2\/product_cat?post=9205"},{"taxonomy":"product_tag","embeddable":true,"href":"https:\/\/zojopackaging.com\/fr\/wp-json\/wp\/v2\/product_tag?post=9205"}],"curies":[{"name":"wp","href":"https:\/\/api.w.org\/{rel}","templated":true}]}}